
{"id":673,"date":"2019-04-27T16:57:42","date_gmt":"2019-04-27T16:57:42","guid":{"rendered":"https:\/\/www.smilesbydrslepchik.com\/fr\/?page_id=673"},"modified":"2025-11-13T22:14:56","modified_gmt":"2025-11-13T22:14:56","slug":"le-traitement-de-lapnee","status":"publish","type":"page","link":"https:\/\/smilesbydrslepchik.com\/fr\/nos-soins-dentaires\/le-traitement-de-lapnee\/","title":{"rendered":"Implants dentaires \u00e0 Montr\u00e9al"},"content":{"rendered":"\n\n\t\t\t\t<img loading=\"lazy\" decoding=\"async\" src=\"https:\/\/smilesbydrslepchik.com\/fr\/wp-content\/uploads\/sites\/2\/2023\/12\/iStock-000045040090-Medium-cropped.jpg\" alt=\"iStock 000045040090 Medium cropped\" itemprop=\"image\" height=\"584\" width=\"1920\" title=\"iStock 000045040090 Medium cropped\" onerror=\"this.style.display='none'\"  \/>\n\t<p>Des ronflements bruyants pendant le sommeil peuvent perturber une bonne nuit de repos, non seulement pour vous, mais \u00e9galement pour un \u00eatre cher. Un probl\u00e8me de ronflements chroniques doit \u00eatre r\u00e9solu pour votre sant\u00e9.\u00a0 \u00a0D&#8217;un point de vue m\u00e9dical, les ronflements sont \u00e9galement une source de pr\u00e9occupations. Si vous, ou quelqu&#8217;un que vous aimez, ronflez la nuit et vous d\u00e9battez avec d&#8217;autres sympt\u00f4mes, comme la perte de m\u00e9moire ou une fatigue excessive le jour, vous pourriez vouloir \u00e9tudier la possibilit\u00e9 qu&#8217;il s&#8217;agisse de l&#8217;apn\u00e9e du sommeil.<\/p>\n<h2>\n\t\tQu&#8217;est-ce que l&#8217;apn\u00e9e du sommeil?\n\t<\/h2>\n\t<p>L&#8217;apn\u00e9e du sommeil est un groupe de troubles du sommeil. Dans chaque type d&#8217;apn\u00e9e du sommeil, la caract\u00e9ristique commune est qu&#8217;une personne cesse de respirer \u00e0 diff\u00e9rents moments du sommeil. L&#8217;apn\u00e9e du sommeil peut \u00eatre caus\u00e9e par un blocage structurel ou une anomalie cognitive.<\/p>\n<h2>\n\t\tLes types d&#8217;apn\u00e9e du sommeil\n\t<\/h2>\n\t<p><strong>L&#8217;apn\u00e9e obstructive du sommeil<\/strong>\u00a0est la forme la plus courante de ce trouble du sommeil. Heureusement, elle est \u00e9galement la plus facile \u00e0 traiter. Dans l&#8217;apn\u00e9e obstructive du sommeil, une personne cesse de respirer lorsque les voies respiratoires se ferment sous le poids des muscles qui se rel\u00e2chent.<strong>L&#8217;apn\u00e9e centrale du sommeil<\/strong>\u00a0est moins courante. Cette affection comprend des pauses respiratoires pendant le sommeil dues \u00e0 une interruption de la fonction c\u00e9r\u00e9brale. Dans l&#8217;apn\u00e9e centrale du sommeil, le cerveau oublie momentan\u00e9ment de signaler aux poumons et aux muscles de respirer.<strong>L&#8217;apn\u00e9e mixte du sommeil<\/strong> comprend \u00e0 la fois une pression excessive sur les voies respiratoires et un d\u00e9faut de neurotransmission dans le cerveau.<\/p>\n<h2>\n\t\tLes signes r\u00e9v\u00e9lateurs d&#8217;apn\u00e9e du sommeil\n\t<\/h2>\n\t<p>Il existe plusieurs signes qu&#8217;une personne pourrait \u00eatre atteinte d&#8217;apn\u00e9e du sommeil. Certains pourraient n&#8217;\u00eatre remarqu\u00e9s que par un partenaire ou un \u00eatre cher qui dort pr\u00e8s de la personne qui en est affect\u00e9e. La personne atteinte d&#8217;apn\u00e9e du sommeil peut pr\u00e9senter des sympt\u00f4mes comme des ronflements bruyants;<\/p>\n<ul>\n<li>de courtes pauses dans les ronflements, ce qui marque un arr\u00eat de la respiration;<\/li>\n<li>un sommeil agit\u00e9;<\/li>\n<li>une somnolence importante de jour et des difficult\u00e9s \u00e0 rester \u00e9veill\u00e9(e);<\/li>\n<li>une tendance \u00e0 s&#8217;endormir aux feux rouges ou en regardant la t\u00e9l\u00e9vision;<\/li>\n<li>des sautes d&#8217;humeur ou une irritabilit\u00e9 persistante;<\/li>\n<li>une baisse de productivit\u00e9;<\/li>\n<li>une maladresse croissante et des accidents;<\/li>\n<li>des probl\u00e8mes d&#8217;anxi\u00e9t\u00e9 ou de d\u00e9pression;<\/li>\n<li>une r\u00e9duction des relations personnelles;<\/li>\n<li>des maux de t\u00eate matinaux et des maux de gorge.<\/li>\n<\/ul>\n<h2>\n\t\tQuels sont les facteurs qui augmentent le risque d&#8217;apn\u00e9e du sommeil?\n\t<\/h2>\n\t<p>L&#8217;apn\u00e9e obstructive du sommeil se rapporte \u00e0 un exc\u00e9dent de poids autour de la gorge lorsque les muscles se d\u00e9tendent au repos. Il en r\u00e9sulte que les facteurs qui touchent les tissus gras et musculaires peuvent accro\u00eetre le risque de ce type d&#8217;apn\u00e9e du sommeil. Voici quelques-uns des facteurs \u00e0 prendre en consid\u00e9ration\u00a0:<\/p>\n<ul>\n<li><strong>Le poids g\u00e9n\u00e9ral &#8211;<\/strong>\u00a0Plus une personne est lourde, plus elle pr\u00e9sente de tissus gras autour du cou qui pressent contre les voies respiratoires.<\/li>\n<li><strong>La circonf\u00e9rence du cou &#8211;<\/strong>\u00a0En r\u00e8gle g\u00e9n\u00e9rale, les personnes en sant\u00e9 qui ont un cou de grande circonf\u00e9rence sont plus susceptibles d&#8217;avoir un exc\u00e9dent de tissus musculaires ou gras autour de la gorge. &#8211; En r\u00e8gle g\u00e9n\u00e9rale, les personnes en sant\u00e9 qui ont un cou de grande circonf\u00e9rence sont plus susceptibles d&#8217;avoir un exc\u00e9dent de tissus musculaires ou gras autour de la gorge.<\/li>\n<li><strong>L&#8217;\u00e9troitesse des voies respiratoires &#8211;<\/strong>\u00a0Les voies respiratoires peuvent \u00eatre naturellement plus \u00e9troites ou peuvent \u00eatre r\u00e9tr\u00e9cies par les amygdales et les v\u00e9g\u00e9tations, des glandes qui sont situ\u00e9es dans la gorge.<\/li>\n<li><strong>Des facteurs li\u00e9s \u00e0 l&#8217;\u00e2ge ou au sexe &#8211;<\/strong>\u00a0Les \u00e9tudes sugg\u00e8rent que les hommes pr\u00e9sentent trois fois plus souvent une apn\u00e9e obstructive du sommeil que les femmes. L&#8217;affection est \u00e9galement plus fr\u00e9quente chez les personnes \u00e2g\u00e9es, probablement \u00e0 cause de la perte de tonus musculaire li\u00e9e \u00e0 l&#8217;\u00e2ge.<\/li>\n<li><strong>Le tabagisme &#8211;<\/strong>\u00a0L&#8217;apn\u00e9e du sommeil est trois fois plus courante chez les fumeurs que chez les non-fumeurs. Cela est attribuable \u00e0 la r\u00e9tention de liquides et \u00e0 l&#8217;inflammation des voies respiratoires.<\/li>\n<li><strong>La prise de s\u00e9datifs &#8211;<\/strong>\u00a0Les personnes qui prennent des s\u00e9datifs pour mieux dormir peuvent relaxer au point de clore les voies respiratoires. N&#8217;oubliez pas que l&#8217;alcool est un s\u00e9datif.<\/li>\n<li><strong>L&#8217;obstruction nasale &#8211;<\/strong>\u00a0Les personnes ayant une d\u00e9viation du septum ou une congestion nasale chronique sont plus susceptibles de d\u00e9velopper une apn\u00e9e du sommeil.<\/li>\n<li><strong>Comment diagnostique-t-on l&#8217;apn\u00e9\u00e9 du sommeil? <\/strong>Un m\u00e9decin peut commencer \u00e0 diagnostiquer l&#8217;apn\u00e9e du sommeil pendant une consultation et une discussion en profondeur des sympt\u00f4mes. Le diagnostic suspect\u00e9, ainsi que le type d&#8217;apn\u00e9e du sommeil que pr\u00e9sente une personne, sont confirm\u00e9s par une \u00e9tude du sommeil. Les \u00e9tudes du sommeil \u00e0 domicile ont \u00e9t\u00e9 mises au point pour \u00e9viter le besoin de passer la nuit dans une clinique du sommeil. Lors d&#8217;une \u00e9tude du sommeil \u00e0 domicile, un appareil enregistre le rythme cardiaque, la fr\u00e9quence respiratoire et les niveaux d&#8217;oxyg\u00e8ne de la personne pendant son sommeil.<\/li>\n<\/ul>\n<h2>\n\t\tLes options de traitement de l&#8217;apn\u00e9e du sommeil\n\t<\/h2>\n\t<p>Auparavant, l&#8217;apn\u00e9e du sommeil \u00e9tait trait\u00e9e par ventilation en pression positive continue (PPC). Cette technique \u00e9limine les sympt\u00f4mes en livrant de l&#8217;air dans les voies respiratoires pendant que la personne dort. Pour y parvenir, le patient doit porter un masque facial ou nasal qui est reli\u00e9 par un tuyau \u00e0 un petit appareil.<\/p>\n<p>Aujourd&#8217;hui, les patients g\u00e8rent l&#8217;apn\u00e9e obstructive du sommeil \u00e0 l&#8217;aide d&#8217;appareils buccaux fabriqu\u00e9s par leur dentiste. Le traitement par appareil buccal agit en ramenant la m\u00e2choire inf\u00e9rieure vers l&#8217;avant, ce qui favorise l&#8217;ouverture des voies respiratoires. L&#8217;appareil est petit, confortable et efficace pour r\u00e9duire ou \u00e9liminer les sympt\u00f4mes d&#8217;apn\u00e9e du sommeil.<\/p>\n\t\t\t\t<img loading=\"lazy\" decoding=\"async\" src=\"https:\/\/smilesbydrslepchik.com\/fr\/wp-content\/uploads\/sites\/2\/2023\/12\/IMG-0617a.jpg\" alt=\"IMG 0617a\" itemprop=\"image\" height=\"683\" width=\"1024\" title=\"IMG 0617a\" onerror=\"this.style.display='none'\"  \/>\n\t\t\t\t<img loading=\"lazy\" decoding=\"async\" src=\"https:\/\/smilesbydrslepchik.com\/fr\/wp-content\/uploads\/sites\/2\/2023\/12\/IMG-0617a.jpg\" alt=\"IMG 0617a\" itemprop=\"image\" height=\"683\" width=\"1024\" title=\"IMG 0617a\" onerror=\"this.style.display='none'\"  \/>\n\t\t\t\t<img loading=\"lazy\" decoding=\"async\" src=\"https:\/\/smilesbydrslepchik.com\/fr\/wp-content\/uploads\/sites\/2\/2023\/12\/IMG-0619a.jpg\" alt=\"IMG 0619a\" itemprop=\"image\" height=\"683\" width=\"1024\" title=\"IMG 0619a\" onerror=\"this.style.display='none'\"  \/>\n<h2>\n\t\tLes effets secondaires de l&#8217;apn\u00e9e du sommeil non trait\u00e9e\n\t<\/h2>\n\t<p>L&#8217;apn\u00e9e du sommeil prive le cerveau et le corps de l&#8217;oxyg\u00e8ne n\u00e9cessaire. Elle augmente \u00e9galement la lib\u00e9ration d&#8217;hormones de stress sur une base r\u00e9guli\u00e8re. En conjonction avec une privation s\u00e9rieuse du sommeil, ces effets de l&#8217;apn\u00e9e du sommeil constituent un probl\u00e8me de sant\u00e9 s\u00e9rieux. L&#8217;apn\u00e9e du sommeil est un facteur de maladie du c\u0153ur, de crise cardiaque, d&#8217;AVC et de d\u00e9c\u00e8s.<\/p>\n<h2>\n\t\tDemandez une consultation\n\t<\/h2>\n\t<p>Apprenez en plus sur l&#8217;apn\u00e9e du sommeil et d\u00e9couvrez comment un simple appareil buccal peut am\u00e9liorer votre sant\u00e9 et viw.\u00a0<a href=\"\/contact\/\">Contactez<\/a>\u00a0notre cabinet au centre-ville de Montr\u00e9al au\u00a0<a href=\"tel:514-875-7971\">514-875-7971<\/a> ou envoyez un courriel \u00e0 l&#8217;addrese\u00a0<a href=\"mailto:reception@smilesbydrslepchik.com\">reception@smilesbydrslepchik.com<\/a> pour prendre un rendez-vous avec le Dr Slepchik. Nous sommes situ\u00e9s au centre-ville de Montr\u00e9al, \u00e0 c\u00f4t\u00e9 de l&#8217;h\u00f4tel Fairmont Le Reine Elisabeth, En face de Place Ville Marie. M\u00e9tro Mc Gill ou M\u00e9tro Bonaventure.<\/p>\n\n","protected":false},"excerpt":{"rendered":"","protected":false},"author":47,"featured_media":3679,"parent":124,"menu_order":0,"comment_status":"closed","ping_status":"closed","template":"","meta":{"site-sidebar-layout":"default","site-content-layout":"","ast-site-content-layout":"default","site-content-style":"default","site-sidebar-style":"default","ast-global-header-display":"","ast-banner-title-visibility":"","ast-main-header-display":"","ast-hfb-above-header-display":"","ast-hfb-below-header-display":"","ast-hfb-mobile-header-display":"","site-post-title":"","ast-breadcrumbs-content":"","ast-featured-img":"","footer-sml-layout":"","theme-transparent-header-meta":"default","adv-header-id-meta":"","stick-header-meta":"default","header-above-stick-meta":"","header-main-stick-meta":"","header-below-stick-meta":"","astra-migrate-meta-layouts":"set","ast-page-background-enabled":"default","ast-page-background-meta":{"desktop":{"background-color":"var(--ast-global-color-4)","background-image":"","background-repeat":"repeat","background-position":"center center","background-size":"auto","background-attachment":"scroll","background-type":"","background-media":"","overlay-type":"","overlay-color":"","overlay-opacity":"","overlay-gradient":""},"tablet":{"background-color":"","background-image":"","background-repeat":"repeat","background-position":"center center","background-size":"auto","background-attachment":"scroll","background-type":"","background-media":"","overlay-type":"","overlay-color":"","overlay-opacity":"","overlay-gradient":""},"mobile":{"background-color":"","background-image":"","background-repeat":"repeat","background-position":"center center","background-size":"auto","background-attachment":"scroll","background-type":"","background-media":"","overlay-type":"","overlay-color":"","overlay-opacity":"","overlay-gradient":""}},"ast-content-background-meta":{"desktop":{"background-color":"var(--ast-global-color-5)","background-image":"","background-repeat":"repeat","background-position":"center center","background-size":"auto","background-attachment":"scroll","background-type":"","background-media":"","overlay-type":"","overlay-color":"","overlay-opacity":"","overlay-gradient":""},"tablet":{"background-color":"var(--ast-global-color-5)","background-image":"","background-repeat":"repeat","background-position":"center center","background-size":"auto","background-attachment":"scroll","background-type":"","background-media":"","overlay-type":"","overlay-color":"","overlay-opacity":"","overlay-gradient":""},"mobile":{"background-color":"var(--ast-global-color-5)","background-image":"","background-repeat":"repeat","background-position":"center center","background-size":"auto","background-attachment":"scroll","background-type":"","background-media":"","overlay-type":"","overlay-color":"","overlay-opacity":"","overlay-gradient":""}},"footnotes":""},"class_list":["post-673","page","type-page","status-publish","has-post-thumbnail","hentry"],"yoast_head":"<!-- This site is optimized with the Yoast SEO plugin v23.7 - https:\/\/yoast.com\/wordpress\/plugins\/seo\/ -->\n<title>Traitement de l&#039;apn\u00e9e du sommeil Montr\u00e9al - Le DSAD pour aider le ronflement fort<\/title>\n<meta name=\"description\" content=\"Implants dentaires \u00e0 Montr\u00e9al. Les implants sont la meilleure option pour remplacer une dent manquante. Les implants dentaires ressemblent et fonctionnent comme une dent naturelle.\" \/>\n<meta name=\"robots\" content=\"index, follow, max-snippet:-1, max-image-preview:large, max-video-preview:-1\" \/>\n<link rel=\"canonical\" href=\"https:\/\/smilesbydrslepchik.com\/fr\/nos-soins-dentaires\/le-traitement-de-lapnee\/\" \/>\n<meta property=\"og:locale\" content=\"en_US\" \/>\n<meta property=\"og:type\" content=\"article\" \/>\n<meta property=\"og:title\" content=\"Traitement de l&#039;apn\u00e9e du sommeil Montr\u00e9al - Le DSAD pour aider le ronflement fort\" \/>\n<meta property=\"og:description\" content=\"Implants dentaires \u00e0 Montr\u00e9al. Les implants sont la meilleure option pour remplacer une dent manquante. Les implants dentaires ressemblent et fonctionnent comme une dent naturelle.\" \/>\n<meta property=\"og:url\" content=\"https:\/\/smilesbydrslepchik.com\/fr\/nos-soins-dentaires\/le-traitement-de-lapnee\/\" \/>\n<meta property=\"og:site_name\" content=\"Lenny Slepchik DDS\" \/>\n<meta property=\"article:modified_time\" content=\"2025-11-13T22:14:56+00:00\" \/>\n<meta property=\"og:image\" content=\"https:\/\/smilesbydrslepchik.com\/fr\/wp-content\/uploads\/sites\/2\/2024\/01\/af567667f4bbd79dd6af4a89ffab407a-1.2x.jpg\" \/>\n\t<meta property=\"og:image:width\" content=\"2304\" \/>\n\t<meta property=\"og:image:height\" content=\"540\" \/>\n\t<meta property=\"og:image:type\" content=\"image\/jpeg\" \/>\n<meta name=\"twitter:card\" content=\"summary_large_image\" \/>\n<meta name=\"twitter:label1\" content=\"Est. reading time\" \/>\n\t<meta name=\"twitter:data1\" content=\"6 minutes\" \/>\n<script type=\"application\/ld+json\" class=\"yoast-schema-graph\">{\"@context\":\"https:\/\/schema.org\",\"@graph\":[{\"@type\":\"WebPage\",\"@id\":\"https:\/\/smilesbydrslepchik.com\/fr\/nos-soins-dentaires\/le-traitement-de-lapnee\/\",\"url\":\"https:\/\/smilesbydrslepchik.com\/fr\/nos-soins-dentaires\/le-traitement-de-lapnee\/\",\"name\":\"Traitement de l'apn\u00e9e du sommeil Montr\u00e9al - Le DSAD pour aider le ronflement fort\",\"isPartOf\":{\"@id\":\"https:\/\/smilesbydrslepchik.com\/fr\/#website\"},\"primaryImageOfPage\":{\"@id\":\"https:\/\/smilesbydrslepchik.com\/fr\/nos-soins-dentaires\/le-traitement-de-lapnee\/#primaryimage\"},\"image\":{\"@id\":\"https:\/\/smilesbydrslepchik.com\/fr\/nos-soins-dentaires\/le-traitement-de-lapnee\/#primaryimage\"},\"thumbnailUrl\":\"https:\/\/smilesbydrslepchik.com\/fr\/wp-content\/uploads\/sites\/2\/2024\/01\/af567667f4bbd79dd6af4a89ffab407a-1.2x.jpg\",\"datePublished\":\"2019-04-27T16:57:42+00:00\",\"dateModified\":\"2025-11-13T22:14:56+00:00\",\"description\":\"Implants dentaires \u00e0 Montr\u00e9al. Les implants sont la meilleure option pour remplacer une dent manquante. Les implants dentaires ressemblent et fonctionnent comme une dent naturelle.\",\"breadcrumb\":{\"@id\":\"https:\/\/smilesbydrslepchik.com\/fr\/nos-soins-dentaires\/le-traitement-de-lapnee\/#breadcrumb\"},\"inLanguage\":\"en-US\",\"potentialAction\":[{\"@type\":\"ReadAction\",\"target\":[\"https:\/\/smilesbydrslepchik.com\/fr\/nos-soins-dentaires\/le-traitement-de-lapnee\/\"]}]},{\"@type\":\"ImageObject\",\"inLanguage\":\"en-US\",\"@id\":\"https:\/\/smilesbydrslepchik.com\/fr\/nos-soins-dentaires\/le-traitement-de-lapnee\/#primaryimage\",\"url\":\"https:\/\/smilesbydrslepchik.com\/fr\/wp-content\/uploads\/sites\/2\/2024\/01\/af567667f4bbd79dd6af4a89ffab407a-1.2x.jpg\",\"contentUrl\":\"https:\/\/smilesbydrslepchik.com\/fr\/wp-content\/uploads\/sites\/2\/2024\/01\/af567667f4bbd79dd6af4a89ffab407a-1.2x.jpg\",\"width\":2304,\"height\":540,\"caption\":\"af567667f4bbd79dd6af4a89ffab407a 1.2x\"},{\"@type\":\"BreadcrumbList\",\"@id\":\"https:\/\/smilesbydrslepchik.com\/fr\/nos-soins-dentaires\/le-traitement-de-lapnee\/#breadcrumb\",\"itemListElement\":[{\"@type\":\"ListItem\",\"position\":1,\"name\":\"Home\",\"item\":\"https:\/\/smilesbydrslepchik.com\/fr\/\"},{\"@type\":\"ListItem\",\"position\":2,\"name\":\"Soins Dentaires Montr\u00e9al\",\"item\":\"https:\/\/smilesbydrslepchik.com\/fr\/nos-soins-dentaires\/\"},{\"@type\":\"ListItem\",\"position\":3,\"name\":\"Implants dentaires \u00e0 Montr\u00e9al\"}]},{\"@type\":\"WebSite\",\"@id\":\"https:\/\/smilesbydrslepchik.com\/fr\/#website\",\"url\":\"https:\/\/smilesbydrslepchik.com\/fr\/\",\"name\":\"Lenny Slepchik DDS\",\"description\":\"\",\"publisher\":{\"@id\":\"https:\/\/smilesbydrslepchik.com\/fr\/#organization\"},\"potentialAction\":[{\"@type\":\"SearchAction\",\"target\":{\"@type\":\"EntryPoint\",\"urlTemplate\":\"https:\/\/smilesbydrslepchik.com\/fr\/?s={search_term_string}\"},\"query-input\":{\"@type\":\"PropertyValueSpecification\",\"valueRequired\":true,\"valueName\":\"search_term_string\"}}],\"inLanguage\":\"en-US\"},{\"@type\":\"Organization\",\"@id\":\"https:\/\/smilesbydrslepchik.com\/fr\/#organization\",\"name\":\"Lenny Slepchik DDS\",\"url\":\"https:\/\/smilesbydrslepchik.com\/fr\/\",\"logo\":{\"@type\":\"ImageObject\",\"inLanguage\":\"en-US\",\"@id\":\"https:\/\/smilesbydrslepchik.com\/fr\/#\/schema\/logo\/image\/\",\"url\":\"https:\/\/smilesbydrslepchik.com\/fr\/wp-content\/uploads\/sites\/2\/2024\/07\/logo-french@1x.png\",\"contentUrl\":\"https:\/\/smilesbydrslepchik.com\/fr\/wp-content\/uploads\/sites\/2\/2024\/07\/logo-french@1x.png\",\"width\":371,\"height\":67,\"caption\":\"Lenny Slepchik DDS\"},\"image\":{\"@id\":\"https:\/\/smilesbydrslepchik.com\/fr\/#\/schema\/logo\/image\/\"}}]}<\/script>\n<!-- \/ Yoast SEO plugin. -->","yoast_head_json":{"title":"Traitement de l'apn\u00e9e du sommeil Montr\u00e9al - Le DSAD pour aider le ronflement fort","description":"Implants dentaires \u00e0 Montr\u00e9al. Les implants sont la meilleure option pour remplacer une dent manquante. Les implants dentaires ressemblent et fonctionnent comme une dent naturelle.","robots":{"index":"index","follow":"follow","max-snippet":"max-snippet:-1","max-image-preview":"max-image-preview:large","max-video-preview":"max-video-preview:-1"},"canonical":"https:\/\/smilesbydrslepchik.com\/fr\/nos-soins-dentaires\/le-traitement-de-lapnee\/","og_locale":"en_US","og_type":"article","og_title":"Traitement de l'apn\u00e9e du sommeil Montr\u00e9al - Le DSAD pour aider le ronflement fort","og_description":"Implants dentaires \u00e0 Montr\u00e9al. Les implants sont la meilleure option pour remplacer une dent manquante. Les implants dentaires ressemblent et fonctionnent comme une dent naturelle.","og_url":"https:\/\/smilesbydrslepchik.com\/fr\/nos-soins-dentaires\/le-traitement-de-lapnee\/","og_site_name":"Lenny Slepchik DDS","article_modified_time":"2025-11-13T22:14:56+00:00","og_image":[{"width":2304,"height":540,"url":"https:\/\/smilesbydrslepchik.com\/fr\/wp-content\/uploads\/sites\/2\/2024\/01\/af567667f4bbd79dd6af4a89ffab407a-1.2x.jpg","type":"image\/jpeg"}],"twitter_card":"summary_large_image","twitter_misc":{"Est. reading time":"6 minutes"},"schema":{"@context":"https:\/\/schema.org","@graph":[{"@type":"WebPage","@id":"https:\/\/smilesbydrslepchik.com\/fr\/nos-soins-dentaires\/le-traitement-de-lapnee\/","url":"https:\/\/smilesbydrslepchik.com\/fr\/nos-soins-dentaires\/le-traitement-de-lapnee\/","name":"Traitement de l'apn\u00e9e du sommeil Montr\u00e9al - Le DSAD pour aider le ronflement fort","isPartOf":{"@id":"https:\/\/smilesbydrslepchik.com\/fr\/#website"},"primaryImageOfPage":{"@id":"https:\/\/smilesbydrslepchik.com\/fr\/nos-soins-dentaires\/le-traitement-de-lapnee\/#primaryimage"},"image":{"@id":"https:\/\/smilesbydrslepchik.com\/fr\/nos-soins-dentaires\/le-traitement-de-lapnee\/#primaryimage"},"thumbnailUrl":"https:\/\/smilesbydrslepchik.com\/fr\/wp-content\/uploads\/sites\/2\/2024\/01\/af567667f4bbd79dd6af4a89ffab407a-1.2x.jpg","datePublished":"2019-04-27T16:57:42+00:00","dateModified":"2025-11-13T22:14:56+00:00","description":"Implants dentaires \u00e0 Montr\u00e9al. Les implants sont la meilleure option pour remplacer une dent manquante. Les implants dentaires ressemblent et fonctionnent comme une dent naturelle.","breadcrumb":{"@id":"https:\/\/smilesbydrslepchik.com\/fr\/nos-soins-dentaires\/le-traitement-de-lapnee\/#breadcrumb"},"inLanguage":"en-US","potentialAction":[{"@type":"ReadAction","target":["https:\/\/smilesbydrslepchik.com\/fr\/nos-soins-dentaires\/le-traitement-de-lapnee\/"]}]},{"@type":"ImageObject","inLanguage":"en-US","@id":"https:\/\/smilesbydrslepchik.com\/fr\/nos-soins-dentaires\/le-traitement-de-lapnee\/#primaryimage","url":"https:\/\/smilesbydrslepchik.com\/fr\/wp-content\/uploads\/sites\/2\/2024\/01\/af567667f4bbd79dd6af4a89ffab407a-1.2x.jpg","contentUrl":"https:\/\/smilesbydrslepchik.com\/fr\/wp-content\/uploads\/sites\/2\/2024\/01\/af567667f4bbd79dd6af4a89ffab407a-1.2x.jpg","width":2304,"height":540,"caption":"af567667f4bbd79dd6af4a89ffab407a 1.2x"},{"@type":"BreadcrumbList","@id":"https:\/\/smilesbydrslepchik.com\/fr\/nos-soins-dentaires\/le-traitement-de-lapnee\/#breadcrumb","itemListElement":[{"@type":"ListItem","position":1,"name":"Home","item":"https:\/\/smilesbydrslepchik.com\/fr\/"},{"@type":"ListItem","position":2,"name":"Soins Dentaires Montr\u00e9al","item":"https:\/\/smilesbydrslepchik.com\/fr\/nos-soins-dentaires\/"},{"@type":"ListItem","position":3,"name":"Implants dentaires \u00e0 Montr\u00e9al"}]},{"@type":"WebSite","@id":"https:\/\/smilesbydrslepchik.com\/fr\/#website","url":"https:\/\/smilesbydrslepchik.com\/fr\/","name":"Lenny Slepchik DDS","description":"","publisher":{"@id":"https:\/\/smilesbydrslepchik.com\/fr\/#organization"},"potentialAction":[{"@type":"SearchAction","target":{"@type":"EntryPoint","urlTemplate":"https:\/\/smilesbydrslepchik.com\/fr\/?s={search_term_string}"},"query-input":{"@type":"PropertyValueSpecification","valueRequired":true,"valueName":"search_term_string"}}],"inLanguage":"en-US"},{"@type":"Organization","@id":"https:\/\/smilesbydrslepchik.com\/fr\/#organization","name":"Lenny Slepchik DDS","url":"https:\/\/smilesbydrslepchik.com\/fr\/","logo":{"@type":"ImageObject","inLanguage":"en-US","@id":"https:\/\/smilesbydrslepchik.com\/fr\/#\/schema\/logo\/image\/","url":"https:\/\/smilesbydrslepchik.com\/fr\/wp-content\/uploads\/sites\/2\/2024\/07\/logo-french@1x.png","contentUrl":"https:\/\/smilesbydrslepchik.com\/fr\/wp-content\/uploads\/sites\/2\/2024\/07\/logo-french@1x.png","width":371,"height":67,"caption":"Lenny Slepchik DDS"},"image":{"@id":"https:\/\/smilesbydrslepchik.com\/fr\/#\/schema\/logo\/image\/"}}]}},"featured_image_src":"https:\/\/smilesbydrslepchik.com\/fr\/wp-content\/uploads\/sites\/2\/2024\/01\/af567667f4bbd79dd6af4a89ffab407a-1.2x-600x400.jpg","featured_image_src_square":"https:\/\/smilesbydrslepchik.com\/fr\/wp-content\/uploads\/sites\/2\/2024\/01\/af567667f4bbd79dd6af4a89ffab407a-1.2x-600x540.jpg","_links":{"self":[{"href":"https:\/\/smilesbydrslepchik.com\/fr\/wp-json\/wp\/v2\/pages\/673","targetHints":{"allow":["GET"]}}],"collection":[{"href":"https:\/\/smilesbydrslepchik.com\/fr\/wp-json\/wp\/v2\/pages"}],"about":[{"href":"https:\/\/smilesbydrslepchik.com\/fr\/wp-json\/wp\/v2\/types\/page"}],"author":[{"embeddable":true,"href":"https:\/\/smilesbydrslepchik.com\/fr\/wp-json\/wp\/v2\/users\/47"}],"replies":[{"embeddable":true,"href":"https:\/\/smilesbydrslepchik.com\/fr\/wp-json\/wp\/v2\/comments?post=673"}],"version-history":[{"count":0,"href":"https:\/\/smilesbydrslepchik.com\/fr\/wp-json\/wp\/v2\/pages\/673\/revisions"}],"up":[{"embeddable":true,"href":"https:\/\/smilesbydrslepchik.com\/fr\/wp-json\/wp\/v2\/pages\/124"}],"wp:featuredmedia":[{"embeddable":true,"href":"https:\/\/smilesbydrslepchik.com\/fr\/wp-json\/wp\/v2\/media\/3679"}],"wp:attachment":[{"href":"https:\/\/smilesbydrslepchik.com\/fr\/wp-json\/wp\/v2\/media?parent=673"}],"curies":[{"name":"wp","href":"https:\/\/api.w.org\/{rel}","templated":true}]}}