
{"id":226,"date":"2018-01-24T15:30:48","date_gmt":"2018-01-24T15:30:48","guid":{"rendered":"https:\/\/smilesbydr2017.wpengine.com\/fr\/?page_id=226"},"modified":"2024-06-17T20:36:32","modified_gmt":"2024-06-17T20:36:32","slug":"dentisterie-generale","status":"publish","type":"page","link":"https:\/\/smilesbydrslepchik.com\/fr\/nos-soins-dentaires\/dentisterie-generale\/","title":{"rendered":"Services de dentisterie g\u00e9n\u00e9rale \u00e0 Montr\u00e9al"},"content":{"rendered":"\r\n<p><img loading=\"lazy\" decoding=\"async\" title=\"iStock 000045040090 Medium cropped\" src=\"https:\/\/smilesbydrslepchik.com\/fr\/wp-content\/uploads\/sites\/2\/2023\/12\/iStock-000045040090-Medium-cropped.jpg\" alt=\"iStock 000045040090 Medium cropped\" width=\"1920\" height=\"584\" \/><\/p>\r\n<h2>Qu&#8217;est-ce que la dentisterie g\u00e9n\u00e9rale ?<\/h2>\r\n<p><a href=\"https:\/\/smilesbydrslepchik.com\/fr\/wp-content\/uploads\/sites\/2\/2023\/12\/IMG-0587-775x1024-1.jpg\" target=\"_self\" rel=\"noopener\"> <img loading=\"lazy\" decoding=\"async\" title=\"IMG 0587 775x1024 1\" src=\"https:\/\/smilesbydrslepchik.com\/fr\/wp-content\/uploads\/sites\/2\/2023\/12\/IMG-0587-775x1024-1.jpg\" alt=\"IMG 0587 775x1024 1\" width=\"775\" height=\"1024\" \/> <\/a><\/p>\r\n<p>Il est important de prot\u00e9ger vos dents et de les garder fortes en les brossant quotidiennement, en passant la soie dentaire tous les jours et en rendant visite r\u00e9guli\u00e8rement \u00e0 votre dentiste. La dentisterie g\u00e9n\u00e9rale comprend le diagnostic, le traitement et la pr\u00e9vention d&#8217;un grand nombre de probl\u00e8mes dentaires. Elle touche \u00e9galement le maintien de la sant\u00e9 g\u00e9n\u00e9rale de votre bouche. Ces soins complets prodigu\u00e9s par le Dr Slepchik pourraient \u00eatre les seuls soins dentaires dont vous avez besoin.<\/p>\r\n<p>\u00c3 notre cabinet dentaire au centre-ville de Montr\u00e9al, nous vous offrons une gamme de soins dentaires de dentisterie g\u00e9n\u00e9rale ;<\/p>\r\n<p>Nous offrons les suivants;<\/p>\r\n<blockquote>\r\n<ul>\r\n<li>Le Nettoyage des dents par GBT<\/li>\r\n<li>L&#8217;examen d&#8217;urgence<\/li>\r\n<li>L&#8217;examen dentaire complet sur l&#8217;\u00e9cran<\/li>\r\n<li>Le traitement des gencives<\/li>\r\n<li>Les radiographies num\u00e9riques<\/li>\r\n<li>Traitement de canal<\/li>\r\n<li>La s\u00e9dation dentaire<\/li>\r\n<li>L&#8217;apn\u00e9\u00e9 du sommeil<\/li>\r\n<li>Les greffes<\/li>\r\n<li>Les plombages en resine<\/li>\r\n<\/ul>\r\n<\/blockquote>\r\n<h2>Quelle est la diff\u00e9rence entre dentisterie g\u00e9n\u00e9rale et dentisterie esth\u00e9tique?<\/h2>\r\n<p>La dentisterie g\u00e9n\u00e9rale s&#8217;occupe de la sant\u00e9 de vos dents, vos gencives, et votre mach\u00f4ire. La dentisterie g\u00e9n\u00e9rale s&#8217;occupe des caries, la maladie des gencives, la douleur d&#8217;une dent etc. La dentisterie esth\u00e9tique s&#8217;occupe de l&#8217;apparence esth\u00e9tique de vos dents et de votre sourire. Les traitements esth\u00e9tiques varient beaucoup; de blanchiment des dents pour faire briller vos dents et de rajeunir votre sourire \u00e0 des facettes acryliques pour cacher une dent bris\u00e9\u00e9. Il est possible que les buts des deux chevauchent. Pour example, une couronne en porcelaine peut sauver une dent\u00a0 carie\u00e9, mais la nouvelle dent est aussi tr\u00e8s esth\u00e9tique.<\/p>\r\n<p>Dr Slepchik aime la dentisterie esth\u00e9tique pour am\u00e9liorer la brillance, l&#8217;alignement et l&#8217;appearance de votre sourire. Savez-vous qui change avec des traitements esth\u00e9tiques ? Votre confiance en le nouveau sourire rajeunit!<\/p>\r\n<h2>L&#8217;examen dentaire complet sur l&#8217;\u00e9cran<\/h2>\r\n<p>Lorsque vous venez \u00e0 notre cabinet dentaire pour la premiere fois, vous rencontrez une hygi\u00e9niste\u00a0 en vue d&#8217;un <a href=\"\/fr\/nos-soins-dentaires\/dentisterie-generale\/lexamen-dentaire-complet\/\">examen dentaire complet<\/a>. Le but de cet examen est de nous permettre de comprendre la dynamique des muscles de la m\u00e2choire, de quelle fa\u00e7on les dents se rencontrent et de v\u00e9rifier la sant\u00e9 des gencives. Pendant l&#8217;examen dentaire, nous prendrons des radiographies num\u00e9riques, nous examinerons votre bouche, nous prendrons des photographies de vos dents et nous r\u00e9pondrons \u00e0 toutes vos questions.<\/p>\r\n<h2>Le programme complet d&#8217;hygi\u00e8ne dentaire<\/h2>\r\n<p>Apr\u00e8s votre examen dentaire ici, nous serons en mesure de voir tout probl\u00e8me dentaire que vous pouvez avoir. L&#8217;une des choses que nous pouvons d\u00e9tecter est la maladie des gencives, qui peut appara\u00eetre \u00e0 n&#8217;importe quel \u00e2ge. M\u00eame pour les cas l\u00e9gers de maladie des gencives, nous vous inviterons \u00e0 participer \u00e0 notre\u00a0<a href=\"\/fr\/nos-soins-dentaires\/dentisterie-generale\/programme-dhygiene-complet\/\">programme complet d&#8217;hygi\u00e8ne dentaire.<\/a> Il comprend des nettoyages r\u00e9guliers des dents tous les 3 mois ici, ainsi que le passage de soie dentaire et le brossage pour traiter la maladie des gencives. Ce programme peut \u00eatre r\u00e9p\u00e9t\u00e9 toutes les quelques ann\u00e9es si n\u00e9cessaire.<\/p>\r\n<h2>Les examens d&#8217;urgence<\/h2>\r\n<p>Si vous avez un probl\u00e8me dentaire urgent qui doit \u00eatre corrig\u00e9, nous ferons le n\u00e9cessaire pour vous voir le plus t\u00f4t possible. Peu importe comment vous nous avez trouv\u00e9s, notre objectif est de vous accueillir \u00e0 notre cabinet dentaire pour traiter le probl\u00e8me. Des l&#8217;arriv\u00e9e ici, vous nous expliquerez le probl\u00e8me et la source de la douleur. Nous prendrons des radiographies et le Dr Slepchik diagnostiquera le probl\u00e8me. Nous discuterons avec vous des solutions du traitement dentaire et le co\u00fbt.<\/p>\r\n<h3>Le Nettoyage des dents par GBT<\/h3>\r\n<p>Pendant votre nettoyage des dents notre hygi\u00e9niste dentaire \u00e9liminera la plaque et le tartre de vos dents. Avec notre nouveau protocol de GBT(Th\u00e9rapie Guid\u00e9\u00e9 Biofilm), la nouvelle technologie pour le nettoyage des dents, votre nettoyage est plus facile et compr\u00e9hensif pour vous. Vous comprendrez exactement\u00a0 o\u00f9 vous avez manqu\u00e9 \u00e0 bien brosser vos dents.\u00a0 La plupart des patients trouvent que le nettoyage est sans douleur, mais si vous \u00eates sensible, nous vous offrons un anesth\u00e9sique topique ou du protoxyde d&#8217;azote pour rendre l&#8217;exp\u00e9rience plus agr\u00e9able<\/p>\r\n<h2>Le traitement des gencives<\/h2>\r\n<p>Si vous \u00eates atteint(e) de la maladie des gencives, nous offrons le\u00a0<a href=\"\/fr\/nos-soins-dentaires\/dentisterie-generale\/le-traitement-des-gencive\/\">traitement parodontal<\/a>. Chez le Dr Slepchik, nous effectuons le curetage de la racine des dents. Il s&#8217;agit d&#8217;un curetage profond qui \u00e9limine la plaque sous la limite des gencives. Le curetage des racines est l&#8217;approche la plus facile et la plus simple pour traiter la maladie des gencives. Le traitement demande en g\u00e9n\u00e9ral de 3 \u00e0 5 rendez-vous ;c&#8217;est une excellente fa\u00e7on d&#8217;\u00e9viter un traitement plus agressif et co\u00fbteux.<\/p>\r\n<h2>Les radiographies num\u00e9riques<\/h2>\r\n<p>Dans notre clinique, nous utilisons les radiographies num\u00e9riques. Ceci nous permet de visionner imm\u00e9diatement le r\u00e9sultat. Pour nous, c&#8217;est fantastique !!! Les radiographies sont affich\u00e9es sur un \u00e9cran en haut en face de vous pour que vous puissiez les voir. Cela facilite le visionnement des zones cari\u00e9es. Vos radiographies sont archiv\u00e9es dans notre ordinateur et peuvent \u00eatre transmises facilement \u00e0 une sp\u00e9cialiste, si n\u00e9cessaire. Avec les radiographies num\u00e9riques. la dose de radiation est beaucoup moins qu&#8217;avant. Quand vous entrez dans la scanner \u00e0 l&#8217;aeroport, c&#8217;est 80 fois plus de radiation, Les radiographies dentaires a \u00e9t\u00e9 d\u00e9montr\u00e9s parmi toutes les radiographies \u00e0 livrer moins de radiation \u00e9tudi\u00e9. C&#8217;est une grande b\u00e9n\u00e9fice de point de vue diagnostique.pour le dentiste et son hygieniste.<\/p>\r\n<p>La fr\u00e9quence des radiographies d\u00e9pend sur votre age, votre histoire medical, et votre histoire avec nous pour des caries. Votre hygieniste dentaire est pr\u00eat \u00e0 discuter avec vous pourquoi et quand elle va prendre vos radiographies.<\/p>\r\n<h2>Venez voir votre hygieniste comme pr\u00e9vu<\/h2>\r\n<p>Enfin, il faut garder vos rendez-vous que vous avez pris avant pour les nettoyages des dents professionels et examens dentaires avec le Dr Slepchik.\u00a0 Quand vous venez comme pr\u00e9vu, c&#8217;est plus facile pour nous de v\u00e9rifi\u00e9r la sant\u00e9 de vos gencives et de savoir si vous avez des petits probl\u00e8mes avant qu&#8217;ils deviennent plus gros.<\/p>\r\n<h2>Ce qu&#8217;il faut faire chez vous tous les jours<\/h2>\r\n<p>Chez vous, l&#8217;hygiene dentaire est simple et facile. Nous voulons \u00e9viter des probl\u00e8mes serieux.<\/p>\r\n<p>A chaque journ\u00e9\u00e9, il faut;<\/p>\r\n<p>Bien brosser des dents 2 fois par jour avec un brosse \u00e0 dents \u00e9lectrique et un dentifrice avec fluoride. Il faut le faire pour deux minutes. Vous avez besoin de tout ce temps pour bien nettoyer vos dents, gencives, la langue et le toit de votre bouche. Sant\u00e9 Canada a recommand\u00e9 un brosse \u00e0 dents \u00e9lectrique. Des \u00e9tudes nous ont montr\u00e9 si vous brossez vos dents avec un brosse \u00e9lectrique, vous aurez des meilleurs r\u00e9sultats et votre sant\u00e9 dentaire am\u00e9liorera beaucoup.<\/p>\r\n<h2>La Soie Dentaire<\/h2>\r\n<p>La soie dentaire est tr\u00e8s\u00a0 important pour nettoyer bien entre vos dents. Il est essentiel d&#8217;enlever le d\u00e9bris qui reste. Si vous ne brossez que vos dents, vous avez laiss\u00e9s les deux cot\u00e9s de la dent sale.. Pour le faire, prenez 14-18 pouces de soie dentaire et enlevez-la entre vos poign\u00e9\u00e9s index. Prenez la soie dentaire en haut et en bas \u00e0 chaque cot\u00e9 de la dent.\u00a0 Si la soie dentaire est pla\u00e7\u00e9 sur la gencive, ceci enl\u00e8ve la bacterie.<\/p>\r\n<p>Prenez la soie dentaire une fois par jour..<\/p>\r\n<h2>Les obturations blanches<\/h2>\r\n<p>Si vous avez des caries, nous offrons deux types d&#8217;<a href=\"\/fr\/nos-soins-dentaires\/dentisterie-generale\/les-obturations-blanches\/\">obturations blanches :<\/a>les restaurations en r\u00e9sine et les incrustations en porcelaine. Les restaurations en r\u00e9sine sont coll\u00e9es sur l&#8217; email de la dent afin d&#8217;assurer un joint entre la dent et la restauration. Les incrustations dentaires sont la meilleure solution lorsque la restauration d&#8217;une dent post\u00e9rieure est trop profonde. L&#8217;incrustation couvre les parties fonctionnelles de la dent, comme une couronne, mais moins invasive.<\/p>\r\n<h2>La s\u00e9dation dentaire<\/h2>\r\n<p>Si vous avez peur d&#8217;aller chez le dentiste ou de faire\u00a0 des soins dentaires, le Dr Slepchik offre la\u00a0<a href=\"\/fr\/nos-soins-dentaires\/dentisterie-generale\/dentisterie-sedation\/\">s\u00e9dation dentaire.\u00a0<\/a>Lorsque vous venez \u00e0 notre clinique, dites-nous ce que vous craignez et nous trouverons une solution. Nous offrons un casque antibruit \u00e0 ceux qui n&#8217;aiment pas le bruit de la pi\u00e8ce \u00e0 main. Nous offrons \u00e9galement le protoxyde d&#8217;azote, ou gaz hilarant, pour une sensation de l\u00e9g\u00e8ret\u00e9 et de bonne humeur. Enfin, nous nous servons du Dental Vibe et du Wand pour des injections douces. Nos patients nerveux ont beaucoup aim\u00e9s ces injections. Nous vous offons aussi des \u00e9couteurs si vous les voulez.<\/p>\r\n<h2>Demandez une consultation<\/h2>\r\n<p>Pour obtenir plus d&#8217;information au sujet de nos services de dentisterie g\u00e9n\u00e9rale, contactez\u00a0 le Dr Lenny Slepchik au num\u00e9ro <a href=\"tel:514-875-7971\">514-875-7971<\/a> ou envoyez-nous un courriel\u00a0 \u00e0 l&#8217;addresse\u00a0\u00a0<a href=\"mailto:reception@smilesbydrslepchik.com\">reception@smilesbydrslepchik.com<\/a>.\u00a0 Vous trouverez notre cabinet dentaire au centre-ville de Montr\u00e9al \u00e0 cot\u00e9 de l&#8217;Hotel Fairmont Le Reine Elizabeth En face de Place Ville Marie. M\u00e9tro Mc Gill ou M\u00e9tro Bonaventure.<\/p>\r\n","protected":false},"excerpt":{"rendered":"","protected":false},"author":47,"featured_media":0,"parent":124,"menu_order":0,"comment_status":"closed","ping_status":"closed","template":"","meta":{"site-sidebar-layout":"default","site-content-layout":"","ast-site-content-layout":"default","site-content-style":"default","site-sidebar-style":"default","ast-global-header-display":"","ast-banner-title-visibility":"","ast-main-header-display":"","ast-hfb-above-header-display":"","ast-hfb-below-header-display":"","ast-hfb-mobile-header-display":"","site-post-title":"","ast-breadcrumbs-content":"","ast-featured-img":"","footer-sml-layout":"","theme-transparent-header-meta":"default","adv-header-id-meta":"","stick-header-meta":"default","header-above-stick-meta":"","header-main-stick-meta":"","header-below-stick-meta":"","astra-migrate-meta-layouts":"set","ast-page-background-enabled":"default","ast-page-background-meta":{"desktop":{"background-color":"var(--ast-global-color-4)","background-image":"","background-repeat":"repeat","background-position":"center center","background-size":"auto","background-attachment":"scroll","background-type":"","background-media":"","overlay-type":"","overlay-color":"","overlay-opacity":"","overlay-gradient":""},"tablet":{"background-color":"","background-image":"","background-repeat":"repeat","background-position":"center center","background-size":"auto","background-attachment":"scroll","background-type":"","background-media":"","overlay-type":"","overlay-color":"","overlay-opacity":"","overlay-gradient":""},"mobile":{"background-color":"","background-image":"","background-repeat":"repeat","background-position":"center center","background-size":"auto","background-attachment":"scroll","background-type":"","background-media":"","overlay-type":"","overlay-color":"","overlay-opacity":"","overlay-gradient":""}},"ast-content-background-meta":{"desktop":{"background-color":"var(--ast-global-color-5)","background-image":"","background-repeat":"repeat","background-position":"center center","background-size":"auto","background-attachment":"scroll","background-type":"","background-media":"","overlay-type":"","overlay-color":"","overlay-opacity":"","overlay-gradient":""},"tablet":{"background-color":"var(--ast-global-color-5)","background-image":"","background-repeat":"repeat","background-position":"center center","background-size":"auto","background-attachment":"scroll","background-type":"","background-media":"","overlay-type":"","overlay-color":"","overlay-opacity":"","overlay-gradient":""},"mobile":{"background-color":"var(--ast-global-color-5)","background-image":"","background-repeat":"repeat","background-position":"center center","background-size":"auto","background-attachment":"scroll","background-type":"","background-media":"","overlay-type":"","overlay-color":"","overlay-opacity":"","overlay-gradient":""}},"footnotes":""},"class_list":["post-226","page","type-page","status-publish","hentry"],"yoast_head":"<!-- This site is optimized with the Yoast SEO plugin v23.7 - https:\/\/yoast.com\/wordpress\/plugins\/seo\/ -->\n<title>Soins dentaires Montr\u00e9al de dentisterie g\u00e9n\u00e9rale<\/title>\n<meta name=\"description\" content=\"Dentisterie g\u00e9n\u00e9rale \u00e0 Montr\u00e9al. Le Dr Lenny Slepchik discutera avec vous des soins dentaires de dentisterie g\u00e9n\u00e9rale pour am\u00e9liorer et maintenir votre sant\u00e9 dentaire.\" \/>\n<meta name=\"robots\" content=\"index, follow, max-snippet:-1, max-image-preview:large, max-video-preview:-1\" \/>\n<link rel=\"canonical\" href=\"https:\/\/smilesbydrslepchik.com\/fr\/nos-soins-dentaires\/dentisterie-generale\/\" \/>\n<meta property=\"og:locale\" content=\"en_US\" \/>\n<meta property=\"og:type\" content=\"article\" \/>\n<meta property=\"og:title\" content=\"Soins dentaires Montr\u00e9al de dentisterie g\u00e9n\u00e9rale\" \/>\n<meta property=\"og:description\" content=\"Dentisterie g\u00e9n\u00e9rale \u00e0 Montr\u00e9al. Le Dr Lenny Slepchik discutera avec vous des soins dentaires de dentisterie g\u00e9n\u00e9rale pour am\u00e9liorer et maintenir votre sant\u00e9 dentaire.\" \/>\n<meta property=\"og:url\" content=\"https:\/\/smilesbydrslepchik.com\/fr\/nos-soins-dentaires\/dentisterie-generale\/\" \/>\n<meta property=\"og:site_name\" content=\"Lenny Slepchik DDS\" \/>\n<meta property=\"article:modified_time\" content=\"2024-06-17T20:36:32+00:00\" \/>\n<meta property=\"og:image\" content=\"https:\/\/smilesbydrslepchik.com\/fr\/wp-content\/uploads\/sites\/2\/2023\/12\/iStock-000045040090-Medium-cropped.jpg\" \/>\n<meta name=\"twitter:card\" content=\"summary_large_image\" \/>\n<meta name=\"twitter:label1\" content=\"Est. reading time\" \/>\n\t<meta name=\"twitter:data1\" content=\"7 minutes\" \/>\n<script type=\"application\/ld+json\" class=\"yoast-schema-graph\">{\"@context\":\"https:\/\/schema.org\",\"@graph\":[{\"@type\":\"WebPage\",\"@id\":\"https:\/\/smilesbydrslepchik.com\/fr\/nos-soins-dentaires\/dentisterie-generale\/\",\"url\":\"https:\/\/smilesbydrslepchik.com\/fr\/nos-soins-dentaires\/dentisterie-generale\/\",\"name\":\"Soins dentaires Montr\u00e9al de dentisterie g\u00e9n\u00e9rale\",\"isPartOf\":{\"@id\":\"https:\/\/smilesbydrslepchik.com\/fr\/#website\"},\"primaryImageOfPage\":{\"@id\":\"https:\/\/smilesbydrslepchik.com\/fr\/nos-soins-dentaires\/dentisterie-generale\/#primaryimage\"},\"image\":{\"@id\":\"https:\/\/smilesbydrslepchik.com\/fr\/nos-soins-dentaires\/dentisterie-generale\/#primaryimage\"},\"thumbnailUrl\":\"https:\/\/smilesbydrslepchik.com\/fr\/wp-content\/uploads\/sites\/2\/2023\/12\/iStock-000045040090-Medium-cropped.jpg\",\"datePublished\":\"2018-01-24T15:30:48+00:00\",\"dateModified\":\"2024-06-17T20:36:32+00:00\",\"description\":\"Dentisterie g\u00e9n\u00e9rale \u00e0 Montr\u00e9al. Le Dr Lenny Slepchik discutera avec vous des soins dentaires de dentisterie g\u00e9n\u00e9rale pour am\u00e9liorer et maintenir votre sant\u00e9 dentaire.\",\"breadcrumb\":{\"@id\":\"https:\/\/smilesbydrslepchik.com\/fr\/nos-soins-dentaires\/dentisterie-generale\/#breadcrumb\"},\"inLanguage\":\"en-US\",\"potentialAction\":[{\"@type\":\"ReadAction\",\"target\":[\"https:\/\/smilesbydrslepchik.com\/fr\/nos-soins-dentaires\/dentisterie-generale\/\"]}]},{\"@type\":\"ImageObject\",\"inLanguage\":\"en-US\",\"@id\":\"https:\/\/smilesbydrslepchik.com\/fr\/nos-soins-dentaires\/dentisterie-generale\/#primaryimage\",\"url\":\"https:\/\/smilesbydrslepchik.com\/fr\/wp-content\/uploads\/sites\/2\/2023\/12\/iStock-000045040090-Medium-cropped.jpg\",\"contentUrl\":\"https:\/\/smilesbydrslepchik.com\/fr\/wp-content\/uploads\/sites\/2\/2023\/12\/iStock-000045040090-Medium-cropped.jpg\",\"width\":1920,\"height\":584,\"caption\":\"iStock 000045040090 Medium cropped\"},{\"@type\":\"BreadcrumbList\",\"@id\":\"https:\/\/smilesbydrslepchik.com\/fr\/nos-soins-dentaires\/dentisterie-generale\/#breadcrumb\",\"itemListElement\":[{\"@type\":\"ListItem\",\"position\":1,\"name\":\"Home\",\"item\":\"https:\/\/smilesbydrslepchik.com\/fr\/\"},{\"@type\":\"ListItem\",\"position\":2,\"name\":\"Soins Dentaires Montr\u00e9al\",\"item\":\"https:\/\/smilesbydrslepchik.com\/fr\/nos-soins-dentaires\/\"},{\"@type\":\"ListItem\",\"position\":3,\"name\":\"Services de dentisterie g\u00e9n\u00e9rale \u00e0 Montr\u00e9al\"}]},{\"@type\":\"WebSite\",\"@id\":\"https:\/\/smilesbydrslepchik.com\/fr\/#website\",\"url\":\"https:\/\/smilesbydrslepchik.com\/fr\/\",\"name\":\"Lenny Slepchik DDS\",\"description\":\"\",\"publisher\":{\"@id\":\"https:\/\/smilesbydrslepchik.com\/fr\/#organization\"},\"potentialAction\":[{\"@type\":\"SearchAction\",\"target\":{\"@type\":\"EntryPoint\",\"urlTemplate\":\"https:\/\/smilesbydrslepchik.com\/fr\/?s={search_term_string}\"},\"query-input\":{\"@type\":\"PropertyValueSpecification\",\"valueRequired\":true,\"valueName\":\"search_term_string\"}}],\"inLanguage\":\"en-US\"},{\"@type\":\"Organization\",\"@id\":\"https:\/\/smilesbydrslepchik.com\/fr\/#organization\",\"name\":\"Lenny Slepchik DDS\",\"url\":\"https:\/\/smilesbydrslepchik.com\/fr\/\",\"logo\":{\"@type\":\"ImageObject\",\"inLanguage\":\"en-US\",\"@id\":\"https:\/\/smilesbydrslepchik.com\/fr\/#\/schema\/logo\/image\/\",\"url\":\"https:\/\/smilesbydrslepchik.com\/fr\/wp-content\/uploads\/sites\/2\/2024\/07\/logo-french@1x.png\",\"contentUrl\":\"https:\/\/smilesbydrslepchik.com\/fr\/wp-content\/uploads\/sites\/2\/2024\/07\/logo-french@1x.png\",\"width\":371,\"height\":67,\"caption\":\"Lenny Slepchik DDS\"},\"image\":{\"@id\":\"https:\/\/smilesbydrslepchik.com\/fr\/#\/schema\/logo\/image\/\"}}]}<\/script>\n<!-- \/ Yoast SEO plugin. -->","yoast_head_json":{"title":"Soins dentaires Montr\u00e9al de dentisterie g\u00e9n\u00e9rale","description":"Dentisterie g\u00e9n\u00e9rale \u00e0 Montr\u00e9al. Le Dr Lenny Slepchik discutera avec vous des soins dentaires de dentisterie g\u00e9n\u00e9rale pour am\u00e9liorer et maintenir votre sant\u00e9 dentaire.","robots":{"index":"index","follow":"follow","max-snippet":"max-snippet:-1","max-image-preview":"max-image-preview:large","max-video-preview":"max-video-preview:-1"},"canonical":"https:\/\/smilesbydrslepchik.com\/fr\/nos-soins-dentaires\/dentisterie-generale\/","og_locale":"en_US","og_type":"article","og_title":"Soins dentaires Montr\u00e9al de dentisterie g\u00e9n\u00e9rale","og_description":"Dentisterie g\u00e9n\u00e9rale \u00e0 Montr\u00e9al. Le Dr Lenny Slepchik discutera avec vous des soins dentaires de dentisterie g\u00e9n\u00e9rale pour am\u00e9liorer et maintenir votre sant\u00e9 dentaire.","og_url":"https:\/\/smilesbydrslepchik.com\/fr\/nos-soins-dentaires\/dentisterie-generale\/","og_site_name":"Lenny Slepchik DDS","article_modified_time":"2024-06-17T20:36:32+00:00","og_image":[{"url":"https:\/\/smilesbydrslepchik.com\/fr\/wp-content\/uploads\/sites\/2\/2023\/12\/iStock-000045040090-Medium-cropped.jpg"}],"twitter_card":"summary_large_image","twitter_misc":{"Est. reading time":"7 minutes"},"schema":{"@context":"https:\/\/schema.org","@graph":[{"@type":"WebPage","@id":"https:\/\/smilesbydrslepchik.com\/fr\/nos-soins-dentaires\/dentisterie-generale\/","url":"https:\/\/smilesbydrslepchik.com\/fr\/nos-soins-dentaires\/dentisterie-generale\/","name":"Soins dentaires Montr\u00e9al de dentisterie g\u00e9n\u00e9rale","isPartOf":{"@id":"https:\/\/smilesbydrslepchik.com\/fr\/#website"},"primaryImageOfPage":{"@id":"https:\/\/smilesbydrslepchik.com\/fr\/nos-soins-dentaires\/dentisterie-generale\/#primaryimage"},"image":{"@id":"https:\/\/smilesbydrslepchik.com\/fr\/nos-soins-dentaires\/dentisterie-generale\/#primaryimage"},"thumbnailUrl":"https:\/\/smilesbydrslepchik.com\/fr\/wp-content\/uploads\/sites\/2\/2023\/12\/iStock-000045040090-Medium-cropped.jpg","datePublished":"2018-01-24T15:30:48+00:00","dateModified":"2024-06-17T20:36:32+00:00","description":"Dentisterie g\u00e9n\u00e9rale \u00e0 Montr\u00e9al. Le Dr Lenny Slepchik discutera avec vous des soins dentaires de dentisterie g\u00e9n\u00e9rale pour am\u00e9liorer et maintenir votre sant\u00e9 dentaire.","breadcrumb":{"@id":"https:\/\/smilesbydrslepchik.com\/fr\/nos-soins-dentaires\/dentisterie-generale\/#breadcrumb"},"inLanguage":"en-US","potentialAction":[{"@type":"ReadAction","target":["https:\/\/smilesbydrslepchik.com\/fr\/nos-soins-dentaires\/dentisterie-generale\/"]}]},{"@type":"ImageObject","inLanguage":"en-US","@id":"https:\/\/smilesbydrslepchik.com\/fr\/nos-soins-dentaires\/dentisterie-generale\/#primaryimage","url":"https:\/\/smilesbydrslepchik.com\/fr\/wp-content\/uploads\/sites\/2\/2023\/12\/iStock-000045040090-Medium-cropped.jpg","contentUrl":"https:\/\/smilesbydrslepchik.com\/fr\/wp-content\/uploads\/sites\/2\/2023\/12\/iStock-000045040090-Medium-cropped.jpg","width":1920,"height":584,"caption":"iStock 000045040090 Medium cropped"},{"@type":"BreadcrumbList","@id":"https:\/\/smilesbydrslepchik.com\/fr\/nos-soins-dentaires\/dentisterie-generale\/#breadcrumb","itemListElement":[{"@type":"ListItem","position":1,"name":"Home","item":"https:\/\/smilesbydrslepchik.com\/fr\/"},{"@type":"ListItem","position":2,"name":"Soins Dentaires Montr\u00e9al","item":"https:\/\/smilesbydrslepchik.com\/fr\/nos-soins-dentaires\/"},{"@type":"ListItem","position":3,"name":"Services de dentisterie g\u00e9n\u00e9rale \u00e0 Montr\u00e9al"}]},{"@type":"WebSite","@id":"https:\/\/smilesbydrslepchik.com\/fr\/#website","url":"https:\/\/smilesbydrslepchik.com\/fr\/","name":"Lenny Slepchik DDS","description":"","publisher":{"@id":"https:\/\/smilesbydrslepchik.com\/fr\/#organization"},"potentialAction":[{"@type":"SearchAction","target":{"@type":"EntryPoint","urlTemplate":"https:\/\/smilesbydrslepchik.com\/fr\/?s={search_term_string}"},"query-input":{"@type":"PropertyValueSpecification","valueRequired":true,"valueName":"search_term_string"}}],"inLanguage":"en-US"},{"@type":"Organization","@id":"https:\/\/smilesbydrslepchik.com\/fr\/#organization","name":"Lenny Slepchik DDS","url":"https:\/\/smilesbydrslepchik.com\/fr\/","logo":{"@type":"ImageObject","inLanguage":"en-US","@id":"https:\/\/smilesbydrslepchik.com\/fr\/#\/schema\/logo\/image\/","url":"https:\/\/smilesbydrslepchik.com\/fr\/wp-content\/uploads\/sites\/2\/2024\/07\/logo-french@1x.png","contentUrl":"https:\/\/smilesbydrslepchik.com\/fr\/wp-content\/uploads\/sites\/2\/2024\/07\/logo-french@1x.png","width":371,"height":67,"caption":"Lenny Slepchik DDS"},"image":{"@id":"https:\/\/smilesbydrslepchik.com\/fr\/#\/schema\/logo\/image\/"}}]}},"featured_image_src":null,"featured_image_src_square":null,"_links":{"self":[{"href":"https:\/\/smilesbydrslepchik.com\/fr\/wp-json\/wp\/v2\/pages\/226","targetHints":{"allow":["GET"]}}],"collection":[{"href":"https:\/\/smilesbydrslepchik.com\/fr\/wp-json\/wp\/v2\/pages"}],"about":[{"href":"https:\/\/smilesbydrslepchik.com\/fr\/wp-json\/wp\/v2\/types\/page"}],"author":[{"embeddable":true,"href":"https:\/\/smilesbydrslepchik.com\/fr\/wp-json\/wp\/v2\/users\/47"}],"replies":[{"embeddable":true,"href":"https:\/\/smilesbydrslepchik.com\/fr\/wp-json\/wp\/v2\/comments?post=226"}],"version-history":[{"count":0,"href":"https:\/\/smilesbydrslepchik.com\/fr\/wp-json\/wp\/v2\/pages\/226\/revisions"}],"up":[{"embeddable":true,"href":"https:\/\/smilesbydrslepchik.com\/fr\/wp-json\/wp\/v2\/pages\/124"}],"wp:attachment":[{"href":"https:\/\/smilesbydrslepchik.com\/fr\/wp-json\/wp\/v2\/media?parent=226"}],"curies":[{"name":"wp","href":"https:\/\/api.w.org\/{rel}","templated":true}]}}