
{"id":217,"date":"2018-01-24T15:03:48","date_gmt":"2018-01-24T15:03:48","guid":{"rendered":"https:\/\/smilesbydr2017.wpengine.com\/fr\/?page_id=217"},"modified":"2024-04-30T11:22:41","modified_gmt":"2024-04-30T11:22:41","slug":"liens","status":"publish","type":"page","link":"https:\/\/smilesbydrslepchik.com\/fr\/renseignements-pour-le-patient\/liens\/","title":{"rendered":"Liens"},"content":{"rendered":"\n\n\t\t\t\t<img loading=\"lazy\" decoding=\"async\" src=\"https:\/\/smilesbydrslepchik.com\/fr\/wp-content\/uploads\/sites\/2\/2023\/12\/IMG-4420-min-1-scaled-1-scaled-1.jpg\" alt=\"IMG 4420 min 1 scaled 1 scaled 1\" itemprop=\"image\" height=\"1115\" width=\"2560\" title=\"IMG 4420 min 1 scaled 1 scaled 1\" onerror=\"this.style.display='none'\"  \/>\n<h2>\n\t\tLes Liens Essentiels\n\t<\/h2>\n\t<p><strong>Laboratoire Oral Design<\/strong><\/p>\n<ul>\n<li><a href=\"https:\/\/crhoraldesign.com\/fr\" target=\"_blank\" rel=\"noopener\">https:\/\/crhoraldesign.com\/fr<\/a><\/li>\n<\/ul>\n<p>~ Notre laboratoire exceptionnel qui fabrique nos sourires. C&#8217;est un vrai plasir de travailler avec eux !<\/p>\n<p><strong>L&#8217;Acad\u00e9mie Am\u00e9ricaine de Dentisterie Esth\u00e9tique<\/strong><\/p>\n<ul>\n<li><a href=\"https:\/\/www.aacd.com\/\" target=\"_blank\" rel=\"noopener\">https:\/\/www.AACD.com\u00a0<\/a><\/li>\n<\/ul>\n<p>~ Dr Slepchik et son \u00e9quipe vient \u00e0 leur congr\u00e8s annuel. Nous prenons des cours pour approfondir nos conaissances de technologies, techniques et mat\u00e9riaux. C&#8217;est une exp\u00e9rience exceptionnelle de rencontrer des rechercheurs et leurs poser nos questions.<\/p>\n<p><strong>L&#8217;Acad\u00e9mie Am\u00e9ricaine de Dentisterie d&#8217;Implantologie<\/strong><\/p>\n<ul>\n<li><a href=\"https:\/\/www.aaid.com\/\" target=\"_blank\" rel=\"noopener\">www.aaid.com<\/a><\/li>\n<\/ul>\n<p>~ Une autre organisation pour apprendre tout sur l&#8217;implantologie<\/p>\n<p><strong>L&#8217;Association des Chirurgiens Dentistes du Qu\u00e9bec<\/strong><\/p>\n<ul>\n<li><a href=\"https:\/\/www.acdq.qc.ca\/fr\/\" target=\"_blank\" rel=\"noopener\">https:\/\/www.acdq.qc.ca\/fr\/<\/a><\/li>\n<\/ul>\n<p><strong>L&#8217;Association Dentaire du Canada<\/strong><\/p>\n<ul>\n<li><a href=\"https:\/\/www.cda-adc.ca\/\" target=\"_blank\" rel=\"noopener\">https:\/\/www.cda-adc.ca\/<\/a><\/li>\n<\/ul>\n<p><strong>Dentifrice Crest, Colgate<\/strong><\/p>\n<ul>\n<li><a href=\"https:\/\/ca.crest.com\/fr-ca\" target=\"_blank\" rel=\"noopener\">https:\/\/ca.crest.com\/fr-ca<\/a><\/li>\n<li><a href=\"https:\/\/www.colgate.ca\/\" target=\"_blank\" rel=\"noopener\">www.colgate.ca<\/a><\/li>\n<\/ul>\n<p><strong>Ou Sensodyne<\/strong><\/p>\n<ul>\n<li><a href=\"https:\/\/www.sensodyne.ca\/\" target=\"_blank\" rel=\"noopener\">www.sensodyne.ca<\/a><\/li>\n<\/ul>\n<p><strong>Blanchiment Zoom<\/strong><\/p>\n<ul>\n<li><a href=\"https:\/\/www.phillips.ca\/zoom\/blanchiment\" target=\"_blank\" rel=\"noopener\">www.phillips.ca\/zoom\/blanchiment<\/a><\/li>\n<\/ul>\n<p><strong>Brosse \u00e0 Dent \u00c9lectrique Sonicaire<\/strong><\/p>\n<ul>\n<li><a href=\"https:\/\/www.philips.ca\/fr\/c-m-pe\/brosses-a-dents-electriques\" target=\"_blank\" rel=\"noopener\">https:\/\/www.philips.ca\/fr\/c-m-pe\/brosses-a-dents-electriques<\/a><\/li>\n<\/ul>\n<p><strong>Eva Grayzel<\/strong><\/p>\n<ul>\n<li><a href=\"https:\/\/www.evagrayzel.com\/\" target=\"_blank\" rel=\"noopener\">https:\/\/www.evagrayzel.com\/<\/a><\/li>\n<\/ul>\n~ Eva a cr\u00e9\u00e9 un program de d\u00e9pistage du cancer oral pour combattre cette maladie.<br \/>\nUne avocate pour ce qui souffre du cancer oral et un oratrice touchante. Bravo Eva!\n\n","protected":false},"excerpt":{"rendered":"<p>Les Liens Essentiels Laboratoire Oral Design https:\/\/crhoraldesign.com\/fr ~ Notre laboratoire exceptionnel qui fabrique nos sourires. C&#8217;est un vrai plasir de travailler avec eux ! L&#8217;Acad\u00e9mie Am\u00e9ricaine de Dentisterie Esth\u00e9tique https:\/\/www.AACD.com\u00a0 ~ Dr Slepchik et son \u00e9quipe vient \u00e0 leur congr\u00e8s annuel. Nous prenons des cours pour approfondir nos conaissances de technologies, techniques et mat\u00e9riaux. C&#8217;est [&hellip;]<\/p>\n","protected":false},"author":47,"featured_media":3682,"parent":126,"menu_order":0,"comment_status":"closed","ping_status":"closed","template":"","meta":{"site-sidebar-layout":"default","site-content-layout":null,"ast-site-content-layout":"default","site-content-style":"default","site-sidebar-style":"default","ast-global-header-display":"","ast-banner-title-visibility":"","ast-main-header-display":"","ast-hfb-above-header-display":"","ast-hfb-below-header-display":null,"ast-hfb-mobile-header-display":"","site-post-title":"","ast-breadcrumbs-content":null,"ast-featured-img":"","footer-sml-layout":"","theme-transparent-header-meta":"default","adv-header-id-meta":"","stick-header-meta":"default","header-above-stick-meta":"","header-main-stick-meta":"","header-below-stick-meta":null,"astra-migrate-meta-layouts":"set","ast-page-background-enabled":"default","ast-page-background-meta":{"desktop":{"background-color":"var(--ast-global-color-4)","background-image":"","background-repeat":"repeat","background-position":"center center","background-size":"auto","background-attachment":"scroll","background-type":"","background-media":"","overlay-type":"","overlay-color":"","overlay-opacity":"","overlay-gradient":""},"tablet":{"background-color":"","background-image":"","background-repeat":"repeat","background-position":"center center","background-size":"auto","background-attachment":"scroll","background-type":"","background-media":"","overlay-type":"","overlay-color":"","overlay-opacity":"","overlay-gradient":""},"mobile":{"background-color":"","background-image":"","background-repeat":"repeat","background-position":"center center","background-size":"auto","background-attachment":"scroll","background-type":"","background-media":"","overlay-type":"","overlay-color":"","overlay-opacity":"","overlay-gradient":""}},"ast-content-background-meta":{"desktop":{"background-color":"var(--ast-global-color-5)","background-image":"","background-repeat":"repeat","background-position":"center center","background-size":"auto","background-attachment":"scroll","background-type":"","background-media":"","overlay-type":"","overlay-color":"","overlay-opacity":"","overlay-gradient":""},"tablet":{"background-color":"var(--ast-global-color-5)","background-image":"","background-repeat":"repeat","background-position":"center center","background-size":"auto","background-attachment":"scroll","background-type":"","background-media":"","overlay-type":"","overlay-color":"","overlay-opacity":"","overlay-gradient":""},"mobile":{"background-color":"var(--ast-global-color-5)","background-image":"","background-repeat":"repeat","background-position":"center center","background-size":"auto","background-attachment":"scroll","background-type":"","background-media":"","overlay-type":"","overlay-color":"","overlay-opacity":"","overlay-gradient":""}},"footnotes":""},"class_list":["post-217","page","type-page","status-publish","has-post-thumbnail","hentry"],"yoast_head":"<!-- This site is optimized with the Yoast SEO plugin v23.7 - https:\/\/yoast.com\/wordpress\/plugins\/seo\/ -->\n<title>Liens - French - Dr. Lenny Slepchik, D.D.S.<\/title>\n<meta name=\"description\" content=\"Regardez nos liens des academies, notre laboratoire dentaire et les produits (comme le dentifrice) que nous recommandons.\" \/>\n<meta name=\"robots\" content=\"index, follow, max-snippet:-1, max-image-preview:large, max-video-preview:-1\" \/>\n<link rel=\"canonical\" href=\"https:\/\/smilesbydrslepchik.com\/fr\/renseignements-pour-le-patient\/liens\/\" \/>\n<meta property=\"og:locale\" content=\"en_US\" \/>\n<meta property=\"og:type\" content=\"article\" \/>\n<meta property=\"og:title\" content=\"Liens - French - Dr. Lenny Slepchik, D.D.S.\" \/>\n<meta property=\"og:description\" content=\"Regardez nos liens des academies, notre laboratoire dentaire et les produits (comme le dentifrice) que nous recommandons.\" \/>\n<meta property=\"og:url\" content=\"https:\/\/smilesbydrslepchik.com\/fr\/renseignements-pour-le-patient\/liens\/\" \/>\n<meta property=\"og:site_name\" content=\"Lenny Slepchik DDS\" \/>\n<meta property=\"article:modified_time\" content=\"2024-04-30T11:22:41+00:00\" \/>\n<meta property=\"og:image\" content=\"https:\/\/smilesbydrslepchik.com\/fr\/wp-content\/uploads\/sites\/2\/2024\/01\/IMG-8077-upscaled-1.2x.jpg\" \/>\n\t<meta property=\"og:image:width\" content=\"2304\" \/>\n\t<meta property=\"og:image:height\" content=\"540\" \/>\n\t<meta property=\"og:image:type\" content=\"image\/jpeg\" \/>\n<meta name=\"twitter:card\" content=\"summary_large_image\" \/>\n<meta name=\"twitter:label1\" content=\"Est. reading time\" \/>\n\t<meta name=\"twitter:data1\" content=\"1 minute\" \/>\n<script type=\"application\/ld+json\" class=\"yoast-schema-graph\">{\"@context\":\"https:\/\/schema.org\",\"@graph\":[{\"@type\":\"WebPage\",\"@id\":\"https:\/\/smilesbydrslepchik.com\/fr\/renseignements-pour-le-patient\/liens\/\",\"url\":\"https:\/\/smilesbydrslepchik.com\/fr\/renseignements-pour-le-patient\/liens\/\",\"name\":\"Liens - French - Dr. Lenny Slepchik, D.D.S.\",\"isPartOf\":{\"@id\":\"https:\/\/smilesbydrslepchik.com\/fr\/#website\"},\"primaryImageOfPage\":{\"@id\":\"https:\/\/smilesbydrslepchik.com\/fr\/renseignements-pour-le-patient\/liens\/#primaryimage\"},\"image\":{\"@id\":\"https:\/\/smilesbydrslepchik.com\/fr\/renseignements-pour-le-patient\/liens\/#primaryimage\"},\"thumbnailUrl\":\"https:\/\/smilesbydrslepchik.com\/fr\/wp-content\/uploads\/sites\/2\/2024\/01\/IMG-8077-upscaled-1.2x.jpg\",\"datePublished\":\"2018-01-24T15:03:48+00:00\",\"dateModified\":\"2024-04-30T11:22:41+00:00\",\"description\":\"Regardez nos liens des academies, notre laboratoire dentaire et les produits (comme le dentifrice) que nous recommandons.\",\"breadcrumb\":{\"@id\":\"https:\/\/smilesbydrslepchik.com\/fr\/renseignements-pour-le-patient\/liens\/#breadcrumb\"},\"inLanguage\":\"en-US\",\"potentialAction\":[{\"@type\":\"ReadAction\",\"target\":[\"https:\/\/smilesbydrslepchik.com\/fr\/renseignements-pour-le-patient\/liens\/\"]}]},{\"@type\":\"ImageObject\",\"inLanguage\":\"en-US\",\"@id\":\"https:\/\/smilesbydrslepchik.com\/fr\/renseignements-pour-le-patient\/liens\/#primaryimage\",\"url\":\"https:\/\/smilesbydrslepchik.com\/fr\/wp-content\/uploads\/sites\/2\/2024\/01\/IMG-8077-upscaled-1.2x.jpg\",\"contentUrl\":\"https:\/\/smilesbydrslepchik.com\/fr\/wp-content\/uploads\/sites\/2\/2024\/01\/IMG-8077-upscaled-1.2x.jpg\",\"width\":2304,\"height\":540,\"caption\":\"IMG 8077 upscaled 1.2x\"},{\"@type\":\"BreadcrumbList\",\"@id\":\"https:\/\/smilesbydrslepchik.com\/fr\/renseignements-pour-le-patient\/liens\/#breadcrumb\",\"itemListElement\":[{\"@type\":\"ListItem\",\"position\":1,\"name\":\"Home\",\"item\":\"https:\/\/smilesbydrslepchik.com\/fr\/\"},{\"@type\":\"ListItem\",\"position\":2,\"name\":\"Renseignements pour le patient\",\"item\":\"https:\/\/smilesbydrslepchik.com\/fr\/renseignements-pour-le-patient\/\"},{\"@type\":\"ListItem\",\"position\":3,\"name\":\"Liens\"}]},{\"@type\":\"WebSite\",\"@id\":\"https:\/\/smilesbydrslepchik.com\/fr\/#website\",\"url\":\"https:\/\/smilesbydrslepchik.com\/fr\/\",\"name\":\"Lenny Slepchik DDS\",\"description\":\"\",\"publisher\":{\"@id\":\"https:\/\/smilesbydrslepchik.com\/fr\/#organization\"},\"potentialAction\":[{\"@type\":\"SearchAction\",\"target\":{\"@type\":\"EntryPoint\",\"urlTemplate\":\"https:\/\/smilesbydrslepchik.com\/fr\/?s={search_term_string}\"},\"query-input\":{\"@type\":\"PropertyValueSpecification\",\"valueRequired\":true,\"valueName\":\"search_term_string\"}}],\"inLanguage\":\"en-US\"},{\"@type\":\"Organization\",\"@id\":\"https:\/\/smilesbydrslepchik.com\/fr\/#organization\",\"name\":\"Lenny Slepchik DDS\",\"url\":\"https:\/\/smilesbydrslepchik.com\/fr\/\",\"logo\":{\"@type\":\"ImageObject\",\"inLanguage\":\"en-US\",\"@id\":\"https:\/\/smilesbydrslepchik.com\/fr\/#\/schema\/logo\/image\/\",\"url\":\"https:\/\/smilesbydrslepchik.com\/fr\/wp-content\/uploads\/sites\/2\/2024\/07\/logo-french@1x.png\",\"contentUrl\":\"https:\/\/smilesbydrslepchik.com\/fr\/wp-content\/uploads\/sites\/2\/2024\/07\/logo-french@1x.png\",\"width\":371,\"height\":67,\"caption\":\"Lenny Slepchik DDS\"},\"image\":{\"@id\":\"https:\/\/smilesbydrslepchik.com\/fr\/#\/schema\/logo\/image\/\"}}]}<\/script>\n<!-- \/ Yoast SEO plugin. -->","yoast_head_json":{"title":"Liens - French - Dr. Lenny Slepchik, D.D.S.","description":"Regardez nos liens des academies, notre laboratoire dentaire et les produits (comme le dentifrice) que nous recommandons.","robots":{"index":"index","follow":"follow","max-snippet":"max-snippet:-1","max-image-preview":"max-image-preview:large","max-video-preview":"max-video-preview:-1"},"canonical":"https:\/\/smilesbydrslepchik.com\/fr\/renseignements-pour-le-patient\/liens\/","og_locale":"en_US","og_type":"article","og_title":"Liens - French - Dr. Lenny Slepchik, D.D.S.","og_description":"Regardez nos liens des academies, notre laboratoire dentaire et les produits (comme le dentifrice) que nous recommandons.","og_url":"https:\/\/smilesbydrslepchik.com\/fr\/renseignements-pour-le-patient\/liens\/","og_site_name":"Lenny Slepchik DDS","article_modified_time":"2024-04-30T11:22:41+00:00","og_image":[{"width":2304,"height":540,"url":"https:\/\/smilesbydrslepchik.com\/fr\/wp-content\/uploads\/sites\/2\/2024\/01\/IMG-8077-upscaled-1.2x.jpg","type":"image\/jpeg"}],"twitter_card":"summary_large_image","twitter_misc":{"Est. reading time":"1 minute"},"schema":{"@context":"https:\/\/schema.org","@graph":[{"@type":"WebPage","@id":"https:\/\/smilesbydrslepchik.com\/fr\/renseignements-pour-le-patient\/liens\/","url":"https:\/\/smilesbydrslepchik.com\/fr\/renseignements-pour-le-patient\/liens\/","name":"Liens - French - Dr. Lenny Slepchik, D.D.S.","isPartOf":{"@id":"https:\/\/smilesbydrslepchik.com\/fr\/#website"},"primaryImageOfPage":{"@id":"https:\/\/smilesbydrslepchik.com\/fr\/renseignements-pour-le-patient\/liens\/#primaryimage"},"image":{"@id":"https:\/\/smilesbydrslepchik.com\/fr\/renseignements-pour-le-patient\/liens\/#primaryimage"},"thumbnailUrl":"https:\/\/smilesbydrslepchik.com\/fr\/wp-content\/uploads\/sites\/2\/2024\/01\/IMG-8077-upscaled-1.2x.jpg","datePublished":"2018-01-24T15:03:48+00:00","dateModified":"2024-04-30T11:22:41+00:00","description":"Regardez nos liens des academies, notre laboratoire dentaire et les produits (comme le dentifrice) que nous recommandons.","breadcrumb":{"@id":"https:\/\/smilesbydrslepchik.com\/fr\/renseignements-pour-le-patient\/liens\/#breadcrumb"},"inLanguage":"en-US","potentialAction":[{"@type":"ReadAction","target":["https:\/\/smilesbydrslepchik.com\/fr\/renseignements-pour-le-patient\/liens\/"]}]},{"@type":"ImageObject","inLanguage":"en-US","@id":"https:\/\/smilesbydrslepchik.com\/fr\/renseignements-pour-le-patient\/liens\/#primaryimage","url":"https:\/\/smilesbydrslepchik.com\/fr\/wp-content\/uploads\/sites\/2\/2024\/01\/IMG-8077-upscaled-1.2x.jpg","contentUrl":"https:\/\/smilesbydrslepchik.com\/fr\/wp-content\/uploads\/sites\/2\/2024\/01\/IMG-8077-upscaled-1.2x.jpg","width":2304,"height":540,"caption":"IMG 8077 upscaled 1.2x"},{"@type":"BreadcrumbList","@id":"https:\/\/smilesbydrslepchik.com\/fr\/renseignements-pour-le-patient\/liens\/#breadcrumb","itemListElement":[{"@type":"ListItem","position":1,"name":"Home","item":"https:\/\/smilesbydrslepchik.com\/fr\/"},{"@type":"ListItem","position":2,"name":"Renseignements pour le patient","item":"https:\/\/smilesbydrslepchik.com\/fr\/renseignements-pour-le-patient\/"},{"@type":"ListItem","position":3,"name":"Liens"}]},{"@type":"WebSite","@id":"https:\/\/smilesbydrslepchik.com\/fr\/#website","url":"https:\/\/smilesbydrslepchik.com\/fr\/","name":"Lenny Slepchik DDS","description":"","publisher":{"@id":"https:\/\/smilesbydrslepchik.com\/fr\/#organization"},"potentialAction":[{"@type":"SearchAction","target":{"@type":"EntryPoint","urlTemplate":"https:\/\/smilesbydrslepchik.com\/fr\/?s={search_term_string}"},"query-input":{"@type":"PropertyValueSpecification","valueRequired":true,"valueName":"search_term_string"}}],"inLanguage":"en-US"},{"@type":"Organization","@id":"https:\/\/smilesbydrslepchik.com\/fr\/#organization","name":"Lenny Slepchik DDS","url":"https:\/\/smilesbydrslepchik.com\/fr\/","logo":{"@type":"ImageObject","inLanguage":"en-US","@id":"https:\/\/smilesbydrslepchik.com\/fr\/#\/schema\/logo\/image\/","url":"https:\/\/smilesbydrslepchik.com\/fr\/wp-content\/uploads\/sites\/2\/2024\/07\/logo-french@1x.png","contentUrl":"https:\/\/smilesbydrslepchik.com\/fr\/wp-content\/uploads\/sites\/2\/2024\/07\/logo-french@1x.png","width":371,"height":67,"caption":"Lenny Slepchik DDS"},"image":{"@id":"https:\/\/smilesbydrslepchik.com\/fr\/#\/schema\/logo\/image\/"}}]}},"featured_image_src":"https:\/\/smilesbydrslepchik.com\/fr\/wp-content\/uploads\/sites\/2\/2024\/01\/IMG-8077-upscaled-1.2x-600x400.jpg","featured_image_src_square":"https:\/\/smilesbydrslepchik.com\/fr\/wp-content\/uploads\/sites\/2\/2024\/01\/IMG-8077-upscaled-1.2x-600x540.jpg","_links":{"self":[{"href":"https:\/\/smilesbydrslepchik.com\/fr\/wp-json\/wp\/v2\/pages\/217","targetHints":{"allow":["GET"]}}],"collection":[{"href":"https:\/\/smilesbydrslepchik.com\/fr\/wp-json\/wp\/v2\/pages"}],"about":[{"href":"https:\/\/smilesbydrslepchik.com\/fr\/wp-json\/wp\/v2\/types\/page"}],"author":[{"embeddable":true,"href":"https:\/\/smilesbydrslepchik.com\/fr\/wp-json\/wp\/v2\/users\/47"}],"replies":[{"embeddable":true,"href":"https:\/\/smilesbydrslepchik.com\/fr\/wp-json\/wp\/v2\/comments?post=217"}],"version-history":[{"count":0,"href":"https:\/\/smilesbydrslepchik.com\/fr\/wp-json\/wp\/v2\/pages\/217\/revisions"}],"up":[{"embeddable":true,"href":"https:\/\/smilesbydrslepchik.com\/fr\/wp-json\/wp\/v2\/pages\/126"}],"wp:featuredmedia":[{"embeddable":true,"href":"https:\/\/smilesbydrslepchik.com\/fr\/wp-json\/wp\/v2\/media\/3682"}],"wp:attachment":[{"href":"https:\/\/smilesbydrslepchik.com\/fr\/wp-json\/wp\/v2\/media?parent=217"}],"curies":[{"name":"wp","href":"https:\/\/api.w.org\/{rel}","templated":true}]}}