
{"id":212,"date":"2018-01-24T14:25:24","date_gmt":"2018-01-24T14:25:24","guid":{"rendered":"https:\/\/smilesbydr2017.wpengine.com\/fr\/?page_id=212"},"modified":"2024-06-17T20:45:54","modified_gmt":"2024-06-17T20:45:54","slug":"les-obturations-blanches","status":"publish","type":"page","link":"https:\/\/smilesbydrslepchik.com\/fr\/nos-soins-dentaires\/dentisterie-generale\/les-obturations-blanches\/","title":{"rendered":"Obturations dentaires blanches \u00e0 Montr\u00e9al"},"content":{"rendered":"\r\n<p><img loading=\"lazy\" decoding=\"async\" title=\"iStock 000045040090 Medium cropped\" src=\"https:\/\/smilesbydrslepchik.com\/fr\/wp-content\/uploads\/sites\/2\/2023\/12\/iStock-000045040090-Medium-cropped.jpg\" alt=\"iStock 000045040090 Medium cropped\" width=\"1920\" height=\"584\" \/><\/p>\r\n<h2>Les options des plombages<\/h2>\r\n<p>Autrefois, les caries dentaires \u00e9taient obtur\u00e9es avec un m\u00e9lange d&#8217;alliages m\u00e9talliques, \u00e9galement appel\u00e9s amalgames. Il existe aujourd&#8217;hui deux types d&#8217;obturations dentaires blanches : les restaurations en r\u00e9sine et les incrustations en porcelaine.\u00a0 Les plombages blancs sont des plombages du m\u00eame couleur de la dent qui sont une m\u00e9lange de resine et verre,\u00a0 Les plombages blancs r\u00e9parent des dents cas\u00e9\u00e9s ou cari\u00e9\u00e9s. Cette alternative au plombages en amalgame utilisent des techniques de collage qui durent tr\u00e8s longtemps et sont tr\u00e8s solide. Nous n&#8217;utilisons plus l&#8217;amalgame \u00e0 notre bureau; c&#8217;st fini. En dentisterie moderne d&#8217;aujourd&#8217;hui, il y a deux types de plombages blancs; les restaurations en resine blanc ou des incrustations en porcelaine si la carie est trop profonde.<\/p>\r\n<h2>Quel Type de Plombage est Mieux pour Vous?<\/h2>\r\n<p>Nous sommes fiers de vous offrir deux types de plombages blancs; des plombages en resine ou des restaurations en porcelain: Pour d\u00e9cider lequel est mieux pour vous, il est n\u00e9cessaire d&#8217;\u00e9valuer les avantages et d\u00e9savantages de chaque option.\u00a0 Beaucoup de nos patients pr\u00e9ferent l&#8217;apparence naturelle des dents blanches. Nous discutons toujours avec eux\u00a0 les renseignements d\u00e9taill\u00e9s et comment d\u00e9cider de faire la meilleure d\u00e9cision pour eux-m\u00eames.<\/p>\r\n<h2>Les restaurations post\u00e9rieures en r\u00e9sine (dents du fond)<\/h2>\r\n<p>Cette obturation remplace les anciens plombages ou amalgames en argent. Les restaurations en r\u00e9sine sont coll\u00e9es \u00e0 la dent pour assurer un joint entre la dent et la restauration. Plusieurs teintes sont d\u00e9sormais disponibles si bien que personne ne devrait savoir que vous avez des obturations lorsque vous ouvrez la bouche. La technique de mise en place que nous utilisons r\u00e9duit le risque de sensibilit\u00e9 apr\u00e8s votre traitement. Comme pour toute restauration, si elle est trop profonde, il faut chercher une autre solution.<\/p>\r\n<h2>Les incrustations en porcelaine<\/h2>\r\n<p>C&#8217;est la meilleure solution lorsque la restauration d&#8217;une dent post\u00e9rieure est trop profonde. L&#8217;<a href=\"\/fr\/nos-soins-dentaires\/les-incrustations\/\">incrustation<\/a>\u00a0couvre les parties fonctionnelles (le dessus) de la dent. C&#8217;est aussi r\u00e9sistant qu&#8217;une couronne, mais nettement moins invasif. La couleur de la porcelaine s&#8217;harmonise avec celle de la dent naturelle. L&#8217;incrustation est une restauration esth\u00e9tique de longue dur\u00e9e, tout comme une\u00a0<a href=\"\/fr\/nos-soins-dentaires\/les-couronnes\/\">couronne<\/a>.<\/p>\r\n<h2>Les plombages blancs avant et apr\u00e8s<\/h2>\r\n<p><img loading=\"lazy\" decoding=\"async\" title=\"amalgam filling chenged to resin\" src=\"https:\/\/smilesbydrslepchik.com\/fr\/wp-content\/uploads\/sites\/2\/2023\/12\/amalgam-filling-chenged-to-resin.jpg\" alt=\"amalgam filling chenged to resin\" width=\"960\" height=\"720\" \/><\/p>\r\n<h2>Les Ben\u00e9fices des Plombages Blancs<\/h2>\r\n<p>Les plombages blancs sont tr\u00e8s naturelles;et il est preferable pour les dents qui sont dans le sourire.\u00a0 Avec les techniques specifiques, les plombages blancs adh\u00e9rent tr\u00e8s bien aux dents.\u00a0 Le processus est tout \u00e0 fait diff\u00e9rent des plombages en argent.\u00a0 Les plombages en argent sont fait du m\u00e9tall qui n&#8217;adh\u00e9rent pas \u00e0 \u00e9mail. Ca veut dire qu&#8217;il faut faire plus de percage de la dent; donc, c&#8217;est plus invasif.\u00a0 De plus, les mat\u00e9riaux ne corrodent pas; nous n&#8217;offrons plus amlagam \u00e0 notre cabinet dentaire depuis des ann\u00e9\u00e9s.<\/p>\r\n<h2>Demandez une consultation<\/h2>\r\n<p>Pour apprendre plus au sujet des obturations dentaires ou pour prendre un rendez-vous,\u00a0<a href=\"\/fr\/contactez-nous\/\">communiquez<\/a>\u00a0avec le Dr\u00a0Slepchik. Appelez notre clinique au centre-ville de Montr\u00e9al au num\u00e9ro\u00a0<a href=\"tel:514-875-7971\">514-875-7971<\/a> ou envoyez un courriel \u00e0 l&#8217;addresse <a href=\"mailto:reception@smilesbydrslepchik.com\">reception@smilesbydrslepchik.com<\/a>. Nous sommes situ\u00e9s au centre-ville de Montr\u00e9al, \u00e0 c\u00f4t\u00e9 de l&#8217;H\u00f4tel Fairmont Le Reine Elizabeth, En face de Place Ville Marie. M\u00e9tro Mc Gill ou M\u00e9tro Bonaventure.<\/p>\r\n","protected":false},"excerpt":{"rendered":"","protected":false},"author":47,"featured_media":3679,"parent":226,"menu_order":0,"comment_status":"closed","ping_status":"closed","template":"","meta":{"site-sidebar-layout":"default","site-content-layout":"","ast-site-content-layout":"default","site-content-style":"default","site-sidebar-style":"default","ast-global-header-display":"","ast-banner-title-visibility":"","ast-main-header-display":"","ast-hfb-above-header-display":"","ast-hfb-below-header-display":"","ast-hfb-mobile-header-display":"","site-post-title":"","ast-breadcrumbs-content":"","ast-featured-img":"","footer-sml-layout":"","theme-transparent-header-meta":"default","adv-header-id-meta":"","stick-header-meta":"default","header-above-stick-meta":"","header-main-stick-meta":"","header-below-stick-meta":"","astra-migrate-meta-layouts":"set","ast-page-background-enabled":"default","ast-page-background-meta":{"desktop":{"background-color":"var(--ast-global-color-4)","background-image":"","background-repeat":"repeat","background-position":"center center","background-size":"auto","background-attachment":"scroll","background-type":"","background-media":"","overlay-type":"","overlay-color":"","overlay-opacity":"","overlay-gradient":""},"tablet":{"background-color":"","background-image":"","background-repeat":"repeat","background-position":"center center","background-size":"auto","background-attachment":"scroll","background-type":"","background-media":"","overlay-type":"","overlay-color":"","overlay-opacity":"","overlay-gradient":""},"mobile":{"background-color":"","background-image":"","background-repeat":"repeat","background-position":"center center","background-size":"auto","background-attachment":"scroll","background-type":"","background-media":"","overlay-type":"","overlay-color":"","overlay-opacity":"","overlay-gradient":""}},"ast-content-background-meta":{"desktop":{"background-color":"var(--ast-global-color-5)","background-image":"","background-repeat":"repeat","background-position":"center center","background-size":"auto","background-attachment":"scroll","background-type":"","background-media":"","overlay-type":"","overlay-color":"","overlay-opacity":"","overlay-gradient":""},"tablet":{"background-color":"var(--ast-global-color-5)","background-image":"","background-repeat":"repeat","background-position":"center center","background-size":"auto","background-attachment":"scroll","background-type":"","background-media":"","overlay-type":"","overlay-color":"","overlay-opacity":"","overlay-gradient":""},"mobile":{"background-color":"var(--ast-global-color-5)","background-image":"","background-repeat":"repeat","background-position":"center center","background-size":"auto","background-attachment":"scroll","background-type":"","background-media":"","overlay-type":"","overlay-color":"","overlay-opacity":"","overlay-gradient":""}},"footnotes":""},"class_list":["post-212","page","type-page","status-publish","has-post-thumbnail","hentry"],"yoast_head":"<!-- This site is optimized with the Yoast SEO plugin v23.7 - https:\/\/yoast.com\/wordpress\/plugins\/seo\/ -->\n<title>Plombages blancs Montr\u00e9al - Plombages blancs en resine<\/title>\n<meta name=\"description\" content=\"Plombages blan\u00e7s en resine. Si vous avez des caries, nous n&#039;utilisons que de resines pour un r\u00e9sultat plus esth\u00e9tique.\" \/>\n<meta name=\"robots\" content=\"index, follow, max-snippet:-1, max-image-preview:large, max-video-preview:-1\" \/>\n<link rel=\"canonical\" href=\"https:\/\/smilesbydrslepchik.com\/fr\/nos-soins-dentaires\/dentisterie-generale\/les-obturations-blanches\/\" \/>\n<meta property=\"og:locale\" content=\"en_US\" \/>\n<meta property=\"og:type\" content=\"article\" \/>\n<meta property=\"og:title\" content=\"Plombages blancs Montr\u00e9al - Plombages blancs en resine\" \/>\n<meta property=\"og:description\" content=\"Plombages blan\u00e7s en resine. Si vous avez des caries, nous n&#039;utilisons que de resines pour un r\u00e9sultat plus esth\u00e9tique.\" \/>\n<meta property=\"og:url\" content=\"https:\/\/smilesbydrslepchik.com\/fr\/nos-soins-dentaires\/dentisterie-generale\/les-obturations-blanches\/\" \/>\n<meta property=\"og:site_name\" content=\"Lenny Slepchik DDS\" \/>\n<meta property=\"article:modified_time\" content=\"2024-06-17T20:45:54+00:00\" \/>\n<meta property=\"og:image\" content=\"https:\/\/smilesbydrslepchik.com\/fr\/wp-content\/uploads\/sites\/2\/2024\/01\/af567667f4bbd79dd6af4a89ffab407a-1.2x.jpg\" \/>\n\t<meta property=\"og:image:width\" content=\"2304\" \/>\n\t<meta property=\"og:image:height\" content=\"540\" \/>\n\t<meta property=\"og:image:type\" content=\"image\/jpeg\" \/>\n<meta name=\"twitter:card\" content=\"summary_large_image\" \/>\n<meta name=\"twitter:label1\" content=\"Est. reading time\" \/>\n\t<meta name=\"twitter:data1\" content=\"3 minutes\" \/>\n<script type=\"application\/ld+json\" class=\"yoast-schema-graph\">{\"@context\":\"https:\/\/schema.org\",\"@graph\":[{\"@type\":\"WebPage\",\"@id\":\"https:\/\/smilesbydrslepchik.com\/fr\/nos-soins-dentaires\/dentisterie-generale\/les-obturations-blanches\/\",\"url\":\"https:\/\/smilesbydrslepchik.com\/fr\/nos-soins-dentaires\/dentisterie-generale\/les-obturations-blanches\/\",\"name\":\"Plombages blancs Montr\u00e9al - Plombages blancs en resine\",\"isPartOf\":{\"@id\":\"https:\/\/smilesbydrslepchik.com\/fr\/#website\"},\"primaryImageOfPage\":{\"@id\":\"https:\/\/smilesbydrslepchik.com\/fr\/nos-soins-dentaires\/dentisterie-generale\/les-obturations-blanches\/#primaryimage\"},\"image\":{\"@id\":\"https:\/\/smilesbydrslepchik.com\/fr\/nos-soins-dentaires\/dentisterie-generale\/les-obturations-blanches\/#primaryimage\"},\"thumbnailUrl\":\"https:\/\/smilesbydrslepchik.com\/fr\/wp-content\/uploads\/sites\/2\/2024\/01\/af567667f4bbd79dd6af4a89ffab407a-1.2x.jpg\",\"datePublished\":\"2018-01-24T14:25:24+00:00\",\"dateModified\":\"2024-06-17T20:45:54+00:00\",\"description\":\"Plombages blan\u00e7s en resine. Si vous avez des caries, nous n'utilisons que de resines pour un r\u00e9sultat plus esth\u00e9tique.\",\"breadcrumb\":{\"@id\":\"https:\/\/smilesbydrslepchik.com\/fr\/nos-soins-dentaires\/dentisterie-generale\/les-obturations-blanches\/#breadcrumb\"},\"inLanguage\":\"en-US\",\"potentialAction\":[{\"@type\":\"ReadAction\",\"target\":[\"https:\/\/smilesbydrslepchik.com\/fr\/nos-soins-dentaires\/dentisterie-generale\/les-obturations-blanches\/\"]}]},{\"@type\":\"ImageObject\",\"inLanguage\":\"en-US\",\"@id\":\"https:\/\/smilesbydrslepchik.com\/fr\/nos-soins-dentaires\/dentisterie-generale\/les-obturations-blanches\/#primaryimage\",\"url\":\"https:\/\/smilesbydrslepchik.com\/fr\/wp-content\/uploads\/sites\/2\/2024\/01\/af567667f4bbd79dd6af4a89ffab407a-1.2x.jpg\",\"contentUrl\":\"https:\/\/smilesbydrslepchik.com\/fr\/wp-content\/uploads\/sites\/2\/2024\/01\/af567667f4bbd79dd6af4a89ffab407a-1.2x.jpg\",\"width\":2304,\"height\":540,\"caption\":\"af567667f4bbd79dd6af4a89ffab407a 1.2x\"},{\"@type\":\"BreadcrumbList\",\"@id\":\"https:\/\/smilesbydrslepchik.com\/fr\/nos-soins-dentaires\/dentisterie-generale\/les-obturations-blanches\/#breadcrumb\",\"itemListElement\":[{\"@type\":\"ListItem\",\"position\":1,\"name\":\"Home\",\"item\":\"https:\/\/smilesbydrslepchik.com\/fr\/\"},{\"@type\":\"ListItem\",\"position\":2,\"name\":\"Soins Dentaires Montr\u00e9al\",\"item\":\"https:\/\/smilesbydrslepchik.com\/fr\/nos-soins-dentaires\/\"},{\"@type\":\"ListItem\",\"position\":3,\"name\":\"Services de dentisterie g\u00e9n\u00e9rale \u00e0 Montr\u00e9al\",\"item\":\"https:\/\/smilesbydrslepchik.com\/fr\/nos-soins-dentaires\/dentisterie-generale\/\"},{\"@type\":\"ListItem\",\"position\":4,\"name\":\"Obturations dentaires blanches \u00e0 Montr\u00e9al\"}]},{\"@type\":\"WebSite\",\"@id\":\"https:\/\/smilesbydrslepchik.com\/fr\/#website\",\"url\":\"https:\/\/smilesbydrslepchik.com\/fr\/\",\"name\":\"Lenny Slepchik DDS\",\"description\":\"\",\"publisher\":{\"@id\":\"https:\/\/smilesbydrslepchik.com\/fr\/#organization\"},\"potentialAction\":[{\"@type\":\"SearchAction\",\"target\":{\"@type\":\"EntryPoint\",\"urlTemplate\":\"https:\/\/smilesbydrslepchik.com\/fr\/?s={search_term_string}\"},\"query-input\":{\"@type\":\"PropertyValueSpecification\",\"valueRequired\":true,\"valueName\":\"search_term_string\"}}],\"inLanguage\":\"en-US\"},{\"@type\":\"Organization\",\"@id\":\"https:\/\/smilesbydrslepchik.com\/fr\/#organization\",\"name\":\"Lenny Slepchik DDS\",\"url\":\"https:\/\/smilesbydrslepchik.com\/fr\/\",\"logo\":{\"@type\":\"ImageObject\",\"inLanguage\":\"en-US\",\"@id\":\"https:\/\/smilesbydrslepchik.com\/fr\/#\/schema\/logo\/image\/\",\"url\":\"https:\/\/smilesbydrslepchik.com\/fr\/wp-content\/uploads\/sites\/2\/2024\/07\/logo-french@1x.png\",\"contentUrl\":\"https:\/\/smilesbydrslepchik.com\/fr\/wp-content\/uploads\/sites\/2\/2024\/07\/logo-french@1x.png\",\"width\":371,\"height\":67,\"caption\":\"Lenny Slepchik DDS\"},\"image\":{\"@id\":\"https:\/\/smilesbydrslepchik.com\/fr\/#\/schema\/logo\/image\/\"}}]}<\/script>\n<!-- \/ Yoast SEO plugin. -->","yoast_head_json":{"title":"Plombages blancs Montr\u00e9al - Plombages blancs en resine","description":"Plombages blan\u00e7s en resine. Si vous avez des caries, nous n'utilisons que de resines pour un r\u00e9sultat plus esth\u00e9tique.","robots":{"index":"index","follow":"follow","max-snippet":"max-snippet:-1","max-image-preview":"max-image-preview:large","max-video-preview":"max-video-preview:-1"},"canonical":"https:\/\/smilesbydrslepchik.com\/fr\/nos-soins-dentaires\/dentisterie-generale\/les-obturations-blanches\/","og_locale":"en_US","og_type":"article","og_title":"Plombages blancs Montr\u00e9al - Plombages blancs en resine","og_description":"Plombages blan\u00e7s en resine. Si vous avez des caries, nous n'utilisons que de resines pour un r\u00e9sultat plus esth\u00e9tique.","og_url":"https:\/\/smilesbydrslepchik.com\/fr\/nos-soins-dentaires\/dentisterie-generale\/les-obturations-blanches\/","og_site_name":"Lenny Slepchik DDS","article_modified_time":"2024-06-17T20:45:54+00:00","og_image":[{"width":2304,"height":540,"url":"https:\/\/smilesbydrslepchik.com\/fr\/wp-content\/uploads\/sites\/2\/2024\/01\/af567667f4bbd79dd6af4a89ffab407a-1.2x.jpg","type":"image\/jpeg"}],"twitter_card":"summary_large_image","twitter_misc":{"Est. reading time":"3 minutes"},"schema":{"@context":"https:\/\/schema.org","@graph":[{"@type":"WebPage","@id":"https:\/\/smilesbydrslepchik.com\/fr\/nos-soins-dentaires\/dentisterie-generale\/les-obturations-blanches\/","url":"https:\/\/smilesbydrslepchik.com\/fr\/nos-soins-dentaires\/dentisterie-generale\/les-obturations-blanches\/","name":"Plombages blancs Montr\u00e9al - Plombages blancs en resine","isPartOf":{"@id":"https:\/\/smilesbydrslepchik.com\/fr\/#website"},"primaryImageOfPage":{"@id":"https:\/\/smilesbydrslepchik.com\/fr\/nos-soins-dentaires\/dentisterie-generale\/les-obturations-blanches\/#primaryimage"},"image":{"@id":"https:\/\/smilesbydrslepchik.com\/fr\/nos-soins-dentaires\/dentisterie-generale\/les-obturations-blanches\/#primaryimage"},"thumbnailUrl":"https:\/\/smilesbydrslepchik.com\/fr\/wp-content\/uploads\/sites\/2\/2024\/01\/af567667f4bbd79dd6af4a89ffab407a-1.2x.jpg","datePublished":"2018-01-24T14:25:24+00:00","dateModified":"2024-06-17T20:45:54+00:00","description":"Plombages blan\u00e7s en resine. Si vous avez des caries, nous n'utilisons que de resines pour un r\u00e9sultat plus esth\u00e9tique.","breadcrumb":{"@id":"https:\/\/smilesbydrslepchik.com\/fr\/nos-soins-dentaires\/dentisterie-generale\/les-obturations-blanches\/#breadcrumb"},"inLanguage":"en-US","potentialAction":[{"@type":"ReadAction","target":["https:\/\/smilesbydrslepchik.com\/fr\/nos-soins-dentaires\/dentisterie-generale\/les-obturations-blanches\/"]}]},{"@type":"ImageObject","inLanguage":"en-US","@id":"https:\/\/smilesbydrslepchik.com\/fr\/nos-soins-dentaires\/dentisterie-generale\/les-obturations-blanches\/#primaryimage","url":"https:\/\/smilesbydrslepchik.com\/fr\/wp-content\/uploads\/sites\/2\/2024\/01\/af567667f4bbd79dd6af4a89ffab407a-1.2x.jpg","contentUrl":"https:\/\/smilesbydrslepchik.com\/fr\/wp-content\/uploads\/sites\/2\/2024\/01\/af567667f4bbd79dd6af4a89ffab407a-1.2x.jpg","width":2304,"height":540,"caption":"af567667f4bbd79dd6af4a89ffab407a 1.2x"},{"@type":"BreadcrumbList","@id":"https:\/\/smilesbydrslepchik.com\/fr\/nos-soins-dentaires\/dentisterie-generale\/les-obturations-blanches\/#breadcrumb","itemListElement":[{"@type":"ListItem","position":1,"name":"Home","item":"https:\/\/smilesbydrslepchik.com\/fr\/"},{"@type":"ListItem","position":2,"name":"Soins Dentaires Montr\u00e9al","item":"https:\/\/smilesbydrslepchik.com\/fr\/nos-soins-dentaires\/"},{"@type":"ListItem","position":3,"name":"Services de dentisterie g\u00e9n\u00e9rale \u00e0 Montr\u00e9al","item":"https:\/\/smilesbydrslepchik.com\/fr\/nos-soins-dentaires\/dentisterie-generale\/"},{"@type":"ListItem","position":4,"name":"Obturations dentaires blanches \u00e0 Montr\u00e9al"}]},{"@type":"WebSite","@id":"https:\/\/smilesbydrslepchik.com\/fr\/#website","url":"https:\/\/smilesbydrslepchik.com\/fr\/","name":"Lenny Slepchik DDS","description":"","publisher":{"@id":"https:\/\/smilesbydrslepchik.com\/fr\/#organization"},"potentialAction":[{"@type":"SearchAction","target":{"@type":"EntryPoint","urlTemplate":"https:\/\/smilesbydrslepchik.com\/fr\/?s={search_term_string}"},"query-input":{"@type":"PropertyValueSpecification","valueRequired":true,"valueName":"search_term_string"}}],"inLanguage":"en-US"},{"@type":"Organization","@id":"https:\/\/smilesbydrslepchik.com\/fr\/#organization","name":"Lenny Slepchik DDS","url":"https:\/\/smilesbydrslepchik.com\/fr\/","logo":{"@type":"ImageObject","inLanguage":"en-US","@id":"https:\/\/smilesbydrslepchik.com\/fr\/#\/schema\/logo\/image\/","url":"https:\/\/smilesbydrslepchik.com\/fr\/wp-content\/uploads\/sites\/2\/2024\/07\/logo-french@1x.png","contentUrl":"https:\/\/smilesbydrslepchik.com\/fr\/wp-content\/uploads\/sites\/2\/2024\/07\/logo-french@1x.png","width":371,"height":67,"caption":"Lenny Slepchik DDS"},"image":{"@id":"https:\/\/smilesbydrslepchik.com\/fr\/#\/schema\/logo\/image\/"}}]}},"featured_image_src":"https:\/\/smilesbydrslepchik.com\/fr\/wp-content\/uploads\/sites\/2\/2024\/01\/af567667f4bbd79dd6af4a89ffab407a-1.2x-600x400.jpg","featured_image_src_square":"https:\/\/smilesbydrslepchik.com\/fr\/wp-content\/uploads\/sites\/2\/2024\/01\/af567667f4bbd79dd6af4a89ffab407a-1.2x-600x540.jpg","_links":{"self":[{"href":"https:\/\/smilesbydrslepchik.com\/fr\/wp-json\/wp\/v2\/pages\/212","targetHints":{"allow":["GET"]}}],"collection":[{"href":"https:\/\/smilesbydrslepchik.com\/fr\/wp-json\/wp\/v2\/pages"}],"about":[{"href":"https:\/\/smilesbydrslepchik.com\/fr\/wp-json\/wp\/v2\/types\/page"}],"author":[{"embeddable":true,"href":"https:\/\/smilesbydrslepchik.com\/fr\/wp-json\/wp\/v2\/users\/47"}],"replies":[{"embeddable":true,"href":"https:\/\/smilesbydrslepchik.com\/fr\/wp-json\/wp\/v2\/comments?post=212"}],"version-history":[{"count":0,"href":"https:\/\/smilesbydrslepchik.com\/fr\/wp-json\/wp\/v2\/pages\/212\/revisions"}],"up":[{"embeddable":true,"href":"https:\/\/smilesbydrslepchik.com\/fr\/wp-json\/wp\/v2\/pages\/226"}],"wp:featuredmedia":[{"embeddable":true,"href":"https:\/\/smilesbydrslepchik.com\/fr\/wp-json\/wp\/v2\/media\/3679"}],"wp:attachment":[{"href":"https:\/\/smilesbydrslepchik.com\/fr\/wp-json\/wp\/v2\/media?parent=212"}],"curies":[{"name":"wp","href":"https:\/\/api.w.org\/{rel}","templated":true}]}}