
{"id":210,"date":"2018-01-24T14:20:56","date_gmt":"2018-01-24T14:20:56","guid":{"rendered":"https:\/\/smilesbydr2017.wpengine.com\/fr\/?page_id=210"},"modified":"2024-11-21T19:10:11","modified_gmt":"2024-11-21T19:10:11","slug":"le-blanchiment-des-dents-a-montreal","status":"publish","type":"page","link":"https:\/\/smilesbydrslepchik.com\/fr\/nos-soins-dentaires\/le-blanchiment-des-dents-a-montreal\/","title":{"rendered":"Blanchiment des dents \u00e0 Montr\u00e9al"},"content":{"rendered":"\n\n\t\t\t\t<img loading=\"lazy\" decoding=\"async\" src=\"https:\/\/smilesbydrslepchik.com\/fr\/wp-content\/uploads\/sites\/2\/2023\/12\/iStock-000045040090-Medium-cropped.jpg\" alt=\"iStock 000045040090 Medium cropped\" itemprop=\"image\" height=\"584\" width=\"1920\" title=\"iStock 000045040090 Medium cropped\" onerror=\"this.style.display='none'\"  \/>\n<h2>\n\t\tQu-est-ce que c&#8217;est le Blanchiment des dents?\n\t<\/h2>\n\t<p>Aimeriez-vous sourire lorsque vous rencontrez une personne pour la premi\u00e8re fois, car c&#8217;est la premi\u00e8re impression qui compte ? Il n&#8217;y a plus la moindre raison de se sentir mal \u00e0 l&#8217;aise de sourire maintenant quand il existe plusieurs options de blanchiment des dents.\u00a0 Pour ceux qui ont des dents d\u00e9colour\u00e9\u00e9s<strong>\u00a0<\/strong>ou jaunits, nous pouvons am\u00e9liorer votre sourire en eliminant des taches cr\u00e9\u00e9s par du vin rouge, de la nourriture, du caf\u00e9 et du th\u00e9.<\/p>\n<p>Chez notre cabinet dentaire, nous vous offrons le syst\u00e8me Zoom\u00a0 pour nos patients qui cherchent un sourire plus blanc. Nous avons eu des r\u00e9sultats excellents et nos patients sont tr\u00e8s contents.<\/p>\n<h3>\n\t\tZoom\u00ae Blanchiment des Dents\n\t<\/h3>\n\t<p>Vous passerez 2 heures \u00e0 notre cabinet dentaire. Le syst\u00e8me Zoom est\u00a0 sain et efficace pour \u00e9clarcir vos dents.\u00a0 \u00a0Vous partirez d&#8217;ici avec un sourire plus brillant et plus blanc, jusq&#8217;au 8 tons de diff\u00e9rence,\u00a0 \u00a0Vous pouvez profiter imm\u00e9diatement de votre beau sourire, Nous prendrons un photo de votre sourire avant et apr\u00e8s pour vous montrer la diff\u00e9rence.<\/p>\n\t<p>Toutes les proc\u00e9dures de blanchiment peuvent occasionner un peu de sensibilit\u00e9. C&#8217;est la raison pour laquelle nous commen\u00e7ons toujours la proc\u00e9dure de blanchiment par\u00a0<strong>un pr\u00e9-traitement de sensibilisation<\/strong> pour assurer votre confort.\u00a0 Lorsque vous quittez notre cabinet, vous aurez tout ce qui est n\u00e9cessaire pour effectuer une retouche lorsque vous voudrez rafra\u00eechir votre sourire. Vous partirez d&#8217;ici\u00a0 avec des goutti\u00e8res expr\u00e8s pour vous qui prot\u00e8gent vos gencives , une seringue de gel blanchissant, des photos de votre sourire avant et apr\u00e8s, et des instructions . Nous vous recommandons d&#8217;effectuer la retouche apr\u00e8s avoir vu votre hygi\u00e9niste pour votre nettoyage dentaire habituel. Cela vous donnera les meilleurs r\u00e9sultats possibles en \u00e9liminant les taches de surface accumul\u00e9es. Nous sommes certains que vous aimerez votre sourire plus blanc et plus radieux.<\/p>\n\t\t\t\t<img loading=\"lazy\" decoding=\"async\" src=\"https:\/\/smilesbydrslepchik.com\/fr\/wp-content\/uploads\/sites\/2\/2023\/12\/iStock-664019408.jpg\" alt=\"iStock 664019408\" itemprop=\"image\" height=\"666\" width=\"1000\" title=\"iStock 664019408\" onerror=\"this.style.display='none'\"  \/>\n\t\t\t\t<img loading=\"lazy\" decoding=\"async\" src=\"https:\/\/smilesbydrslepchik.com\/fr\/wp-content\/uploads\/sites\/2\/2023\/12\/IMG-0033-1.jpg\" alt=\"IMG 0033 1\" itemprop=\"image\" height=\"1809\" width=\"2310\" title=\"IMG 0033 1\" onerror=\"this.style.display='none'\"  \/>\n\t\tAvant\n\t\t\t\t<img loading=\"lazy\" decoding=\"async\" src=\"https:\/\/smilesbydrslepchik.com\/fr\/wp-content\/uploads\/sites\/2\/2023\/12\/IMG-0034-1.jpg\" alt=\"IMG 0034 1\" itemprop=\"image\" height=\"1577\" width=\"2350\" title=\"IMG 0034 1\" onerror=\"this.style.display='none'\"  \/>\n\t\tApr\u00e9s\n\t\t\t\t<img loading=\"lazy\" decoding=\"async\" src=\"https:\/\/smilesbydrslepchik.com\/fr\/wp-content\/uploads\/sites\/2\/2023\/12\/IMG-1014.jpg\" alt=\"IMG 1014\" itemprop=\"image\" height=\"1157\" width=\"1751\" title=\"IMG 1014\" onerror=\"this.style.display='none'\"  \/>\n\t\tAvant\n\t\t\t\t<img loading=\"lazy\" decoding=\"async\" src=\"https:\/\/smilesbydrslepchik.com\/fr\/wp-content\/uploads\/sites\/2\/2023\/12\/IMG-1126.jpg\" alt=\"IMG 1126\" itemprop=\"image\" height=\"557\" width=\"959\" title=\"IMG 1126\" onerror=\"this.style.display='none'\"  \/>\n\t\tApr\u00e9s\n<h2>\n\t\tLes b\u00e9n\u00e9fices\n\t<\/h2>\n\t<p>Le premier avantage de faire votre traitement de blanchiment des dents chez un dentist est d&#8217;avoir moins de sensibilit\u00e9 avec plus de blanc dans votre sourire..<\/p>\n<p>Des autres avantages sont:<\/p>\n<ol>\n<li>La surveillance par une professionelle<\/li>\n<li>Atteindre les r\u00e9sultats plus vite<\/li>\n<li>Les r\u00e9sultats qui durent plus longtemps<\/li>\n<\/ol>\n<h3>\n\t\tLes R\u00e9sultats\n\t<\/h3>\n\t<p>Quand vous partirez d&#8217;ici, vous aurez tout ce que vous aurez besoin de faire un touch up n&#8217;importe quand vous d\u00e9ciderez.\u00a0 Vous aurez des goutti\u00e8res transparents expr\u00e8s pour vous qui prot\u00e8gerent vos gencives. un seringue de gel\u00a0 Zoom, un photo de votre sourire avant et apr\u00e8s et des instructions \u00e9crits.<\/p>\n<p>Nous vous recommandons de faire votre touch-up apr\u00e8s votre nettoyage des dents avec votre hygieniste.\u00a0 Elle va \u00e9liminer des taches sur vos dents pour vous donner des meilleurs r\u00e9sultats.<\/p>\n<h3>\n\t\tBlanchiment des Dents \u00e0 Vie\n\t<\/h3>\n\t<p>Participer a notre programme Blanchiment des dents a vie! Chaque fois vous viendrez voir votre hygieniste dentaire,\u00a0 \u00a0vous recevrez un seringue de gel du blanchiment pour faire un touch up n&#8217;importe quand !<\/p>\n<h3>\n\t\tLa Transformation\n\t<\/h3>\n\t\t\t\t<img loading=\"lazy\" decoding=\"async\" src=\"https:\/\/smilesbydrslepchik.com\/fr\/wp-content\/uploads\/sites\/2\/2023\/12\/IMG-0033-1.jpg\" alt=\"IMG 0033 1\" itemprop=\"image\" height=\"1809\" width=\"2310\" title=\"IMG 0033 1\" onerror=\"this.style.display='none'\"  \/>\n\t\tAvant\n\t\t\t\t<img loading=\"lazy\" decoding=\"async\" src=\"https:\/\/smilesbydrslepchik.com\/fr\/wp-content\/uploads\/sites\/2\/2023\/12\/IMG-0034-1.jpg\" alt=\"IMG 0034 1\" itemprop=\"image\" height=\"1577\" width=\"2350\" title=\"IMG 0034 1\" onerror=\"this.style.display='none'\"  \/>\n\t\tApr\u00e9s\n\t\t\t\t<img loading=\"lazy\" decoding=\"async\" src=\"https:\/\/smilesbydrslepchik.com\/fr\/wp-content\/uploads\/sites\/2\/2023\/12\/Whitening-before-and-after.jpg\" alt=\"Whitening before and after\" itemprop=\"image\" height=\"720\" width=\"960\" title=\"Whitening before and after\" onerror=\"this.style.display='none'\"  \/>\n\n","protected":false},"excerpt":{"rendered":"<p>Qu-est-ce que c&#8217;est le Blanchiment des dents? Aimeriez-vous sourire lorsque vous rencontrez une personne pour la premi\u00e8re fois, car c&#8217;est la premi\u00e8re impression qui compte ? Il n&#8217;y a plus la moindre raison de se sentir mal \u00e0 l&#8217;aise de sourire maintenant quand il existe plusieurs options de blanchiment des dents.\u00a0 Pour ceux qui ont [&hellip;]<\/p>\n","protected":false},"author":47,"featured_media":3679,"parent":124,"menu_order":0,"comment_status":"closed","ping_status":"closed","template":"","meta":{"site-sidebar-layout":"default","site-content-layout":"","ast-site-content-layout":"default","site-content-style":"default","site-sidebar-style":"default","ast-global-header-display":"","ast-banner-title-visibility":"","ast-main-header-display":"","ast-hfb-above-header-display":"","ast-hfb-below-header-display":"","ast-hfb-mobile-header-display":"","site-post-title":"","ast-breadcrumbs-content":"","ast-featured-img":"","footer-sml-layout":"","theme-transparent-header-meta":"default","adv-header-id-meta":"","stick-header-meta":"default","header-above-stick-meta":"","header-main-stick-meta":"","header-below-stick-meta":"","astra-migrate-meta-layouts":"set","ast-page-background-enabled":"default","ast-page-background-meta":{"desktop":{"background-color":"var(--ast-global-color-4)","background-image":"","background-repeat":"repeat","background-position":"center center","background-size":"auto","background-attachment":"scroll","background-type":"","background-media":"","overlay-type":"","overlay-color":"","overlay-opacity":"","overlay-gradient":""},"tablet":{"background-color":"","background-image":"","background-repeat":"repeat","background-position":"center center","background-size":"auto","background-attachment":"scroll","background-type":"","background-media":"","overlay-type":"","overlay-color":"","overlay-opacity":"","overlay-gradient":""},"mobile":{"background-color":"","background-image":"","background-repeat":"repeat","background-position":"center center","background-size":"auto","background-attachment":"scroll","background-type":"","background-media":"","overlay-type":"","overlay-color":"","overlay-opacity":"","overlay-gradient":""}},"ast-content-background-meta":{"desktop":{"background-color":"var(--ast-global-color-5)","background-image":"","background-repeat":"repeat","background-position":"center center","background-size":"auto","background-attachment":"scroll","background-type":"","background-media":"","overlay-type":"","overlay-color":"","overlay-opacity":"","overlay-gradient":""},"tablet":{"background-color":"var(--ast-global-color-5)","background-image":"","background-repeat":"repeat","background-position":"center center","background-size":"auto","background-attachment":"scroll","background-type":"","background-media":"","overlay-type":"","overlay-color":"","overlay-opacity":"","overlay-gradient":""},"mobile":{"background-color":"var(--ast-global-color-5)","background-image":"","background-repeat":"repeat","background-position":"center center","background-size":"auto","background-attachment":"scroll","background-type":"","background-media":"","overlay-type":"","overlay-color":"","overlay-opacity":"","overlay-gradient":""}},"footnotes":""},"class_list":["post-210","page","type-page","status-publish","has-post-thumbnail","hentry"],"yoast_head":"<!-- This site is optimized with the Yoast SEO plugin v23.7 - https:\/\/yoast.com\/wordpress\/plugins\/seo\/ -->\n<title>Blanchiment des dents Montr\u00e9al - Blanchiment des dents Philips ZOOM<\/title>\n<meta name=\"description\" content=\"Blanchiment des dents \u00e0 Montr\u00e9al. Vous recherchez un sourire plus blanc? Le Dr Lenny Slepchik vous conseille le blanchiment des dents Zoom pour obtenir le sourire brillant qui dure longtemps.\" \/>\n<meta name=\"robots\" content=\"index, follow, max-snippet:-1, max-image-preview:large, max-video-preview:-1\" \/>\n<link rel=\"canonical\" href=\"https:\/\/smilesbydrslepchik.com\/fr\/nos-soins-dentaires\/le-blanchiment-des-dents-a-montreal\/\" \/>\n<meta property=\"og:locale\" content=\"en_US\" \/>\n<meta property=\"og:type\" content=\"article\" \/>\n<meta property=\"og:title\" content=\"Blanchiment des dents Montr\u00e9al - Blanchiment des dents Philips ZOOM\" \/>\n<meta property=\"og:description\" content=\"Blanchiment des dents \u00e0 Montr\u00e9al. Vous recherchez un sourire plus blanc? Le Dr Lenny Slepchik vous conseille le blanchiment des dents Zoom pour obtenir le sourire brillant qui dure longtemps.\" \/>\n<meta property=\"og:url\" content=\"https:\/\/smilesbydrslepchik.com\/fr\/nos-soins-dentaires\/le-blanchiment-des-dents-a-montreal\/\" \/>\n<meta property=\"og:site_name\" content=\"Lenny Slepchik DDS\" \/>\n<meta property=\"article:modified_time\" content=\"2024-11-21T19:10:11+00:00\" \/>\n<meta property=\"og:image\" content=\"https:\/\/smilesbydrslepchik.com\/fr\/wp-content\/uploads\/sites\/2\/2024\/01\/af567667f4bbd79dd6af4a89ffab407a-1.2x.jpg\" \/>\n\t<meta property=\"og:image:width\" content=\"2304\" \/>\n\t<meta property=\"og:image:height\" content=\"540\" \/>\n\t<meta property=\"og:image:type\" content=\"image\/jpeg\" \/>\n<meta name=\"twitter:card\" content=\"summary_large_image\" \/>\n<meta name=\"twitter:label1\" content=\"Est. reading time\" \/>\n\t<meta name=\"twitter:data1\" content=\"4 minutes\" \/>\n<script type=\"application\/ld+json\" class=\"yoast-schema-graph\">{\"@context\":\"https:\/\/schema.org\",\"@graph\":[{\"@type\":\"WebPage\",\"@id\":\"https:\/\/smilesbydrslepchik.com\/fr\/nos-soins-dentaires\/le-blanchiment-des-dents-a-montreal\/\",\"url\":\"https:\/\/smilesbydrslepchik.com\/fr\/nos-soins-dentaires\/le-blanchiment-des-dents-a-montreal\/\",\"name\":\"Blanchiment des dents Montr\u00e9al - Blanchiment des dents Philips ZOOM\",\"isPartOf\":{\"@id\":\"https:\/\/smilesbydrslepchik.com\/fr\/#website\"},\"primaryImageOfPage\":{\"@id\":\"https:\/\/smilesbydrslepchik.com\/fr\/nos-soins-dentaires\/le-blanchiment-des-dents-a-montreal\/#primaryimage\"},\"image\":{\"@id\":\"https:\/\/smilesbydrslepchik.com\/fr\/nos-soins-dentaires\/le-blanchiment-des-dents-a-montreal\/#primaryimage\"},\"thumbnailUrl\":\"https:\/\/smilesbydrslepchik.com\/fr\/wp-content\/uploads\/sites\/2\/2024\/01\/af567667f4bbd79dd6af4a89ffab407a-1.2x.jpg\",\"datePublished\":\"2018-01-24T14:20:56+00:00\",\"dateModified\":\"2024-11-21T19:10:11+00:00\",\"description\":\"Blanchiment des dents \u00e0 Montr\u00e9al. Vous recherchez un sourire plus blanc? Le Dr Lenny Slepchik vous conseille le blanchiment des dents Zoom pour obtenir le sourire brillant qui dure longtemps.\",\"breadcrumb\":{\"@id\":\"https:\/\/smilesbydrslepchik.com\/fr\/nos-soins-dentaires\/le-blanchiment-des-dents-a-montreal\/#breadcrumb\"},\"inLanguage\":\"en-US\",\"potentialAction\":[{\"@type\":\"ReadAction\",\"target\":[\"https:\/\/smilesbydrslepchik.com\/fr\/nos-soins-dentaires\/le-blanchiment-des-dents-a-montreal\/\"]}]},{\"@type\":\"ImageObject\",\"inLanguage\":\"en-US\",\"@id\":\"https:\/\/smilesbydrslepchik.com\/fr\/nos-soins-dentaires\/le-blanchiment-des-dents-a-montreal\/#primaryimage\",\"url\":\"https:\/\/smilesbydrslepchik.com\/fr\/wp-content\/uploads\/sites\/2\/2024\/01\/af567667f4bbd79dd6af4a89ffab407a-1.2x.jpg\",\"contentUrl\":\"https:\/\/smilesbydrslepchik.com\/fr\/wp-content\/uploads\/sites\/2\/2024\/01\/af567667f4bbd79dd6af4a89ffab407a-1.2x.jpg\",\"width\":2304,\"height\":540,\"caption\":\"af567667f4bbd79dd6af4a89ffab407a 1.2x\"},{\"@type\":\"BreadcrumbList\",\"@id\":\"https:\/\/smilesbydrslepchik.com\/fr\/nos-soins-dentaires\/le-blanchiment-des-dents-a-montreal\/#breadcrumb\",\"itemListElement\":[{\"@type\":\"ListItem\",\"position\":1,\"name\":\"Home\",\"item\":\"https:\/\/smilesbydrslepchik.com\/fr\/\"},{\"@type\":\"ListItem\",\"position\":2,\"name\":\"Soins Dentaires Montr\u00e9al\",\"item\":\"https:\/\/smilesbydrslepchik.com\/fr\/nos-soins-dentaires\/\"},{\"@type\":\"ListItem\",\"position\":3,\"name\":\"Blanchiment des dents \u00e0 Montr\u00e9al\"}]},{\"@type\":\"WebSite\",\"@id\":\"https:\/\/smilesbydrslepchik.com\/fr\/#website\",\"url\":\"https:\/\/smilesbydrslepchik.com\/fr\/\",\"name\":\"Lenny Slepchik DDS\",\"description\":\"\",\"publisher\":{\"@id\":\"https:\/\/smilesbydrslepchik.com\/fr\/#organization\"},\"potentialAction\":[{\"@type\":\"SearchAction\",\"target\":{\"@type\":\"EntryPoint\",\"urlTemplate\":\"https:\/\/smilesbydrslepchik.com\/fr\/?s={search_term_string}\"},\"query-input\":{\"@type\":\"PropertyValueSpecification\",\"valueRequired\":true,\"valueName\":\"search_term_string\"}}],\"inLanguage\":\"en-US\"},{\"@type\":\"Organization\",\"@id\":\"https:\/\/smilesbydrslepchik.com\/fr\/#organization\",\"name\":\"Lenny Slepchik DDS\",\"url\":\"https:\/\/smilesbydrslepchik.com\/fr\/\",\"logo\":{\"@type\":\"ImageObject\",\"inLanguage\":\"en-US\",\"@id\":\"https:\/\/smilesbydrslepchik.com\/fr\/#\/schema\/logo\/image\/\",\"url\":\"https:\/\/smilesbydrslepchik.com\/fr\/wp-content\/uploads\/sites\/2\/2024\/07\/logo-french@1x.png\",\"contentUrl\":\"https:\/\/smilesbydrslepchik.com\/fr\/wp-content\/uploads\/sites\/2\/2024\/07\/logo-french@1x.png\",\"width\":371,\"height\":67,\"caption\":\"Lenny Slepchik DDS\"},\"image\":{\"@id\":\"https:\/\/smilesbydrslepchik.com\/fr\/#\/schema\/logo\/image\/\"}}]}<\/script>\n<!-- \/ Yoast SEO plugin. -->","yoast_head_json":{"title":"Blanchiment des dents Montr\u00e9al - Blanchiment des dents Philips ZOOM","description":"Blanchiment des dents \u00e0 Montr\u00e9al. Vous recherchez un sourire plus blanc? Le Dr Lenny Slepchik vous conseille le blanchiment des dents Zoom pour obtenir le sourire brillant qui dure longtemps.","robots":{"index":"index","follow":"follow","max-snippet":"max-snippet:-1","max-image-preview":"max-image-preview:large","max-video-preview":"max-video-preview:-1"},"canonical":"https:\/\/smilesbydrslepchik.com\/fr\/nos-soins-dentaires\/le-blanchiment-des-dents-a-montreal\/","og_locale":"en_US","og_type":"article","og_title":"Blanchiment des dents Montr\u00e9al - Blanchiment des dents Philips ZOOM","og_description":"Blanchiment des dents \u00e0 Montr\u00e9al. Vous recherchez un sourire plus blanc? Le Dr Lenny Slepchik vous conseille le blanchiment des dents Zoom pour obtenir le sourire brillant qui dure longtemps.","og_url":"https:\/\/smilesbydrslepchik.com\/fr\/nos-soins-dentaires\/le-blanchiment-des-dents-a-montreal\/","og_site_name":"Lenny Slepchik DDS","article_modified_time":"2024-11-21T19:10:11+00:00","og_image":[{"width":2304,"height":540,"url":"https:\/\/smilesbydrslepchik.com\/fr\/wp-content\/uploads\/sites\/2\/2024\/01\/af567667f4bbd79dd6af4a89ffab407a-1.2x.jpg","type":"image\/jpeg"}],"twitter_card":"summary_large_image","twitter_misc":{"Est. reading time":"4 minutes"},"schema":{"@context":"https:\/\/schema.org","@graph":[{"@type":"WebPage","@id":"https:\/\/smilesbydrslepchik.com\/fr\/nos-soins-dentaires\/le-blanchiment-des-dents-a-montreal\/","url":"https:\/\/smilesbydrslepchik.com\/fr\/nos-soins-dentaires\/le-blanchiment-des-dents-a-montreal\/","name":"Blanchiment des dents Montr\u00e9al - Blanchiment des dents Philips ZOOM","isPartOf":{"@id":"https:\/\/smilesbydrslepchik.com\/fr\/#website"},"primaryImageOfPage":{"@id":"https:\/\/smilesbydrslepchik.com\/fr\/nos-soins-dentaires\/le-blanchiment-des-dents-a-montreal\/#primaryimage"},"image":{"@id":"https:\/\/smilesbydrslepchik.com\/fr\/nos-soins-dentaires\/le-blanchiment-des-dents-a-montreal\/#primaryimage"},"thumbnailUrl":"https:\/\/smilesbydrslepchik.com\/fr\/wp-content\/uploads\/sites\/2\/2024\/01\/af567667f4bbd79dd6af4a89ffab407a-1.2x.jpg","datePublished":"2018-01-24T14:20:56+00:00","dateModified":"2024-11-21T19:10:11+00:00","description":"Blanchiment des dents \u00e0 Montr\u00e9al. Vous recherchez un sourire plus blanc? Le Dr Lenny Slepchik vous conseille le blanchiment des dents Zoom pour obtenir le sourire brillant qui dure longtemps.","breadcrumb":{"@id":"https:\/\/smilesbydrslepchik.com\/fr\/nos-soins-dentaires\/le-blanchiment-des-dents-a-montreal\/#breadcrumb"},"inLanguage":"en-US","potentialAction":[{"@type":"ReadAction","target":["https:\/\/smilesbydrslepchik.com\/fr\/nos-soins-dentaires\/le-blanchiment-des-dents-a-montreal\/"]}]},{"@type":"ImageObject","inLanguage":"en-US","@id":"https:\/\/smilesbydrslepchik.com\/fr\/nos-soins-dentaires\/le-blanchiment-des-dents-a-montreal\/#primaryimage","url":"https:\/\/smilesbydrslepchik.com\/fr\/wp-content\/uploads\/sites\/2\/2024\/01\/af567667f4bbd79dd6af4a89ffab407a-1.2x.jpg","contentUrl":"https:\/\/smilesbydrslepchik.com\/fr\/wp-content\/uploads\/sites\/2\/2024\/01\/af567667f4bbd79dd6af4a89ffab407a-1.2x.jpg","width":2304,"height":540,"caption":"af567667f4bbd79dd6af4a89ffab407a 1.2x"},{"@type":"BreadcrumbList","@id":"https:\/\/smilesbydrslepchik.com\/fr\/nos-soins-dentaires\/le-blanchiment-des-dents-a-montreal\/#breadcrumb","itemListElement":[{"@type":"ListItem","position":1,"name":"Home","item":"https:\/\/smilesbydrslepchik.com\/fr\/"},{"@type":"ListItem","position":2,"name":"Soins Dentaires Montr\u00e9al","item":"https:\/\/smilesbydrslepchik.com\/fr\/nos-soins-dentaires\/"},{"@type":"ListItem","position":3,"name":"Blanchiment des dents \u00e0 Montr\u00e9al"}]},{"@type":"WebSite","@id":"https:\/\/smilesbydrslepchik.com\/fr\/#website","url":"https:\/\/smilesbydrslepchik.com\/fr\/","name":"Lenny Slepchik DDS","description":"","publisher":{"@id":"https:\/\/smilesbydrslepchik.com\/fr\/#organization"},"potentialAction":[{"@type":"SearchAction","target":{"@type":"EntryPoint","urlTemplate":"https:\/\/smilesbydrslepchik.com\/fr\/?s={search_term_string}"},"query-input":{"@type":"PropertyValueSpecification","valueRequired":true,"valueName":"search_term_string"}}],"inLanguage":"en-US"},{"@type":"Organization","@id":"https:\/\/smilesbydrslepchik.com\/fr\/#organization","name":"Lenny Slepchik DDS","url":"https:\/\/smilesbydrslepchik.com\/fr\/","logo":{"@type":"ImageObject","inLanguage":"en-US","@id":"https:\/\/smilesbydrslepchik.com\/fr\/#\/schema\/logo\/image\/","url":"https:\/\/smilesbydrslepchik.com\/fr\/wp-content\/uploads\/sites\/2\/2024\/07\/logo-french@1x.png","contentUrl":"https:\/\/smilesbydrslepchik.com\/fr\/wp-content\/uploads\/sites\/2\/2024\/07\/logo-french@1x.png","width":371,"height":67,"caption":"Lenny Slepchik DDS"},"image":{"@id":"https:\/\/smilesbydrslepchik.com\/fr\/#\/schema\/logo\/image\/"}}]}},"featured_image_src":"https:\/\/smilesbydrslepchik.com\/fr\/wp-content\/uploads\/sites\/2\/2024\/01\/af567667f4bbd79dd6af4a89ffab407a-1.2x-600x400.jpg","featured_image_src_square":"https:\/\/smilesbydrslepchik.com\/fr\/wp-content\/uploads\/sites\/2\/2024\/01\/af567667f4bbd79dd6af4a89ffab407a-1.2x-600x540.jpg","_links":{"self":[{"href":"https:\/\/smilesbydrslepchik.com\/fr\/wp-json\/wp\/v2\/pages\/210","targetHints":{"allow":["GET"]}}],"collection":[{"href":"https:\/\/smilesbydrslepchik.com\/fr\/wp-json\/wp\/v2\/pages"}],"about":[{"href":"https:\/\/smilesbydrslepchik.com\/fr\/wp-json\/wp\/v2\/types\/page"}],"author":[{"embeddable":true,"href":"https:\/\/smilesbydrslepchik.com\/fr\/wp-json\/wp\/v2\/users\/47"}],"replies":[{"embeddable":true,"href":"https:\/\/smilesbydrslepchik.com\/fr\/wp-json\/wp\/v2\/comments?post=210"}],"version-history":[{"count":0,"href":"https:\/\/smilesbydrslepchik.com\/fr\/wp-json\/wp\/v2\/pages\/210\/revisions"}],"up":[{"embeddable":true,"href":"https:\/\/smilesbydrslepchik.com\/fr\/wp-json\/wp\/v2\/pages\/124"}],"wp:featuredmedia":[{"embeddable":true,"href":"https:\/\/smilesbydrslepchik.com\/fr\/wp-json\/wp\/v2\/media\/3679"}],"wp:attachment":[{"href":"https:\/\/smilesbydrslepchik.com\/fr\/wp-json\/wp\/v2\/media?parent=210"}],"curies":[{"name":"wp","href":"https:\/\/api.w.org\/{rel}","templated":true}]}}