
{"id":208,"date":"2018-01-24T13:52:40","date_gmt":"2018-01-24T13:52:40","guid":{"rendered":"https:\/\/smilesbydr2017.wpengine.com\/fr\/?page_id=208"},"modified":"2025-11-13T22:12:09","modified_gmt":"2025-11-13T22:12:09","slug":"le-nettoyage-des-dents-gbt","status":"publish","type":"page","link":"https:\/\/smilesbydrslepchik.com\/fr\/nos-soins-dentaires\/dentisterie-generale\/le-nettoyage-des-dents-gbt\/","title":{"rendered":"Nettoyage des dents avec GBT \u00e0 Montr\u00e9al"},"content":{"rendered":"\n\n\t\t\t\t<img loading=\"lazy\" decoding=\"async\" src=\"https:\/\/smilesbydrslepchik.com\/fr\/wp-content\/uploads\/sites\/2\/2023\/12\/iStock-000045040090-Medium-cropped.jpg\" alt=\"iStock 000045040090 Medium cropped\" itemprop=\"image\" height=\"584\" width=\"1920\" title=\"iStock 000045040090 Medium cropped\" onerror=\"this.style.display='none'\"  \/>\n<h2>\n\t\tQu-est-ce qui se passe pendant votre nettoyoage des dents chez Dr Slepchik ?\n\t<\/h2>\n\t\t\t\t<img loading=\"lazy\" decoding=\"async\" src=\"https:\/\/smilesbydrslepchik.com\/fr\/wp-content\/uploads\/sites\/2\/2023\/12\/CAROLINE-WEBSITE.jpg\" alt=\"CAROLINE WEBSITE\" itemprop=\"image\" height=\"864\" width=\"768\" title=\"CAROLINE WEBSITE\" onerror=\"this.style.display='none'\"  \/>\n\t<p>Lors de votre rendez-vous de nettoyage dentaire, l&#8217;hygi\u00e9niste \u00e9limine la plaque et le tartre (calcification) accumul\u00e9s sur vos dents, car le fait de les laisser en place endommagerait certainement les gencives, ce qui m\u00e8ne \u00e0 une maladie gingivale comme la parodontite.<\/p>\nAncienne mode de rendez-vous d&#8217;examen dentaire et nettoyage des dents<br \/>\n<strong>Vieux:<\/strong>\u00a0Les nettoyages \u00e9taient inconfortables et ne vous laissaient pas compl\u00e8tement satisfait.<br \/>\n<strong>Nouvelle:<\/strong>\u00a0la technologie a beaucoup avanc\u00e9\u00e9; maintenant il existe un moyen plus efficace de se nettoyer les dents. Il s&#8217;appelle La Th\u00e9rapie guid\u00e9e par biofilm. (GBT)<br \/>\n<strong>Ancien:<\/strong>\u00a0Lors d&#8217;un nettoyage traditionnel, notre hygi\u00e9niste dentaire utilisera une combinaison de d\u00e9tartreur manuel et m\u00e9canique pour \u00e9liminer toute accumulation visible, tartre et biofilm de vos dents.\n<p>Cette m\u00e9thode est incapable de d\u00e9tecter et d&#8217;\u00e9liminer toutes les bact\u00e9ries invisibles et le biofilm qui peuvent causer des maladies des gencives et d&#8217;autres probl\u00e8mes de sant\u00e9 bucco-dentaire. L&#8217;hygi\u00e9niste peut utiliser un outil de polissage pour \u00e9liminer les taches de surface. Cependant cette approche pr\u00e9sente certaines limites.<\/p>\n\t<strong>Maintenant:<\/strong>\u00a0le GBT est une approche la plus compl\u00e8te du nettoyage dentaire qui utilise une technologie de pointe pour d\u00e9tecter et \u00e9liminer m\u00eame les bact\u00e9ries invisibles avec le biofilm qui peuvent causer des probl\u00e8mes de sant\u00e9 bucco-dentaire.<br \/>\n<strong>Principales diff\u00e9rences:<\/strong>\u00a0la circulation de l&#8217;air utilisait une combinaison d&#8217;eau et d&#8217;une poudre formul\u00e9e sp\u00e9cifiquement pour \u00e9liminer le biofilm de la surface de vos dents. La poudre est compos\u00e9e d&#8217;ingr\u00e9dients d&#8217;\u00e9rythritol; votr\n<p>La plupart des gens trouvent que les nettoyages sont sans douleur et m\u00eame agr\u00e9ables. Cependant, s&#8217;il y a un retrait des gencives (exposition des racines) ou de l&#8217;inflammation, ils peuvent devenir sensibles. Dans ce cas, l&#8217;hygi\u00e9niste dispose de plusieurs m\u00e9thodes pour vous mettre aussi \u00e0 l&#8217;aise que possible. Elle peut appliquer un anesth\u00e9sique topique ou le Dr Slepchik peut insensibiliser les zones hypersensibles. La m\u00e9thode la plus courante, que nos patients adorent, est l&#8217;usage de protoxyde d&#8217;azote, mieux connu sous le nom de gaz hilarant, afin de lib\u00e9rer la tension, ce qui se traduit par des soins dentaires plus agr\u00e9ables. Ce gaz agit d\u00e8s que vous l&#8217;inspirez et ses effets se dissipent tr\u00e8s rapidement, ce qui vous permet de reprendre vos activit\u00e9s quotidiennes d\u00e8s la fin du rendez-vous.Nous sommes fiers de nos nettoyages dentaires attentifs et approfondis.<\/p>\n<h2>\n\t\tNettoyage des dents par rapport \u00e0 Blanchiment des Dents\n\t<\/h2>\n\t<p>Le nettoyage des dents\u00a0 concentre sur la sant\u00e9 de vos dents et de vos gencives;\u00a0 Le blanchiment des dents concentre sur l&#8217;esth\u00e9tique dentaire; il enl\u00e8ve des taches caus\u00e9s par des vins rouges, le caf\u00e9 et plus.R\u00e9servez une consultation avec nous. Pour plus de renseignements sur nos soins dentaires de dentisterie g\u00e9n\u00e9rale, contactez nous \u00e0 <a href=\"tel:514-875-7971\">514-875-7971<\/a> ou envoyez un courriel \u00e0\u00a0<a href=\"mailto:reception@smilesbydrslepchik.com\">reception@smilesbydrslepchik.com<\/a>.<\/p>\n<p>Nous sommes situ\u00e9s au centre-ville de Montr\u00e9al\u00a0 \u00e0 cot\u00e9 de l&#8217;Hotel Fairmont Le Reine Elizabeth en face de la Place Ville Marie , M\u00e9tro McGill ou\u00a0 M\u00e9tro Bonaventure.<\/p>\n\n","protected":false},"excerpt":{"rendered":"","protected":false},"author":47,"featured_media":3679,"parent":226,"menu_order":0,"comment_status":"closed","ping_status":"closed","template":"","meta":{"site-sidebar-layout":"default","site-content-layout":"","ast-site-content-layout":"default","site-content-style":"default","site-sidebar-style":"default","ast-global-header-display":"","ast-banner-title-visibility":"","ast-main-header-display":"","ast-hfb-above-header-display":"","ast-hfb-below-header-display":"","ast-hfb-mobile-header-display":"","site-post-title":"","ast-breadcrumbs-content":"","ast-featured-img":"","footer-sml-layout":"","theme-transparent-header-meta":"default","adv-header-id-meta":"","stick-header-meta":"default","header-above-stick-meta":"","header-main-stick-meta":"","header-below-stick-meta":"","astra-migrate-meta-layouts":"set","ast-page-background-enabled":"default","ast-page-background-meta":{"desktop":{"background-color":"var(--ast-global-color-4)","background-image":"","background-repeat":"repeat","background-position":"center center","background-size":"auto","background-attachment":"scroll","background-type":"","background-media":"","overlay-type":"","overlay-color":"","overlay-opacity":"","overlay-gradient":""},"tablet":{"background-color":"","background-image":"","background-repeat":"repeat","background-position":"center center","background-size":"auto","background-attachment":"scroll","background-type":"","background-media":"","overlay-type":"","overlay-color":"","overlay-opacity":"","overlay-gradient":""},"mobile":{"background-color":"","background-image":"","background-repeat":"repeat","background-position":"center center","background-size":"auto","background-attachment":"scroll","background-type":"","background-media":"","overlay-type":"","overlay-color":"","overlay-opacity":"","overlay-gradient":""}},"ast-content-background-meta":{"desktop":{"background-color":"var(--ast-global-color-5)","background-image":"","background-repeat":"repeat","background-position":"center center","background-size":"auto","background-attachment":"scroll","background-type":"","background-media":"","overlay-type":"","overlay-color":"","overlay-opacity":"","overlay-gradient":""},"tablet":{"background-color":"var(--ast-global-color-5)","background-image":"","background-repeat":"repeat","background-position":"center center","background-size":"auto","background-attachment":"scroll","background-type":"","background-media":"","overlay-type":"","overlay-color":"","overlay-opacity":"","overlay-gradient":""},"mobile":{"background-color":"var(--ast-global-color-5)","background-image":"","background-repeat":"repeat","background-position":"center center","background-size":"auto","background-attachment":"scroll","background-type":"","background-media":"","overlay-type":"","overlay-color":"","overlay-opacity":"","overlay-gradient":""}},"footnotes":""},"class_list":["post-208","page","type-page","status-publish","has-post-thumbnail","hentry"],"yoast_head":"<!-- This site is optimized with the Yoast SEO plugin v23.7 - https:\/\/yoast.com\/wordpress\/plugins\/seo\/ -->\n<title>-Soins -dentaires- \u00e0 -Montr\u00e9al-Le-nettoyage-des-dents<\/title>\n<meta name=\"description\" content=\"Les nettoyages dentaires par GBT sont essentielles pour tout garder en bonne sant\u00e9. Nous sommes fiers d&#039;introduire le GBT \u00e0 nos patients; l&#039;innovation dans le domaine d&#039;hygi\u00e8ne dentaire.\" \/>\n<meta name=\"robots\" content=\"index, follow, max-snippet:-1, max-image-preview:large, max-video-preview:-1\" \/>\n<link rel=\"canonical\" href=\"https:\/\/smilesbydrslepchik.com\/fr\/nos-soins-dentaires\/dentisterie-generale\/le-nettoyage-des-dents-gbt\/\" \/>\n<meta property=\"og:locale\" content=\"en_US\" \/>\n<meta property=\"og:type\" content=\"article\" \/>\n<meta property=\"og:title\" content=\"-Soins -dentaires- \u00e0 -Montr\u00e9al-Le-nettoyage-des-dents\" \/>\n<meta property=\"og:description\" content=\"Les nettoyages dentaires par GBT sont essentielles pour tout garder en bonne sant\u00e9. Nous sommes fiers d&#039;introduire le GBT \u00e0 nos patients; l&#039;innovation dans le domaine d&#039;hygi\u00e8ne dentaire.\" \/>\n<meta property=\"og:url\" content=\"https:\/\/smilesbydrslepchik.com\/fr\/nos-soins-dentaires\/dentisterie-generale\/le-nettoyage-des-dents-gbt\/\" \/>\n<meta property=\"og:site_name\" content=\"Lenny Slepchik DDS\" \/>\n<meta property=\"article:modified_time\" content=\"2025-11-13T22:12:09+00:00\" \/>\n<meta property=\"og:image\" content=\"https:\/\/smilesbydrslepchik.com\/fr\/wp-content\/uploads\/sites\/2\/2024\/01\/af567667f4bbd79dd6af4a89ffab407a-1.2x.jpg\" \/>\n\t<meta property=\"og:image:width\" content=\"2304\" \/>\n\t<meta property=\"og:image:height\" content=\"540\" \/>\n\t<meta property=\"og:image:type\" content=\"image\/jpeg\" \/>\n<meta name=\"twitter:card\" content=\"summary_large_image\" \/>\n<meta name=\"twitter:label1\" content=\"Est. reading time\" \/>\n\t<meta name=\"twitter:data1\" content=\"3 minutes\" \/>\n<script type=\"application\/ld+json\" class=\"yoast-schema-graph\">{\"@context\":\"https:\/\/schema.org\",\"@graph\":[{\"@type\":\"WebPage\",\"@id\":\"https:\/\/smilesbydrslepchik.com\/fr\/nos-soins-dentaires\/dentisterie-generale\/le-nettoyage-des-dents-gbt\/\",\"url\":\"https:\/\/smilesbydrslepchik.com\/fr\/nos-soins-dentaires\/dentisterie-generale\/le-nettoyage-des-dents-gbt\/\",\"name\":\"-Soins -dentaires- \u00e0 -Montr\u00e9al-Le-nettoyage-des-dents\",\"isPartOf\":{\"@id\":\"https:\/\/smilesbydrslepchik.com\/fr\/#website\"},\"primaryImageOfPage\":{\"@id\":\"https:\/\/smilesbydrslepchik.com\/fr\/nos-soins-dentaires\/dentisterie-generale\/le-nettoyage-des-dents-gbt\/#primaryimage\"},\"image\":{\"@id\":\"https:\/\/smilesbydrslepchik.com\/fr\/nos-soins-dentaires\/dentisterie-generale\/le-nettoyage-des-dents-gbt\/#primaryimage\"},\"thumbnailUrl\":\"https:\/\/smilesbydrslepchik.com\/fr\/wp-content\/uploads\/sites\/2\/2024\/01\/af567667f4bbd79dd6af4a89ffab407a-1.2x.jpg\",\"datePublished\":\"2018-01-24T13:52:40+00:00\",\"dateModified\":\"2025-11-13T22:12:09+00:00\",\"description\":\"Les nettoyages dentaires par GBT sont essentielles pour tout garder en bonne sant\u00e9. Nous sommes fiers d'introduire le GBT \u00e0 nos patients; l'innovation dans le domaine d'hygi\u00e8ne dentaire.\",\"breadcrumb\":{\"@id\":\"https:\/\/smilesbydrslepchik.com\/fr\/nos-soins-dentaires\/dentisterie-generale\/le-nettoyage-des-dents-gbt\/#breadcrumb\"},\"inLanguage\":\"en-US\",\"potentialAction\":[{\"@type\":\"ReadAction\",\"target\":[\"https:\/\/smilesbydrslepchik.com\/fr\/nos-soins-dentaires\/dentisterie-generale\/le-nettoyage-des-dents-gbt\/\"]}]},{\"@type\":\"ImageObject\",\"inLanguage\":\"en-US\",\"@id\":\"https:\/\/smilesbydrslepchik.com\/fr\/nos-soins-dentaires\/dentisterie-generale\/le-nettoyage-des-dents-gbt\/#primaryimage\",\"url\":\"https:\/\/smilesbydrslepchik.com\/fr\/wp-content\/uploads\/sites\/2\/2024\/01\/af567667f4bbd79dd6af4a89ffab407a-1.2x.jpg\",\"contentUrl\":\"https:\/\/smilesbydrslepchik.com\/fr\/wp-content\/uploads\/sites\/2\/2024\/01\/af567667f4bbd79dd6af4a89ffab407a-1.2x.jpg\",\"width\":2304,\"height\":540,\"caption\":\"af567667f4bbd79dd6af4a89ffab407a 1.2x\"},{\"@type\":\"BreadcrumbList\",\"@id\":\"https:\/\/smilesbydrslepchik.com\/fr\/nos-soins-dentaires\/dentisterie-generale\/le-nettoyage-des-dents-gbt\/#breadcrumb\",\"itemListElement\":[{\"@type\":\"ListItem\",\"position\":1,\"name\":\"Home\",\"item\":\"https:\/\/smilesbydrslepchik.com\/fr\/\"},{\"@type\":\"ListItem\",\"position\":2,\"name\":\"Soins Dentaires Montr\u00e9al\",\"item\":\"https:\/\/smilesbydrslepchik.com\/fr\/nos-soins-dentaires\/\"},{\"@type\":\"ListItem\",\"position\":3,\"name\":\"Services de dentisterie g\u00e9n\u00e9rale \u00e0 Montr\u00e9al\",\"item\":\"https:\/\/smilesbydrslepchik.com\/fr\/nos-soins-dentaires\/dentisterie-generale\/\"},{\"@type\":\"ListItem\",\"position\":4,\"name\":\"Nettoyage des dents avec GBT \u00e0 Montr\u00e9al\"}]},{\"@type\":\"WebSite\",\"@id\":\"https:\/\/smilesbydrslepchik.com\/fr\/#website\",\"url\":\"https:\/\/smilesbydrslepchik.com\/fr\/\",\"name\":\"Lenny Slepchik DDS\",\"description\":\"\",\"publisher\":{\"@id\":\"https:\/\/smilesbydrslepchik.com\/fr\/#organization\"},\"potentialAction\":[{\"@type\":\"SearchAction\",\"target\":{\"@type\":\"EntryPoint\",\"urlTemplate\":\"https:\/\/smilesbydrslepchik.com\/fr\/?s={search_term_string}\"},\"query-input\":{\"@type\":\"PropertyValueSpecification\",\"valueRequired\":true,\"valueName\":\"search_term_string\"}}],\"inLanguage\":\"en-US\"},{\"@type\":\"Organization\",\"@id\":\"https:\/\/smilesbydrslepchik.com\/fr\/#organization\",\"name\":\"Lenny Slepchik DDS\",\"url\":\"https:\/\/smilesbydrslepchik.com\/fr\/\",\"logo\":{\"@type\":\"ImageObject\",\"inLanguage\":\"en-US\",\"@id\":\"https:\/\/smilesbydrslepchik.com\/fr\/#\/schema\/logo\/image\/\",\"url\":\"https:\/\/smilesbydrslepchik.com\/fr\/wp-content\/uploads\/sites\/2\/2024\/07\/logo-french@1x.png\",\"contentUrl\":\"https:\/\/smilesbydrslepchik.com\/fr\/wp-content\/uploads\/sites\/2\/2024\/07\/logo-french@1x.png\",\"width\":371,\"height\":67,\"caption\":\"Lenny Slepchik DDS\"},\"image\":{\"@id\":\"https:\/\/smilesbydrslepchik.com\/fr\/#\/schema\/logo\/image\/\"}}]}<\/script>\n<!-- \/ Yoast SEO plugin. -->","yoast_head_json":{"title":"-Soins -dentaires- \u00e0 -Montr\u00e9al-Le-nettoyage-des-dents","description":"Les nettoyages dentaires par GBT sont essentielles pour tout garder en bonne sant\u00e9. Nous sommes fiers d'introduire le GBT \u00e0 nos patients; l'innovation dans le domaine d'hygi\u00e8ne dentaire.","robots":{"index":"index","follow":"follow","max-snippet":"max-snippet:-1","max-image-preview":"max-image-preview:large","max-video-preview":"max-video-preview:-1"},"canonical":"https:\/\/smilesbydrslepchik.com\/fr\/nos-soins-dentaires\/dentisterie-generale\/le-nettoyage-des-dents-gbt\/","og_locale":"en_US","og_type":"article","og_title":"-Soins -dentaires- \u00e0 -Montr\u00e9al-Le-nettoyage-des-dents","og_description":"Les nettoyages dentaires par GBT sont essentielles pour tout garder en bonne sant\u00e9. Nous sommes fiers d'introduire le GBT \u00e0 nos patients; l'innovation dans le domaine d'hygi\u00e8ne dentaire.","og_url":"https:\/\/smilesbydrslepchik.com\/fr\/nos-soins-dentaires\/dentisterie-generale\/le-nettoyage-des-dents-gbt\/","og_site_name":"Lenny Slepchik DDS","article_modified_time":"2025-11-13T22:12:09+00:00","og_image":[{"width":2304,"height":540,"url":"https:\/\/smilesbydrslepchik.com\/fr\/wp-content\/uploads\/sites\/2\/2024\/01\/af567667f4bbd79dd6af4a89ffab407a-1.2x.jpg","type":"image\/jpeg"}],"twitter_card":"summary_large_image","twitter_misc":{"Est. reading time":"3 minutes"},"schema":{"@context":"https:\/\/schema.org","@graph":[{"@type":"WebPage","@id":"https:\/\/smilesbydrslepchik.com\/fr\/nos-soins-dentaires\/dentisterie-generale\/le-nettoyage-des-dents-gbt\/","url":"https:\/\/smilesbydrslepchik.com\/fr\/nos-soins-dentaires\/dentisterie-generale\/le-nettoyage-des-dents-gbt\/","name":"-Soins -dentaires- \u00e0 -Montr\u00e9al-Le-nettoyage-des-dents","isPartOf":{"@id":"https:\/\/smilesbydrslepchik.com\/fr\/#website"},"primaryImageOfPage":{"@id":"https:\/\/smilesbydrslepchik.com\/fr\/nos-soins-dentaires\/dentisterie-generale\/le-nettoyage-des-dents-gbt\/#primaryimage"},"image":{"@id":"https:\/\/smilesbydrslepchik.com\/fr\/nos-soins-dentaires\/dentisterie-generale\/le-nettoyage-des-dents-gbt\/#primaryimage"},"thumbnailUrl":"https:\/\/smilesbydrslepchik.com\/fr\/wp-content\/uploads\/sites\/2\/2024\/01\/af567667f4bbd79dd6af4a89ffab407a-1.2x.jpg","datePublished":"2018-01-24T13:52:40+00:00","dateModified":"2025-11-13T22:12:09+00:00","description":"Les nettoyages dentaires par GBT sont essentielles pour tout garder en bonne sant\u00e9. Nous sommes fiers d'introduire le GBT \u00e0 nos patients; l'innovation dans le domaine d'hygi\u00e8ne dentaire.","breadcrumb":{"@id":"https:\/\/smilesbydrslepchik.com\/fr\/nos-soins-dentaires\/dentisterie-generale\/le-nettoyage-des-dents-gbt\/#breadcrumb"},"inLanguage":"en-US","potentialAction":[{"@type":"ReadAction","target":["https:\/\/smilesbydrslepchik.com\/fr\/nos-soins-dentaires\/dentisterie-generale\/le-nettoyage-des-dents-gbt\/"]}]},{"@type":"ImageObject","inLanguage":"en-US","@id":"https:\/\/smilesbydrslepchik.com\/fr\/nos-soins-dentaires\/dentisterie-generale\/le-nettoyage-des-dents-gbt\/#primaryimage","url":"https:\/\/smilesbydrslepchik.com\/fr\/wp-content\/uploads\/sites\/2\/2024\/01\/af567667f4bbd79dd6af4a89ffab407a-1.2x.jpg","contentUrl":"https:\/\/smilesbydrslepchik.com\/fr\/wp-content\/uploads\/sites\/2\/2024\/01\/af567667f4bbd79dd6af4a89ffab407a-1.2x.jpg","width":2304,"height":540,"caption":"af567667f4bbd79dd6af4a89ffab407a 1.2x"},{"@type":"BreadcrumbList","@id":"https:\/\/smilesbydrslepchik.com\/fr\/nos-soins-dentaires\/dentisterie-generale\/le-nettoyage-des-dents-gbt\/#breadcrumb","itemListElement":[{"@type":"ListItem","position":1,"name":"Home","item":"https:\/\/smilesbydrslepchik.com\/fr\/"},{"@type":"ListItem","position":2,"name":"Soins Dentaires Montr\u00e9al","item":"https:\/\/smilesbydrslepchik.com\/fr\/nos-soins-dentaires\/"},{"@type":"ListItem","position":3,"name":"Services de dentisterie g\u00e9n\u00e9rale \u00e0 Montr\u00e9al","item":"https:\/\/smilesbydrslepchik.com\/fr\/nos-soins-dentaires\/dentisterie-generale\/"},{"@type":"ListItem","position":4,"name":"Nettoyage des dents avec GBT \u00e0 Montr\u00e9al"}]},{"@type":"WebSite","@id":"https:\/\/smilesbydrslepchik.com\/fr\/#website","url":"https:\/\/smilesbydrslepchik.com\/fr\/","name":"Lenny Slepchik DDS","description":"","publisher":{"@id":"https:\/\/smilesbydrslepchik.com\/fr\/#organization"},"potentialAction":[{"@type":"SearchAction","target":{"@type":"EntryPoint","urlTemplate":"https:\/\/smilesbydrslepchik.com\/fr\/?s={search_term_string}"},"query-input":{"@type":"PropertyValueSpecification","valueRequired":true,"valueName":"search_term_string"}}],"inLanguage":"en-US"},{"@type":"Organization","@id":"https:\/\/smilesbydrslepchik.com\/fr\/#organization","name":"Lenny Slepchik DDS","url":"https:\/\/smilesbydrslepchik.com\/fr\/","logo":{"@type":"ImageObject","inLanguage":"en-US","@id":"https:\/\/smilesbydrslepchik.com\/fr\/#\/schema\/logo\/image\/","url":"https:\/\/smilesbydrslepchik.com\/fr\/wp-content\/uploads\/sites\/2\/2024\/07\/logo-french@1x.png","contentUrl":"https:\/\/smilesbydrslepchik.com\/fr\/wp-content\/uploads\/sites\/2\/2024\/07\/logo-french@1x.png","width":371,"height":67,"caption":"Lenny Slepchik DDS"},"image":{"@id":"https:\/\/smilesbydrslepchik.com\/fr\/#\/schema\/logo\/image\/"}}]}},"featured_image_src":"https:\/\/smilesbydrslepchik.com\/fr\/wp-content\/uploads\/sites\/2\/2024\/01\/af567667f4bbd79dd6af4a89ffab407a-1.2x-600x400.jpg","featured_image_src_square":"https:\/\/smilesbydrslepchik.com\/fr\/wp-content\/uploads\/sites\/2\/2024\/01\/af567667f4bbd79dd6af4a89ffab407a-1.2x-600x540.jpg","_links":{"self":[{"href":"https:\/\/smilesbydrslepchik.com\/fr\/wp-json\/wp\/v2\/pages\/208","targetHints":{"allow":["GET"]}}],"collection":[{"href":"https:\/\/smilesbydrslepchik.com\/fr\/wp-json\/wp\/v2\/pages"}],"about":[{"href":"https:\/\/smilesbydrslepchik.com\/fr\/wp-json\/wp\/v2\/types\/page"}],"author":[{"embeddable":true,"href":"https:\/\/smilesbydrslepchik.com\/fr\/wp-json\/wp\/v2\/users\/47"}],"replies":[{"embeddable":true,"href":"https:\/\/smilesbydrslepchik.com\/fr\/wp-json\/wp\/v2\/comments?post=208"}],"version-history":[{"count":0,"href":"https:\/\/smilesbydrslepchik.com\/fr\/wp-json\/wp\/v2\/pages\/208\/revisions"}],"up":[{"embeddable":true,"href":"https:\/\/smilesbydrslepchik.com\/fr\/wp-json\/wp\/v2\/pages\/226"}],"wp:featuredmedia":[{"embeddable":true,"href":"https:\/\/smilesbydrslepchik.com\/fr\/wp-json\/wp\/v2\/media\/3679"}],"wp:attachment":[{"href":"https:\/\/smilesbydrslepchik.com\/fr\/wp-json\/wp\/v2\/media?parent=208"}],"curies":[{"name":"wp","href":"https:\/\/api.w.org\/{rel}","templated":true}]}}