
{"id":206,"date":"2018-01-24T13:47:09","date_gmt":"2018-01-24T13:47:09","guid":{"rendered":"https:\/\/smilesbydr2017.wpengine.com\/fr\/?page_id=206"},"modified":"2024-02-07T19:55:56","modified_gmt":"2024-02-07T19:55:56","slug":"evaluation-de-votre-sourire","status":"publish","type":"page","link":"https:\/\/smilesbydrslepchik.com\/fr\/renseignements-pour-le-patient\/evaluation-de-votre-sourire\/","title":{"rendered":"L&#8217;\u00e9valuation de votre sourire"},"content":{"rendered":"\r\n\r\n\t\t\t\t<img loading=\"lazy\" decoding=\"async\" src=\"https:\/\/smilesbydrslepchik.com\/fr\/wp-content\/uploads\/sites\/2\/2023\/12\/IMG-4420-min-1-scaled-1-scaled-1.jpg\" alt=\"IMG 4420 min 1 scaled 1 scaled 1\" itemprop=\"image\" height=\"1115\" width=\"2560\" title=\"IMG 4420 min 1 scaled 1 scaled 1\" onerror=\"this.style.display='none'\"  \/>\r\n\t\t\t\t<img loading=\"lazy\" decoding=\"async\" src=\"https:\/\/smilesbydrslepchik.com\/fr\/wp-content\/uploads\/sites\/2\/2023\/12\/D-128.jpg\" alt=\"D 128\" itemprop=\"image\" height=\"1200\" width=\"1800\" title=\"D 128\" onerror=\"this.style.display='none'\"  \/>\r\n\t<p>Le sourire a des cons\u00e9quences importantes sur l&#8217;estime de soi. Beaucoup de gens ne sourient et ne rient pas parce qu&#8217;ils ne sont pas \u00e0 l&#8217;aise avec leur sourire. Nous vous sugg\u00e9rons de vous poser ces questions. Regardez-vous dans le miroir, souriez grand et posez-vous les questions suivantes ! Discutons ensemble de vos r\u00e9ponses.<\/p>\r\n<blockquote>\r\n     <ul>\r\n<li>Avez-vous les dents jaunes ou d\u00e9color\u00e9s\u00a0?\u00a0<strong>Oui | non<\/strong><\/li>\r\n<li>Voulez-vous des dents plus brillantes\u00a0?\u00a0<strong>Oui | non<\/strong><\/li>\r\n<li>Avez-vous des espaces ou ouvertures entre les dents\u00a0?\u00a0<strong>Oui | non<\/strong><\/li>\r\n<li>Avez-vous des dents tourn\u00e9es, croches ou in\u00e9gales\u00a0?\u00a0<strong>Oui | non<\/strong><\/li>\r\n<li>Vous manque-t-il une ou plusieurs dents\u00a0?\u00a0<strong>Oui | non<\/strong><\/li>\r\n<li>Voyez-vous des d\u00e9fauts quand vous vous regardez dans le miroir\u00a0?\u00a0<strong>Oui | non<\/strong><\/li>\r\n<li>Est-ce que vous voyez des dents trop petites ou trop grandes\u00a0?\u00a0<strong>Oui | non<\/strong><\/li>\r\n<li>Voyez-vous des dents qui ne semblent pas naturelles \u00e0 cause de vieux traitements dentaires\u00a0?\u00a0<strong>Oui | non<\/strong><\/li>\r\n<li>Avez-vous des couronnes ou des ponts qui semblent fonc\u00e9s sur le bord des gencives\u00a0?\u00a0<strong>Oui | non<\/strong><\/li>\r\n<li>Voyez-vous des dents grises ou du mercure dans votre bouche\u00a0?\u00a0<strong>Oui | non<\/strong><\/li>\r\n<li>Quand vous souriez, est-ce que vous voyez trop de gencive\u00a0?\u00a0<strong>Oui | non<\/strong><\/li>\r\n<li>Vos gencives sont-elles rouges ou gonfl\u00e9es ou saignent-elles souvent\u00a0?\u00a0<strong>Oui | non<\/strong><\/li>\r\n<li>Votre sourire vous emp\u00eache-t-il de rire ou de sourire parce que vous n&#8217;\u00eates pas \u00e0 l&#8217;aise\u00a0?\u00a0<strong>Oui | non<\/strong><\/li>\r\n<li>Quand quelqu&#8217;un vous prend en photo, est-ce que vous fermez la bouche par honte\u00a0?\u00a0<strong>Oui | non<\/strong><\/li>\r\n<li>\u00cates-vous g\u00ean\u00e9(e) par votre sourire ou vos dents\u00a0?\u00a0<strong>Oui | non<\/strong><\/li>\r\n<li>Quand vous souriez, y a-t-il quelque chose que vous voudriez changer\u00a0? Que vous n&#8217;aimez pas\u00a0?\u00a0<strong>Oui | non<\/strong><\/li>\r\n<li>J&#8217;accepte que l&#8217;on utilise mon apparence et mes propos sur tout m\u00e9dia num\u00e9rique, comme Facebook, etc.\u00a0<strong>Oui | non<\/strong><\/li>\r\n<\/ul>\r\n<\/blockquote>\r\n\t<p><strong>Si vous avez r\u00e9pondu \u00ab\u00a0oui\u00a0\u00bb \u00e0 l&#8217;une ou plusieurs de ces questions, il y a plusieurs options \u00e0 discuter pour am\u00e9liorer votre sourire. Votre beau sourire naturel et sain vous attend\u00a0! Pour c\u00e9duler une consultation sans obligation, contactez-nous pour prendre un rendez-vous\u00a0<a href=\"\/fr\/contactez-nous\/\">qui vous convient.<\/a><\/strong><\/p>\r\n\r\n","protected":false},"excerpt":{"rendered":"<p>Le sourire a des cons\u00e9quences importantes sur l&#8217;estime de soi. Beaucoup de gens ne sourient et ne rient pas parce qu&#8217;ils ne sont pas \u00e0 l&#8217;aise avec leur sourire. Nous vous sugg\u00e9rons de vous poser ces questions. Regardez-vous dans le miroir, souriez grand et posez-vous les questions suivantes ! Discutons ensemble de vos r\u00e9ponses. Avez-vous [&hellip;]<\/p>\n","protected":false},"author":47,"featured_media":3682,"parent":126,"menu_order":0,"comment_status":"closed","ping_status":"closed","template":"","meta":{"site-sidebar-layout":"default","site-content-layout":null,"ast-site-content-layout":"default","site-content-style":"default","site-sidebar-style":"default","ast-global-header-display":"","ast-banner-title-visibility":"","ast-main-header-display":"","ast-hfb-above-header-display":"","ast-hfb-below-header-display":null,"ast-hfb-mobile-header-display":"","site-post-title":"","ast-breadcrumbs-content":null,"ast-featured-img":"","footer-sml-layout":"","theme-transparent-header-meta":"default","adv-header-id-meta":"","stick-header-meta":"default","header-above-stick-meta":"","header-main-stick-meta":"","header-below-stick-meta":null,"astra-migrate-meta-layouts":"set","ast-page-background-enabled":"default","ast-page-background-meta":{"desktop":{"background-color":"var(--ast-global-color-4)","background-image":"","background-repeat":"repeat","background-position":"center center","background-size":"auto","background-attachment":"scroll","background-type":"","background-media":"","overlay-type":"","overlay-color":"","overlay-opacity":"","overlay-gradient":""},"tablet":{"background-color":"","background-image":"","background-repeat":"repeat","background-position":"center center","background-size":"auto","background-attachment":"scroll","background-type":"","background-media":"","overlay-type":"","overlay-color":"","overlay-opacity":"","overlay-gradient":""},"mobile":{"background-color":"","background-image":"","background-repeat":"repeat","background-position":"center center","background-size":"auto","background-attachment":"scroll","background-type":"","background-media":"","overlay-type":"","overlay-color":"","overlay-opacity":"","overlay-gradient":""}},"ast-content-background-meta":{"desktop":{"background-color":"var(--ast-global-color-5)","background-image":"","background-repeat":"repeat","background-position":"center center","background-size":"auto","background-attachment":"scroll","background-type":"","background-media":"","overlay-type":"","overlay-color":"","overlay-opacity":"","overlay-gradient":""},"tablet":{"background-color":"var(--ast-global-color-5)","background-image":"","background-repeat":"repeat","background-position":"center center","background-size":"auto","background-attachment":"scroll","background-type":"","background-media":"","overlay-type":"","overlay-color":"","overlay-opacity":"","overlay-gradient":""},"mobile":{"background-color":"var(--ast-global-color-5)","background-image":"","background-repeat":"repeat","background-position":"center center","background-size":"auto","background-attachment":"scroll","background-type":"","background-media":"","overlay-type":"","overlay-color":"","overlay-opacity":"","overlay-gradient":""}},"footnotes":""},"class_list":["post-206","page","type-page","status-publish","has-post-thumbnail","hentry"],"yoast_head":"<!-- This site is optimized with the Yoast SEO plugin v23.7 - https:\/\/yoast.com\/wordpress\/plugins\/seo\/ -->\n<title>L&#039;\u00e9valuation de votre sourire - French - Dr. Lenny Slepchik, D.D.S.<\/title>\n<meta name=\"description\" content=\"Le sourire a des cons\u00e9quences importantes sur l\u2019estime de soi. Beaucoup de gens ne sourient et ne rient pas parce qu\u2019ils ne sont pas \u00e0 l&#039;aise avec leur sourire. Nous vous sugg\u00e9rons de vous poser ces questions.\" \/>\n<meta name=\"robots\" content=\"index, follow, max-snippet:-1, max-image-preview:large, max-video-preview:-1\" \/>\n<link rel=\"canonical\" href=\"https:\/\/smilesbydrslepchik.com\/fr\/renseignements-pour-le-patient\/evaluation-de-votre-sourire\/\" \/>\n<meta property=\"og:locale\" content=\"en_US\" \/>\n<meta property=\"og:type\" content=\"article\" \/>\n<meta property=\"og:title\" content=\"L&#039;\u00e9valuation de votre sourire - French - Dr. Lenny Slepchik, D.D.S.\" \/>\n<meta property=\"og:description\" content=\"Le sourire a des cons\u00e9quences importantes sur l\u2019estime de soi. Beaucoup de gens ne sourient et ne rient pas parce qu\u2019ils ne sont pas \u00e0 l&#039;aise avec leur sourire. Nous vous sugg\u00e9rons de vous poser ces questions.\" \/>\n<meta property=\"og:url\" content=\"https:\/\/smilesbydrslepchik.com\/fr\/renseignements-pour-le-patient\/evaluation-de-votre-sourire\/\" \/>\n<meta property=\"og:site_name\" content=\"Lenny Slepchik DDS\" \/>\n<meta property=\"article:modified_time\" content=\"2024-02-07T19:55:56+00:00\" \/>\n<meta property=\"og:image\" content=\"https:\/\/smilesbydrslepchik.com\/fr\/wp-content\/uploads\/sites\/2\/2024\/01\/IMG-8077-upscaled-1.2x.jpg\" \/>\n\t<meta property=\"og:image:width\" content=\"2304\" \/>\n\t<meta property=\"og:image:height\" content=\"540\" \/>\n\t<meta property=\"og:image:type\" content=\"image\/jpeg\" \/>\n<meta name=\"twitter:card\" content=\"summary_large_image\" \/>\n<meta name=\"twitter:label1\" content=\"Est. reading time\" \/>\n\t<meta name=\"twitter:data1\" content=\"1 minute\" \/>\n<script type=\"application\/ld+json\" class=\"yoast-schema-graph\">{\"@context\":\"https:\/\/schema.org\",\"@graph\":[{\"@type\":\"WebPage\",\"@id\":\"https:\/\/smilesbydrslepchik.com\/fr\/renseignements-pour-le-patient\/evaluation-de-votre-sourire\/\",\"url\":\"https:\/\/smilesbydrslepchik.com\/fr\/renseignements-pour-le-patient\/evaluation-de-votre-sourire\/\",\"name\":\"L'\u00e9valuation de votre sourire - French - Dr. Lenny Slepchik, D.D.S.\",\"isPartOf\":{\"@id\":\"https:\/\/smilesbydrslepchik.com\/fr\/#website\"},\"primaryImageOfPage\":{\"@id\":\"https:\/\/smilesbydrslepchik.com\/fr\/renseignements-pour-le-patient\/evaluation-de-votre-sourire\/#primaryimage\"},\"image\":{\"@id\":\"https:\/\/smilesbydrslepchik.com\/fr\/renseignements-pour-le-patient\/evaluation-de-votre-sourire\/#primaryimage\"},\"thumbnailUrl\":\"https:\/\/smilesbydrslepchik.com\/fr\/wp-content\/uploads\/sites\/2\/2024\/01\/IMG-8077-upscaled-1.2x.jpg\",\"datePublished\":\"2018-01-24T13:47:09+00:00\",\"dateModified\":\"2024-02-07T19:55:56+00:00\",\"description\":\"Le sourire a des cons\u00e9quences importantes sur l\u2019estime de soi. Beaucoup de gens ne sourient et ne rient pas parce qu\u2019ils ne sont pas \u00e0 l'aise avec leur sourire. Nous vous sugg\u00e9rons de vous poser ces questions.\",\"breadcrumb\":{\"@id\":\"https:\/\/smilesbydrslepchik.com\/fr\/renseignements-pour-le-patient\/evaluation-de-votre-sourire\/#breadcrumb\"},\"inLanguage\":\"en-US\",\"potentialAction\":[{\"@type\":\"ReadAction\",\"target\":[\"https:\/\/smilesbydrslepchik.com\/fr\/renseignements-pour-le-patient\/evaluation-de-votre-sourire\/\"]}]},{\"@type\":\"ImageObject\",\"inLanguage\":\"en-US\",\"@id\":\"https:\/\/smilesbydrslepchik.com\/fr\/renseignements-pour-le-patient\/evaluation-de-votre-sourire\/#primaryimage\",\"url\":\"https:\/\/smilesbydrslepchik.com\/fr\/wp-content\/uploads\/sites\/2\/2024\/01\/IMG-8077-upscaled-1.2x.jpg\",\"contentUrl\":\"https:\/\/smilesbydrslepchik.com\/fr\/wp-content\/uploads\/sites\/2\/2024\/01\/IMG-8077-upscaled-1.2x.jpg\",\"width\":2304,\"height\":540,\"caption\":\"IMG 8077 upscaled 1.2x\"},{\"@type\":\"BreadcrumbList\",\"@id\":\"https:\/\/smilesbydrslepchik.com\/fr\/renseignements-pour-le-patient\/evaluation-de-votre-sourire\/#breadcrumb\",\"itemListElement\":[{\"@type\":\"ListItem\",\"position\":1,\"name\":\"Home\",\"item\":\"https:\/\/smilesbydrslepchik.com\/fr\/\"},{\"@type\":\"ListItem\",\"position\":2,\"name\":\"Renseignements pour le patient\",\"item\":\"https:\/\/smilesbydrslepchik.com\/fr\/renseignements-pour-le-patient\/\"},{\"@type\":\"ListItem\",\"position\":3,\"name\":\"L&#8217;\u00e9valuation de votre sourire\"}]},{\"@type\":\"WebSite\",\"@id\":\"https:\/\/smilesbydrslepchik.com\/fr\/#website\",\"url\":\"https:\/\/smilesbydrslepchik.com\/fr\/\",\"name\":\"Lenny Slepchik DDS\",\"description\":\"\",\"publisher\":{\"@id\":\"https:\/\/smilesbydrslepchik.com\/fr\/#organization\"},\"potentialAction\":[{\"@type\":\"SearchAction\",\"target\":{\"@type\":\"EntryPoint\",\"urlTemplate\":\"https:\/\/smilesbydrslepchik.com\/fr\/?s={search_term_string}\"},\"query-input\":{\"@type\":\"PropertyValueSpecification\",\"valueRequired\":true,\"valueName\":\"search_term_string\"}}],\"inLanguage\":\"en-US\"},{\"@type\":\"Organization\",\"@id\":\"https:\/\/smilesbydrslepchik.com\/fr\/#organization\",\"name\":\"Lenny Slepchik DDS\",\"url\":\"https:\/\/smilesbydrslepchik.com\/fr\/\",\"logo\":{\"@type\":\"ImageObject\",\"inLanguage\":\"en-US\",\"@id\":\"https:\/\/smilesbydrslepchik.com\/fr\/#\/schema\/logo\/image\/\",\"url\":\"https:\/\/smilesbydrslepchik.com\/fr\/wp-content\/uploads\/sites\/2\/2024\/07\/logo-french@1x.png\",\"contentUrl\":\"https:\/\/smilesbydrslepchik.com\/fr\/wp-content\/uploads\/sites\/2\/2024\/07\/logo-french@1x.png\",\"width\":371,\"height\":67,\"caption\":\"Lenny Slepchik DDS\"},\"image\":{\"@id\":\"https:\/\/smilesbydrslepchik.com\/fr\/#\/schema\/logo\/image\/\"}}]}<\/script>\n<!-- \/ Yoast SEO plugin. -->","yoast_head_json":{"title":"L'\u00e9valuation de votre sourire - French - Dr. Lenny Slepchik, D.D.S.","description":"Le sourire a des cons\u00e9quences importantes sur l\u2019estime de soi. Beaucoup de gens ne sourient et ne rient pas parce qu\u2019ils ne sont pas \u00e0 l'aise avec leur sourire. Nous vous sugg\u00e9rons de vous poser ces questions.","robots":{"index":"index","follow":"follow","max-snippet":"max-snippet:-1","max-image-preview":"max-image-preview:large","max-video-preview":"max-video-preview:-1"},"canonical":"https:\/\/smilesbydrslepchik.com\/fr\/renseignements-pour-le-patient\/evaluation-de-votre-sourire\/","og_locale":"en_US","og_type":"article","og_title":"L'\u00e9valuation de votre sourire - French - Dr. Lenny Slepchik, D.D.S.","og_description":"Le sourire a des cons\u00e9quences importantes sur l\u2019estime de soi. Beaucoup de gens ne sourient et ne rient pas parce qu\u2019ils ne sont pas \u00e0 l'aise avec leur sourire. Nous vous sugg\u00e9rons de vous poser ces questions.","og_url":"https:\/\/smilesbydrslepchik.com\/fr\/renseignements-pour-le-patient\/evaluation-de-votre-sourire\/","og_site_name":"Lenny Slepchik DDS","article_modified_time":"2024-02-07T19:55:56+00:00","og_image":[{"width":2304,"height":540,"url":"https:\/\/smilesbydrslepchik.com\/fr\/wp-content\/uploads\/sites\/2\/2024\/01\/IMG-8077-upscaled-1.2x.jpg","type":"image\/jpeg"}],"twitter_card":"summary_large_image","twitter_misc":{"Est. reading time":"1 minute"},"schema":{"@context":"https:\/\/schema.org","@graph":[{"@type":"WebPage","@id":"https:\/\/smilesbydrslepchik.com\/fr\/renseignements-pour-le-patient\/evaluation-de-votre-sourire\/","url":"https:\/\/smilesbydrslepchik.com\/fr\/renseignements-pour-le-patient\/evaluation-de-votre-sourire\/","name":"L'\u00e9valuation de votre sourire - French - Dr. Lenny Slepchik, D.D.S.","isPartOf":{"@id":"https:\/\/smilesbydrslepchik.com\/fr\/#website"},"primaryImageOfPage":{"@id":"https:\/\/smilesbydrslepchik.com\/fr\/renseignements-pour-le-patient\/evaluation-de-votre-sourire\/#primaryimage"},"image":{"@id":"https:\/\/smilesbydrslepchik.com\/fr\/renseignements-pour-le-patient\/evaluation-de-votre-sourire\/#primaryimage"},"thumbnailUrl":"https:\/\/smilesbydrslepchik.com\/fr\/wp-content\/uploads\/sites\/2\/2024\/01\/IMG-8077-upscaled-1.2x.jpg","datePublished":"2018-01-24T13:47:09+00:00","dateModified":"2024-02-07T19:55:56+00:00","description":"Le sourire a des cons\u00e9quences importantes sur l\u2019estime de soi. Beaucoup de gens ne sourient et ne rient pas parce qu\u2019ils ne sont pas \u00e0 l'aise avec leur sourire. Nous vous sugg\u00e9rons de vous poser ces questions.","breadcrumb":{"@id":"https:\/\/smilesbydrslepchik.com\/fr\/renseignements-pour-le-patient\/evaluation-de-votre-sourire\/#breadcrumb"},"inLanguage":"en-US","potentialAction":[{"@type":"ReadAction","target":["https:\/\/smilesbydrslepchik.com\/fr\/renseignements-pour-le-patient\/evaluation-de-votre-sourire\/"]}]},{"@type":"ImageObject","inLanguage":"en-US","@id":"https:\/\/smilesbydrslepchik.com\/fr\/renseignements-pour-le-patient\/evaluation-de-votre-sourire\/#primaryimage","url":"https:\/\/smilesbydrslepchik.com\/fr\/wp-content\/uploads\/sites\/2\/2024\/01\/IMG-8077-upscaled-1.2x.jpg","contentUrl":"https:\/\/smilesbydrslepchik.com\/fr\/wp-content\/uploads\/sites\/2\/2024\/01\/IMG-8077-upscaled-1.2x.jpg","width":2304,"height":540,"caption":"IMG 8077 upscaled 1.2x"},{"@type":"BreadcrumbList","@id":"https:\/\/smilesbydrslepchik.com\/fr\/renseignements-pour-le-patient\/evaluation-de-votre-sourire\/#breadcrumb","itemListElement":[{"@type":"ListItem","position":1,"name":"Home","item":"https:\/\/smilesbydrslepchik.com\/fr\/"},{"@type":"ListItem","position":2,"name":"Renseignements pour le patient","item":"https:\/\/smilesbydrslepchik.com\/fr\/renseignements-pour-le-patient\/"},{"@type":"ListItem","position":3,"name":"L&#8217;\u00e9valuation de votre sourire"}]},{"@type":"WebSite","@id":"https:\/\/smilesbydrslepchik.com\/fr\/#website","url":"https:\/\/smilesbydrslepchik.com\/fr\/","name":"Lenny Slepchik DDS","description":"","publisher":{"@id":"https:\/\/smilesbydrslepchik.com\/fr\/#organization"},"potentialAction":[{"@type":"SearchAction","target":{"@type":"EntryPoint","urlTemplate":"https:\/\/smilesbydrslepchik.com\/fr\/?s={search_term_string}"},"query-input":{"@type":"PropertyValueSpecification","valueRequired":true,"valueName":"search_term_string"}}],"inLanguage":"en-US"},{"@type":"Organization","@id":"https:\/\/smilesbydrslepchik.com\/fr\/#organization","name":"Lenny Slepchik DDS","url":"https:\/\/smilesbydrslepchik.com\/fr\/","logo":{"@type":"ImageObject","inLanguage":"en-US","@id":"https:\/\/smilesbydrslepchik.com\/fr\/#\/schema\/logo\/image\/","url":"https:\/\/smilesbydrslepchik.com\/fr\/wp-content\/uploads\/sites\/2\/2024\/07\/logo-french@1x.png","contentUrl":"https:\/\/smilesbydrslepchik.com\/fr\/wp-content\/uploads\/sites\/2\/2024\/07\/logo-french@1x.png","width":371,"height":67,"caption":"Lenny Slepchik DDS"},"image":{"@id":"https:\/\/smilesbydrslepchik.com\/fr\/#\/schema\/logo\/image\/"}}]}},"featured_image_src":"https:\/\/smilesbydrslepchik.com\/fr\/wp-content\/uploads\/sites\/2\/2024\/01\/IMG-8077-upscaled-1.2x-600x400.jpg","featured_image_src_square":"https:\/\/smilesbydrslepchik.com\/fr\/wp-content\/uploads\/sites\/2\/2024\/01\/IMG-8077-upscaled-1.2x-600x540.jpg","_links":{"self":[{"href":"https:\/\/smilesbydrslepchik.com\/fr\/wp-json\/wp\/v2\/pages\/206","targetHints":{"allow":["GET"]}}],"collection":[{"href":"https:\/\/smilesbydrslepchik.com\/fr\/wp-json\/wp\/v2\/pages"}],"about":[{"href":"https:\/\/smilesbydrslepchik.com\/fr\/wp-json\/wp\/v2\/types\/page"}],"author":[{"embeddable":true,"href":"https:\/\/smilesbydrslepchik.com\/fr\/wp-json\/wp\/v2\/users\/47"}],"replies":[{"embeddable":true,"href":"https:\/\/smilesbydrslepchik.com\/fr\/wp-json\/wp\/v2\/comments?post=206"}],"version-history":[{"count":0,"href":"https:\/\/smilesbydrslepchik.com\/fr\/wp-json\/wp\/v2\/pages\/206\/revisions"}],"up":[{"embeddable":true,"href":"https:\/\/smilesbydrslepchik.com\/fr\/wp-json\/wp\/v2\/pages\/126"}],"wp:featuredmedia":[{"embeddable":true,"href":"https:\/\/smilesbydrslepchik.com\/fr\/wp-json\/wp\/v2\/media\/3682"}],"wp:attachment":[{"href":"https:\/\/smilesbydrslepchik.com\/fr\/wp-json\/wp\/v2\/media?parent=206"}],"curies":[{"name":"wp","href":"https:\/\/api.w.org\/{rel}","templated":true}]}}