
{"id":204,"date":"2018-01-24T13:45:27","date_gmt":"2018-01-24T13:45:27","guid":{"rendered":"https:\/\/smilesbydr2017.wpengine.com\/fr\/?page_id=204"},"modified":"2024-02-07T19:55:58","modified_gmt":"2024-02-07T19:55:58","slug":"relaxation-menu","status":"publish","type":"page","link":"https:\/\/smilesbydrslepchik.com\/fr\/renseignements-pour-le-patient\/relaxation-menu\/","title":{"rendered":"Menu relaxation"},"content":{"rendered":"\n\n\t\t\t\t<img loading=\"lazy\" decoding=\"async\" src=\"https:\/\/smilesbydrslepchik.com\/fr\/wp-content\/uploads\/sites\/2\/2023\/12\/IMG-4420-min-1-scaled-1-scaled-1.jpg\" alt=\"IMG 4420 min 1 scaled 1 scaled 1\" itemprop=\"image\" height=\"1115\" width=\"2560\" title=\"IMG 4420 min 1 scaled 1 scaled 1\" onerror=\"this.style.display='none'\"  \/>\n\t<p>Si vous d\u00e9sirez boire un caf\u00e9, un Perrier, ou de l&#8217;eau froide, n&#8217;h\u00e9sitez pas \u00e0 nous le demander. Le bonheur et le bien-\u00eatre de chacun est notre priorit\u00e9.<\/p>\n<h3>\n\t\tChoisissez lesquels vous voulez pour am\u00e9liorer votre experience :\n\t<\/h3>\n\t<ul>\n<li>Cin\u00e9-Med<br \/>\nRegardez un film, une s\u00e9rie t\u00e9l\u00e9vis\u00e9e, des vid\u00e9os de musique, etc. sur Netflix avec ces lunettes et nos \u00e9couteurs sans bruit pendant votre traitement. Le temps passera vite.<\/li>\n<li>Mr. Fuji<br \/>\nMassage chaud pour les \u00e9paules.<\/li>\n<li>IPod personnel<br \/>\n\u00c9coutez de la musique sur votre iPod ou demandez le n\u00f4tre.<\/li>\n<li>Couverture<br \/>\nAvez-vous froid\u00a0? N&#8217;h\u00e9sitez pas \u00e0 nous le dire.<\/li>\n<li>Protoxyde d&#8217;azote<br \/>\nUn gaz relaxant qui vous d\u00e9tend\u00a0pendant votre rendez-vous, tout en restant conscient(e). Nous le r\u00e9servons \u00e0 l&#8217;avance pour vous. Ajoutez de la musique et reposez-vous\u00a0!<\/li>\n<li>Balles antistress<br \/>\n\u00cates-vous tr\u00e8s nerveux et aimeriez-vous faire quelque chose avec vos mains\u00a0?<\/li>\n<li>Traitement de paraffine chaud pour les mains<br \/>\nD\u00e9sirez-vous avoir les mains douces\u00a0? Demandez-le d\u00e8s votre arriv\u00e9e.<\/li>\n<li>Chauffe-cou<\/li>\n<\/ul>\n\n","protected":false},"excerpt":{"rendered":"<p>Si vous d\u00e9sirez boire un caf\u00e9, un Perrier, ou de l&#8217;eau froide, n&#8217;h\u00e9sitez pas \u00e0 nous le demander. Le bonheur et le bien-\u00eatre de chacun est notre priorit\u00e9. Choisissez lesquels vous voulez pour am\u00e9liorer votre experience : Cin\u00e9-Med Regardez un film, une s\u00e9rie t\u00e9l\u00e9vis\u00e9e, des vid\u00e9os de musique, etc. sur Netflix avec ces lunettes et [&hellip;]<\/p>\n","protected":false},"author":47,"featured_media":0,"parent":126,"menu_order":0,"comment_status":"closed","ping_status":"closed","template":"","meta":{"site-sidebar-layout":"default","site-content-layout":null,"ast-site-content-layout":"","site-content-style":"default","site-sidebar-style":"default","ast-global-header-display":"","ast-banner-title-visibility":"","ast-main-header-display":"","ast-hfb-above-header-display":"","ast-hfb-below-header-display":null,"ast-hfb-mobile-header-display":"","site-post-title":"enabled","ast-breadcrumbs-content":null,"ast-featured-img":"","footer-sml-layout":"","theme-transparent-header-meta":"","adv-header-id-meta":"","stick-header-meta":null,"header-above-stick-meta":null,"header-main-stick-meta":null,"header-below-stick-meta":null,"astra-migrate-meta-layouts":"default","ast-page-background-enabled":"default","ast-page-background-meta":{"desktop":{"background-color":"var(--ast-global-color-4)","background-image":"","background-repeat":"repeat","background-position":"center center","background-size":"auto","background-attachment":"scroll","background-type":"","background-media":"","overlay-type":"","overlay-color":"","overlay-opacity":"","overlay-gradient":""},"tablet":{"background-color":"","background-image":"","background-repeat":"repeat","background-position":"center center","background-size":"auto","background-attachment":"scroll","background-type":"","background-media":"","overlay-type":"","overlay-color":"","overlay-opacity":"","overlay-gradient":""},"mobile":{"background-color":"","background-image":"","background-repeat":"repeat","background-position":"center center","background-size":"auto","background-attachment":"scroll","background-type":"","background-media":"","overlay-type":"","overlay-color":"","overlay-opacity":"","overlay-gradient":""}},"ast-content-background-meta":{"desktop":{"background-color":"var(--ast-global-color-5)","background-image":"","background-repeat":"repeat","background-position":"center center","background-size":"auto","background-attachment":"scroll","background-type":"","background-media":"","overlay-type":"","overlay-color":"","overlay-opacity":"","overlay-gradient":""},"tablet":{"background-color":"var(--ast-global-color-5)","background-image":"","background-repeat":"repeat","background-position":"center center","background-size":"auto","background-attachment":"scroll","background-type":"","background-media":"","overlay-type":"","overlay-color":"","overlay-opacity":"","overlay-gradient":""},"mobile":{"background-color":"var(--ast-global-color-5)","background-image":"","background-repeat":"repeat","background-position":"center center","background-size":"auto","background-attachment":"scroll","background-type":"","background-media":"","overlay-type":"","overlay-color":"","overlay-opacity":"","overlay-gradient":""}},"footnotes":""},"class_list":["post-204","page","type-page","status-publish","hentry"],"yoast_head":"<!-- This site is optimized with the Yoast SEO plugin v23.7 - https:\/\/yoast.com\/wordpress\/plugins\/seo\/ -->\n<title>Menu relaxation - French - Dr. Lenny Slepchik, D.D.S.<\/title>\n<meta name=\"robots\" content=\"index, follow, max-snippet:-1, max-image-preview:large, max-video-preview:-1\" \/>\n<link rel=\"canonical\" href=\"https:\/\/smilesbydrslepchik.com\/fr\/renseignements-pour-le-patient\/relaxation-menu\/\" \/>\n<meta property=\"og:locale\" content=\"en_US\" \/>\n<meta property=\"og:type\" content=\"article\" \/>\n<meta property=\"og:title\" content=\"Menu relaxation - French - Dr. Lenny Slepchik, D.D.S.\" \/>\n<meta property=\"og:description\" content=\"Si vous d\u00e9sirez boire un caf\u00e9, un Perrier, ou de l&#8217;eau froide, n&#8217;h\u00e9sitez pas \u00e0 nous le demander. Le bonheur et le bien-\u00eatre de chacun est notre priorit\u00e9. Choisissez lesquels vous voulez pour am\u00e9liorer votre experience : Cin\u00e9-Med Regardez un film, une s\u00e9rie t\u00e9l\u00e9vis\u00e9e, des vid\u00e9os de musique, etc. sur Netflix avec ces lunettes et [&hellip;]\" \/>\n<meta property=\"og:url\" content=\"https:\/\/smilesbydrslepchik.com\/fr\/renseignements-pour-le-patient\/relaxation-menu\/\" \/>\n<meta property=\"og:site_name\" content=\"Lenny Slepchik DDS\" \/>\n<meta property=\"article:modified_time\" content=\"2024-02-07T19:55:58+00:00\" \/>\n<meta property=\"og:image\" content=\"https:\/\/smilesbydrslepchik.com\/fr\/wp-content\/uploads\/sites\/2\/2023\/12\/IMG-4420-min-1-scaled-1-scaled-1.jpg\" \/>\n<meta name=\"twitter:card\" content=\"summary_large_image\" \/>\n<meta name=\"twitter:label1\" content=\"Est. reading time\" \/>\n\t<meta name=\"twitter:data1\" content=\"1 minute\" \/>\n<script type=\"application\/ld+json\" class=\"yoast-schema-graph\">{\"@context\":\"https:\/\/schema.org\",\"@graph\":[{\"@type\":\"WebPage\",\"@id\":\"https:\/\/smilesbydrslepchik.com\/fr\/renseignements-pour-le-patient\/relaxation-menu\/\",\"url\":\"https:\/\/smilesbydrslepchik.com\/fr\/renseignements-pour-le-patient\/relaxation-menu\/\",\"name\":\"Menu relaxation - French - Dr. Lenny Slepchik, D.D.S.\",\"isPartOf\":{\"@id\":\"https:\/\/smilesbydrslepchik.com\/fr\/#website\"},\"primaryImageOfPage\":{\"@id\":\"https:\/\/smilesbydrslepchik.com\/fr\/renseignements-pour-le-patient\/relaxation-menu\/#primaryimage\"},\"image\":{\"@id\":\"https:\/\/smilesbydrslepchik.com\/fr\/renseignements-pour-le-patient\/relaxation-menu\/#primaryimage\"},\"thumbnailUrl\":\"https:\/\/smilesbydrslepchik.com\/fr\/wp-content\/uploads\/sites\/2\/2023\/12\/IMG-4420-min-1-scaled-1-scaled-1.jpg\",\"datePublished\":\"2018-01-24T13:45:27+00:00\",\"dateModified\":\"2024-02-07T19:55:58+00:00\",\"breadcrumb\":{\"@id\":\"https:\/\/smilesbydrslepchik.com\/fr\/renseignements-pour-le-patient\/relaxation-menu\/#breadcrumb\"},\"inLanguage\":\"en-US\",\"potentialAction\":[{\"@type\":\"ReadAction\",\"target\":[\"https:\/\/smilesbydrslepchik.com\/fr\/renseignements-pour-le-patient\/relaxation-menu\/\"]}]},{\"@type\":\"ImageObject\",\"inLanguage\":\"en-US\",\"@id\":\"https:\/\/smilesbydrslepchik.com\/fr\/renseignements-pour-le-patient\/relaxation-menu\/#primaryimage\",\"url\":\"https:\/\/smilesbydrslepchik.com\/fr\/wp-content\/uploads\/sites\/2\/2023\/12\/IMG-4420-min-1-scaled-1-scaled-1.jpg\",\"contentUrl\":\"https:\/\/smilesbydrslepchik.com\/fr\/wp-content\/uploads\/sites\/2\/2023\/12\/IMG-4420-min-1-scaled-1-scaled-1.jpg\",\"width\":2560,\"height\":1115,\"caption\":\"IMG 4420 min 1 scaled 1 scaled 1\"},{\"@type\":\"BreadcrumbList\",\"@id\":\"https:\/\/smilesbydrslepchik.com\/fr\/renseignements-pour-le-patient\/relaxation-menu\/#breadcrumb\",\"itemListElement\":[{\"@type\":\"ListItem\",\"position\":1,\"name\":\"Home\",\"item\":\"https:\/\/smilesbydrslepchik.com\/fr\/\"},{\"@type\":\"ListItem\",\"position\":2,\"name\":\"Renseignements pour le patient\",\"item\":\"https:\/\/smilesbydrslepchik.com\/fr\/renseignements-pour-le-patient\/\"},{\"@type\":\"ListItem\",\"position\":3,\"name\":\"Menu relaxation\"}]},{\"@type\":\"WebSite\",\"@id\":\"https:\/\/smilesbydrslepchik.com\/fr\/#website\",\"url\":\"https:\/\/smilesbydrslepchik.com\/fr\/\",\"name\":\"Lenny Slepchik DDS\",\"description\":\"\",\"publisher\":{\"@id\":\"https:\/\/smilesbydrslepchik.com\/fr\/#organization\"},\"potentialAction\":[{\"@type\":\"SearchAction\",\"target\":{\"@type\":\"EntryPoint\",\"urlTemplate\":\"https:\/\/smilesbydrslepchik.com\/fr\/?s={search_term_string}\"},\"query-input\":{\"@type\":\"PropertyValueSpecification\",\"valueRequired\":true,\"valueName\":\"search_term_string\"}}],\"inLanguage\":\"en-US\"},{\"@type\":\"Organization\",\"@id\":\"https:\/\/smilesbydrslepchik.com\/fr\/#organization\",\"name\":\"Lenny Slepchik DDS\",\"url\":\"https:\/\/smilesbydrslepchik.com\/fr\/\",\"logo\":{\"@type\":\"ImageObject\",\"inLanguage\":\"en-US\",\"@id\":\"https:\/\/smilesbydrslepchik.com\/fr\/#\/schema\/logo\/image\/\",\"url\":\"https:\/\/smilesbydrslepchik.com\/fr\/wp-content\/uploads\/sites\/2\/2024\/07\/logo-french@1x.png\",\"contentUrl\":\"https:\/\/smilesbydrslepchik.com\/fr\/wp-content\/uploads\/sites\/2\/2024\/07\/logo-french@1x.png\",\"width\":371,\"height\":67,\"caption\":\"Lenny Slepchik DDS\"},\"image\":{\"@id\":\"https:\/\/smilesbydrslepchik.com\/fr\/#\/schema\/logo\/image\/\"}}]}<\/script>\n<!-- \/ Yoast SEO plugin. -->","yoast_head_json":{"title":"Menu relaxation - French - Dr. Lenny Slepchik, D.D.S.","robots":{"index":"index","follow":"follow","max-snippet":"max-snippet:-1","max-image-preview":"max-image-preview:large","max-video-preview":"max-video-preview:-1"},"canonical":"https:\/\/smilesbydrslepchik.com\/fr\/renseignements-pour-le-patient\/relaxation-menu\/","og_locale":"en_US","og_type":"article","og_title":"Menu relaxation - French - Dr. Lenny Slepchik, D.D.S.","og_description":"Si vous d\u00e9sirez boire un caf\u00e9, un Perrier, ou de l&#8217;eau froide, n&#8217;h\u00e9sitez pas \u00e0 nous le demander. Le bonheur et le bien-\u00eatre de chacun est notre priorit\u00e9. Choisissez lesquels vous voulez pour am\u00e9liorer votre experience : Cin\u00e9-Med Regardez un film, une s\u00e9rie t\u00e9l\u00e9vis\u00e9e, des vid\u00e9os de musique, etc. sur Netflix avec ces lunettes et [&hellip;]","og_url":"https:\/\/smilesbydrslepchik.com\/fr\/renseignements-pour-le-patient\/relaxation-menu\/","og_site_name":"Lenny Slepchik DDS","article_modified_time":"2024-02-07T19:55:58+00:00","og_image":[{"url":"https:\/\/smilesbydrslepchik.com\/fr\/wp-content\/uploads\/sites\/2\/2023\/12\/IMG-4420-min-1-scaled-1-scaled-1.jpg"}],"twitter_card":"summary_large_image","twitter_misc":{"Est. reading time":"1 minute"},"schema":{"@context":"https:\/\/schema.org","@graph":[{"@type":"WebPage","@id":"https:\/\/smilesbydrslepchik.com\/fr\/renseignements-pour-le-patient\/relaxation-menu\/","url":"https:\/\/smilesbydrslepchik.com\/fr\/renseignements-pour-le-patient\/relaxation-menu\/","name":"Menu relaxation - French - Dr. Lenny Slepchik, D.D.S.","isPartOf":{"@id":"https:\/\/smilesbydrslepchik.com\/fr\/#website"},"primaryImageOfPage":{"@id":"https:\/\/smilesbydrslepchik.com\/fr\/renseignements-pour-le-patient\/relaxation-menu\/#primaryimage"},"image":{"@id":"https:\/\/smilesbydrslepchik.com\/fr\/renseignements-pour-le-patient\/relaxation-menu\/#primaryimage"},"thumbnailUrl":"https:\/\/smilesbydrslepchik.com\/fr\/wp-content\/uploads\/sites\/2\/2023\/12\/IMG-4420-min-1-scaled-1-scaled-1.jpg","datePublished":"2018-01-24T13:45:27+00:00","dateModified":"2024-02-07T19:55:58+00:00","breadcrumb":{"@id":"https:\/\/smilesbydrslepchik.com\/fr\/renseignements-pour-le-patient\/relaxation-menu\/#breadcrumb"},"inLanguage":"en-US","potentialAction":[{"@type":"ReadAction","target":["https:\/\/smilesbydrslepchik.com\/fr\/renseignements-pour-le-patient\/relaxation-menu\/"]}]},{"@type":"ImageObject","inLanguage":"en-US","@id":"https:\/\/smilesbydrslepchik.com\/fr\/renseignements-pour-le-patient\/relaxation-menu\/#primaryimage","url":"https:\/\/smilesbydrslepchik.com\/fr\/wp-content\/uploads\/sites\/2\/2023\/12\/IMG-4420-min-1-scaled-1-scaled-1.jpg","contentUrl":"https:\/\/smilesbydrslepchik.com\/fr\/wp-content\/uploads\/sites\/2\/2023\/12\/IMG-4420-min-1-scaled-1-scaled-1.jpg","width":2560,"height":1115,"caption":"IMG 4420 min 1 scaled 1 scaled 1"},{"@type":"BreadcrumbList","@id":"https:\/\/smilesbydrslepchik.com\/fr\/renseignements-pour-le-patient\/relaxation-menu\/#breadcrumb","itemListElement":[{"@type":"ListItem","position":1,"name":"Home","item":"https:\/\/smilesbydrslepchik.com\/fr\/"},{"@type":"ListItem","position":2,"name":"Renseignements pour le patient","item":"https:\/\/smilesbydrslepchik.com\/fr\/renseignements-pour-le-patient\/"},{"@type":"ListItem","position":3,"name":"Menu relaxation"}]},{"@type":"WebSite","@id":"https:\/\/smilesbydrslepchik.com\/fr\/#website","url":"https:\/\/smilesbydrslepchik.com\/fr\/","name":"Lenny Slepchik DDS","description":"","publisher":{"@id":"https:\/\/smilesbydrslepchik.com\/fr\/#organization"},"potentialAction":[{"@type":"SearchAction","target":{"@type":"EntryPoint","urlTemplate":"https:\/\/smilesbydrslepchik.com\/fr\/?s={search_term_string}"},"query-input":{"@type":"PropertyValueSpecification","valueRequired":true,"valueName":"search_term_string"}}],"inLanguage":"en-US"},{"@type":"Organization","@id":"https:\/\/smilesbydrslepchik.com\/fr\/#organization","name":"Lenny Slepchik DDS","url":"https:\/\/smilesbydrslepchik.com\/fr\/","logo":{"@type":"ImageObject","inLanguage":"en-US","@id":"https:\/\/smilesbydrslepchik.com\/fr\/#\/schema\/logo\/image\/","url":"https:\/\/smilesbydrslepchik.com\/fr\/wp-content\/uploads\/sites\/2\/2024\/07\/logo-french@1x.png","contentUrl":"https:\/\/smilesbydrslepchik.com\/fr\/wp-content\/uploads\/sites\/2\/2024\/07\/logo-french@1x.png","width":371,"height":67,"caption":"Lenny Slepchik DDS"},"image":{"@id":"https:\/\/smilesbydrslepchik.com\/fr\/#\/schema\/logo\/image\/"}}]}},"featured_image_src":null,"featured_image_src_square":null,"_links":{"self":[{"href":"https:\/\/smilesbydrslepchik.com\/fr\/wp-json\/wp\/v2\/pages\/204","targetHints":{"allow":["GET"]}}],"collection":[{"href":"https:\/\/smilesbydrslepchik.com\/fr\/wp-json\/wp\/v2\/pages"}],"about":[{"href":"https:\/\/smilesbydrslepchik.com\/fr\/wp-json\/wp\/v2\/types\/page"}],"author":[{"embeddable":true,"href":"https:\/\/smilesbydrslepchik.com\/fr\/wp-json\/wp\/v2\/users\/47"}],"replies":[{"embeddable":true,"href":"https:\/\/smilesbydrslepchik.com\/fr\/wp-json\/wp\/v2\/comments?post=204"}],"version-history":[{"count":0,"href":"https:\/\/smilesbydrslepchik.com\/fr\/wp-json\/wp\/v2\/pages\/204\/revisions"}],"up":[{"embeddable":true,"href":"https:\/\/smilesbydrslepchik.com\/fr\/wp-json\/wp\/v2\/pages\/126"}],"wp:attachment":[{"href":"https:\/\/smilesbydrslepchik.com\/fr\/wp-json\/wp\/v2\/media?parent=204"}],"curies":[{"name":"wp","href":"https:\/\/api.w.org\/{rel}","templated":true}]}}