
{"id":198,"date":"2018-01-23T22:06:36","date_gmt":"2018-01-23T22:06:36","guid":{"rendered":"https:\/\/smilesbydr2017.wpengine.com\/fr\/?page_id=198"},"modified":"2025-11-13T22:07:44","modified_gmt":"2025-11-13T22:07:44","slug":"protheses-dentaires-sur-des-implants","status":"publish","type":"page","link":"https:\/\/smilesbydrslepchik.com\/fr\/nos-soins-dentaires\/protheses-dentaires-sur-des-implants\/","title":{"rendered":"Proth\u00e8ses sur Implants Montr\u00e9al"},"content":{"rendered":"\n\n\t\t\t\t<img loading=\"lazy\" decoding=\"async\" src=\"https:\/\/smilesbydrslepchik.com\/fr\/wp-content\/uploads\/sites\/2\/2023\/12\/iStock-000045040090-Medium-cropped.jpg\" alt=\"iStock 000045040090 Medium cropped\" itemprop=\"image\" height=\"584\" width=\"1920\" title=\"iStock 000045040090 Medium cropped\" onerror=\"this.style.display='none'\"  \/>\n<h2>\n\t\tOptions de proth\u00e8ses sur implants\n\t<\/h2>\n\t\t\t\t<img loading=\"lazy\" decoding=\"async\" src=\"https:\/\/smilesbydrslepchik.com\/fr\/wp-content\/uploads\/sites\/2\/2023\/12\/Straumann-Fr.jpg\" alt=\"Straumann Fr\" itemprop=\"image\" height=\"187\" width=\"360\" title=\"Straumann Fr\" onerror=\"this.style.display='none'\"  \/>\n\t\tDentier soutenu par des implants\n\t<p>Le Dr Slepchik restaure les implants dans son cabinet dentaire au centre-ville de Montr\u00e9al. Il vous explique plusieurs options de restaurer vos implants dentaires; de la couronne unique sur un implant \u00e0 la proth\u00e8se compl\u00e8te fix\u00e9e sur des implants.<\/p>\n<p>Les proth\u00e8ses compl\u00e8tes sur des implants sont une avantage significante en la dentisterie r\u00e9storative. Cette m\u00e9thode de remplacement des dents combine l&#8217;avantage des dentiers complets et la s\u00e9curit\u00e9 des implants dentaires,<\/p>\n\t<p>Dans le cas des proth\u00e8ses sur implants, les implants servent comme ancres. Il y a la stabilit\u00e9 de l&#8217;os,qui couvre le titane. L&#8217;appui de l&#8217;implant fournit une structure qui accepte le dentier; ce dentier rentre mieux avec une meilleure stabilit\u00e9. Vous enlevez le dentier une fois par jour seulement pour le nettoyer. Il reste tout le temps dans la bouche. Ce proth\u00e8se sur implants fournit une stabilit\u00e9 et un confort maximum. Il am\u00e9liore votre sant\u00e9 dentaire autant que votre apparence.<\/p>\n<h2>\n\t\tQue se passe-t-il pendant le processus des implants dentaires?\n\t<\/h2>\n\t<p>Pendant la chirurgie, une racine de titane est plac\u00e9e dans l&#8217;os de la m\u00e2choire. Celle-ci remplace de fa\u00e7on stable la racine de la dent manquante. Cette chirurgie a besoin de temps pour gu\u00e9rir; la p\u00e9riode de gu\u00e9rison\u00a0 varie d&#8217;un patient \u00e0 l&#8217;autre.\u00a0 \u00a0Habituellement c&#8217;est entre 6 semaines \u00e0 4 mois; pendant cette p\u00e9riode, l&#8217;implant est en int\u00e9gration. Lorsque la gu\u00e9rison est termin\u00e9e, un pilier est ajout\u00e9 sur l&#8217;implant pour recevoir une couronne. Nous prenons une empreinte num\u00e9rique avec Itero. Une couronne, un pont ou une proth\u00e8se compl\u00e8te sur implants sont fabriqu\u00e9s par notre laboratoire, avec l&#8217;ordonqannce et ses commentaires.<\/p>\n\t\t\t\t<img loading=\"lazy\" decoding=\"async\" src=\"https:\/\/smilesbydrslepchik.com\/fr\/wp-content\/uploads\/sites\/2\/2023\/12\/implant-supported-dentures-1.jpg\" alt=\"implant supported dentures 1\" itemprop=\"image\" height=\"220\" width=\"310\" title=\"implant supported dentures 1\" onerror=\"this.style.display='none'\"  \/>\n\t\tImplants maxillaires et mandibulaires en place.\n\t\t\t\t<img loading=\"lazy\" decoding=\"async\" src=\"https:\/\/smilesbydrslepchik.com\/fr\/wp-content\/uploads\/sites\/2\/2023\/12\/implant-supported-dentures-2.jpg\" alt=\"implant supported dentures 2\" itemprop=\"image\" height=\"220\" width=\"310\" title=\"implant supported dentures 2\" onerror=\"this.style.display='none'\"  \/>\n\t\tBarre maxillaire attach\u00e9e aux implants pour le soutien.\n\t\t\t\t<img loading=\"lazy\" decoding=\"async\" src=\"https:\/\/smilesbydrslepchik.com\/fr\/wp-content\/uploads\/sites\/2\/2023\/12\/implant-supported-dentures-3.jpg\" alt=\"implant supported dentures 3\" itemprop=\"image\" height=\"220\" width=\"310\" title=\"implant supported dentures 3\" onerror=\"this.style.display='none'\"  \/>\n\t\tSurface interne de la proth\u00e8se qui se fixera aux implants.\n\t\t\t\t<img loading=\"lazy\" decoding=\"async\" src=\"https:\/\/smilesbydrslepchik.com\/fr\/wp-content\/uploads\/sites\/2\/2023\/12\/implant-supported-dentures-4.jpg\" alt=\"implant supported dentures 4\" itemprop=\"image\" height=\"220\" width=\"310\" title=\"implant supported dentures 4\" onerror=\"this.style.display='none'\"  \/>\n\t\tLes deux proth\u00e8ses en place\n<h2>\n\t\tQuels sont les b\u00e9n\u00e9fices des proth\u00e8ses sur  implants?\n\t<\/h2>\n\tUne dent manquante a des effets s\u00e9v\u00e8res qui mettent en danger des dents saines. Votre capacit\u00e9 \u00e0 mastiquer est limit\u00e9e et vous manquerez les bons nutriments dans votre nourriture. Lorsque qu&#8217;il y a un espace dans la bouche d&#8217;une dent manquante, les autres dents vont bouger pour fermer cet espace; vous vous retrouverez donc avec des dents inclin\u00e9es et croches. Le tout a des cons\u00e9quences \u00e9normes sur votre apparence. Vos joues vont se creuser. Nous avons remarqu\u00e9 qu&#8217;un nouveau patient avec des dents manquantes se cache et\u00a0 a souvent peur de sourire.\u00a0 Vous aurez honte en parlant avec un(e) ami(e) et le dentier glisse. Avec le dentier sur des implants, il n&#8217;y a plus de glissage.<strong><br \/>\n<\/strong>\n<p>Le Dr Slepchik travaille avec son \u00e9quipe dentaire, incluant un chirurgien dentiste pour faire la chirurgie des implants et une c\u00e9ramiste dentaire qui fabrique le proth\u00e8se selon ses specifications. La couleur, les petits d\u00e9tailles et les empreintes son prises par\u00a0 le Dr Slepchik. Notre hygeniste dentaire vous apprendra comment nettoyer votre proth\u00e8se sur implants une fois par jour.<\/p>\n<p>Le Dr Slepchik m\u00e9lange la science et l&#8217;art dentaire pour vous donner le meilleur r\u00e9sultat.<\/p>\n<h3>\n\t\tNotre patient a perdu toutes les dents\n\t<\/h3>\n\t\t\t\t<img loading=\"lazy\" decoding=\"async\" src=\"https:\/\/smilesbydrslepchik.com\/fr\/wp-content\/uploads\/sites\/2\/2023\/12\/IMG-0397-2-scaled-1.jpg\" alt=\"IMG 0397 2 scaled 1\" itemprop=\"image\" height=\"1506\" width=\"2560\" title=\"IMG 0397 2 scaled 1\" onerror=\"this.style.display='none'\"  \/>\n\t\tLes implants en place\n\t\t\t\t<img loading=\"lazy\" decoding=\"async\" src=\"https:\/\/smilesbydrslepchik.com\/fr\/wp-content\/uploads\/sites\/2\/2023\/12\/IMG-0713-2.jpg\" alt=\"IMG 0713 2\" itemprop=\"image\" height=\"857\" width=\"1811\" title=\"IMG 0713 2\" onerror=\"this.style.display='none'\"  \/>\n\t\tNotre patient heureux avec son beau sourire qui peut tout manger\n\t\t\t\t<img loading=\"lazy\" decoding=\"async\" src=\"https:\/\/smilesbydrslepchik.com\/fr\/wp-content\/uploads\/sites\/2\/2023\/12\/IMG-0712-2.jpg\" alt=\"IMG 0712 2\" itemprop=\"image\" height=\"1431\" width=\"1936\" title=\"IMG 0712 2\" onerror=\"this.style.display='none'\"  \/>\n\t\tLes attaches qui stabilisent son dentier au complet\n\n","protected":false},"excerpt":{"rendered":"<p>Options de proth\u00e8ses sur implants Dentier soutenu par des implants Le Dr Slepchik restaure les implants dans son cabinet dentaire au centre-ville de Montr\u00e9al. Il vous explique plusieurs options de restaurer vos implants dentaires; de la couronne unique sur un implant \u00e0 la proth\u00e8se compl\u00e8te fix\u00e9e sur des implants. Les proth\u00e8ses compl\u00e8tes sur des implants [&hellip;]<\/p>\n","protected":false},"author":47,"featured_media":3679,"parent":124,"menu_order":0,"comment_status":"closed","ping_status":"closed","template":"","meta":{"site-sidebar-layout":"default","site-content-layout":"","ast-site-content-layout":"default","site-content-style":"default","site-sidebar-style":"default","ast-global-header-display":"","ast-banner-title-visibility":"","ast-main-header-display":"","ast-hfb-above-header-display":"","ast-hfb-below-header-display":"","ast-hfb-mobile-header-display":"","site-post-title":"","ast-breadcrumbs-content":"","ast-featured-img":"","footer-sml-layout":"","theme-transparent-header-meta":"default","adv-header-id-meta":"","stick-header-meta":"default","header-above-stick-meta":"","header-main-stick-meta":"","header-below-stick-meta":"","astra-migrate-meta-layouts":"set","ast-page-background-enabled":"default","ast-page-background-meta":{"desktop":{"background-color":"var(--ast-global-color-4)","background-image":"","background-repeat":"repeat","background-position":"center center","background-size":"auto","background-attachment":"scroll","background-type":"","background-media":"","overlay-type":"","overlay-color":"","overlay-opacity":"","overlay-gradient":""},"tablet":{"background-color":"","background-image":"","background-repeat":"repeat","background-position":"center center","background-size":"auto","background-attachment":"scroll","background-type":"","background-media":"","overlay-type":"","overlay-color":"","overlay-opacity":"","overlay-gradient":""},"mobile":{"background-color":"","background-image":"","background-repeat":"repeat","background-position":"center center","background-size":"auto","background-attachment":"scroll","background-type":"","background-media":"","overlay-type":"","overlay-color":"","overlay-opacity":"","overlay-gradient":""}},"ast-content-background-meta":{"desktop":{"background-color":"var(--ast-global-color-5)","background-image":"","background-repeat":"repeat","background-position":"center center","background-size":"auto","background-attachment":"scroll","background-type":"","background-media":"","overlay-type":"","overlay-color":"","overlay-opacity":"","overlay-gradient":""},"tablet":{"background-color":"var(--ast-global-color-5)","background-image":"","background-repeat":"repeat","background-position":"center center","background-size":"auto","background-attachment":"scroll","background-type":"","background-media":"","overlay-type":"","overlay-color":"","overlay-opacity":"","overlay-gradient":""},"mobile":{"background-color":"var(--ast-global-color-5)","background-image":"","background-repeat":"repeat","background-position":"center center","background-size":"auto","background-attachment":"scroll","background-type":"","background-media":"","overlay-type":"","overlay-color":"","overlay-opacity":"","overlay-gradient":""}},"footnotes":""},"class_list":["post-198","page","type-page","status-publish","has-post-thumbnail","hentry"],"yoast_head":"<!-- This site is optimized with the Yoast SEO plugin v23.7 - https:\/\/yoast.com\/wordpress\/plugins\/seo\/ -->\n<title>Proth\u00e8ses sur implants Montr\u00e9al - Lenny Slepchik DDS<\/title>\n<meta name=\"description\" content=\"Proth\u00e8ses sur implants \u00e0 Montr\u00e9al. Combinez le confort, la s\u00e9curit\u00e9 et la stabilit\u00e9 portant des proth\u00e8ses sur implants. De plus, vous pourrez mastiquer mieux et ben\u00e9ficer d&#039;une meilleure alimentation en m\u00eame temps.\" \/>\n<meta name=\"robots\" content=\"index, follow, max-snippet:-1, max-image-preview:large, max-video-preview:-1\" \/>\n<link rel=\"canonical\" href=\"https:\/\/smilesbydrslepchik.com\/fr\/nos-soins-dentaires\/protheses-dentaires-sur-des-implants\/\" \/>\n<meta property=\"og:locale\" content=\"en_US\" \/>\n<meta property=\"og:type\" content=\"article\" \/>\n<meta property=\"og:title\" content=\"Proth\u00e8ses sur implants Montr\u00e9al - Lenny Slepchik DDS\" \/>\n<meta property=\"og:description\" content=\"Proth\u00e8ses sur implants \u00e0 Montr\u00e9al. Combinez le confort, la s\u00e9curit\u00e9 et la stabilit\u00e9 portant des proth\u00e8ses sur implants. De plus, vous pourrez mastiquer mieux et ben\u00e9ficer d&#039;une meilleure alimentation en m\u00eame temps.\" \/>\n<meta property=\"og:url\" content=\"https:\/\/smilesbydrslepchik.com\/fr\/nos-soins-dentaires\/protheses-dentaires-sur-des-implants\/\" \/>\n<meta property=\"og:site_name\" content=\"Lenny Slepchik DDS\" \/>\n<meta property=\"article:modified_time\" content=\"2025-11-13T22:07:44+00:00\" \/>\n<meta property=\"og:image\" content=\"https:\/\/smilesbydrslepchik.com\/fr\/wp-content\/uploads\/sites\/2\/2024\/01\/af567667f4bbd79dd6af4a89ffab407a-1.2x.jpg\" \/>\n\t<meta property=\"og:image:width\" content=\"2304\" \/>\n\t<meta property=\"og:image:height\" content=\"540\" \/>\n\t<meta property=\"og:image:type\" content=\"image\/jpeg\" \/>\n<meta name=\"twitter:card\" content=\"summary_large_image\" \/>\n<meta name=\"twitter:label1\" content=\"Est. reading time\" \/>\n\t<meta name=\"twitter:data1\" content=\"5 minutes\" \/>\n<script type=\"application\/ld+json\" class=\"yoast-schema-graph\">{\"@context\":\"https:\/\/schema.org\",\"@graph\":[{\"@type\":\"WebPage\",\"@id\":\"https:\/\/smilesbydrslepchik.com\/fr\/nos-soins-dentaires\/protheses-dentaires-sur-des-implants\/\",\"url\":\"https:\/\/smilesbydrslepchik.com\/fr\/nos-soins-dentaires\/protheses-dentaires-sur-des-implants\/\",\"name\":\"Proth\u00e8ses sur implants Montr\u00e9al - Lenny Slepchik DDS\",\"isPartOf\":{\"@id\":\"https:\/\/smilesbydrslepchik.com\/fr\/#website\"},\"primaryImageOfPage\":{\"@id\":\"https:\/\/smilesbydrslepchik.com\/fr\/nos-soins-dentaires\/protheses-dentaires-sur-des-implants\/#primaryimage\"},\"image\":{\"@id\":\"https:\/\/smilesbydrslepchik.com\/fr\/nos-soins-dentaires\/protheses-dentaires-sur-des-implants\/#primaryimage\"},\"thumbnailUrl\":\"https:\/\/smilesbydrslepchik.com\/fr\/wp-content\/uploads\/sites\/2\/2024\/01\/af567667f4bbd79dd6af4a89ffab407a-1.2x.jpg\",\"datePublished\":\"2018-01-23T22:06:36+00:00\",\"dateModified\":\"2025-11-13T22:07:44+00:00\",\"description\":\"Proth\u00e8ses sur implants \u00e0 Montr\u00e9al. Combinez le confort, la s\u00e9curit\u00e9 et la stabilit\u00e9 portant des proth\u00e8ses sur implants. De plus, vous pourrez mastiquer mieux et ben\u00e9ficer d'une meilleure alimentation en m\u00eame temps.\",\"breadcrumb\":{\"@id\":\"https:\/\/smilesbydrslepchik.com\/fr\/nos-soins-dentaires\/protheses-dentaires-sur-des-implants\/#breadcrumb\"},\"inLanguage\":\"en-US\",\"potentialAction\":[{\"@type\":\"ReadAction\",\"target\":[\"https:\/\/smilesbydrslepchik.com\/fr\/nos-soins-dentaires\/protheses-dentaires-sur-des-implants\/\"]}]},{\"@type\":\"ImageObject\",\"inLanguage\":\"en-US\",\"@id\":\"https:\/\/smilesbydrslepchik.com\/fr\/nos-soins-dentaires\/protheses-dentaires-sur-des-implants\/#primaryimage\",\"url\":\"https:\/\/smilesbydrslepchik.com\/fr\/wp-content\/uploads\/sites\/2\/2024\/01\/af567667f4bbd79dd6af4a89ffab407a-1.2x.jpg\",\"contentUrl\":\"https:\/\/smilesbydrslepchik.com\/fr\/wp-content\/uploads\/sites\/2\/2024\/01\/af567667f4bbd79dd6af4a89ffab407a-1.2x.jpg\",\"width\":2304,\"height\":540,\"caption\":\"af567667f4bbd79dd6af4a89ffab407a 1.2x\"},{\"@type\":\"BreadcrumbList\",\"@id\":\"https:\/\/smilesbydrslepchik.com\/fr\/nos-soins-dentaires\/protheses-dentaires-sur-des-implants\/#breadcrumb\",\"itemListElement\":[{\"@type\":\"ListItem\",\"position\":1,\"name\":\"Home\",\"item\":\"https:\/\/smilesbydrslepchik.com\/fr\/\"},{\"@type\":\"ListItem\",\"position\":2,\"name\":\"Soins Dentaires Montr\u00e9al\",\"item\":\"https:\/\/smilesbydrslepchik.com\/fr\/nos-soins-dentaires\/\"},{\"@type\":\"ListItem\",\"position\":3,\"name\":\"Proth\u00e8ses sur Implants Montr\u00e9al\"}]},{\"@type\":\"WebSite\",\"@id\":\"https:\/\/smilesbydrslepchik.com\/fr\/#website\",\"url\":\"https:\/\/smilesbydrslepchik.com\/fr\/\",\"name\":\"Lenny Slepchik DDS\",\"description\":\"\",\"publisher\":{\"@id\":\"https:\/\/smilesbydrslepchik.com\/fr\/#organization\"},\"potentialAction\":[{\"@type\":\"SearchAction\",\"target\":{\"@type\":\"EntryPoint\",\"urlTemplate\":\"https:\/\/smilesbydrslepchik.com\/fr\/?s={search_term_string}\"},\"query-input\":{\"@type\":\"PropertyValueSpecification\",\"valueRequired\":true,\"valueName\":\"search_term_string\"}}],\"inLanguage\":\"en-US\"},{\"@type\":\"Organization\",\"@id\":\"https:\/\/smilesbydrslepchik.com\/fr\/#organization\",\"name\":\"Lenny Slepchik DDS\",\"url\":\"https:\/\/smilesbydrslepchik.com\/fr\/\",\"logo\":{\"@type\":\"ImageObject\",\"inLanguage\":\"en-US\",\"@id\":\"https:\/\/smilesbydrslepchik.com\/fr\/#\/schema\/logo\/image\/\",\"url\":\"https:\/\/smilesbydrslepchik.com\/fr\/wp-content\/uploads\/sites\/2\/2024\/07\/logo-french@1x.png\",\"contentUrl\":\"https:\/\/smilesbydrslepchik.com\/fr\/wp-content\/uploads\/sites\/2\/2024\/07\/logo-french@1x.png\",\"width\":371,\"height\":67,\"caption\":\"Lenny Slepchik DDS\"},\"image\":{\"@id\":\"https:\/\/smilesbydrslepchik.com\/fr\/#\/schema\/logo\/image\/\"}}]}<\/script>\n<!-- \/ Yoast SEO plugin. -->","yoast_head_json":{"title":"Proth\u00e8ses sur implants Montr\u00e9al - Lenny Slepchik DDS","description":"Proth\u00e8ses sur implants \u00e0 Montr\u00e9al. Combinez le confort, la s\u00e9curit\u00e9 et la stabilit\u00e9 portant des proth\u00e8ses sur implants. De plus, vous pourrez mastiquer mieux et ben\u00e9ficer d'une meilleure alimentation en m\u00eame temps.","robots":{"index":"index","follow":"follow","max-snippet":"max-snippet:-1","max-image-preview":"max-image-preview:large","max-video-preview":"max-video-preview:-1"},"canonical":"https:\/\/smilesbydrslepchik.com\/fr\/nos-soins-dentaires\/protheses-dentaires-sur-des-implants\/","og_locale":"en_US","og_type":"article","og_title":"Proth\u00e8ses sur implants Montr\u00e9al - Lenny Slepchik DDS","og_description":"Proth\u00e8ses sur implants \u00e0 Montr\u00e9al. Combinez le confort, la s\u00e9curit\u00e9 et la stabilit\u00e9 portant des proth\u00e8ses sur implants. De plus, vous pourrez mastiquer mieux et ben\u00e9ficer d'une meilleure alimentation en m\u00eame temps.","og_url":"https:\/\/smilesbydrslepchik.com\/fr\/nos-soins-dentaires\/protheses-dentaires-sur-des-implants\/","og_site_name":"Lenny Slepchik DDS","article_modified_time":"2025-11-13T22:07:44+00:00","og_image":[{"width":2304,"height":540,"url":"https:\/\/smilesbydrslepchik.com\/fr\/wp-content\/uploads\/sites\/2\/2024\/01\/af567667f4bbd79dd6af4a89ffab407a-1.2x.jpg","type":"image\/jpeg"}],"twitter_card":"summary_large_image","twitter_misc":{"Est. reading time":"5 minutes"},"schema":{"@context":"https:\/\/schema.org","@graph":[{"@type":"WebPage","@id":"https:\/\/smilesbydrslepchik.com\/fr\/nos-soins-dentaires\/protheses-dentaires-sur-des-implants\/","url":"https:\/\/smilesbydrslepchik.com\/fr\/nos-soins-dentaires\/protheses-dentaires-sur-des-implants\/","name":"Proth\u00e8ses sur implants Montr\u00e9al - Lenny Slepchik DDS","isPartOf":{"@id":"https:\/\/smilesbydrslepchik.com\/fr\/#website"},"primaryImageOfPage":{"@id":"https:\/\/smilesbydrslepchik.com\/fr\/nos-soins-dentaires\/protheses-dentaires-sur-des-implants\/#primaryimage"},"image":{"@id":"https:\/\/smilesbydrslepchik.com\/fr\/nos-soins-dentaires\/protheses-dentaires-sur-des-implants\/#primaryimage"},"thumbnailUrl":"https:\/\/smilesbydrslepchik.com\/fr\/wp-content\/uploads\/sites\/2\/2024\/01\/af567667f4bbd79dd6af4a89ffab407a-1.2x.jpg","datePublished":"2018-01-23T22:06:36+00:00","dateModified":"2025-11-13T22:07:44+00:00","description":"Proth\u00e8ses sur implants \u00e0 Montr\u00e9al. Combinez le confort, la s\u00e9curit\u00e9 et la stabilit\u00e9 portant des proth\u00e8ses sur implants. De plus, vous pourrez mastiquer mieux et ben\u00e9ficer d'une meilleure alimentation en m\u00eame temps.","breadcrumb":{"@id":"https:\/\/smilesbydrslepchik.com\/fr\/nos-soins-dentaires\/protheses-dentaires-sur-des-implants\/#breadcrumb"},"inLanguage":"en-US","potentialAction":[{"@type":"ReadAction","target":["https:\/\/smilesbydrslepchik.com\/fr\/nos-soins-dentaires\/protheses-dentaires-sur-des-implants\/"]}]},{"@type":"ImageObject","inLanguage":"en-US","@id":"https:\/\/smilesbydrslepchik.com\/fr\/nos-soins-dentaires\/protheses-dentaires-sur-des-implants\/#primaryimage","url":"https:\/\/smilesbydrslepchik.com\/fr\/wp-content\/uploads\/sites\/2\/2024\/01\/af567667f4bbd79dd6af4a89ffab407a-1.2x.jpg","contentUrl":"https:\/\/smilesbydrslepchik.com\/fr\/wp-content\/uploads\/sites\/2\/2024\/01\/af567667f4bbd79dd6af4a89ffab407a-1.2x.jpg","width":2304,"height":540,"caption":"af567667f4bbd79dd6af4a89ffab407a 1.2x"},{"@type":"BreadcrumbList","@id":"https:\/\/smilesbydrslepchik.com\/fr\/nos-soins-dentaires\/protheses-dentaires-sur-des-implants\/#breadcrumb","itemListElement":[{"@type":"ListItem","position":1,"name":"Home","item":"https:\/\/smilesbydrslepchik.com\/fr\/"},{"@type":"ListItem","position":2,"name":"Soins Dentaires Montr\u00e9al","item":"https:\/\/smilesbydrslepchik.com\/fr\/nos-soins-dentaires\/"},{"@type":"ListItem","position":3,"name":"Proth\u00e8ses sur Implants Montr\u00e9al"}]},{"@type":"WebSite","@id":"https:\/\/smilesbydrslepchik.com\/fr\/#website","url":"https:\/\/smilesbydrslepchik.com\/fr\/","name":"Lenny Slepchik DDS","description":"","publisher":{"@id":"https:\/\/smilesbydrslepchik.com\/fr\/#organization"},"potentialAction":[{"@type":"SearchAction","target":{"@type":"EntryPoint","urlTemplate":"https:\/\/smilesbydrslepchik.com\/fr\/?s={search_term_string}"},"query-input":{"@type":"PropertyValueSpecification","valueRequired":true,"valueName":"search_term_string"}}],"inLanguage":"en-US"},{"@type":"Organization","@id":"https:\/\/smilesbydrslepchik.com\/fr\/#organization","name":"Lenny Slepchik DDS","url":"https:\/\/smilesbydrslepchik.com\/fr\/","logo":{"@type":"ImageObject","inLanguage":"en-US","@id":"https:\/\/smilesbydrslepchik.com\/fr\/#\/schema\/logo\/image\/","url":"https:\/\/smilesbydrslepchik.com\/fr\/wp-content\/uploads\/sites\/2\/2024\/07\/logo-french@1x.png","contentUrl":"https:\/\/smilesbydrslepchik.com\/fr\/wp-content\/uploads\/sites\/2\/2024\/07\/logo-french@1x.png","width":371,"height":67,"caption":"Lenny Slepchik DDS"},"image":{"@id":"https:\/\/smilesbydrslepchik.com\/fr\/#\/schema\/logo\/image\/"}}]}},"featured_image_src":"https:\/\/smilesbydrslepchik.com\/fr\/wp-content\/uploads\/sites\/2\/2024\/01\/af567667f4bbd79dd6af4a89ffab407a-1.2x-600x400.jpg","featured_image_src_square":"https:\/\/smilesbydrslepchik.com\/fr\/wp-content\/uploads\/sites\/2\/2024\/01\/af567667f4bbd79dd6af4a89ffab407a-1.2x-600x540.jpg","_links":{"self":[{"href":"https:\/\/smilesbydrslepchik.com\/fr\/wp-json\/wp\/v2\/pages\/198","targetHints":{"allow":["GET"]}}],"collection":[{"href":"https:\/\/smilesbydrslepchik.com\/fr\/wp-json\/wp\/v2\/pages"}],"about":[{"href":"https:\/\/smilesbydrslepchik.com\/fr\/wp-json\/wp\/v2\/types\/page"}],"author":[{"embeddable":true,"href":"https:\/\/smilesbydrslepchik.com\/fr\/wp-json\/wp\/v2\/users\/47"}],"replies":[{"embeddable":true,"href":"https:\/\/smilesbydrslepchik.com\/fr\/wp-json\/wp\/v2\/comments?post=198"}],"version-history":[{"count":0,"href":"https:\/\/smilesbydrslepchik.com\/fr\/wp-json\/wp\/v2\/pages\/198\/revisions"}],"up":[{"embeddable":true,"href":"https:\/\/smilesbydrslepchik.com\/fr\/wp-json\/wp\/v2\/pages\/124"}],"wp:featuredmedia":[{"embeddable":true,"href":"https:\/\/smilesbydrslepchik.com\/fr\/wp-json\/wp\/v2\/media\/3679"}],"wp:attachment":[{"href":"https:\/\/smilesbydrslepchik.com\/fr\/wp-json\/wp\/v2\/media?parent=198"}],"curies":[{"name":"wp","href":"https:\/\/api.w.org\/{rel}","templated":true}]}}