
{"id":197,"date":"2018-01-23T22:02:09","date_gmt":"2018-01-23T22:02:09","guid":{"rendered":"https:\/\/smilesbydr2017.wpengine.com\/fr\/?page_id=197"},"modified":"2025-11-13T22:12:44","modified_gmt":"2025-11-13T22:12:44","slug":"le-traitement-des-gencive","status":"publish","type":"page","link":"https:\/\/smilesbydrslepchik.com\/fr\/nos-soins-dentaires\/dentisterie-generale\/le-traitement-des-gencive\/","title":{"rendered":"Traitement des maladies des gencives \u00e0 Montr\u00e9al"},"content":{"rendered":"\n\n\t\t\t\t<img loading=\"lazy\" decoding=\"async\" src=\"https:\/\/smilesbydrslepchik.com\/fr\/wp-content\/uploads\/sites\/2\/2023\/12\/iStock-000045040090-Medium-cropped.jpg\" alt=\"iStock 000045040090 Medium cropped\" itemprop=\"image\" height=\"584\" width=\"1920\" title=\"iStock 000045040090 Medium cropped\" onerror=\"this.style.display='none'\"  \/>\n\t\t\t\t<img loading=\"lazy\" decoding=\"async\" src=\"https:\/\/smilesbydrslepchik.com\/fr\/wp-content\/uploads\/sites\/2\/2023\/12\/Slide8.jpg\" alt=\"Slide8\" itemprop=\"image\" height=\"720\" width=\"960\" title=\"Slide8\" onerror=\"this.style.display='none'\"  \/>\n<h3>\n\t\tQu-est-ce qu c&#8217;est la maladie parodontale?\n\t<\/h3>\n\t<p>Nous savons qu&#8217;une maladie des gencives non trait\u00e9e peut mener \u00e0 des probl\u00e8mes de sant\u00e9 tr\u00e8s graves. La maladie parodontale peut \u00eatre la cause de plusieurs probl\u00e8mes de sant\u00e9 graves, comme une maladie cardiaque, un accident vasculaire c\u00e9r\u00e9bral, l&#8217;ost\u00e9oporose, les naissances pr\u00e9matur\u00e9es et un faible poids \u00e0 la naissance, etc.<\/p>\n<h3>\n\t\tLes Sympt\u00f4mes de la Maladie Parodontale\n\t<\/h3>\n\t<p>Certaines personnes ne sont m\u00eame pas conscientes du fait qu&#8217;elles sont atteintes d&#8217;une maladie parodontale. D&#8217;abord, parce qu&#8217;il n&#8217;y a pas de sympt\u00f4mes, comme la douleur; ensuite, parce qu&#8217;elle n&#8217;a pas \u00e9t\u00e9 diagnostiqu\u00e9e \u00e0 ses d\u00e9buts. La maladie des gencives varie de l\u00e9g\u00e8re au stade pr\u00e9coce \u00e0 grave quand le diagnostic est tardif. La maladie parodontale pr\u00e9coce peut \u00eatre contr\u00f4l\u00e9e si elle est trait\u00e9e convenablement et suivie de rendez-vous d&#8217;entretien fr\u00e9quents afin que les bact\u00e9ries qui causent la maladie puissent \u00eatre \u00e9limin\u00e9es p\u00e9riodiquement sous la limite gingivale. La maladie parodontale grave peut \u00eatre trait\u00e9e, mais l&#8217;issue est beaucoup moins pr\u00e9visible. Elle peut entra\u00eener de la perte dentaire et m\u00eame n\u00e9cessiter le remplacement de dents.<\/p>\n<h3>\n\t\tComment traitons-nous la maladie parodontale?\n\t<\/h3>\n\t<p>Alors, comment traitons-nous la maladie des gencives? Le nettoyage profond pour \u00e9liminer la plaque et le tartre sous la limite gingivale en utilisant un anesth\u00e9sique pour veiller \u00e0 votre confort. Il faut en g\u00e9n\u00e9ral de 3 \u00e0 5 rendez-vous par un quart de la bouche lors de chaque rendez-vous. Vous pouvez opter pour 1 c\u00f4t\u00e9 complet de la bouche en un seul rendez-vous. Cela signifie que vous passerez 1 heure 30 minutes \u00e0 la clinique, ce qui permet \u00e0 l&#8217;hygi\u00e9niste de prendre son temps et de travailler \u00e0 un rythme qui vous convient. En g\u00e9n\u00e9ral, nous insensibilisons uniquement le tissu gingival, ce qui est suffisant pour 95 % des patients et leur permet de reprendre leurs activit\u00e9s normales sans engourdissement apr\u00e8s le rendez-vous. Dans certains cas, lorsque le patient est particuli\u00e8rement sensible, ou tout simplement tr\u00e8s anxieux, le Dr Slepchik utilise l&#8217;anesth\u00e9sie automatis\u00e9e avec les instruments Wand\u00ae et DentalVibe\u00ae pour anesth\u00e9sier la r\u00e9gion au complet. Peu importe quel est le syst\u00e8me d&#8217;insensibilisation qui est le plus commode, le patient ou la patiente peut reprendre une activit\u00e9 normale imm\u00e9diatement apr\u00e8s le rendez-vous.<\/p>\n<h3>\n\t\tLe nettoyage profond\n\t<\/h3>\n\t<p>Le nettoyage profond et le d\u00e9tartrage est l&#8217;approche la plus facile et la plus simple pour contr\u00f4ler la maladie parodontale. Il s&#8217;agit d&#8217;une proc\u00e9dure non chirurgicale qui pr\u00e9viendra un traitement plus agressif dans le futur et qui vous aidera \u00e0 maintenir votre sant\u00e9 dentaire. Cette proc\u00e9dure, associ\u00e9e \u00e0 un programme de nettoyage trimestriel, maintiendront sous contr\u00f4le les niveaux de bact\u00e9ries qui causent la maladie. Cela pr\u00e9vient un endommagement suppl\u00e9mentaire du tissu gingival et de la zone osseuse qui le supporte. Nous avons constat\u00e9 d&#8217;excellents r\u00e9sultats chez un grand nombre de nos patients, leur permettant ainsi d&#8217;\u00e9viter des interventions chirugicales plus compliqu\u00e9es<\/p>\n\n","protected":false},"excerpt":{"rendered":"<p>Qu-est-ce qu c&#8217;est la maladie parodontale? Nous savons qu&#8217;une maladie des gencives non trait\u00e9e peut mener \u00e0 des probl\u00e8mes de sant\u00e9 tr\u00e8s graves. La maladie parodontale peut \u00eatre la cause de plusieurs probl\u00e8mes de sant\u00e9 graves, comme une maladie cardiaque, un accident vasculaire c\u00e9r\u00e9bral, l&#8217;ost\u00e9oporose, les naissances pr\u00e9matur\u00e9es et un faible poids \u00e0 la naissance, [&hellip;]<\/p>\n","protected":false},"author":47,"featured_media":3679,"parent":226,"menu_order":0,"comment_status":"closed","ping_status":"closed","template":"","meta":{"site-sidebar-layout":"default","site-content-layout":"","ast-site-content-layout":"default","site-content-style":"default","site-sidebar-style":"default","ast-global-header-display":"","ast-banner-title-visibility":"","ast-main-header-display":"","ast-hfb-above-header-display":"","ast-hfb-below-header-display":"","ast-hfb-mobile-header-display":"","site-post-title":"","ast-breadcrumbs-content":"","ast-featured-img":"","footer-sml-layout":"","theme-transparent-header-meta":"default","adv-header-id-meta":"","stick-header-meta":"default","header-above-stick-meta":"","header-main-stick-meta":"","header-below-stick-meta":"","astra-migrate-meta-layouts":"set","ast-page-background-enabled":"default","ast-page-background-meta":{"desktop":{"background-color":"var(--ast-global-color-4)","background-image":"","background-repeat":"repeat","background-position":"center center","background-size":"auto","background-attachment":"scroll","background-type":"","background-media":"","overlay-type":"","overlay-color":"","overlay-opacity":"","overlay-gradient":""},"tablet":{"background-color":"","background-image":"","background-repeat":"repeat","background-position":"center center","background-size":"auto","background-attachment":"scroll","background-type":"","background-media":"","overlay-type":"","overlay-color":"","overlay-opacity":"","overlay-gradient":""},"mobile":{"background-color":"","background-image":"","background-repeat":"repeat","background-position":"center center","background-size":"auto","background-attachment":"scroll","background-type":"","background-media":"","overlay-type":"","overlay-color":"","overlay-opacity":"","overlay-gradient":""}},"ast-content-background-meta":{"desktop":{"background-color":"var(--ast-global-color-5)","background-image":"","background-repeat":"repeat","background-position":"center center","background-size":"auto","background-attachment":"scroll","background-type":"","background-media":"","overlay-type":"","overlay-color":"","overlay-opacity":"","overlay-gradient":""},"tablet":{"background-color":"var(--ast-global-color-5)","background-image":"","background-repeat":"repeat","background-position":"center center","background-size":"auto","background-attachment":"scroll","background-type":"","background-media":"","overlay-type":"","overlay-color":"","overlay-opacity":"","overlay-gradient":""},"mobile":{"background-color":"var(--ast-global-color-5)","background-image":"","background-repeat":"repeat","background-position":"center center","background-size":"auto","background-attachment":"scroll","background-type":"","background-media":"","overlay-type":"","overlay-color":"","overlay-opacity":"","overlay-gradient":""}},"footnotes":""},"class_list":["post-197","page","type-page","status-publish","has-post-thumbnail","hentry"],"yoast_head":"<!-- This site is optimized with the Yoast SEO plugin v23.7 - https:\/\/yoast.com\/wordpress\/plugins\/seo\/ -->\n<title>Traitement des gencives Montr\u00e9al - Dr Lenny Slepchik<\/title>\n<meta name=\"description\" content=\"Traitement des gencives \u00e0 Montr\u00e9al. Si vos gencives saignent ou sont gonfl\u00e9s, nous offrons plusieurs solutions pour r\u00e9duire l&#039;inflammation.\" \/>\n<meta name=\"robots\" content=\"index, follow, max-snippet:-1, max-image-preview:large, max-video-preview:-1\" \/>\n<link rel=\"canonical\" href=\"https:\/\/smilesbydrslepchik.com\/fr\/nos-soins-dentaires\/dentisterie-generale\/le-traitement-des-gencive\/\" \/>\n<meta property=\"og:locale\" content=\"en_US\" \/>\n<meta property=\"og:type\" content=\"article\" \/>\n<meta property=\"og:title\" content=\"Traitement des gencives Montr\u00e9al - Dr Lenny Slepchik\" \/>\n<meta property=\"og:description\" content=\"Traitement des gencives \u00e0 Montr\u00e9al. Si vos gencives saignent ou sont gonfl\u00e9s, nous offrons plusieurs solutions pour r\u00e9duire l&#039;inflammation.\" \/>\n<meta property=\"og:url\" content=\"https:\/\/smilesbydrslepchik.com\/fr\/nos-soins-dentaires\/dentisterie-generale\/le-traitement-des-gencive\/\" \/>\n<meta property=\"og:site_name\" content=\"Lenny Slepchik DDS\" \/>\n<meta property=\"article:modified_time\" content=\"2025-11-13T22:12:44+00:00\" \/>\n<meta property=\"og:image\" content=\"https:\/\/smilesbydrslepchik.com\/fr\/wp-content\/uploads\/sites\/2\/2024\/01\/af567667f4bbd79dd6af4a89ffab407a-1.2x.jpg\" \/>\n\t<meta property=\"og:image:width\" content=\"2304\" \/>\n\t<meta property=\"og:image:height\" content=\"540\" \/>\n\t<meta property=\"og:image:type\" content=\"image\/jpeg\" \/>\n<meta name=\"twitter:card\" content=\"summary_large_image\" \/>\n<meta name=\"twitter:label1\" content=\"Est. reading time\" \/>\n\t<meta name=\"twitter:data1\" content=\"3 minutes\" \/>\n<script type=\"application\/ld+json\" class=\"yoast-schema-graph\">{\"@context\":\"https:\/\/schema.org\",\"@graph\":[{\"@type\":\"WebPage\",\"@id\":\"https:\/\/smilesbydrslepchik.com\/fr\/nos-soins-dentaires\/dentisterie-generale\/le-traitement-des-gencive\/\",\"url\":\"https:\/\/smilesbydrslepchik.com\/fr\/nos-soins-dentaires\/dentisterie-generale\/le-traitement-des-gencive\/\",\"name\":\"Traitement des gencives Montr\u00e9al - Dr Lenny Slepchik\",\"isPartOf\":{\"@id\":\"https:\/\/smilesbydrslepchik.com\/fr\/#website\"},\"primaryImageOfPage\":{\"@id\":\"https:\/\/smilesbydrslepchik.com\/fr\/nos-soins-dentaires\/dentisterie-generale\/le-traitement-des-gencive\/#primaryimage\"},\"image\":{\"@id\":\"https:\/\/smilesbydrslepchik.com\/fr\/nos-soins-dentaires\/dentisterie-generale\/le-traitement-des-gencive\/#primaryimage\"},\"thumbnailUrl\":\"https:\/\/smilesbydrslepchik.com\/fr\/wp-content\/uploads\/sites\/2\/2024\/01\/af567667f4bbd79dd6af4a89ffab407a-1.2x.jpg\",\"datePublished\":\"2018-01-23T22:02:09+00:00\",\"dateModified\":\"2025-11-13T22:12:44+00:00\",\"description\":\"Traitement des gencives \u00e0 Montr\u00e9al. Si vos gencives saignent ou sont gonfl\u00e9s, nous offrons plusieurs solutions pour r\u00e9duire l'inflammation.\",\"breadcrumb\":{\"@id\":\"https:\/\/smilesbydrslepchik.com\/fr\/nos-soins-dentaires\/dentisterie-generale\/le-traitement-des-gencive\/#breadcrumb\"},\"inLanguage\":\"en-US\",\"potentialAction\":[{\"@type\":\"ReadAction\",\"target\":[\"https:\/\/smilesbydrslepchik.com\/fr\/nos-soins-dentaires\/dentisterie-generale\/le-traitement-des-gencive\/\"]}]},{\"@type\":\"ImageObject\",\"inLanguage\":\"en-US\",\"@id\":\"https:\/\/smilesbydrslepchik.com\/fr\/nos-soins-dentaires\/dentisterie-generale\/le-traitement-des-gencive\/#primaryimage\",\"url\":\"https:\/\/smilesbydrslepchik.com\/fr\/wp-content\/uploads\/sites\/2\/2024\/01\/af567667f4bbd79dd6af4a89ffab407a-1.2x.jpg\",\"contentUrl\":\"https:\/\/smilesbydrslepchik.com\/fr\/wp-content\/uploads\/sites\/2\/2024\/01\/af567667f4bbd79dd6af4a89ffab407a-1.2x.jpg\",\"width\":2304,\"height\":540,\"caption\":\"af567667f4bbd79dd6af4a89ffab407a 1.2x\"},{\"@type\":\"BreadcrumbList\",\"@id\":\"https:\/\/smilesbydrslepchik.com\/fr\/nos-soins-dentaires\/dentisterie-generale\/le-traitement-des-gencive\/#breadcrumb\",\"itemListElement\":[{\"@type\":\"ListItem\",\"position\":1,\"name\":\"Home\",\"item\":\"https:\/\/smilesbydrslepchik.com\/fr\/\"},{\"@type\":\"ListItem\",\"position\":2,\"name\":\"Soins Dentaires Montr\u00e9al\",\"item\":\"https:\/\/smilesbydrslepchik.com\/fr\/nos-soins-dentaires\/\"},{\"@type\":\"ListItem\",\"position\":3,\"name\":\"Services de dentisterie g\u00e9n\u00e9rale \u00e0 Montr\u00e9al\",\"item\":\"https:\/\/smilesbydrslepchik.com\/fr\/nos-soins-dentaires\/dentisterie-generale\/\"},{\"@type\":\"ListItem\",\"position\":4,\"name\":\"Traitement des maladies des gencives \u00e0 Montr\u00e9al\"}]},{\"@type\":\"WebSite\",\"@id\":\"https:\/\/smilesbydrslepchik.com\/fr\/#website\",\"url\":\"https:\/\/smilesbydrslepchik.com\/fr\/\",\"name\":\"Lenny Slepchik DDS\",\"description\":\"\",\"publisher\":{\"@id\":\"https:\/\/smilesbydrslepchik.com\/fr\/#organization\"},\"potentialAction\":[{\"@type\":\"SearchAction\",\"target\":{\"@type\":\"EntryPoint\",\"urlTemplate\":\"https:\/\/smilesbydrslepchik.com\/fr\/?s={search_term_string}\"},\"query-input\":{\"@type\":\"PropertyValueSpecification\",\"valueRequired\":true,\"valueName\":\"search_term_string\"}}],\"inLanguage\":\"en-US\"},{\"@type\":\"Organization\",\"@id\":\"https:\/\/smilesbydrslepchik.com\/fr\/#organization\",\"name\":\"Lenny Slepchik DDS\",\"url\":\"https:\/\/smilesbydrslepchik.com\/fr\/\",\"logo\":{\"@type\":\"ImageObject\",\"inLanguage\":\"en-US\",\"@id\":\"https:\/\/smilesbydrslepchik.com\/fr\/#\/schema\/logo\/image\/\",\"url\":\"https:\/\/smilesbydrslepchik.com\/fr\/wp-content\/uploads\/sites\/2\/2024\/07\/logo-french@1x.png\",\"contentUrl\":\"https:\/\/smilesbydrslepchik.com\/fr\/wp-content\/uploads\/sites\/2\/2024\/07\/logo-french@1x.png\",\"width\":371,\"height\":67,\"caption\":\"Lenny Slepchik DDS\"},\"image\":{\"@id\":\"https:\/\/smilesbydrslepchik.com\/fr\/#\/schema\/logo\/image\/\"}}]}<\/script>\n<!-- \/ Yoast SEO plugin. -->","yoast_head_json":{"title":"Traitement des gencives Montr\u00e9al - Dr Lenny Slepchik","description":"Traitement des gencives \u00e0 Montr\u00e9al. Si vos gencives saignent ou sont gonfl\u00e9s, nous offrons plusieurs solutions pour r\u00e9duire l'inflammation.","robots":{"index":"index","follow":"follow","max-snippet":"max-snippet:-1","max-image-preview":"max-image-preview:large","max-video-preview":"max-video-preview:-1"},"canonical":"https:\/\/smilesbydrslepchik.com\/fr\/nos-soins-dentaires\/dentisterie-generale\/le-traitement-des-gencive\/","og_locale":"en_US","og_type":"article","og_title":"Traitement des gencives Montr\u00e9al - Dr Lenny Slepchik","og_description":"Traitement des gencives \u00e0 Montr\u00e9al. Si vos gencives saignent ou sont gonfl\u00e9s, nous offrons plusieurs solutions pour r\u00e9duire l'inflammation.","og_url":"https:\/\/smilesbydrslepchik.com\/fr\/nos-soins-dentaires\/dentisterie-generale\/le-traitement-des-gencive\/","og_site_name":"Lenny Slepchik DDS","article_modified_time":"2025-11-13T22:12:44+00:00","og_image":[{"width":2304,"height":540,"url":"https:\/\/smilesbydrslepchik.com\/fr\/wp-content\/uploads\/sites\/2\/2024\/01\/af567667f4bbd79dd6af4a89ffab407a-1.2x.jpg","type":"image\/jpeg"}],"twitter_card":"summary_large_image","twitter_misc":{"Est. reading time":"3 minutes"},"schema":{"@context":"https:\/\/schema.org","@graph":[{"@type":"WebPage","@id":"https:\/\/smilesbydrslepchik.com\/fr\/nos-soins-dentaires\/dentisterie-generale\/le-traitement-des-gencive\/","url":"https:\/\/smilesbydrslepchik.com\/fr\/nos-soins-dentaires\/dentisterie-generale\/le-traitement-des-gencive\/","name":"Traitement des gencives Montr\u00e9al - Dr Lenny Slepchik","isPartOf":{"@id":"https:\/\/smilesbydrslepchik.com\/fr\/#website"},"primaryImageOfPage":{"@id":"https:\/\/smilesbydrslepchik.com\/fr\/nos-soins-dentaires\/dentisterie-generale\/le-traitement-des-gencive\/#primaryimage"},"image":{"@id":"https:\/\/smilesbydrslepchik.com\/fr\/nos-soins-dentaires\/dentisterie-generale\/le-traitement-des-gencive\/#primaryimage"},"thumbnailUrl":"https:\/\/smilesbydrslepchik.com\/fr\/wp-content\/uploads\/sites\/2\/2024\/01\/af567667f4bbd79dd6af4a89ffab407a-1.2x.jpg","datePublished":"2018-01-23T22:02:09+00:00","dateModified":"2025-11-13T22:12:44+00:00","description":"Traitement des gencives \u00e0 Montr\u00e9al. Si vos gencives saignent ou sont gonfl\u00e9s, nous offrons plusieurs solutions pour r\u00e9duire l'inflammation.","breadcrumb":{"@id":"https:\/\/smilesbydrslepchik.com\/fr\/nos-soins-dentaires\/dentisterie-generale\/le-traitement-des-gencive\/#breadcrumb"},"inLanguage":"en-US","potentialAction":[{"@type":"ReadAction","target":["https:\/\/smilesbydrslepchik.com\/fr\/nos-soins-dentaires\/dentisterie-generale\/le-traitement-des-gencive\/"]}]},{"@type":"ImageObject","inLanguage":"en-US","@id":"https:\/\/smilesbydrslepchik.com\/fr\/nos-soins-dentaires\/dentisterie-generale\/le-traitement-des-gencive\/#primaryimage","url":"https:\/\/smilesbydrslepchik.com\/fr\/wp-content\/uploads\/sites\/2\/2024\/01\/af567667f4bbd79dd6af4a89ffab407a-1.2x.jpg","contentUrl":"https:\/\/smilesbydrslepchik.com\/fr\/wp-content\/uploads\/sites\/2\/2024\/01\/af567667f4bbd79dd6af4a89ffab407a-1.2x.jpg","width":2304,"height":540,"caption":"af567667f4bbd79dd6af4a89ffab407a 1.2x"},{"@type":"BreadcrumbList","@id":"https:\/\/smilesbydrslepchik.com\/fr\/nos-soins-dentaires\/dentisterie-generale\/le-traitement-des-gencive\/#breadcrumb","itemListElement":[{"@type":"ListItem","position":1,"name":"Home","item":"https:\/\/smilesbydrslepchik.com\/fr\/"},{"@type":"ListItem","position":2,"name":"Soins Dentaires Montr\u00e9al","item":"https:\/\/smilesbydrslepchik.com\/fr\/nos-soins-dentaires\/"},{"@type":"ListItem","position":3,"name":"Services de dentisterie g\u00e9n\u00e9rale \u00e0 Montr\u00e9al","item":"https:\/\/smilesbydrslepchik.com\/fr\/nos-soins-dentaires\/dentisterie-generale\/"},{"@type":"ListItem","position":4,"name":"Traitement des maladies des gencives \u00e0 Montr\u00e9al"}]},{"@type":"WebSite","@id":"https:\/\/smilesbydrslepchik.com\/fr\/#website","url":"https:\/\/smilesbydrslepchik.com\/fr\/","name":"Lenny Slepchik DDS","description":"","publisher":{"@id":"https:\/\/smilesbydrslepchik.com\/fr\/#organization"},"potentialAction":[{"@type":"SearchAction","target":{"@type":"EntryPoint","urlTemplate":"https:\/\/smilesbydrslepchik.com\/fr\/?s={search_term_string}"},"query-input":{"@type":"PropertyValueSpecification","valueRequired":true,"valueName":"search_term_string"}}],"inLanguage":"en-US"},{"@type":"Organization","@id":"https:\/\/smilesbydrslepchik.com\/fr\/#organization","name":"Lenny Slepchik DDS","url":"https:\/\/smilesbydrslepchik.com\/fr\/","logo":{"@type":"ImageObject","inLanguage":"en-US","@id":"https:\/\/smilesbydrslepchik.com\/fr\/#\/schema\/logo\/image\/","url":"https:\/\/smilesbydrslepchik.com\/fr\/wp-content\/uploads\/sites\/2\/2024\/07\/logo-french@1x.png","contentUrl":"https:\/\/smilesbydrslepchik.com\/fr\/wp-content\/uploads\/sites\/2\/2024\/07\/logo-french@1x.png","width":371,"height":67,"caption":"Lenny Slepchik DDS"},"image":{"@id":"https:\/\/smilesbydrslepchik.com\/fr\/#\/schema\/logo\/image\/"}}]}},"featured_image_src":"https:\/\/smilesbydrslepchik.com\/fr\/wp-content\/uploads\/sites\/2\/2024\/01\/af567667f4bbd79dd6af4a89ffab407a-1.2x-600x400.jpg","featured_image_src_square":"https:\/\/smilesbydrslepchik.com\/fr\/wp-content\/uploads\/sites\/2\/2024\/01\/af567667f4bbd79dd6af4a89ffab407a-1.2x-600x540.jpg","_links":{"self":[{"href":"https:\/\/smilesbydrslepchik.com\/fr\/wp-json\/wp\/v2\/pages\/197","targetHints":{"allow":["GET"]}}],"collection":[{"href":"https:\/\/smilesbydrslepchik.com\/fr\/wp-json\/wp\/v2\/pages"}],"about":[{"href":"https:\/\/smilesbydrslepchik.com\/fr\/wp-json\/wp\/v2\/types\/page"}],"author":[{"embeddable":true,"href":"https:\/\/smilesbydrslepchik.com\/fr\/wp-json\/wp\/v2\/users\/47"}],"replies":[{"embeddable":true,"href":"https:\/\/smilesbydrslepchik.com\/fr\/wp-json\/wp\/v2\/comments?post=197"}],"version-history":[{"count":0,"href":"https:\/\/smilesbydrslepchik.com\/fr\/wp-json\/wp\/v2\/pages\/197\/revisions"}],"up":[{"embeddable":true,"href":"https:\/\/smilesbydrslepchik.com\/fr\/wp-json\/wp\/v2\/pages\/226"}],"wp:featuredmedia":[{"embeddable":true,"href":"https:\/\/smilesbydrslepchik.com\/fr\/wp-json\/wp\/v2\/media\/3679"}],"wp:attachment":[{"href":"https:\/\/smilesbydrslepchik.com\/fr\/wp-json\/wp\/v2\/media?parent=197"}],"curies":[{"name":"wp","href":"https:\/\/api.w.org\/{rel}","templated":true}]}}