
{"id":195,"date":"2018-01-23T21:50:24","date_gmt":"2018-01-23T21:50:24","guid":{"rendered":"https:\/\/smilesbydr2017.wpengine.com\/fr\/?page_id=195"},"modified":"2024-06-17T20:51:16","modified_gmt":"2024-06-17T20:51:16","slug":"les-radiographies-numeriques","status":"publish","type":"page","link":"https:\/\/smilesbydrslepchik.com\/fr\/nos-soins-dentaires\/dentisterie-generale\/les-radiographies-numeriques\/","title":{"rendered":"Radiographie dentaire num\u00e9rique Montr\u00e9al"},"content":{"rendered":"\r\n<p><img loading=\"lazy\" decoding=\"async\" title=\"iStock 000045040090 Medium cropped\" src=\"https:\/\/smilesbydrslepchik.com\/fr\/wp-content\/uploads\/sites\/2\/2023\/12\/iStock-000045040090-Medium-cropped.jpg\" alt=\"iStock 000045040090 Medium cropped\" width=\"1920\" height=\"584\" \/> <img loading=\"lazy\" decoding=\"async\" title=\"D 98\" src=\"https:\/\/smilesbydrslepchik.com\/fr\/wp-content\/uploads\/sites\/2\/2023\/12\/D-98.jpg\" alt=\"D 98\" width=\"1800\" height=\"1760\" \/><\/p>\r\n<p>Le cabinet du Dr\u00a0Slepchik a recours \u00e0 la radiographie num\u00e9rique (rayons X) pour prendre les radiographies dont vous avez besoin. Cette technologie permet un traitement imm\u00e9diat de la radiographie et sa disponibilit\u00e9 pour visualisation. Les clich\u00e9s agrandis peuvent \u00eatre visionn\u00e9s sur notre \u00e9cran de t\u00e9l\u00e9vision directement devant vous, ce qui facilite la d\u00e9tection des caries. Nous pouvons \u00e9galement les cibler et les agrandir pour un \u0153il non averti, ce qui facilite la compr\u00e9hension des structures dentaires et de tout traitement n\u00e9cessaire. L&#8217;un des avantages majeurs de la radiographie num\u00e9rique est qu&#8217;elle vous expose \u00e0 70\u00a0% de radiations en moins que la radiographie conventionnelle (sur film).<\/p>\r\n<p>Les radiographies seront archiv\u00e9es sur notre ordinateur et peuvent \u00eatre transmises facilement par courriel \u00e0 un sp\u00e9cialiste au cas o\u00f9 vous auriez besoin d&#8217;une r\u00e9f\u00e9rence. Ceci clarifie et facilite la communication entre le Dr Slepchik et son coll\u00e8gue sp\u00e9cialiste afin de parvenir au meilleur plan de traitement possible pour le patient ou la patiente.<\/p>\r\n<p>Dans l&#8217;ensemble, gr\u00e2ce \u00e0 la radiographie num\u00e9rique, vous b\u00e9n\u00e9ficiez d&#8217;un confort accru lors de la prise de clich\u00e9s dans la bouche et une exposition moindre aux radiations. Le Dr\u00a0Slepchik est un fervent adepte des technologies de pointe dans le traitement et les proc\u00e9dures dentaires afin de vous fournir les meilleurs soins dentaires possibles dans le plus grand confort.<\/p>\r\n","protected":false},"excerpt":{"rendered":"<p>Le cabinet du Dr\u00a0Slepchik a recours \u00e0 la radiographie num\u00e9rique (rayons X) pour prendre les radiographies dont vous avez besoin. Cette technologie permet un traitement imm\u00e9diat de la radiographie et sa disponibilit\u00e9 pour visualisation. Les clich\u00e9s agrandis peuvent \u00eatre visionn\u00e9s sur notre \u00e9cran de t\u00e9l\u00e9vision directement devant vous, ce qui facilite la d\u00e9tection des caries. [&hellip;]<\/p>\n","protected":false},"author":47,"featured_media":3679,"parent":226,"menu_order":0,"comment_status":"closed","ping_status":"closed","template":"","meta":{"site-sidebar-layout":"default","site-content-layout":"","ast-site-content-layout":"default","site-content-style":"default","site-sidebar-style":"default","ast-global-header-display":"","ast-banner-title-visibility":"","ast-main-header-display":"","ast-hfb-above-header-display":"","ast-hfb-below-header-display":"","ast-hfb-mobile-header-display":"","site-post-title":"","ast-breadcrumbs-content":"","ast-featured-img":"","footer-sml-layout":"","theme-transparent-header-meta":"default","adv-header-id-meta":"","stick-header-meta":"default","header-above-stick-meta":"","header-main-stick-meta":"","header-below-stick-meta":"","astra-migrate-meta-layouts":"set","ast-page-background-enabled":"default","ast-page-background-meta":{"desktop":{"background-color":"var(--ast-global-color-4)","background-image":"","background-repeat":"repeat","background-position":"center center","background-size":"auto","background-attachment":"scroll","background-type":"","background-media":"","overlay-type":"","overlay-color":"","overlay-opacity":"","overlay-gradient":""},"tablet":{"background-color":"","background-image":"","background-repeat":"repeat","background-position":"center center","background-size":"auto","background-attachment":"scroll","background-type":"","background-media":"","overlay-type":"","overlay-color":"","overlay-opacity":"","overlay-gradient":""},"mobile":{"background-color":"","background-image":"","background-repeat":"repeat","background-position":"center center","background-size":"auto","background-attachment":"scroll","background-type":"","background-media":"","overlay-type":"","overlay-color":"","overlay-opacity":"","overlay-gradient":""}},"ast-content-background-meta":{"desktop":{"background-color":"var(--ast-global-color-5)","background-image":"","background-repeat":"repeat","background-position":"center center","background-size":"auto","background-attachment":"scroll","background-type":"","background-media":"","overlay-type":"","overlay-color":"","overlay-opacity":"","overlay-gradient":""},"tablet":{"background-color":"var(--ast-global-color-5)","background-image":"","background-repeat":"repeat","background-position":"center center","background-size":"auto","background-attachment":"scroll","background-type":"","background-media":"","overlay-type":"","overlay-color":"","overlay-opacity":"","overlay-gradient":""},"mobile":{"background-color":"var(--ast-global-color-5)","background-image":"","background-repeat":"repeat","background-position":"center center","background-size":"auto","background-attachment":"scroll","background-type":"","background-media":"","overlay-type":"","overlay-color":"","overlay-opacity":"","overlay-gradient":""}},"footnotes":""},"class_list":["post-195","page","type-page","status-publish","has-post-thumbnail","hentry"],"yoast_head":"<!-- This site is optimized with the Yoast SEO plugin v23.7 - https:\/\/yoast.com\/wordpress\/plugins\/seo\/ -->\n<title>Radiographie dentaire num\u00e9rique Montr\u00e9al - Dr Slepchik<\/title>\n<meta name=\"description\" content=\"lLes radiographies num\u00e9riques au cabinet du Dr Slepchik lui donne un diagnostic complet de votre bouche.\" \/>\n<meta name=\"robots\" content=\"index, follow, max-snippet:-1, max-image-preview:large, max-video-preview:-1\" \/>\n<link rel=\"canonical\" href=\"https:\/\/smilesbydrslepchik.com\/fr\/nos-soins-dentaires\/dentisterie-generale\/les-radiographies-numeriques\/\" \/>\n<meta property=\"og:locale\" content=\"en_US\" \/>\n<meta property=\"og:type\" content=\"article\" \/>\n<meta property=\"og:title\" content=\"Radiographie dentaire num\u00e9rique Montr\u00e9al - Dr Slepchik\" \/>\n<meta property=\"og:description\" content=\"lLes radiographies num\u00e9riques au cabinet du Dr Slepchik lui donne un diagnostic complet de votre bouche.\" \/>\n<meta property=\"og:url\" content=\"https:\/\/smilesbydrslepchik.com\/fr\/nos-soins-dentaires\/dentisterie-generale\/les-radiographies-numeriques\/\" \/>\n<meta property=\"og:site_name\" content=\"Lenny Slepchik DDS\" \/>\n<meta property=\"article:modified_time\" content=\"2024-06-17T20:51:16+00:00\" \/>\n<meta property=\"og:image\" content=\"https:\/\/smilesbydrslepchik.com\/fr\/wp-content\/uploads\/sites\/2\/2024\/01\/af567667f4bbd79dd6af4a89ffab407a-1.2x.jpg\" \/>\n\t<meta property=\"og:image:width\" content=\"2304\" \/>\n\t<meta property=\"og:image:height\" content=\"540\" \/>\n\t<meta property=\"og:image:type\" content=\"image\/jpeg\" \/>\n<meta name=\"twitter:card\" content=\"summary_large_image\" \/>\n<meta name=\"twitter:label1\" content=\"Est. reading time\" \/>\n\t<meta name=\"twitter:data1\" content=\"2 minutes\" \/>\n<script type=\"application\/ld+json\" class=\"yoast-schema-graph\">{\"@context\":\"https:\/\/schema.org\",\"@graph\":[{\"@type\":\"WebPage\",\"@id\":\"https:\/\/smilesbydrslepchik.com\/fr\/nos-soins-dentaires\/dentisterie-generale\/les-radiographies-numeriques\/\",\"url\":\"https:\/\/smilesbydrslepchik.com\/fr\/nos-soins-dentaires\/dentisterie-generale\/les-radiographies-numeriques\/\",\"name\":\"Radiographie dentaire num\u00e9rique Montr\u00e9al - Dr Slepchik\",\"isPartOf\":{\"@id\":\"https:\/\/smilesbydrslepchik.com\/fr\/#website\"},\"primaryImageOfPage\":{\"@id\":\"https:\/\/smilesbydrslepchik.com\/fr\/nos-soins-dentaires\/dentisterie-generale\/les-radiographies-numeriques\/#primaryimage\"},\"image\":{\"@id\":\"https:\/\/smilesbydrslepchik.com\/fr\/nos-soins-dentaires\/dentisterie-generale\/les-radiographies-numeriques\/#primaryimage\"},\"thumbnailUrl\":\"https:\/\/smilesbydrslepchik.com\/fr\/wp-content\/uploads\/sites\/2\/2024\/01\/af567667f4bbd79dd6af4a89ffab407a-1.2x.jpg\",\"datePublished\":\"2018-01-23T21:50:24+00:00\",\"dateModified\":\"2024-06-17T20:51:16+00:00\",\"description\":\"lLes radiographies num\u00e9riques au cabinet du Dr Slepchik lui donne un diagnostic complet de votre bouche.\",\"breadcrumb\":{\"@id\":\"https:\/\/smilesbydrslepchik.com\/fr\/nos-soins-dentaires\/dentisterie-generale\/les-radiographies-numeriques\/#breadcrumb\"},\"inLanguage\":\"en-US\",\"potentialAction\":[{\"@type\":\"ReadAction\",\"target\":[\"https:\/\/smilesbydrslepchik.com\/fr\/nos-soins-dentaires\/dentisterie-generale\/les-radiographies-numeriques\/\"]}]},{\"@type\":\"ImageObject\",\"inLanguage\":\"en-US\",\"@id\":\"https:\/\/smilesbydrslepchik.com\/fr\/nos-soins-dentaires\/dentisterie-generale\/les-radiographies-numeriques\/#primaryimage\",\"url\":\"https:\/\/smilesbydrslepchik.com\/fr\/wp-content\/uploads\/sites\/2\/2024\/01\/af567667f4bbd79dd6af4a89ffab407a-1.2x.jpg\",\"contentUrl\":\"https:\/\/smilesbydrslepchik.com\/fr\/wp-content\/uploads\/sites\/2\/2024\/01\/af567667f4bbd79dd6af4a89ffab407a-1.2x.jpg\",\"width\":2304,\"height\":540,\"caption\":\"af567667f4bbd79dd6af4a89ffab407a 1.2x\"},{\"@type\":\"BreadcrumbList\",\"@id\":\"https:\/\/smilesbydrslepchik.com\/fr\/nos-soins-dentaires\/dentisterie-generale\/les-radiographies-numeriques\/#breadcrumb\",\"itemListElement\":[{\"@type\":\"ListItem\",\"position\":1,\"name\":\"Home\",\"item\":\"https:\/\/smilesbydrslepchik.com\/fr\/\"},{\"@type\":\"ListItem\",\"position\":2,\"name\":\"Soins Dentaires Montr\u00e9al\",\"item\":\"https:\/\/smilesbydrslepchik.com\/fr\/nos-soins-dentaires\/\"},{\"@type\":\"ListItem\",\"position\":3,\"name\":\"Services de dentisterie g\u00e9n\u00e9rale \u00e0 Montr\u00e9al\",\"item\":\"https:\/\/smilesbydrslepchik.com\/fr\/nos-soins-dentaires\/dentisterie-generale\/\"},{\"@type\":\"ListItem\",\"position\":4,\"name\":\"Radiographie dentaire num\u00e9rique Montr\u00e9al\"}]},{\"@type\":\"WebSite\",\"@id\":\"https:\/\/smilesbydrslepchik.com\/fr\/#website\",\"url\":\"https:\/\/smilesbydrslepchik.com\/fr\/\",\"name\":\"Lenny Slepchik DDS\",\"description\":\"\",\"publisher\":{\"@id\":\"https:\/\/smilesbydrslepchik.com\/fr\/#organization\"},\"potentialAction\":[{\"@type\":\"SearchAction\",\"target\":{\"@type\":\"EntryPoint\",\"urlTemplate\":\"https:\/\/smilesbydrslepchik.com\/fr\/?s={search_term_string}\"},\"query-input\":{\"@type\":\"PropertyValueSpecification\",\"valueRequired\":true,\"valueName\":\"search_term_string\"}}],\"inLanguage\":\"en-US\"},{\"@type\":\"Organization\",\"@id\":\"https:\/\/smilesbydrslepchik.com\/fr\/#organization\",\"name\":\"Lenny Slepchik DDS\",\"url\":\"https:\/\/smilesbydrslepchik.com\/fr\/\",\"logo\":{\"@type\":\"ImageObject\",\"inLanguage\":\"en-US\",\"@id\":\"https:\/\/smilesbydrslepchik.com\/fr\/#\/schema\/logo\/image\/\",\"url\":\"https:\/\/smilesbydrslepchik.com\/fr\/wp-content\/uploads\/sites\/2\/2024\/07\/logo-french@1x.png\",\"contentUrl\":\"https:\/\/smilesbydrslepchik.com\/fr\/wp-content\/uploads\/sites\/2\/2024\/07\/logo-french@1x.png\",\"width\":371,\"height\":67,\"caption\":\"Lenny Slepchik DDS\"},\"image\":{\"@id\":\"https:\/\/smilesbydrslepchik.com\/fr\/#\/schema\/logo\/image\/\"}}]}<\/script>\n<!-- \/ Yoast SEO plugin. -->","yoast_head_json":{"title":"Radiographie dentaire num\u00e9rique Montr\u00e9al - Dr Slepchik","description":"lLes radiographies num\u00e9riques au cabinet du Dr Slepchik lui donne un diagnostic complet de votre bouche.","robots":{"index":"index","follow":"follow","max-snippet":"max-snippet:-1","max-image-preview":"max-image-preview:large","max-video-preview":"max-video-preview:-1"},"canonical":"https:\/\/smilesbydrslepchik.com\/fr\/nos-soins-dentaires\/dentisterie-generale\/les-radiographies-numeriques\/","og_locale":"en_US","og_type":"article","og_title":"Radiographie dentaire num\u00e9rique Montr\u00e9al - Dr Slepchik","og_description":"lLes radiographies num\u00e9riques au cabinet du Dr Slepchik lui donne un diagnostic complet de votre bouche.","og_url":"https:\/\/smilesbydrslepchik.com\/fr\/nos-soins-dentaires\/dentisterie-generale\/les-radiographies-numeriques\/","og_site_name":"Lenny Slepchik DDS","article_modified_time":"2024-06-17T20:51:16+00:00","og_image":[{"width":2304,"height":540,"url":"https:\/\/smilesbydrslepchik.com\/fr\/wp-content\/uploads\/sites\/2\/2024\/01\/af567667f4bbd79dd6af4a89ffab407a-1.2x.jpg","type":"image\/jpeg"}],"twitter_card":"summary_large_image","twitter_misc":{"Est. reading time":"2 minutes"},"schema":{"@context":"https:\/\/schema.org","@graph":[{"@type":"WebPage","@id":"https:\/\/smilesbydrslepchik.com\/fr\/nos-soins-dentaires\/dentisterie-generale\/les-radiographies-numeriques\/","url":"https:\/\/smilesbydrslepchik.com\/fr\/nos-soins-dentaires\/dentisterie-generale\/les-radiographies-numeriques\/","name":"Radiographie dentaire num\u00e9rique Montr\u00e9al - Dr Slepchik","isPartOf":{"@id":"https:\/\/smilesbydrslepchik.com\/fr\/#website"},"primaryImageOfPage":{"@id":"https:\/\/smilesbydrslepchik.com\/fr\/nos-soins-dentaires\/dentisterie-generale\/les-radiographies-numeriques\/#primaryimage"},"image":{"@id":"https:\/\/smilesbydrslepchik.com\/fr\/nos-soins-dentaires\/dentisterie-generale\/les-radiographies-numeriques\/#primaryimage"},"thumbnailUrl":"https:\/\/smilesbydrslepchik.com\/fr\/wp-content\/uploads\/sites\/2\/2024\/01\/af567667f4bbd79dd6af4a89ffab407a-1.2x.jpg","datePublished":"2018-01-23T21:50:24+00:00","dateModified":"2024-06-17T20:51:16+00:00","description":"lLes radiographies num\u00e9riques au cabinet du Dr Slepchik lui donne un diagnostic complet de votre bouche.","breadcrumb":{"@id":"https:\/\/smilesbydrslepchik.com\/fr\/nos-soins-dentaires\/dentisterie-generale\/les-radiographies-numeriques\/#breadcrumb"},"inLanguage":"en-US","potentialAction":[{"@type":"ReadAction","target":["https:\/\/smilesbydrslepchik.com\/fr\/nos-soins-dentaires\/dentisterie-generale\/les-radiographies-numeriques\/"]}]},{"@type":"ImageObject","inLanguage":"en-US","@id":"https:\/\/smilesbydrslepchik.com\/fr\/nos-soins-dentaires\/dentisterie-generale\/les-radiographies-numeriques\/#primaryimage","url":"https:\/\/smilesbydrslepchik.com\/fr\/wp-content\/uploads\/sites\/2\/2024\/01\/af567667f4bbd79dd6af4a89ffab407a-1.2x.jpg","contentUrl":"https:\/\/smilesbydrslepchik.com\/fr\/wp-content\/uploads\/sites\/2\/2024\/01\/af567667f4bbd79dd6af4a89ffab407a-1.2x.jpg","width":2304,"height":540,"caption":"af567667f4bbd79dd6af4a89ffab407a 1.2x"},{"@type":"BreadcrumbList","@id":"https:\/\/smilesbydrslepchik.com\/fr\/nos-soins-dentaires\/dentisterie-generale\/les-radiographies-numeriques\/#breadcrumb","itemListElement":[{"@type":"ListItem","position":1,"name":"Home","item":"https:\/\/smilesbydrslepchik.com\/fr\/"},{"@type":"ListItem","position":2,"name":"Soins Dentaires Montr\u00e9al","item":"https:\/\/smilesbydrslepchik.com\/fr\/nos-soins-dentaires\/"},{"@type":"ListItem","position":3,"name":"Services de dentisterie g\u00e9n\u00e9rale \u00e0 Montr\u00e9al","item":"https:\/\/smilesbydrslepchik.com\/fr\/nos-soins-dentaires\/dentisterie-generale\/"},{"@type":"ListItem","position":4,"name":"Radiographie dentaire num\u00e9rique Montr\u00e9al"}]},{"@type":"WebSite","@id":"https:\/\/smilesbydrslepchik.com\/fr\/#website","url":"https:\/\/smilesbydrslepchik.com\/fr\/","name":"Lenny Slepchik DDS","description":"","publisher":{"@id":"https:\/\/smilesbydrslepchik.com\/fr\/#organization"},"potentialAction":[{"@type":"SearchAction","target":{"@type":"EntryPoint","urlTemplate":"https:\/\/smilesbydrslepchik.com\/fr\/?s={search_term_string}"},"query-input":{"@type":"PropertyValueSpecification","valueRequired":true,"valueName":"search_term_string"}}],"inLanguage":"en-US"},{"@type":"Organization","@id":"https:\/\/smilesbydrslepchik.com\/fr\/#organization","name":"Lenny Slepchik DDS","url":"https:\/\/smilesbydrslepchik.com\/fr\/","logo":{"@type":"ImageObject","inLanguage":"en-US","@id":"https:\/\/smilesbydrslepchik.com\/fr\/#\/schema\/logo\/image\/","url":"https:\/\/smilesbydrslepchik.com\/fr\/wp-content\/uploads\/sites\/2\/2024\/07\/logo-french@1x.png","contentUrl":"https:\/\/smilesbydrslepchik.com\/fr\/wp-content\/uploads\/sites\/2\/2024\/07\/logo-french@1x.png","width":371,"height":67,"caption":"Lenny Slepchik DDS"},"image":{"@id":"https:\/\/smilesbydrslepchik.com\/fr\/#\/schema\/logo\/image\/"}}]}},"featured_image_src":"https:\/\/smilesbydrslepchik.com\/fr\/wp-content\/uploads\/sites\/2\/2024\/01\/af567667f4bbd79dd6af4a89ffab407a-1.2x-600x400.jpg","featured_image_src_square":"https:\/\/smilesbydrslepchik.com\/fr\/wp-content\/uploads\/sites\/2\/2024\/01\/af567667f4bbd79dd6af4a89ffab407a-1.2x-600x540.jpg","_links":{"self":[{"href":"https:\/\/smilesbydrslepchik.com\/fr\/wp-json\/wp\/v2\/pages\/195","targetHints":{"allow":["GET"]}}],"collection":[{"href":"https:\/\/smilesbydrslepchik.com\/fr\/wp-json\/wp\/v2\/pages"}],"about":[{"href":"https:\/\/smilesbydrslepchik.com\/fr\/wp-json\/wp\/v2\/types\/page"}],"author":[{"embeddable":true,"href":"https:\/\/smilesbydrslepchik.com\/fr\/wp-json\/wp\/v2\/users\/47"}],"replies":[{"embeddable":true,"href":"https:\/\/smilesbydrslepchik.com\/fr\/wp-json\/wp\/v2\/comments?post=195"}],"version-history":[{"count":0,"href":"https:\/\/smilesbydrslepchik.com\/fr\/wp-json\/wp\/v2\/pages\/195\/revisions"}],"up":[{"embeddable":true,"href":"https:\/\/smilesbydrslepchik.com\/fr\/wp-json\/wp\/v2\/pages\/226"}],"wp:featuredmedia":[{"embeddable":true,"href":"https:\/\/smilesbydrslepchik.com\/fr\/wp-json\/wp\/v2\/media\/3679"}],"wp:attachment":[{"href":"https:\/\/smilesbydrslepchik.com\/fr\/wp-json\/wp\/v2\/media?parent=195"}],"curies":[{"name":"wp","href":"https:\/\/api.w.org\/{rel}","templated":true}]}}