
{"id":194,"date":"2018-01-23T21:47:11","date_gmt":"2018-01-23T21:47:11","guid":{"rendered":"https:\/\/smilesbydr2017.wpengine.com\/fr\/?page_id=194"},"modified":"2024-05-10T16:07:07","modified_gmt":"2024-05-10T16:07:07","slug":"la-technologie-dentaire","status":"publish","type":"page","link":"https:\/\/smilesbydrslepchik.com\/fr\/notre-clinique\/la-technologie-dentaire\/","title":{"rendered":"La technologie dentaire"},"content":{"rendered":"\n\n\t\t\t\t<img loading=\"lazy\" decoding=\"async\" src=\"https:\/\/smilesbydrslepchik.com\/fr\/wp-content\/uploads\/sites\/2\/2023\/12\/IMG-4420-min-1-scaled-1-scaled-1.jpg\" alt=\"IMG 4420 min 1 scaled 1 scaled 1\" itemprop=\"image\" height=\"1115\" width=\"2560\" title=\"IMG 4420 min 1 scaled 1 scaled 1\" onerror=\"this.style.display='none'\"  \/>\n\t\t\t\t<img loading=\"lazy\" decoding=\"async\" src=\"https:\/\/smilesbydrslepchik.com\/fr\/wp-content\/uploads\/sites\/2\/2023\/12\/D-97.jpg\" alt=\"D 97\" itemprop=\"image\" height=\"1381\" width=\"1800\" title=\"D 97\" onerror=\"this.style.display='none'\"  \/>\n\t<p>La science dentaire est en constante \u00e9volution. Pour pratiquer la dentisterie au 21e si\u00e8cle, notre \u00e9quipement doit suivre. C&#8217;est l&#8217;engagement que nous avons pris.<\/p>\n<p>Au cours des 12 derniers mois, nous avons mis l&#8217;\u00e9quipement \u00e0 jour dans toutes les salles de soins. Nous avons install\u00e9 de nouveaux si\u00e8ges pour le patient et pour le personnel afin d&#8217;am\u00e9liorer le confort pour tout le monde.\u00a0 Notre nouvel \u00e9clairage par le haut est \u00e0 DEL, ce qui fournit plus de lumi\u00e8re tout en produisant moins de chaleur. Il est \u00e9galement dot\u00e9 d&#8217;un r\u00e9glage sp\u00e9cifique pour emp\u00eacher les produits de cosm\u00e9tique dentaire de prendre trop rapidement.<\/p>\n<p>Pour les traitements de canaux, nous avons ajout\u00e9 un nouvel appareil qui r\u00e9duit le temps n\u00e9cessaire pour compl\u00e9ter la proc\u00e9dure et le risque de douleur apr\u00e8s le traitement.<\/p>\n\t<p>Tout notre mat\u00e9riel de radiographie est num\u00e9rique. L&#8217;exposition aux radiations est ainsi plus faible de 80\u00a0% par rapport aux syst\u00e8mes de radiographie traditionnels. Nous avons \u00e9galement la capacit\u00e9 \u00e0 agrandir les images et \u00e0 les partager selon les besoins avec tout professionnel en dentisterie auquel nous r\u00e9f\u00e9rons des patients.<\/p>\n<blockquote>\n     <p>\u00ab\u00a0Le jour o\u00f9 je cesserai de m&#8217;informer des nouvelles tendances, techniques et mat\u00e9riaux de l&#8217;industrie sera celui o\u00f9 je mettrai la cl\u00e9 sous le paillasson et prendrai ma retraite. C&#8217;est tellement excitant pour moi, en tant que professionnel en dentisterie, d&#8217;avoir une stimulation constante et d&#8217;apprendre de nouvelles choses afin d&#8217;apporter une meilleure qualit\u00e9 de vie \u00e0 mes patients.\u00a0\u00bb ~ Le Dr\u00a0Slepchik<\/p>\n<\/blockquote>\n\t\t\t\t<img loading=\"lazy\" decoding=\"async\" src=\"https:\/\/smilesbydrslepchik.com\/fr\/wp-content\/uploads\/sites\/2\/2023\/12\/D-98-1.jpg\" alt=\"D 98 1\" itemprop=\"image\" height=\"1760\" width=\"1800\" title=\"D 98 1\" onerror=\"this.style.display='none'\"  \/>\n\t<p>Toutes nos empreintes pour les travaux cosm\u00e9tiques sont prises sous la forme d&#8217;une s\u00e9rie de photos num\u00e9riques. Cela augmente beaucoup la pr\u00e9cision. Cela \u00e9vite \u00e9galement aux patients sensibles d&#8217;avoir un haut-le-c\u0153ur.<\/p>\n<p>Nos pi\u00e8ces \u00e0 main \u00e0 haute vitesse sont \u00e9lectriques et sont les meilleures et les plus \u00e9volu\u00e9es disponibles actuellement.<\/p>\n<p>La nouvelle sterilisation est faite \u00e0 l&#8217;aide d&#8217;un syst\u00e8me \u00e0 vapeur, ce qui est la m\u00e9thode la plus s\u00e9curitaire et la plus efficace sur le march\u00e9.<\/p>\n<p>L&#8217;anesth\u00e9sie est effectu\u00e9e \u00e0 l&#8217;aide du Wand\u00ae et de DentalVibe\u00ae. Cela me permet d&#8217;insensibiliser 1 dent seulement, sans anesth\u00e9sier la l\u00e8vre ni la langue. Vous quittez votre rendez-vous beaucoup plus \u00e0 l&#8217;aise.<\/p>\n\t\t\t\t<img loading=\"lazy\" decoding=\"async\" src=\"https:\/\/smilesbydrslepchik.com\/fr\/wp-content\/uploads\/sites\/2\/2023\/12\/IMG-0628-1.jpg\" alt=\"IMG 0628 1\" itemprop=\"image\" height=\"1171\" width=\"617\" title=\"IMG 0628 1\" onerror=\"this.style.display='none'\"  \/>\n\t\t\t\t<img loading=\"lazy\" decoding=\"async\" src=\"https:\/\/smilesbydrslepchik.com\/fr\/wp-content\/uploads\/sites\/2\/2023\/12\/IMG-0647-1.jpg\" alt=\"IMG 0647 1\" itemprop=\"image\" height=\"1062\" width=\"1037\" title=\"IMG 0647 1\" onerror=\"this.style.display='none'\"  \/>\n\t<p>Nous avons \u00e9galement un laser Biolase\u00ae, que nous utilisons pour diverses proc\u00e9dures dentaires avec beaucoup de succ\u00e8s.<\/p>\n\t\t\t\t<img loading=\"lazy\" decoding=\"async\" src=\"https:\/\/smilesbydrslepchik.com\/fr\/wp-content\/uploads\/sites\/2\/2023\/12\/IMG-0622-1.jpg\" alt=\"IMG 0622 1\" itemprop=\"image\" height=\"500\" width=\"500\" title=\"IMG 0622 1\" onerror=\"this.style.display='none'\"  \/>\n\t<p>L&#8217;ann\u00e9e prochaine, il y aura certainement d&#8217;autres avanc\u00e9es, car la dentisterie continue \u00e0 \u00e9voluer. Je serai pr\u00eat, ainsi que toute mon \u00e9quipe.<\/p>\n\t\t\t\t<img loading=\"lazy\" decoding=\"async\" src=\"https:\/\/smilesbydrslepchik.com\/fr\/wp-content\/uploads\/sites\/2\/2023\/12\/Glasses-short.jpg\" alt=\"Glasses short\" itemprop=\"image\" height=\"672\" width=\"500\" title=\"Glasses short\" onerror=\"this.style.display='none'\"  \/>\n\t<p>Quelles sont ces lunettes \u00e9tranges ?<\/p>\nIls sont le plus r\u00e9cent ajout \u00e0 notre bureau.<br \/>\nIls offrent 35 fois le grossissement, ce qui \u00e9quivaut \u00e0 plus de d\u00e9tails dans mon travail.\n<p>Comme toujours, nous nous sommes efforc\u00e9s de fournir le meilleur service et les meilleurs r\u00e9sultats<\/p>\n\n","protected":false},"excerpt":{"rendered":"<p>La science dentaire est en constante \u00e9volution. Pour pratiquer la dentisterie au 21e si\u00e8cle, notre \u00e9quipement doit suivre. C&#8217;est l&#8217;engagement que nous avons pris. Au cours des 12 derniers mois, nous avons mis l&#8217;\u00e9quipement \u00e0 jour dans toutes les salles de soins. Nous avons install\u00e9 de nouveaux si\u00e8ges pour le patient et pour le personnel [&hellip;]<\/p>\n","protected":false},"author":47,"featured_media":3678,"parent":123,"menu_order":0,"comment_status":"closed","ping_status":"closed","template":"","meta":{"site-sidebar-layout":"default","site-content-layout":null,"ast-site-content-layout":"default","site-content-style":"default","site-sidebar-style":"default","ast-global-header-display":"","ast-banner-title-visibility":"","ast-main-header-display":"","ast-hfb-above-header-display":"","ast-hfb-below-header-display":null,"ast-hfb-mobile-header-display":"","site-post-title":"","ast-breadcrumbs-content":null,"ast-featured-img":"","footer-sml-layout":"","theme-transparent-header-meta":"default","adv-header-id-meta":"","stick-header-meta":"default","header-above-stick-meta":"","header-main-stick-meta":"","header-below-stick-meta":null,"astra-migrate-meta-layouts":"set","ast-page-background-enabled":"default","ast-page-background-meta":{"desktop":{"background-color":"var(--ast-global-color-4)","background-image":"","background-repeat":"repeat","background-position":"center center","background-size":"auto","background-attachment":"scroll","background-type":"","background-media":"","overlay-type":"","overlay-color":"","overlay-opacity":"","overlay-gradient":""},"tablet":{"background-color":"","background-image":"","background-repeat":"repeat","background-position":"center center","background-size":"auto","background-attachment":"scroll","background-type":"","background-media":"","overlay-type":"","overlay-color":"","overlay-opacity":"","overlay-gradient":""},"mobile":{"background-color":"","background-image":"","background-repeat":"repeat","background-position":"center center","background-size":"auto","background-attachment":"scroll","background-type":"","background-media":"","overlay-type":"","overlay-color":"","overlay-opacity":"","overlay-gradient":""}},"ast-content-background-meta":{"desktop":{"background-color":"var(--ast-global-color-5)","background-image":"","background-repeat":"repeat","background-position":"center center","background-size":"auto","background-attachment":"scroll","background-type":"","background-media":"","overlay-type":"","overlay-color":"","overlay-opacity":"","overlay-gradient":""},"tablet":{"background-color":"var(--ast-global-color-5)","background-image":"","background-repeat":"repeat","background-position":"center center","background-size":"auto","background-attachment":"scroll","background-type":"","background-media":"","overlay-type":"","overlay-color":"","overlay-opacity":"","overlay-gradient":""},"mobile":{"background-color":"var(--ast-global-color-5)","background-image":"","background-repeat":"repeat","background-position":"center center","background-size":"auto","background-attachment":"scroll","background-type":"","background-media":"","overlay-type":"","overlay-color":"","overlay-opacity":"","overlay-gradient":""}},"footnotes":""},"class_list":["post-194","page","type-page","status-publish","has-post-thumbnail","hentry"],"yoast_head":"<!-- This site is optimized with the Yoast SEO plugin v23.7 - https:\/\/yoast.com\/wordpress\/plugins\/seo\/ -->\n<title>La technologie dentaire - French - Dr. Lenny Slepchik, D.D.S.<\/title>\n<meta name=\"description\" content=\"La technologie dentaire est essentielle pour donner le confort maximum aux patients et le pr\u00e9cision \u00e0 Dr. Slepchik et son \u00e9quipe.\" \/>\n<meta name=\"robots\" content=\"index, follow, max-snippet:-1, max-image-preview:large, max-video-preview:-1\" \/>\n<link rel=\"canonical\" href=\"https:\/\/smilesbydrslepchik.com\/fr\/notre-clinique\/la-technologie-dentaire\/\" \/>\n<meta property=\"og:locale\" content=\"en_US\" \/>\n<meta property=\"og:type\" content=\"article\" \/>\n<meta property=\"og:title\" content=\"La technologie dentaire - French - Dr. Lenny Slepchik, D.D.S.\" \/>\n<meta property=\"og:description\" content=\"La technologie dentaire est essentielle pour donner le confort maximum aux patients et le pr\u00e9cision \u00e0 Dr. Slepchik et son \u00e9quipe.\" \/>\n<meta property=\"og:url\" content=\"https:\/\/smilesbydrslepchik.com\/fr\/notre-clinique\/la-technologie-dentaire\/\" \/>\n<meta property=\"og:site_name\" content=\"Lenny Slepchik DDS\" \/>\n<meta property=\"article:modified_time\" content=\"2024-05-10T16:07:07+00:00\" \/>\n<meta property=\"og:image\" content=\"https:\/\/smilesbydrslepchik.com\/fr\/wp-content\/uploads\/sites\/2\/2024\/01\/a6dc068202cb6c9003de84fc3c341f02-1.2x.jpg\" \/>\n\t<meta property=\"og:image:width\" content=\"2304\" \/>\n\t<meta property=\"og:image:height\" content=\"540\" \/>\n\t<meta property=\"og:image:type\" content=\"image\/jpeg\" \/>\n<meta name=\"twitter:card\" content=\"summary_large_image\" \/>\n<meta name=\"twitter:label1\" content=\"Est. reading time\" \/>\n\t<meta name=\"twitter:data1\" content=\"4 minutes\" \/>\n<script type=\"application\/ld+json\" class=\"yoast-schema-graph\">{\"@context\":\"https:\/\/schema.org\",\"@graph\":[{\"@type\":\"WebPage\",\"@id\":\"https:\/\/smilesbydrslepchik.com\/fr\/notre-clinique\/la-technologie-dentaire\/\",\"url\":\"https:\/\/smilesbydrslepchik.com\/fr\/notre-clinique\/la-technologie-dentaire\/\",\"name\":\"La technologie dentaire - French - Dr. Lenny Slepchik, D.D.S.\",\"isPartOf\":{\"@id\":\"https:\/\/smilesbydrslepchik.com\/fr\/#website\"},\"primaryImageOfPage\":{\"@id\":\"https:\/\/smilesbydrslepchik.com\/fr\/notre-clinique\/la-technologie-dentaire\/#primaryimage\"},\"image\":{\"@id\":\"https:\/\/smilesbydrslepchik.com\/fr\/notre-clinique\/la-technologie-dentaire\/#primaryimage\"},\"thumbnailUrl\":\"https:\/\/smilesbydrslepchik.com\/fr\/wp-content\/uploads\/sites\/2\/2024\/01\/a6dc068202cb6c9003de84fc3c341f02-1.2x.jpg\",\"datePublished\":\"2018-01-23T21:47:11+00:00\",\"dateModified\":\"2024-05-10T16:07:07+00:00\",\"description\":\"La technologie dentaire est essentielle pour donner le confort maximum aux patients et le pr\u00e9cision \u00e0 Dr. Slepchik et son \u00e9quipe.\",\"breadcrumb\":{\"@id\":\"https:\/\/smilesbydrslepchik.com\/fr\/notre-clinique\/la-technologie-dentaire\/#breadcrumb\"},\"inLanguage\":\"en-US\",\"potentialAction\":[{\"@type\":\"ReadAction\",\"target\":[\"https:\/\/smilesbydrslepchik.com\/fr\/notre-clinique\/la-technologie-dentaire\/\"]}]},{\"@type\":\"ImageObject\",\"inLanguage\":\"en-US\",\"@id\":\"https:\/\/smilesbydrslepchik.com\/fr\/notre-clinique\/la-technologie-dentaire\/#primaryimage\",\"url\":\"https:\/\/smilesbydrslepchik.com\/fr\/wp-content\/uploads\/sites\/2\/2024\/01\/a6dc068202cb6c9003de84fc3c341f02-1.2x.jpg\",\"contentUrl\":\"https:\/\/smilesbydrslepchik.com\/fr\/wp-content\/uploads\/sites\/2\/2024\/01\/a6dc068202cb6c9003de84fc3c341f02-1.2x.jpg\",\"width\":2304,\"height\":540,\"caption\":\"a6dc068202cb6c9003de84fc3c341f02 1.2x\"},{\"@type\":\"BreadcrumbList\",\"@id\":\"https:\/\/smilesbydrslepchik.com\/fr\/notre-clinique\/la-technologie-dentaire\/#breadcrumb\",\"itemListElement\":[{\"@type\":\"ListItem\",\"position\":1,\"name\":\"Home\",\"item\":\"https:\/\/smilesbydrslepchik.com\/fr\/\"},{\"@type\":\"ListItem\",\"position\":2,\"name\":\"Notre cabinet dentaire\",\"item\":\"https:\/\/smilesbydrslepchik.com\/fr\/notre-clinique\/\"},{\"@type\":\"ListItem\",\"position\":3,\"name\":\"La technologie dentaire\"}]},{\"@type\":\"WebSite\",\"@id\":\"https:\/\/smilesbydrslepchik.com\/fr\/#website\",\"url\":\"https:\/\/smilesbydrslepchik.com\/fr\/\",\"name\":\"Lenny Slepchik DDS\",\"description\":\"\",\"publisher\":{\"@id\":\"https:\/\/smilesbydrslepchik.com\/fr\/#organization\"},\"potentialAction\":[{\"@type\":\"SearchAction\",\"target\":{\"@type\":\"EntryPoint\",\"urlTemplate\":\"https:\/\/smilesbydrslepchik.com\/fr\/?s={search_term_string}\"},\"query-input\":{\"@type\":\"PropertyValueSpecification\",\"valueRequired\":true,\"valueName\":\"search_term_string\"}}],\"inLanguage\":\"en-US\"},{\"@type\":\"Organization\",\"@id\":\"https:\/\/smilesbydrslepchik.com\/fr\/#organization\",\"name\":\"Lenny Slepchik DDS\",\"url\":\"https:\/\/smilesbydrslepchik.com\/fr\/\",\"logo\":{\"@type\":\"ImageObject\",\"inLanguage\":\"en-US\",\"@id\":\"https:\/\/smilesbydrslepchik.com\/fr\/#\/schema\/logo\/image\/\",\"url\":\"https:\/\/smilesbydrslepchik.com\/fr\/wp-content\/uploads\/sites\/2\/2024\/07\/logo-french@1x.png\",\"contentUrl\":\"https:\/\/smilesbydrslepchik.com\/fr\/wp-content\/uploads\/sites\/2\/2024\/07\/logo-french@1x.png\",\"width\":371,\"height\":67,\"caption\":\"Lenny Slepchik DDS\"},\"image\":{\"@id\":\"https:\/\/smilesbydrslepchik.com\/fr\/#\/schema\/logo\/image\/\"}}]}<\/script>\n<!-- \/ Yoast SEO plugin. -->","yoast_head_json":{"title":"La technologie dentaire - French - Dr. Lenny Slepchik, D.D.S.","description":"La technologie dentaire est essentielle pour donner le confort maximum aux patients et le pr\u00e9cision \u00e0 Dr. Slepchik et son \u00e9quipe.","robots":{"index":"index","follow":"follow","max-snippet":"max-snippet:-1","max-image-preview":"max-image-preview:large","max-video-preview":"max-video-preview:-1"},"canonical":"https:\/\/smilesbydrslepchik.com\/fr\/notre-clinique\/la-technologie-dentaire\/","og_locale":"en_US","og_type":"article","og_title":"La technologie dentaire - French - Dr. Lenny Slepchik, D.D.S.","og_description":"La technologie dentaire est essentielle pour donner le confort maximum aux patients et le pr\u00e9cision \u00e0 Dr. Slepchik et son \u00e9quipe.","og_url":"https:\/\/smilesbydrslepchik.com\/fr\/notre-clinique\/la-technologie-dentaire\/","og_site_name":"Lenny Slepchik DDS","article_modified_time":"2024-05-10T16:07:07+00:00","og_image":[{"width":2304,"height":540,"url":"https:\/\/smilesbydrslepchik.com\/fr\/wp-content\/uploads\/sites\/2\/2024\/01\/a6dc068202cb6c9003de84fc3c341f02-1.2x.jpg","type":"image\/jpeg"}],"twitter_card":"summary_large_image","twitter_misc":{"Est. reading time":"4 minutes"},"schema":{"@context":"https:\/\/schema.org","@graph":[{"@type":"WebPage","@id":"https:\/\/smilesbydrslepchik.com\/fr\/notre-clinique\/la-technologie-dentaire\/","url":"https:\/\/smilesbydrslepchik.com\/fr\/notre-clinique\/la-technologie-dentaire\/","name":"La technologie dentaire - French - Dr. Lenny Slepchik, D.D.S.","isPartOf":{"@id":"https:\/\/smilesbydrslepchik.com\/fr\/#website"},"primaryImageOfPage":{"@id":"https:\/\/smilesbydrslepchik.com\/fr\/notre-clinique\/la-technologie-dentaire\/#primaryimage"},"image":{"@id":"https:\/\/smilesbydrslepchik.com\/fr\/notre-clinique\/la-technologie-dentaire\/#primaryimage"},"thumbnailUrl":"https:\/\/smilesbydrslepchik.com\/fr\/wp-content\/uploads\/sites\/2\/2024\/01\/a6dc068202cb6c9003de84fc3c341f02-1.2x.jpg","datePublished":"2018-01-23T21:47:11+00:00","dateModified":"2024-05-10T16:07:07+00:00","description":"La technologie dentaire est essentielle pour donner le confort maximum aux patients et le pr\u00e9cision \u00e0 Dr. Slepchik et son \u00e9quipe.","breadcrumb":{"@id":"https:\/\/smilesbydrslepchik.com\/fr\/notre-clinique\/la-technologie-dentaire\/#breadcrumb"},"inLanguage":"en-US","potentialAction":[{"@type":"ReadAction","target":["https:\/\/smilesbydrslepchik.com\/fr\/notre-clinique\/la-technologie-dentaire\/"]}]},{"@type":"ImageObject","inLanguage":"en-US","@id":"https:\/\/smilesbydrslepchik.com\/fr\/notre-clinique\/la-technologie-dentaire\/#primaryimage","url":"https:\/\/smilesbydrslepchik.com\/fr\/wp-content\/uploads\/sites\/2\/2024\/01\/a6dc068202cb6c9003de84fc3c341f02-1.2x.jpg","contentUrl":"https:\/\/smilesbydrslepchik.com\/fr\/wp-content\/uploads\/sites\/2\/2024\/01\/a6dc068202cb6c9003de84fc3c341f02-1.2x.jpg","width":2304,"height":540,"caption":"a6dc068202cb6c9003de84fc3c341f02 1.2x"},{"@type":"BreadcrumbList","@id":"https:\/\/smilesbydrslepchik.com\/fr\/notre-clinique\/la-technologie-dentaire\/#breadcrumb","itemListElement":[{"@type":"ListItem","position":1,"name":"Home","item":"https:\/\/smilesbydrslepchik.com\/fr\/"},{"@type":"ListItem","position":2,"name":"Notre cabinet dentaire","item":"https:\/\/smilesbydrslepchik.com\/fr\/notre-clinique\/"},{"@type":"ListItem","position":3,"name":"La technologie dentaire"}]},{"@type":"WebSite","@id":"https:\/\/smilesbydrslepchik.com\/fr\/#website","url":"https:\/\/smilesbydrslepchik.com\/fr\/","name":"Lenny Slepchik DDS","description":"","publisher":{"@id":"https:\/\/smilesbydrslepchik.com\/fr\/#organization"},"potentialAction":[{"@type":"SearchAction","target":{"@type":"EntryPoint","urlTemplate":"https:\/\/smilesbydrslepchik.com\/fr\/?s={search_term_string}"},"query-input":{"@type":"PropertyValueSpecification","valueRequired":true,"valueName":"search_term_string"}}],"inLanguage":"en-US"},{"@type":"Organization","@id":"https:\/\/smilesbydrslepchik.com\/fr\/#organization","name":"Lenny Slepchik DDS","url":"https:\/\/smilesbydrslepchik.com\/fr\/","logo":{"@type":"ImageObject","inLanguage":"en-US","@id":"https:\/\/smilesbydrslepchik.com\/fr\/#\/schema\/logo\/image\/","url":"https:\/\/smilesbydrslepchik.com\/fr\/wp-content\/uploads\/sites\/2\/2024\/07\/logo-french@1x.png","contentUrl":"https:\/\/smilesbydrslepchik.com\/fr\/wp-content\/uploads\/sites\/2\/2024\/07\/logo-french@1x.png","width":371,"height":67,"caption":"Lenny Slepchik DDS"},"image":{"@id":"https:\/\/smilesbydrslepchik.com\/fr\/#\/schema\/logo\/image\/"}}]}},"featured_image_src":"https:\/\/smilesbydrslepchik.com\/fr\/wp-content\/uploads\/sites\/2\/2024\/01\/a6dc068202cb6c9003de84fc3c341f02-1.2x-600x400.jpg","featured_image_src_square":"https:\/\/smilesbydrslepchik.com\/fr\/wp-content\/uploads\/sites\/2\/2024\/01\/a6dc068202cb6c9003de84fc3c341f02-1.2x-600x540.jpg","_links":{"self":[{"href":"https:\/\/smilesbydrslepchik.com\/fr\/wp-json\/wp\/v2\/pages\/194","targetHints":{"allow":["GET"]}}],"collection":[{"href":"https:\/\/smilesbydrslepchik.com\/fr\/wp-json\/wp\/v2\/pages"}],"about":[{"href":"https:\/\/smilesbydrslepchik.com\/fr\/wp-json\/wp\/v2\/types\/page"}],"author":[{"embeddable":true,"href":"https:\/\/smilesbydrslepchik.com\/fr\/wp-json\/wp\/v2\/users\/47"}],"replies":[{"embeddable":true,"href":"https:\/\/smilesbydrslepchik.com\/fr\/wp-json\/wp\/v2\/comments?post=194"}],"version-history":[{"count":0,"href":"https:\/\/smilesbydrslepchik.com\/fr\/wp-json\/wp\/v2\/pages\/194\/revisions"}],"up":[{"embeddable":true,"href":"https:\/\/smilesbydrslepchik.com\/fr\/wp-json\/wp\/v2\/pages\/123"}],"wp:featuredmedia":[{"embeddable":true,"href":"https:\/\/smilesbydrslepchik.com\/fr\/wp-json\/wp\/v2\/media\/3678"}],"wp:attachment":[{"href":"https:\/\/smilesbydrslepchik.com\/fr\/wp-json\/wp\/v2\/media?parent=194"}],"curies":[{"name":"wp","href":"https:\/\/api.w.org\/{rel}","templated":true}]}}