
{"id":191,"date":"2018-01-23T21:39:10","date_gmt":"2018-01-23T21:39:10","guid":{"rendered":"https:\/\/smilesbydr2017.wpengine.com\/fr\/?page_id=191"},"modified":"2025-11-13T22:08:59","modified_gmt":"2025-11-13T22:08:59","slug":"les-couronnes","status":"publish","type":"page","link":"https:\/\/smilesbydrslepchik.com\/fr\/nos-soins-dentaires\/les-couronnes\/","title":{"rendered":"Couronnes dentaires Montr\u00e9al"},"content":{"rendered":"\n\n\t\t\t\t<img loading=\"lazy\" decoding=\"async\" src=\"https:\/\/smilesbydrslepchik.com\/fr\/wp-content\/uploads\/sites\/2\/2023\/12\/iStock-000045040090-Medium-cropped.jpg\" alt=\"iStock 000045040090 Medium cropped\" itemprop=\"image\" height=\"584\" width=\"1920\" title=\"iStock 000045040090 Medium cropped\" onerror=\"this.style.display='none'\"  \/>\n\t<p>La\u00a0<strong>couronne dentaire<\/strong>\u00a0peut \u00eatre consid\u00e9r\u00e9e comme\u00a0<strong>une bou\u00e9e de sauvetage pour une dent<\/strong>. Lorsqu&#8217;une dent est tr\u00e8s endommag\u00e9e, notre objectif est de sauver la dent. Nous la faisons en pla\u00e7ant\u00a0<strong>un \u00ab\u00a0CAPUCHON\u00a0\u00bb en forme de dent pour restaurer sa solidit\u00e9, sa forme et sa fonction<\/strong>. La couronne couvre toute la surface visible de la dent jusqu&#8217;\u00e0 la gencive. Les couronnes sont n\u00e9cessaires lorsque la dent est d\u00e9grad\u00e9e au point qu&#8217;une obturation ne serait pas efficace.<\/p>\n<p>Le\u00a0<a href=\"https:\/\/smilesbydrslepchik.com\/our-practice\/meet-dr-slepchik\/\">Dr\u00a0Slepchik<\/a>\u00a0pr\u00e9f\u00e8re utiliser un mat\u00e9riau solide et esth\u00e9tique qui s&#8217;appell\u00e9\u00a0<strong>Emax<\/strong>\u00a0pour fabriquer ses couronnes. L&#8217;Emax\u00a0<strong>r\u00e9siste aux fractures<\/strong>\u00a0et permet d&#8217;obtenir un r\u00e9sultat tr\u00e8s esth\u00e9tique, d&#8217;apparence naturelle.<\/p>\n\t\t\t\t<img loading=\"lazy\" decoding=\"async\" src=\"https:\/\/smilesbydrslepchik.com\/fr\/wp-content\/uploads\/sites\/2\/2023\/12\/iStock-940971686.jpg\" alt=\"iStock 940971686\" itemprop=\"image\" height=\"1500\" width=\"2000\" title=\"iStock 940971686\" onerror=\"this.style.display='none'\"  \/>\n<h2>\n\t\tQuand les couronnes dentaires deviennent-elles n\u00e9cessaires ?\n\t<\/h2>\n\t<p>Le\u00a0<a href=\"https:\/\/smilesbydrslepchik.com\/our-practice\/meet-dr-slepchik\/\">Dr\u00a0Slepchik<\/a>\u00a0pose une couronne en porcelaine (Emax) pour r\u00e9soudre les probl\u00e8mes suivants :<\/p>\n<ul>\n<li>les dents cass\u00e9es ou f\u00eal\u00e9es;<\/li>\n<li>les dents tr\u00e8s us\u00e9es;<\/li>\n<li>les dents qui ont de grandes obturations ou des obturations f\u00eal\u00e9es;<\/li>\n<li>les dents d\u00e9form\u00e9es;<\/li>\n<li>les dents d\u00e9color\u00e9es;<\/li>\n<li>les dents qui ont subi un traitement de canal;<\/li>\n<li>les dents de part et d&#8217;autre d&#8217;un pont.<\/li>\n<\/ul>\n<p>Pourquoi les couronnes en porcelaine?<\/p>\n<p><strong>La porcelaine que nous utilisons s&#8217;appelle Emax (nom technique : disilicate de lithium)<\/strong><\/p>\n\t<p>Elle pr\u00e9sente la parfaite combinaison de solidit\u00e9 et d&#8217;apparence. L&#8217;Emax a la capacit\u00e9 d&#8217;offrir les propri\u00e9t\u00e9s de translucidit\u00e9 et de r\u00e9flectivit\u00e9 de l&#8217;\u00e9mail dentaire. L&#8217;objectif du\u00a0<a href=\"https:\/\/smilesbydrslepchik.com\/\/our-practice\/meet-dr-slepchik\/\">Dr\u00a0Slepchik<\/a> est que la couronne\u00a0 s&#8217;harmonise naturellement avec toutes les dents. Lorsque nous travaillons sur plusieurs dents, nous choisissons la teinte et la brillance le plus esth\u00e9tique possible. Avec les soins appropri\u00e9s \u00e0 la maison, ainsi que des nettoyages r\u00e9guliers avec votre hygi\u00e9niste, les couronnes dureront tr\u00e8s longtemps.<\/p>\n\t\t\t\t<img loading=\"lazy\" decoding=\"async\" src=\"https:\/\/smilesbydrslepchik.com\/fr\/wp-content\/uploads\/sites\/2\/2023\/12\/porcelain-crowns-example-1.jpg\" alt=\"porcelain crowns example 1\" itemprop=\"image\" height=\"1538\" width=\"1949\" title=\"porcelain crowns example 1\" onerror=\"this.style.display='none'\"  \/>\n<h3>\n\t\tQue se passe-t-il pendant le pose d&#8217;une couronne?\n\t<\/h3>\n\t<p>La pose d&#8217;une couronne requiert 2\u00a0rendez-vous avec le\u00a0<a href=\"https:\/\/smilesbydrslepchik.com\/our-practice\/meet-dr-slepchik\/\">Dr Slepchik.<\/a> Lors du premier,nous retirons toute partie cari\u00e9e ou endommag\u00e9e de la dent. Nous vous anesth\u00e9sions qui dissimule la sensation de l&#8217;injection. L&#8217;ext\u00e9rieur de la dent est aminci sur toutes les surfaces ainsi que le dessus pour faire de la place pour la couronne.<\/p>\n<p>Cela cr\u00e9e \u00e9galement une excellente surface de collage sur laquelle sera fix\u00e9e la couronne. Nous prenons des empreints num\u00e9riques de la dent et des dents voisines avec Itero. Notre laboratoire dentaire re\u00e7oit les images tout de suite du syst\u00e8me Itero pour fabriquer votre couronne. Le laboratoire re\u00e7oit \u00e9galement les sp\u00e9cifications exactes de couleur, de contour et de forme. Le laboratoire r\u00e9alise un mod\u00e8le exact des dents,<\/p>\n<p>La communication entre le Dr Slepchik et son laboratoire est essentielle pour obtenir le r\u00e9sultat de haute qualit\u00e9 auquel le docteur et son patient s&#8217;attendent. Il recevra la nouvelle couronne dans 2 semaines . Une couronne temporaire est coll\u00e9e sur votre dent pour la prot\u00e9ger jusqu&#8217;\u00e0 ce que la couronne permanente sera pos\u00e9e. Le premier rendez-vous prend environ1 heure avec lui.<\/p>\n<p>Lorsque votre couronne est pr\u00eate, vous revenez nous voir pour le prochain rendez-vous. Nous nettoyons et d\u00e9sinfectons vos dents et assurons le confort de la dent. Nous nous assurons que la couleur correspond \u00e0 des dents adjacentes. Une fois satisfait, la couronne est coll\u00e9e de fa\u00e7on permanente .\u00a0 Vous pouvez manger normalement lors que vous quittez notre cabinet. Ce rendez-vous prend 30 minutes.<\/p>\n<h2>\n\t\tLes couronnes avant et apr\u00e8s\n\t<\/h2>\n\t\t\t\t<img loading=\"lazy\" decoding=\"async\" src=\"https:\/\/smilesbydrslepchik.com\/fr\/wp-content\/uploads\/sites\/2\/2023\/12\/Porcelain-crowns-and-veneers.jpg\" alt=\"Porcelain crowns and veneers\" itemprop=\"image\" height=\"720\" width=\"960\" title=\"Porcelain crowns and veneers\" onerror=\"this.style.display='none'\"  \/>\n\t\t\t\t<img loading=\"lazy\" decoding=\"async\" src=\"https:\/\/smilesbydrslepchik.com\/fr\/wp-content\/uploads\/sites\/2\/2024\/03\/photo-replacement-scaled.jpg\" alt=\"photo replacement\" itemprop=\"image\" height=\"2500\" width=\"2500\" title=\"photo replacement\" onerror=\"this.style.display='none'\"  \/>\n<h2>\n\t\tMa nouvelle dent para\u00eetra-t-elle naturelle ?\n\t<\/h2>\n\t<p>Une fois que la couronne est coll&eacute;e, personne ne sera en mesure de distinguer votre nouvelle dent des autres dents. C&rsquo;est la raison principale pour laquelle le&nbsp;<a href=\"https:\/\/smilesbydrslepchik.com\/our-practice\/meet-dr-slepchik\/\">Dr&nbsp;Slepchik<\/a> utilise l&rsquo;Emax. Ce mat&eacute;riau donne des couronnes et des facettes qui ont les m&ecirc;mes caract&eacute;ristiques visuelles que l&rsquo;&eacute;mail dentaire naturel. Notre laboratoire dentaire cr&eacute;e la couronne pour correspondre &agrave; l&rsquo;apparence de la dent qu&rsquo;elle remplace, et conforme &agrave; la pr&eacute;scription fournie par le Dr Slepchik.<\/p>\n\t\t\t\t<img loading=\"lazy\" decoding=\"async\" src=\"https:\/\/smilesbydrslepchik.com\/fr\/wp-content\/uploads\/sites\/2\/2023\/12\/dental-crown-natural-smile.jpg\" alt=\"dental crown natural smile\" itemprop=\"image\" height=\"1414\" width=\"2121\" title=\"dental crown natural smile\" onerror=\"this.style.display='none'\"  \/>\n<h3>\n\t\tQuelle est la vie d&#8217;une couronne ?\n\t<\/h3>\n\t<p>Notre exp\u00e9rience d\u00e9montre qu&#8217;une couronne en porcelaine peut durer 20 ans ou plus. Cela d\u00e9pend \u00e9galement de la qualit\u00e9 des soins \u00e0 domicile (bien brosser les dents et passer de la soie dentaire r\u00e9guli\u00e8rement) ainsi que des nettoyages dentaires r\u00e9guliers ici selon vos besoins. Si vous grincez des dents, cela peut \u00e9galement r\u00e9duire la dur\u00e9e de vie de votre couronne. Ca sera possible que nous vous recommanderons une plaque occlusale pour la nuit.<\/p>\n<h2>\n\t\tComment prendre soin de ma couronne chez moi?\n\t<\/h2>\n\t<p>Votre nouvelle couronne ne requiert pas de soins particuliers. Prenez-en soin en vous brossant les dents et en passant la soie dentaire quotidiennement. Et n&#8217;oubliez pas de rendre visite selon vos besoins \u00e0 votre hygi\u00e9niste dentaire et au\u00a0<a href=\"\/our-practice\/meet-dr-slepchik\/\">Dr\u00a0Slepchik<\/a>\u00a0pour vos examens dentaires et nettoyage des dents.<\/p>\n<h3>\n\t\tDois-je m&#8217;attendre \u00e0 des probl\u00e8mes?\n\t<\/h3>\n\t<p>Dans de rares cas, votre couronne peut bouger ou se d\u00e9tacher. Cela d\u00e9coule souvent si vous grincez des dents. Vous devez alors nous rendre visite pour que nous puissions recoller la couronne.<\/p>\n<h3>\n\t\tCe traitement est-il douloureux?\n\t<\/h3>\n\t<p>Nous pratiquons une anesth\u00e9sie en profondeur \u00e0 l&#8217;aide du syst\u00e8me Dental Vibe avec Le Wand. Nous commen\u00e7ons \u00e0 traiter la dent apr\u00e8s avoir v\u00e9rifi\u00e9 que l&#8217;anesth\u00e9sie est compl\u00e8te. La phase de pr\u00e9paration proprement dite est alors sans douleur.<\/p>\n<p>Notre patient nous a  pos\u00e9 des questions sur ses dents en avant tr\u00e8s courtes. Avec notre laser, nous pouvons exposer l&#8217;\u00e9mail, pr\u00e9sentement couvert par des gencives, pour lui donner un beau sourire naturel.<\/p>\n\t\t\t\t<img loading=\"lazy\" decoding=\"async\" src=\"https:\/\/smilesbydrslepchik.com\/fr\/wp-content\/uploads\/sites\/2\/2023\/12\/Photo-1-.jpg\" alt=\"Photo 1\" itemprop=\"image\" height=\"865\" width=\"1880\" title=\"Photo 1\" onerror=\"this.style.display='none'\"  \/>\n\t\tAvant le laser\n\t\t\t\t<img loading=\"lazy\" decoding=\"async\" src=\"https:\/\/smilesbydrslepchik.com\/fr\/wp-content\/uploads\/sites\/2\/2023\/12\/Photo-2.jpg\" alt=\"Photo 2\" itemprop=\"image\" height=\"918\" width=\"1680\" title=\"Photo 2\" onerror=\"this.style.display='none'\"  \/>\n\t\t1\u00e8re dent avec le laser\n\t\t\t\t<img loading=\"lazy\" decoding=\"async\" src=\"https:\/\/smilesbydrslepchik.com\/fr\/wp-content\/uploads\/sites\/2\/2023\/12\/Photo-3.jpg\" alt=\"Photo 3\" itemprop=\"image\" height=\"1085\" width=\"2445\" title=\"Photo 3\" onerror=\"this.style.display='none'\"  \/>\n\t\tR\u00e9sultat final.  Pas de saignement.  Nous avons pris le photo tout de suite apr\u00e8s son rendez-vous.\n<h3>\n\t\tDemandez une consultation\n\t<\/h3>\n\t<p>Si vous pensez \u00eatre candidat(e) pour une couronne,\u00a0<a href=\"https:\/\/smilesbydrslepchik.com\/contact\/\">contactez<\/a> notre cabinet dentaire au centre-ville de Montr\u00e9al. Composez le <a href=\"tel:514-875-7971\">514-875-7971<\/a> ou envoyez un courriel \u00e0 l&#8217;adresse\u00a0<a href=\"mailto:reception@smilesbydrslepchik.com\">reception@smilesbydrslepchik.com<\/a>\u00a0pour prendre un rendez-vous d&#8217;une consultation avec le Dr Lenny Slepchik.,<\/p>\n\n","protected":false},"excerpt":{"rendered":"","protected":false},"author":47,"featured_media":3679,"parent":124,"menu_order":0,"comment_status":"closed","ping_status":"closed","template":"","meta":{"site-sidebar-layout":"default","site-content-layout":"","ast-site-content-layout":"default","site-content-style":"default","site-sidebar-style":"default","ast-global-header-display":"","ast-banner-title-visibility":"","ast-main-header-display":"","ast-hfb-above-header-display":"","ast-hfb-below-header-display":"","ast-hfb-mobile-header-display":"","site-post-title":"","ast-breadcrumbs-content":"","ast-featured-img":"","footer-sml-layout":"","theme-transparent-header-meta":"default","adv-header-id-meta":"","stick-header-meta":"default","header-above-stick-meta":"","header-main-stick-meta":"","header-below-stick-meta":"","astra-migrate-meta-layouts":"set","ast-page-background-enabled":"default","ast-page-background-meta":{"desktop":{"background-color":"var(--ast-global-color-4)","background-image":"","background-repeat":"repeat","background-position":"center center","background-size":"auto","background-attachment":"scroll","background-type":"","background-media":"","overlay-type":"","overlay-color":"","overlay-opacity":"","overlay-gradient":""},"tablet":{"background-color":"","background-image":"","background-repeat":"repeat","background-position":"center center","background-size":"auto","background-attachment":"scroll","background-type":"","background-media":"","overlay-type":"","overlay-color":"","overlay-opacity":"","overlay-gradient":""},"mobile":{"background-color":"","background-image":"","background-repeat":"repeat","background-position":"center center","background-size":"auto","background-attachment":"scroll","background-type":"","background-media":"","overlay-type":"","overlay-color":"","overlay-opacity":"","overlay-gradient":""}},"ast-content-background-meta":{"desktop":{"background-color":"var(--ast-global-color-5)","background-image":"","background-repeat":"repeat","background-position":"center center","background-size":"auto","background-attachment":"scroll","background-type":"","background-media":"","overlay-type":"","overlay-color":"","overlay-opacity":"","overlay-gradient":""},"tablet":{"background-color":"var(--ast-global-color-5)","background-image":"","background-repeat":"repeat","background-position":"center center","background-size":"auto","background-attachment":"scroll","background-type":"","background-media":"","overlay-type":"","overlay-color":"","overlay-opacity":"","overlay-gradient":""},"mobile":{"background-color":"var(--ast-global-color-5)","background-image":"","background-repeat":"repeat","background-position":"center center","background-size":"auto","background-attachment":"scroll","background-type":"","background-media":"","overlay-type":"","overlay-color":"","overlay-opacity":"","overlay-gradient":""}},"footnotes":""},"class_list":["post-191","page","type-page","status-publish","has-post-thumbnail","hentry"],"yoast_head":"<!-- This site is optimized with the Yoast SEO plugin v23.7 - https:\/\/yoast.com\/wordpress\/plugins\/seo\/ -->\n<title>Couronnes dentaires Montr\u00e9al - Couronnes dentaires en porcelaine - Dr Slepchik<\/title>\n<meta name=\"description\" content=\"Le Dr Slepchik pose une couronne en porcelaine (Emax) pour r\u00e9soudre les probl\u00e8mes comme les dents cass\u00e9es, f\u00eal\u00e9es, d\u00e9form\u00e9\u00e9s, us\u00e9es ou d\u00e9coler\u00e9\u00e9s. Ces couronnes ajoutent une grande beaut\u00e9 \u00e0 votre sourire.\" \/>\n<meta name=\"robots\" content=\"index, follow, max-snippet:-1, max-image-preview:large, max-video-preview:-1\" \/>\n<link rel=\"canonical\" href=\"https:\/\/smilesbydrslepchik.com\/fr\/nos-soins-dentaires\/les-couronnes\/\" \/>\n<meta property=\"og:locale\" content=\"en_US\" \/>\n<meta property=\"og:type\" content=\"article\" \/>\n<meta property=\"og:title\" content=\"Couronnes dentaires Montr\u00e9al - Couronnes dentaires en porcelaine - Dr Slepchik\" \/>\n<meta property=\"og:description\" content=\"Le Dr Slepchik pose une couronne en porcelaine (Emax) pour r\u00e9soudre les probl\u00e8mes comme les dents cass\u00e9es, f\u00eal\u00e9es, d\u00e9form\u00e9\u00e9s, us\u00e9es ou d\u00e9coler\u00e9\u00e9s. Ces couronnes ajoutent une grande beaut\u00e9 \u00e0 votre sourire.\" \/>\n<meta property=\"og:url\" content=\"https:\/\/smilesbydrslepchik.com\/fr\/nos-soins-dentaires\/les-couronnes\/\" \/>\n<meta property=\"og:site_name\" content=\"Lenny Slepchik DDS\" \/>\n<meta property=\"article:modified_time\" content=\"2025-11-13T22:08:59+00:00\" \/>\n<meta property=\"og:image\" content=\"https:\/\/smilesbydrslepchik.com\/fr\/wp-content\/uploads\/sites\/2\/2024\/01\/af567667f4bbd79dd6af4a89ffab407a-1.2x.jpg\" \/>\n\t<meta property=\"og:image:width\" content=\"2304\" \/>\n\t<meta property=\"og:image:height\" content=\"540\" \/>\n\t<meta property=\"og:image:type\" content=\"image\/jpeg\" \/>\n<meta name=\"twitter:card\" content=\"summary_large_image\" \/>\n<meta name=\"twitter:label1\" content=\"Est. reading time\" \/>\n\t<meta name=\"twitter:data1\" content=\"7 minutes\" \/>\n<script type=\"application\/ld+json\" class=\"yoast-schema-graph\">{\"@context\":\"https:\/\/schema.org\",\"@graph\":[{\"@type\":\"WebPage\",\"@id\":\"https:\/\/smilesbydrslepchik.com\/fr\/nos-soins-dentaires\/les-couronnes\/\",\"url\":\"https:\/\/smilesbydrslepchik.com\/fr\/nos-soins-dentaires\/les-couronnes\/\",\"name\":\"Couronnes dentaires Montr\u00e9al - Couronnes dentaires en porcelaine - Dr Slepchik\",\"isPartOf\":{\"@id\":\"https:\/\/smilesbydrslepchik.com\/fr\/#website\"},\"primaryImageOfPage\":{\"@id\":\"https:\/\/smilesbydrslepchik.com\/fr\/nos-soins-dentaires\/les-couronnes\/#primaryimage\"},\"image\":{\"@id\":\"https:\/\/smilesbydrslepchik.com\/fr\/nos-soins-dentaires\/les-couronnes\/#primaryimage\"},\"thumbnailUrl\":\"https:\/\/smilesbydrslepchik.com\/fr\/wp-content\/uploads\/sites\/2\/2024\/01\/af567667f4bbd79dd6af4a89ffab407a-1.2x.jpg\",\"datePublished\":\"2018-01-23T21:39:10+00:00\",\"dateModified\":\"2025-11-13T22:08:59+00:00\",\"description\":\"Le Dr Slepchik pose une couronne en porcelaine (Emax) pour r\u00e9soudre les probl\u00e8mes comme les dents cass\u00e9es, f\u00eal\u00e9es, d\u00e9form\u00e9\u00e9s, us\u00e9es ou d\u00e9coler\u00e9\u00e9s. Ces couronnes ajoutent une grande beaut\u00e9 \u00e0 votre sourire.\",\"breadcrumb\":{\"@id\":\"https:\/\/smilesbydrslepchik.com\/fr\/nos-soins-dentaires\/les-couronnes\/#breadcrumb\"},\"inLanguage\":\"en-US\",\"potentialAction\":[{\"@type\":\"ReadAction\",\"target\":[\"https:\/\/smilesbydrslepchik.com\/fr\/nos-soins-dentaires\/les-couronnes\/\"]}]},{\"@type\":\"ImageObject\",\"inLanguage\":\"en-US\",\"@id\":\"https:\/\/smilesbydrslepchik.com\/fr\/nos-soins-dentaires\/les-couronnes\/#primaryimage\",\"url\":\"https:\/\/smilesbydrslepchik.com\/fr\/wp-content\/uploads\/sites\/2\/2024\/01\/af567667f4bbd79dd6af4a89ffab407a-1.2x.jpg\",\"contentUrl\":\"https:\/\/smilesbydrslepchik.com\/fr\/wp-content\/uploads\/sites\/2\/2024\/01\/af567667f4bbd79dd6af4a89ffab407a-1.2x.jpg\",\"width\":2304,\"height\":540,\"caption\":\"af567667f4bbd79dd6af4a89ffab407a 1.2x\"},{\"@type\":\"BreadcrumbList\",\"@id\":\"https:\/\/smilesbydrslepchik.com\/fr\/nos-soins-dentaires\/les-couronnes\/#breadcrumb\",\"itemListElement\":[{\"@type\":\"ListItem\",\"position\":1,\"name\":\"Home\",\"item\":\"https:\/\/smilesbydrslepchik.com\/fr\/\"},{\"@type\":\"ListItem\",\"position\":2,\"name\":\"Soins Dentaires Montr\u00e9al\",\"item\":\"https:\/\/smilesbydrslepchik.com\/fr\/nos-soins-dentaires\/\"},{\"@type\":\"ListItem\",\"position\":3,\"name\":\"Couronnes dentaires Montr\u00e9al\"}]},{\"@type\":\"WebSite\",\"@id\":\"https:\/\/smilesbydrslepchik.com\/fr\/#website\",\"url\":\"https:\/\/smilesbydrslepchik.com\/fr\/\",\"name\":\"Lenny Slepchik DDS\",\"description\":\"\",\"publisher\":{\"@id\":\"https:\/\/smilesbydrslepchik.com\/fr\/#organization\"},\"potentialAction\":[{\"@type\":\"SearchAction\",\"target\":{\"@type\":\"EntryPoint\",\"urlTemplate\":\"https:\/\/smilesbydrslepchik.com\/fr\/?s={search_term_string}\"},\"query-input\":{\"@type\":\"PropertyValueSpecification\",\"valueRequired\":true,\"valueName\":\"search_term_string\"}}],\"inLanguage\":\"en-US\"},{\"@type\":\"Organization\",\"@id\":\"https:\/\/smilesbydrslepchik.com\/fr\/#organization\",\"name\":\"Lenny Slepchik DDS\",\"url\":\"https:\/\/smilesbydrslepchik.com\/fr\/\",\"logo\":{\"@type\":\"ImageObject\",\"inLanguage\":\"en-US\",\"@id\":\"https:\/\/smilesbydrslepchik.com\/fr\/#\/schema\/logo\/image\/\",\"url\":\"https:\/\/smilesbydrslepchik.com\/fr\/wp-content\/uploads\/sites\/2\/2024\/07\/logo-french@1x.png\",\"contentUrl\":\"https:\/\/smilesbydrslepchik.com\/fr\/wp-content\/uploads\/sites\/2\/2024\/07\/logo-french@1x.png\",\"width\":371,\"height\":67,\"caption\":\"Lenny Slepchik DDS\"},\"image\":{\"@id\":\"https:\/\/smilesbydrslepchik.com\/fr\/#\/schema\/logo\/image\/\"}}]}<\/script>\n<!-- \/ Yoast SEO plugin. -->","yoast_head_json":{"title":"Couronnes dentaires Montr\u00e9al - Couronnes dentaires en porcelaine - Dr Slepchik","description":"Le Dr Slepchik pose une couronne en porcelaine (Emax) pour r\u00e9soudre les probl\u00e8mes comme les dents cass\u00e9es, f\u00eal\u00e9es, d\u00e9form\u00e9\u00e9s, us\u00e9es ou d\u00e9coler\u00e9\u00e9s. Ces couronnes ajoutent une grande beaut\u00e9 \u00e0 votre sourire.","robots":{"index":"index","follow":"follow","max-snippet":"max-snippet:-1","max-image-preview":"max-image-preview:large","max-video-preview":"max-video-preview:-1"},"canonical":"https:\/\/smilesbydrslepchik.com\/fr\/nos-soins-dentaires\/les-couronnes\/","og_locale":"en_US","og_type":"article","og_title":"Couronnes dentaires Montr\u00e9al - Couronnes dentaires en porcelaine - Dr Slepchik","og_description":"Le Dr Slepchik pose une couronne en porcelaine (Emax) pour r\u00e9soudre les probl\u00e8mes comme les dents cass\u00e9es, f\u00eal\u00e9es, d\u00e9form\u00e9\u00e9s, us\u00e9es ou d\u00e9coler\u00e9\u00e9s. Ces couronnes ajoutent une grande beaut\u00e9 \u00e0 votre sourire.","og_url":"https:\/\/smilesbydrslepchik.com\/fr\/nos-soins-dentaires\/les-couronnes\/","og_site_name":"Lenny Slepchik DDS","article_modified_time":"2025-11-13T22:08:59+00:00","og_image":[{"width":2304,"height":540,"url":"https:\/\/smilesbydrslepchik.com\/fr\/wp-content\/uploads\/sites\/2\/2024\/01\/af567667f4bbd79dd6af4a89ffab407a-1.2x.jpg","type":"image\/jpeg"}],"twitter_card":"summary_large_image","twitter_misc":{"Est. reading time":"7 minutes"},"schema":{"@context":"https:\/\/schema.org","@graph":[{"@type":"WebPage","@id":"https:\/\/smilesbydrslepchik.com\/fr\/nos-soins-dentaires\/les-couronnes\/","url":"https:\/\/smilesbydrslepchik.com\/fr\/nos-soins-dentaires\/les-couronnes\/","name":"Couronnes dentaires Montr\u00e9al - Couronnes dentaires en porcelaine - Dr Slepchik","isPartOf":{"@id":"https:\/\/smilesbydrslepchik.com\/fr\/#website"},"primaryImageOfPage":{"@id":"https:\/\/smilesbydrslepchik.com\/fr\/nos-soins-dentaires\/les-couronnes\/#primaryimage"},"image":{"@id":"https:\/\/smilesbydrslepchik.com\/fr\/nos-soins-dentaires\/les-couronnes\/#primaryimage"},"thumbnailUrl":"https:\/\/smilesbydrslepchik.com\/fr\/wp-content\/uploads\/sites\/2\/2024\/01\/af567667f4bbd79dd6af4a89ffab407a-1.2x.jpg","datePublished":"2018-01-23T21:39:10+00:00","dateModified":"2025-11-13T22:08:59+00:00","description":"Le Dr Slepchik pose une couronne en porcelaine (Emax) pour r\u00e9soudre les probl\u00e8mes comme les dents cass\u00e9es, f\u00eal\u00e9es, d\u00e9form\u00e9\u00e9s, us\u00e9es ou d\u00e9coler\u00e9\u00e9s. Ces couronnes ajoutent une grande beaut\u00e9 \u00e0 votre sourire.","breadcrumb":{"@id":"https:\/\/smilesbydrslepchik.com\/fr\/nos-soins-dentaires\/les-couronnes\/#breadcrumb"},"inLanguage":"en-US","potentialAction":[{"@type":"ReadAction","target":["https:\/\/smilesbydrslepchik.com\/fr\/nos-soins-dentaires\/les-couronnes\/"]}]},{"@type":"ImageObject","inLanguage":"en-US","@id":"https:\/\/smilesbydrslepchik.com\/fr\/nos-soins-dentaires\/les-couronnes\/#primaryimage","url":"https:\/\/smilesbydrslepchik.com\/fr\/wp-content\/uploads\/sites\/2\/2024\/01\/af567667f4bbd79dd6af4a89ffab407a-1.2x.jpg","contentUrl":"https:\/\/smilesbydrslepchik.com\/fr\/wp-content\/uploads\/sites\/2\/2024\/01\/af567667f4bbd79dd6af4a89ffab407a-1.2x.jpg","width":2304,"height":540,"caption":"af567667f4bbd79dd6af4a89ffab407a 1.2x"},{"@type":"BreadcrumbList","@id":"https:\/\/smilesbydrslepchik.com\/fr\/nos-soins-dentaires\/les-couronnes\/#breadcrumb","itemListElement":[{"@type":"ListItem","position":1,"name":"Home","item":"https:\/\/smilesbydrslepchik.com\/fr\/"},{"@type":"ListItem","position":2,"name":"Soins Dentaires Montr\u00e9al","item":"https:\/\/smilesbydrslepchik.com\/fr\/nos-soins-dentaires\/"},{"@type":"ListItem","position":3,"name":"Couronnes dentaires Montr\u00e9al"}]},{"@type":"WebSite","@id":"https:\/\/smilesbydrslepchik.com\/fr\/#website","url":"https:\/\/smilesbydrslepchik.com\/fr\/","name":"Lenny Slepchik DDS","description":"","publisher":{"@id":"https:\/\/smilesbydrslepchik.com\/fr\/#organization"},"potentialAction":[{"@type":"SearchAction","target":{"@type":"EntryPoint","urlTemplate":"https:\/\/smilesbydrslepchik.com\/fr\/?s={search_term_string}"},"query-input":{"@type":"PropertyValueSpecification","valueRequired":true,"valueName":"search_term_string"}}],"inLanguage":"en-US"},{"@type":"Organization","@id":"https:\/\/smilesbydrslepchik.com\/fr\/#organization","name":"Lenny Slepchik DDS","url":"https:\/\/smilesbydrslepchik.com\/fr\/","logo":{"@type":"ImageObject","inLanguage":"en-US","@id":"https:\/\/smilesbydrslepchik.com\/fr\/#\/schema\/logo\/image\/","url":"https:\/\/smilesbydrslepchik.com\/fr\/wp-content\/uploads\/sites\/2\/2024\/07\/logo-french@1x.png","contentUrl":"https:\/\/smilesbydrslepchik.com\/fr\/wp-content\/uploads\/sites\/2\/2024\/07\/logo-french@1x.png","width":371,"height":67,"caption":"Lenny Slepchik DDS"},"image":{"@id":"https:\/\/smilesbydrslepchik.com\/fr\/#\/schema\/logo\/image\/"}}]}},"featured_image_src":"https:\/\/smilesbydrslepchik.com\/fr\/wp-content\/uploads\/sites\/2\/2024\/01\/af567667f4bbd79dd6af4a89ffab407a-1.2x-600x400.jpg","featured_image_src_square":"https:\/\/smilesbydrslepchik.com\/fr\/wp-content\/uploads\/sites\/2\/2024\/01\/af567667f4bbd79dd6af4a89ffab407a-1.2x-600x540.jpg","_links":{"self":[{"href":"https:\/\/smilesbydrslepchik.com\/fr\/wp-json\/wp\/v2\/pages\/191","targetHints":{"allow":["GET"]}}],"collection":[{"href":"https:\/\/smilesbydrslepchik.com\/fr\/wp-json\/wp\/v2\/pages"}],"about":[{"href":"https:\/\/smilesbydrslepchik.com\/fr\/wp-json\/wp\/v2\/types\/page"}],"author":[{"embeddable":true,"href":"https:\/\/smilesbydrslepchik.com\/fr\/wp-json\/wp\/v2\/users\/47"}],"replies":[{"embeddable":true,"href":"https:\/\/smilesbydrslepchik.com\/fr\/wp-json\/wp\/v2\/comments?post=191"}],"version-history":[{"count":0,"href":"https:\/\/smilesbydrslepchik.com\/fr\/wp-json\/wp\/v2\/pages\/191\/revisions"}],"up":[{"embeddable":true,"href":"https:\/\/smilesbydrslepchik.com\/fr\/wp-json\/wp\/v2\/pages\/124"}],"wp:featuredmedia":[{"embeddable":true,"href":"https:\/\/smilesbydrslepchik.com\/fr\/wp-json\/wp\/v2\/media\/3679"}],"wp:attachment":[{"href":"https:\/\/smilesbydrslepchik.com\/fr\/wp-json\/wp\/v2\/media?parent=191"}],"curies":[{"name":"wp","href":"https:\/\/api.w.org\/{rel}","templated":true}]}}