
{"id":185,"date":"2018-01-23T21:11:37","date_gmt":"2018-01-23T21:11:37","guid":{"rendered":"https:\/\/smilesbydr2017.wpengine.com\/fr\/?page_id=185"},"modified":"2024-11-21T19:13:45","modified_gmt":"2024-11-21T19:13:45","slug":"esthetique-dentaire-montreal-dr-slepchik","status":"publish","type":"page","link":"https:\/\/smilesbydrslepchik.com\/fr\/nos-soins-dentaires\/esthetique-dentaire-montreal-dr-slepchik\/","title":{"rendered":"Dentisterie esth\u00e9tique \u00e0 Montr\u00e9al"},"content":{"rendered":"\n\n\t\t\t\t<img loading=\"lazy\" decoding=\"async\" src=\"https:\/\/smilesbydrslepchik.com\/fr\/wp-content\/uploads\/sites\/2\/2023\/12\/iStock-000045040090-Medium-cropped.jpg\" alt=\"iStock 000045040090 Medium cropped\" itemprop=\"image\" height=\"584\" width=\"1920\" title=\"iStock 000045040090 Medium cropped\" onerror=\"this.style.display='none'\"  \/>\n\t\t\t\t<img loading=\"lazy\" decoding=\"async\" src=\"https:\/\/smilesbydrslepchik.com\/fr\/wp-content\/uploads\/sites\/2\/2023\/12\/IMG-0587-775x1024-1.jpg\" alt=\"IMG 0587 775x1024 1\" itemprop=\"image\" height=\"1024\" width=\"775\" title=\"IMG 0587 775x1024 1\" onerror=\"this.style.display='none'\"  \/>\n<h3>\n\t\tExplorez l&#8217;esth\u00e9tique dentaire au centre-ville de Montr\u00e9al chez le Dr Lenny Slepchik\n\t<\/h3>\n\t<p>La dentisterie esth\u00e9tique est une \u00e9motion, une passion et un d\u00e9sir exprim\u00e9 par notre patient(e) amen\u00e9 \u00e0 vie par notre \u00e9quipe dentaire qui vous comprend bien.\u00a0 Techniquement, la dentisterie esth\u00e9tique est la cr\u00e9ation des restaurations naturelles qui am\u00e9liorent votre sourire et vos dents.<\/p>\n<p>Il existe beaucoup d&#8217;options pour cr\u00e9er votre sourire magnifique. Si vous n&#8217;aimez pas la couleur ou la forme de vos dents ou comment vos dents se rencontrent, pensez \u00e0 une traitement d&#8217;esth\u00e9tique avec le Dr\u00a0Slepchik.<\/p>\n<p>La dentisterie esth\u00e9tique inclut une grande vari\u00e9t\u00e9 de traitements dentaires comme facettes en porcelaines, des restaurations en resines, des implants dentaires, des proth\u00e8ses sur implants, les couronnes en porcelaines, des incrustations, le blanchiment des dents, et l&#8217;\u00e9longation de la couronne.\u00a0 Aussi, c&#8217;est possible que vous aurez besoin d&#8217;<strong>Invisalign,<\/strong>\u00a0pour fermer des espaces entre vos dents ou corriger comment vos dents se rencontrent.<\/p>\n<p><strong>Notre devise est &#8220;O\u00f9 le soin dentaire est un Art !&#8221;\u00a0 \u00a0Notre but est d&#8217;utiliser la science en dentisterie pour cr\u00e9\u00e9r\u00a0<\/strong><strong>l&#8217;art en votre sourire.<\/strong><\/p>\n<h2>\n\t\tTraitements Dentaires Esth\u00e9tiques\n\t<\/h2>\n\t<p>Dans son cabinet\u00a0 dentaire au centre-ville de Montr\u00e9al, le Dr Slepchik vous offre les soins d&#8217;esth\u00e9tiques dentaires suivants:<\/p>\n\t\t\t\t<img loading=\"lazy\" decoding=\"async\" src=\"https:\/\/smilesbydrslepchik.com\/fr\/wp-content\/uploads\/sites\/2\/2023\/12\/IMG-8080.jpg\" alt=\"IMG 8080\" itemprop=\"image\" height=\"1512\" width=\"2016\" title=\"IMG 8080\" onerror=\"this.style.display='none'\"  \/>\n<blockquote>\n     <ul>\n<li>Invisalign (l&#8217;alignement par coquilles invisible)<\/li>\n<li>Implants dentaires<\/li>\n<li>Blanchiment des dents Zoom<\/li>\n<li>Facettes, couronnes, incrustations en porcelaines<\/li>\n<li>Proth\u00e8ses sur implants<\/li>\n<li>\u00c9longation de la couronne<\/li>\n<li>Les plombages blancs (en resine)<\/li>\n<li>Les ponts<\/li>\n<li>M\u00e9tamorphose du sourire<\/li>\n<\/ul>\n<\/blockquote>\n<h2>\n\t\tInvisalign\n\t<\/h2>\n\t<p>Si vous n&#8217;aimez pas votre sourire parce que vos dents sont croches ou mal align\u00e9\u00e9s, Invisalign est une bonne option pour vous. C&#8217;est un traitement orthodontique sans broches en m\u00e9tal. Invisalign utilise les goutti\u00e8res transparents pour aligner vos dents.\u00a0 Elles sont fabriqu\u00e9es expr\u00e8s pour vous. Ils sont confortables,, amovibles et facile \u00e0 nettoyer.\u00a0 Vous ne serez pas au courant que vous les\u00a0 portez; vous pouvez les enlever quand vous mangez.<\/p>\n\t\t\t\t<img loading=\"lazy\" decoding=\"async\" src=\"https:\/\/smilesbydrslepchik.com\/fr\/wp-content\/uploads\/sites\/2\/2023\/12\/Invisalign-Logo-300x86-1.png\" alt=\"Invisalign Logo 300x86 1\" itemprop=\"image\" height=\"86\" width=\"300\" title=\"Invisalign Logo 300x86 1\" onerror=\"this.style.display='none'\"  \/>\n\t\t\t\t<img loading=\"lazy\" decoding=\"async\" src=\"https:\/\/smilesbydrslepchik.com\/fr\/wp-content\/uploads\/sites\/2\/2023\/12\/Screen-Shot-2018-08-23-at-10.26.06-AM.png\" alt=\"Screen Shot 2018 08 23 at 10.26.06 AM\" itemprop=\"image\" height=\"207\" width=\"615\" title=\"Screen Shot 2018 08 23 at 10.26.06 AM\" onerror=\"this.style.display='none'\"  \/>\n<h2>\n\t\tM\u00e9tamorphose du sourire\n\t<\/h2>\n\t<p>Si vous n&#8217;est pas heureux avec votre sourire ou si vous avez honte de sourire, nous pouvons vous sugg\u00e9rer une m\u00e9tamorphose du sourire pour le transformer. Quand nous rencontrons un patient pour la premi\u00e8re fois, de temps en temps il est\u00a0 si malheureux qu&#8217;il ne sourit jamais.\u00a0 Avec toute la technologie et\u00a0 vos options de mat\u00e9riaux disponibles aujourd&#8217;hui , il n&#8217;existe ni une raison de pas sourire fi\u00e8rement.\u00a0 \u00a0Nous vous offrons beaucoup de soins dentaires pour modifier votre sourire.et des traitements dentaires\u00a0 r\u00e9storatives et esth\u00e9tiques comme facettes, implants, plombages blan\u00e7s et blanchiment des dents.\u00a0 Le but de ces proc\u00e9dures est de vous offrir un beau sourire lumineux\u00a0 et naturel qui vous permet de sentir rajeunit.<\/p>\n<h2>\n\t\tProth\u00e8se appuy\u00e9 par des implants\n\t<\/h2>\n\t<p>Le proth\u00e8se\u00a0 appuy\u00e9 par des implants est une methode de rempla\u00e7ement des dents qui m\u00e9lange les avantages des dentiers complets et la s\u00e9curit\u00e9 des implants pour restaurer votre sourire.\u00a0 Il y a beaucoup de ben\u00e9fices \u00e0 ce traitement dentaire incluant la pr\u00e9servation de l&#8217;os et de votre visage; l&#8217;am\u00e9lioration de parler, et votre capacit\u00e9 de mastiquer. Vos dents ne glissent jamais.\u00a0 Les implants soutiennent, stabilisent et gardent le dentier en place. \u00a0Vous pouvez manger avec vos amis\u00a0 dans les restaurants en plein confiance et s\u00e9curit\u00e9.<\/p>\n\t\t\t\t<img loading=\"lazy\" decoding=\"async\" src=\"https:\/\/smilesbydrslepchik.com\/fr\/wp-content\/uploads\/sites\/2\/2023\/12\/Screen-Shot-2019-06-17-at-2.36.04-PM.png\" alt=\"Screen Shot 2019 06 17 at 2.36.04 PM\" itemprop=\"image\" height=\"499\" width=\"819\" title=\"Screen Shot 2019 06 17 at 2.36.04 PM\" onerror=\"this.style.display='none'\"  \/>\n<h2>\n\t\tImplants dentaires\n\t<\/h2>\n\t<p>Pour les dents manquants, les implants dentaires sont la meilleure option pour restaurer votre sourire. Un implant dentaire est un dent artificiel pla\u00e7\u00e9 dans votre machoire qui ressemble et fonction comme\u00a0 une dent naturelle.\u00a0 Les implants dentaires sont une solution permanente pour les dents manquants qui vous donnent\u00a0 tous les b\u00e9n\u00e9fices des dents naturelles.et un sourire lumineux.<\/p>\n\t\t\t\t<img loading=\"lazy\" decoding=\"async\" src=\"https:\/\/smilesbydrslepchik.com\/fr\/wp-content\/uploads\/sites\/2\/2023\/12\/Screen-Shot-2018-08-23-at-11.08.00-AM.png\" alt=\"Screen Shot 2018 08 23 at 11.08.00 AM\" itemprop=\"image\" height=\"95\" width=\"496\" title=\"Screen Shot 2018 08 23 at 11.08.00 AM\" onerror=\"this.style.display='none'\"  \/>\n<h2>\n\t\tPonts dentaires\n\t<\/h2>\n\t<p>Les ponts dentaires sont un bon rempla\u00e7ement pour un dent manquant, mais les ponts ne durent aussi longue que des implants.\u00a0 Pour emp\u00eacher des autres dents de\u00a0 bouger, pour restaurer la capacit\u00e9 de mordre, pour vous aider \u00e0 mieux parler et de maintenir la\u00a0 sant\u00e9 de votre machoire, c&#8217;est un bon choix. Si vous\u00a0 \u00eates diligent de votre hygiene dentaire et vous gardez vos rendez-vous de votre examen dentaire et nettoyage des dents, votre pont peut durer 10-15 ans.<\/p>\n\t\t\t\t<img loading=\"lazy\" decoding=\"async\" src=\"https:\/\/smilesbydrslepchik.com\/fr\/wp-content\/uploads\/sites\/2\/2024\/09\/Dental-Bridges.jpg\" alt=\"Dental Bridges\" itemprop=\"image\" height=\"630\" width=\"630\" title=\"Dental Bridges\" onerror=\"this.style.display='none'\"  \/>\n<h2>\n\t\tLes Couronnes Dentaires\n\t<\/h2>\n\t<p>Une couronne dentaire peut restaurer la forme, la fonction et l&#8217;apparence d&#8217;une dent endommag\u00e9\u00e9. Chez nous, nous mettons une couronne quand la dent a eu un gros carie ou un traitement de canal.\u00a0 Si vous pensez que\u00a0 vous avez besoin d&#8217;une couronne, contactez notre cabinet dentaire pour r\u00e9server votre prochaine rendez-vous. Les couronnes sont toujours en porcelaine; nous faisons tr\u00e8s attention \u00e0 la couleur, la forme et la lucidit\u00e9 de la couronne..<\/p>\n\t\t\t\t<img loading=\"lazy\" decoding=\"async\" src=\"https:\/\/smilesbydrslepchik.com\/fr\/wp-content\/uploads\/sites\/2\/2023\/12\/Screen-Shot-2018-08-23-at-10.37.24-AM.png\" alt=\"Screen Shot 2018 08 23 at 10.37.24 AM\" itemprop=\"image\" height=\"186\" width=\"585\" title=\"Screen Shot 2018 08 23 at 10.37.24 AM\" onerror=\"this.style.display='none'\"  \/>\n<h2>\n\t\tBlanchiment des Dents\n\t<\/h2>\n\t<p>Nous offrons le blanchiment des dents pour nos patients qui veulent des dents plus blanches et brillantes. Nous offrons\u00a0 le syst\u00e8me<strong>\u00a0Zoom<\/strong>\u00a0avec beaucoup de succ\u00e8s.\u00a0 Le Zoom est sain, efficace et facile pour blanchir vos dents en de 2 heures ici; ensuite, vous allez partir avec des dents brillants et rajeunits. Nos patients sont tr\u00e8s contents avec leur blanchiment.<\/p>\n\t\t\t\t<img loading=\"lazy\" decoding=\"async\" src=\"https:\/\/smilesbydrslepchik.com\/fr\/wp-content\/uploads\/sites\/2\/2023\/12\/Screen-Shot-2018-08-23-at-10.56.02-AM.png\" alt=\"Screen Shot 2018 08 23 at 10.56.02 AM\" itemprop=\"image\" height=\"154\" width=\"589\" title=\"Screen Shot 2018 08 23 at 10.56.02 AM\" onerror=\"this.style.display='none'\"  \/>\n<h2>\n\t\tQuels sont les b\u00e9n\u00e9fices d&#8217;avoir des soins dentaires esth\u00e9tiques?\n\t<\/h2>\n\t<p>Maintenant, c&#8217;est possible de changer la forme, la couleur, la taille et l&#8217;alignement de vos dents, de remplir les espaces entre vos dents, de corriger la fa\u00e7on comment vos dents ferment ensemble, de r\u00e9parer des dents bris\u00e9es ou craqu\u00e9es, de rempla\u00e7er les vieux proth\u00e8ses, rempla\u00e7er les dents manquantes et beaucoup plus. Pendant votre premi\u00e8re consultation avec Dr Slepchik vous aurez un examen dentaire complet et prise des radiographies num\u00e9riques. Nous commencerons votre traitement par les dents douloureuses et sensibles; nous parlerons ensuite de votre sourire et de ce que nous pouvons faire pour vous. Le Dr Slepchik vous fera un plan de traitement selon vos besoins dentaires sp\u00e9cifiques.. Nous vous expliquerons chaque proc\u00e9dure esth\u00e9tique et des soins dentaires que vous en avez besoin. Vous pourrez prendre ainsi la meilleure d\u00e9cision pour vos besoins dentaires. Nous essayons nos mieux toujours pour vous donner une exp\u00e9rience en confort maximum avec des r\u00e9sultats sup\u00e9rieurs.<\/p>\n<p><strong>Notre devise est &#8220;O\u00f9 le soin dentaire est un Art !&#8221;\u00a0Notre but est d&#8217;utiliser la science en dentisterie pour d\u00e9couvrir\u00a0<\/strong><strong>l&#8217;art dans votre sourire.<\/strong><\/p>\n\n","protected":false},"excerpt":{"rendered":"<p>Explorez l&#8217;esth\u00e9tique dentaire au centre-ville de Montr\u00e9al chez le Dr Lenny Slepchik La dentisterie esth\u00e9tique est une \u00e9motion, une passion et un d\u00e9sir exprim\u00e9 par notre patient(e) amen\u00e9 \u00e0 vie par notre \u00e9quipe dentaire qui vous comprend bien.\u00a0 Techniquement, la dentisterie esth\u00e9tique est la cr\u00e9ation des restaurations naturelles qui am\u00e9liorent votre sourire et vos dents. [&hellip;]<\/p>\n","protected":false},"author":47,"featured_media":3679,"parent":124,"menu_order":0,"comment_status":"closed","ping_status":"closed","template":"","meta":{"site-sidebar-layout":"default","site-content-layout":"","ast-site-content-layout":"default","site-content-style":"default","site-sidebar-style":"default","ast-global-header-display":"","ast-banner-title-visibility":"","ast-main-header-display":"","ast-hfb-above-header-display":"","ast-hfb-below-header-display":"","ast-hfb-mobile-header-display":"","site-post-title":"","ast-breadcrumbs-content":"","ast-featured-img":"","footer-sml-layout":"","theme-transparent-header-meta":"default","adv-header-id-meta":"","stick-header-meta":"default","header-above-stick-meta":"","header-main-stick-meta":"","header-below-stick-meta":"","astra-migrate-meta-layouts":"set","ast-page-background-enabled":"default","ast-page-background-meta":{"desktop":{"background-color":"var(--ast-global-color-4)","background-image":"","background-repeat":"repeat","background-position":"center center","background-size":"auto","background-attachment":"scroll","background-type":"","background-media":"","overlay-type":"","overlay-color":"","overlay-opacity":"","overlay-gradient":""},"tablet":{"background-color":"","background-image":"","background-repeat":"repeat","background-position":"center center","background-size":"auto","background-attachment":"scroll","background-type":"","background-media":"","overlay-type":"","overlay-color":"","overlay-opacity":"","overlay-gradient":""},"mobile":{"background-color":"","background-image":"","background-repeat":"repeat","background-position":"center center","background-size":"auto","background-attachment":"scroll","background-type":"","background-media":"","overlay-type":"","overlay-color":"","overlay-opacity":"","overlay-gradient":""}},"ast-content-background-meta":{"desktop":{"background-color":"var(--ast-global-color-5)","background-image":"","background-repeat":"repeat","background-position":"center center","background-size":"auto","background-attachment":"scroll","background-type":"","background-media":"","overlay-type":"","overlay-color":"","overlay-opacity":"","overlay-gradient":""},"tablet":{"background-color":"var(--ast-global-color-5)","background-image":"","background-repeat":"repeat","background-position":"center center","background-size":"auto","background-attachment":"scroll","background-type":"","background-media":"","overlay-type":"","overlay-color":"","overlay-opacity":"","overlay-gradient":""},"mobile":{"background-color":"var(--ast-global-color-5)","background-image":"","background-repeat":"repeat","background-position":"center center","background-size":"auto","background-attachment":"scroll","background-type":"","background-media":"","overlay-type":"","overlay-color":"","overlay-opacity":"","overlay-gradient":""}},"footnotes":""},"class_list":["post-185","page","type-page","status-publish","has-post-thumbnail","hentry"],"yoast_head":"<!-- This site is optimized with the Yoast SEO plugin v23.7 - https:\/\/yoast.com\/wordpress\/plugins\/seo\/ -->\n<title>Dentisterie esth\u00e9tique Montr\u00e9al - Dr Slepchik<\/title>\n<meta name=\"description\" content=\"La dentisterie esth\u00e9tique est la cr\u00e9ation des restaurations naturelles qui am\u00e9liorent votre sourire et vos dents. Il y a beaucoup d&#039;options de soins dentaires qui peuvent changer votre sourire compl\u00e8tement.\" \/>\n<meta name=\"robots\" content=\"index, follow, max-snippet:-1, max-image-preview:large, max-video-preview:-1\" \/>\n<link rel=\"canonical\" href=\"https:\/\/smilesbydrslepchik.com\/fr\/nos-soins-dentaires\/esthetique-dentaire-montreal-dr-slepchik\/\" \/>\n<meta property=\"og:locale\" content=\"en_US\" \/>\n<meta property=\"og:type\" content=\"article\" \/>\n<meta property=\"og:title\" content=\"Dentisterie esth\u00e9tique Montr\u00e9al - Dr Slepchik\" \/>\n<meta property=\"og:description\" content=\"La dentisterie esth\u00e9tique est la cr\u00e9ation des restaurations naturelles qui am\u00e9liorent votre sourire et vos dents. Il y a beaucoup d&#039;options de soins dentaires qui peuvent changer votre sourire compl\u00e8tement.\" \/>\n<meta property=\"og:url\" content=\"https:\/\/smilesbydrslepchik.com\/fr\/nos-soins-dentaires\/esthetique-dentaire-montreal-dr-slepchik\/\" \/>\n<meta property=\"og:site_name\" content=\"Lenny Slepchik DDS\" \/>\n<meta property=\"article:modified_time\" content=\"2024-11-21T19:13:45+00:00\" \/>\n<meta property=\"og:image\" content=\"https:\/\/smilesbydrslepchik.com\/fr\/wp-content\/uploads\/sites\/2\/2024\/01\/af567667f4bbd79dd6af4a89ffab407a-1.2x.jpg\" \/>\n\t<meta property=\"og:image:width\" content=\"2304\" \/>\n\t<meta property=\"og:image:height\" content=\"540\" \/>\n\t<meta property=\"og:image:type\" content=\"image\/jpeg\" \/>\n<meta name=\"twitter:card\" content=\"summary_large_image\" \/>\n<meta name=\"twitter:label1\" content=\"Est. reading time\" \/>\n\t<meta name=\"twitter:data1\" content=\"7 minutes\" \/>\n<script type=\"application\/ld+json\" class=\"yoast-schema-graph\">{\"@context\":\"https:\/\/schema.org\",\"@graph\":[{\"@type\":\"WebPage\",\"@id\":\"https:\/\/smilesbydrslepchik.com\/fr\/nos-soins-dentaires\/esthetique-dentaire-montreal-dr-slepchik\/\",\"url\":\"https:\/\/smilesbydrslepchik.com\/fr\/nos-soins-dentaires\/esthetique-dentaire-montreal-dr-slepchik\/\",\"name\":\"Dentisterie esth\u00e9tique Montr\u00e9al - Dr Slepchik\",\"isPartOf\":{\"@id\":\"https:\/\/smilesbydrslepchik.com\/fr\/#website\"},\"primaryImageOfPage\":{\"@id\":\"https:\/\/smilesbydrslepchik.com\/fr\/nos-soins-dentaires\/esthetique-dentaire-montreal-dr-slepchik\/#primaryimage\"},\"image\":{\"@id\":\"https:\/\/smilesbydrslepchik.com\/fr\/nos-soins-dentaires\/esthetique-dentaire-montreal-dr-slepchik\/#primaryimage\"},\"thumbnailUrl\":\"https:\/\/smilesbydrslepchik.com\/fr\/wp-content\/uploads\/sites\/2\/2024\/01\/af567667f4bbd79dd6af4a89ffab407a-1.2x.jpg\",\"datePublished\":\"2018-01-23T21:11:37+00:00\",\"dateModified\":\"2024-11-21T19:13:45+00:00\",\"description\":\"La dentisterie esth\u00e9tique est la cr\u00e9ation des restaurations naturelles qui am\u00e9liorent votre sourire et vos dents. Il y a beaucoup d'options de soins dentaires qui peuvent changer votre sourire compl\u00e8tement.\",\"breadcrumb\":{\"@id\":\"https:\/\/smilesbydrslepchik.com\/fr\/nos-soins-dentaires\/esthetique-dentaire-montreal-dr-slepchik\/#breadcrumb\"},\"inLanguage\":\"en-US\",\"potentialAction\":[{\"@type\":\"ReadAction\",\"target\":[\"https:\/\/smilesbydrslepchik.com\/fr\/nos-soins-dentaires\/esthetique-dentaire-montreal-dr-slepchik\/\"]}]},{\"@type\":\"ImageObject\",\"inLanguage\":\"en-US\",\"@id\":\"https:\/\/smilesbydrslepchik.com\/fr\/nos-soins-dentaires\/esthetique-dentaire-montreal-dr-slepchik\/#primaryimage\",\"url\":\"https:\/\/smilesbydrslepchik.com\/fr\/wp-content\/uploads\/sites\/2\/2024\/01\/af567667f4bbd79dd6af4a89ffab407a-1.2x.jpg\",\"contentUrl\":\"https:\/\/smilesbydrslepchik.com\/fr\/wp-content\/uploads\/sites\/2\/2024\/01\/af567667f4bbd79dd6af4a89ffab407a-1.2x.jpg\",\"width\":2304,\"height\":540,\"caption\":\"af567667f4bbd79dd6af4a89ffab407a 1.2x\"},{\"@type\":\"BreadcrumbList\",\"@id\":\"https:\/\/smilesbydrslepchik.com\/fr\/nos-soins-dentaires\/esthetique-dentaire-montreal-dr-slepchik\/#breadcrumb\",\"itemListElement\":[{\"@type\":\"ListItem\",\"position\":1,\"name\":\"Home\",\"item\":\"https:\/\/smilesbydrslepchik.com\/fr\/\"},{\"@type\":\"ListItem\",\"position\":2,\"name\":\"Soins Dentaires Montr\u00e9al\",\"item\":\"https:\/\/smilesbydrslepchik.com\/fr\/nos-soins-dentaires\/\"},{\"@type\":\"ListItem\",\"position\":3,\"name\":\"Dentisterie esth\u00e9tique \u00e0 Montr\u00e9al\"}]},{\"@type\":\"WebSite\",\"@id\":\"https:\/\/smilesbydrslepchik.com\/fr\/#website\",\"url\":\"https:\/\/smilesbydrslepchik.com\/fr\/\",\"name\":\"Lenny Slepchik DDS\",\"description\":\"\",\"publisher\":{\"@id\":\"https:\/\/smilesbydrslepchik.com\/fr\/#organization\"},\"potentialAction\":[{\"@type\":\"SearchAction\",\"target\":{\"@type\":\"EntryPoint\",\"urlTemplate\":\"https:\/\/smilesbydrslepchik.com\/fr\/?s={search_term_string}\"},\"query-input\":{\"@type\":\"PropertyValueSpecification\",\"valueRequired\":true,\"valueName\":\"search_term_string\"}}],\"inLanguage\":\"en-US\"},{\"@type\":\"Organization\",\"@id\":\"https:\/\/smilesbydrslepchik.com\/fr\/#organization\",\"name\":\"Lenny Slepchik DDS\",\"url\":\"https:\/\/smilesbydrslepchik.com\/fr\/\",\"logo\":{\"@type\":\"ImageObject\",\"inLanguage\":\"en-US\",\"@id\":\"https:\/\/smilesbydrslepchik.com\/fr\/#\/schema\/logo\/image\/\",\"url\":\"https:\/\/smilesbydrslepchik.com\/fr\/wp-content\/uploads\/sites\/2\/2024\/07\/logo-french@1x.png\",\"contentUrl\":\"https:\/\/smilesbydrslepchik.com\/fr\/wp-content\/uploads\/sites\/2\/2024\/07\/logo-french@1x.png\",\"width\":371,\"height\":67,\"caption\":\"Lenny Slepchik DDS\"},\"image\":{\"@id\":\"https:\/\/smilesbydrslepchik.com\/fr\/#\/schema\/logo\/image\/\"}}]}<\/script>\n<!-- \/ Yoast SEO plugin. -->","yoast_head_json":{"title":"Dentisterie esth\u00e9tique Montr\u00e9al - Dr Slepchik","description":"La dentisterie esth\u00e9tique est la cr\u00e9ation des restaurations naturelles qui am\u00e9liorent votre sourire et vos dents. Il y a beaucoup d'options de soins dentaires qui peuvent changer votre sourire compl\u00e8tement.","robots":{"index":"index","follow":"follow","max-snippet":"max-snippet:-1","max-image-preview":"max-image-preview:large","max-video-preview":"max-video-preview:-1"},"canonical":"https:\/\/smilesbydrslepchik.com\/fr\/nos-soins-dentaires\/esthetique-dentaire-montreal-dr-slepchik\/","og_locale":"en_US","og_type":"article","og_title":"Dentisterie esth\u00e9tique Montr\u00e9al - Dr Slepchik","og_description":"La dentisterie esth\u00e9tique est la cr\u00e9ation des restaurations naturelles qui am\u00e9liorent votre sourire et vos dents. Il y a beaucoup d'options de soins dentaires qui peuvent changer votre sourire compl\u00e8tement.","og_url":"https:\/\/smilesbydrslepchik.com\/fr\/nos-soins-dentaires\/esthetique-dentaire-montreal-dr-slepchik\/","og_site_name":"Lenny Slepchik DDS","article_modified_time":"2024-11-21T19:13:45+00:00","og_image":[{"width":2304,"height":540,"url":"https:\/\/smilesbydrslepchik.com\/fr\/wp-content\/uploads\/sites\/2\/2024\/01\/af567667f4bbd79dd6af4a89ffab407a-1.2x.jpg","type":"image\/jpeg"}],"twitter_card":"summary_large_image","twitter_misc":{"Est. reading time":"7 minutes"},"schema":{"@context":"https:\/\/schema.org","@graph":[{"@type":"WebPage","@id":"https:\/\/smilesbydrslepchik.com\/fr\/nos-soins-dentaires\/esthetique-dentaire-montreal-dr-slepchik\/","url":"https:\/\/smilesbydrslepchik.com\/fr\/nos-soins-dentaires\/esthetique-dentaire-montreal-dr-slepchik\/","name":"Dentisterie esth\u00e9tique Montr\u00e9al - Dr Slepchik","isPartOf":{"@id":"https:\/\/smilesbydrslepchik.com\/fr\/#website"},"primaryImageOfPage":{"@id":"https:\/\/smilesbydrslepchik.com\/fr\/nos-soins-dentaires\/esthetique-dentaire-montreal-dr-slepchik\/#primaryimage"},"image":{"@id":"https:\/\/smilesbydrslepchik.com\/fr\/nos-soins-dentaires\/esthetique-dentaire-montreal-dr-slepchik\/#primaryimage"},"thumbnailUrl":"https:\/\/smilesbydrslepchik.com\/fr\/wp-content\/uploads\/sites\/2\/2024\/01\/af567667f4bbd79dd6af4a89ffab407a-1.2x.jpg","datePublished":"2018-01-23T21:11:37+00:00","dateModified":"2024-11-21T19:13:45+00:00","description":"La dentisterie esth\u00e9tique est la cr\u00e9ation des restaurations naturelles qui am\u00e9liorent votre sourire et vos dents. Il y a beaucoup d'options de soins dentaires qui peuvent changer votre sourire compl\u00e8tement.","breadcrumb":{"@id":"https:\/\/smilesbydrslepchik.com\/fr\/nos-soins-dentaires\/esthetique-dentaire-montreal-dr-slepchik\/#breadcrumb"},"inLanguage":"en-US","potentialAction":[{"@type":"ReadAction","target":["https:\/\/smilesbydrslepchik.com\/fr\/nos-soins-dentaires\/esthetique-dentaire-montreal-dr-slepchik\/"]}]},{"@type":"ImageObject","inLanguage":"en-US","@id":"https:\/\/smilesbydrslepchik.com\/fr\/nos-soins-dentaires\/esthetique-dentaire-montreal-dr-slepchik\/#primaryimage","url":"https:\/\/smilesbydrslepchik.com\/fr\/wp-content\/uploads\/sites\/2\/2024\/01\/af567667f4bbd79dd6af4a89ffab407a-1.2x.jpg","contentUrl":"https:\/\/smilesbydrslepchik.com\/fr\/wp-content\/uploads\/sites\/2\/2024\/01\/af567667f4bbd79dd6af4a89ffab407a-1.2x.jpg","width":2304,"height":540,"caption":"af567667f4bbd79dd6af4a89ffab407a 1.2x"},{"@type":"BreadcrumbList","@id":"https:\/\/smilesbydrslepchik.com\/fr\/nos-soins-dentaires\/esthetique-dentaire-montreal-dr-slepchik\/#breadcrumb","itemListElement":[{"@type":"ListItem","position":1,"name":"Home","item":"https:\/\/smilesbydrslepchik.com\/fr\/"},{"@type":"ListItem","position":2,"name":"Soins Dentaires Montr\u00e9al","item":"https:\/\/smilesbydrslepchik.com\/fr\/nos-soins-dentaires\/"},{"@type":"ListItem","position":3,"name":"Dentisterie esth\u00e9tique \u00e0 Montr\u00e9al"}]},{"@type":"WebSite","@id":"https:\/\/smilesbydrslepchik.com\/fr\/#website","url":"https:\/\/smilesbydrslepchik.com\/fr\/","name":"Lenny Slepchik DDS","description":"","publisher":{"@id":"https:\/\/smilesbydrslepchik.com\/fr\/#organization"},"potentialAction":[{"@type":"SearchAction","target":{"@type":"EntryPoint","urlTemplate":"https:\/\/smilesbydrslepchik.com\/fr\/?s={search_term_string}"},"query-input":{"@type":"PropertyValueSpecification","valueRequired":true,"valueName":"search_term_string"}}],"inLanguage":"en-US"},{"@type":"Organization","@id":"https:\/\/smilesbydrslepchik.com\/fr\/#organization","name":"Lenny Slepchik DDS","url":"https:\/\/smilesbydrslepchik.com\/fr\/","logo":{"@type":"ImageObject","inLanguage":"en-US","@id":"https:\/\/smilesbydrslepchik.com\/fr\/#\/schema\/logo\/image\/","url":"https:\/\/smilesbydrslepchik.com\/fr\/wp-content\/uploads\/sites\/2\/2024\/07\/logo-french@1x.png","contentUrl":"https:\/\/smilesbydrslepchik.com\/fr\/wp-content\/uploads\/sites\/2\/2024\/07\/logo-french@1x.png","width":371,"height":67,"caption":"Lenny Slepchik DDS"},"image":{"@id":"https:\/\/smilesbydrslepchik.com\/fr\/#\/schema\/logo\/image\/"}}]}},"featured_image_src":"https:\/\/smilesbydrslepchik.com\/fr\/wp-content\/uploads\/sites\/2\/2024\/01\/af567667f4bbd79dd6af4a89ffab407a-1.2x-600x400.jpg","featured_image_src_square":"https:\/\/smilesbydrslepchik.com\/fr\/wp-content\/uploads\/sites\/2\/2024\/01\/af567667f4bbd79dd6af4a89ffab407a-1.2x-600x540.jpg","_links":{"self":[{"href":"https:\/\/smilesbydrslepchik.com\/fr\/wp-json\/wp\/v2\/pages\/185","targetHints":{"allow":["GET"]}}],"collection":[{"href":"https:\/\/smilesbydrslepchik.com\/fr\/wp-json\/wp\/v2\/pages"}],"about":[{"href":"https:\/\/smilesbydrslepchik.com\/fr\/wp-json\/wp\/v2\/types\/page"}],"author":[{"embeddable":true,"href":"https:\/\/smilesbydrslepchik.com\/fr\/wp-json\/wp\/v2\/users\/47"}],"replies":[{"embeddable":true,"href":"https:\/\/smilesbydrslepchik.com\/fr\/wp-json\/wp\/v2\/comments?post=185"}],"version-history":[{"count":0,"href":"https:\/\/smilesbydrslepchik.com\/fr\/wp-json\/wp\/v2\/pages\/185\/revisions"}],"up":[{"embeddable":true,"href":"https:\/\/smilesbydrslepchik.com\/fr\/wp-json\/wp\/v2\/pages\/124"}],"wp:featuredmedia":[{"embeddable":true,"href":"https:\/\/smilesbydrslepchik.com\/fr\/wp-json\/wp\/v2\/media\/3679"}],"wp:attachment":[{"href":"https:\/\/smilesbydrslepchik.com\/fr\/wp-json\/wp\/v2\/media?parent=185"}],"curies":[{"name":"wp","href":"https:\/\/api.w.org\/{rel}","templated":true}]}}