
{"id":183,"date":"2018-01-23T21:08:59","date_gmt":"2018-01-23T21:08:59","guid":{"rendered":"https:\/\/smilesbydr2017.wpengine.com\/fr\/?page_id=183"},"modified":"2024-06-07T06:53:51","modified_gmt":"2024-06-07T06:53:51","slug":"faites-connaisance-avec-lequipe-dynamique-qui-seconde-le-dr-slepchik","status":"publish","type":"page","link":"https:\/\/smilesbydrslepchik.com\/fr\/notre-clinique\/faites-connaisance-avec-lequipe-dynamique-qui-seconde-le-dr-slepchik\/","title":{"rendered":"Notre \u00e9quipe dynamique qui seconde le Dr\u00a0Slepchik"},"content":{"rendered":"\n\n\t\t\t\t<img loading=\"lazy\" decoding=\"async\" src=\"https:\/\/smilesbydrslepchik.com\/fr\/wp-content\/uploads\/sites\/2\/2024\/02\/IMG-8077-1.jpg\" alt=\"IMG 8077 1\" itemprop=\"image\" height=\"935\" width=\"2000\" title=\"IMG 8077 1\" onerror=\"this.style.display='none'\"  \/>\n\t<p>Le Dr Slepchik est fier de vous pr\u00e9senter son \u00e9quipe passionn\u00e9e. Qu&#8217;est-ce qui nous distingue ?<\/p>\n<p>Tout le monde aime apprendre plus sur les avanc\u00e9es en dentisterie et repr\u00e9sentent fi\u00e8rement le Dr Slepchik \u00e0 de nombreuses conf\u00e9rences. Les d\u00eeners-causeries du vendredi, au cours desquels nous rencontrons des sp\u00e9cialistes du domaine et leur posons nos questions, sont un \u00e9v\u00e9nement courant dans notre clinique. Et le plus remarquable, c&#8217;est que nous sommes toutes sur la m\u00eame longueur d&#8217;onde. Nous coop\u00e9rons, nous nous aidons les unes les autres et travaillons extr\u00eamement bien en \u00e9quipe. Nous sommes sinc\u00e8rement soucieuses du bien-\u00eatre de nos patients et nous sommes toujours pr\u00eates \u00e0 les aider. Vous rencontrerez un groupe chaleureux, accueillant et connaissant qui se promet de prendre bien soin de vous toujours.<\/p>\n\t<iframe loading=\"lazy\" width=\"804\" height=\"490\" src=\"https:\/\/www.youtube.com\/embed\/Ultc98TfgpE\" title=\"Dr. Lenny Slepchik's DentalVibe Testimonial - Fran\u00e7ais Version\" frameborder=\"0\" allow=\"accelerometer; autoplay; clipboard-write; encrypted-media; gyroscope; picture-in-picture; web-share\" allowfullscreen><\/iframe>\n\t\t\t\t<img loading=\"lazy\" decoding=\"async\" src=\"https:\/\/smilesbydrslepchik.com\/fr\/wp-content\/uploads\/sites\/2\/2024\/03\/ANNA-Dental-Concierge-.jpg\" alt=\"ANNA Dental Concierge\" itemprop=\"image\" height=\"597\" width=\"568\" title=\"ANNA Dental Concierge\" onerror=\"this.style.display='none'\"  \/>\n<h2>\n\t\tAnna\n\t<\/h2>\n<h3>\n\t\tLa r\u00e9ceptionniste dentaire\n\t<\/h3>\n\t<p>\u00ab Ma priorit\u00e9 est d&#8217;accueillir les patients et de les mettre \u00e0 l&#8217;aise pendant qu&#8217;ils attendent leur rendez-vous. J&#8217;aime sourire \u00e0 chaque patient. Le sourire est contagieux et favorise la confiance et l&#8217;attention. \u00bb<\/p>\n\t<iframe loading=\"lazy\" width=\"804\" height=\"490\" src=\"https:\/\/www.youtube.com\/embed\/1ei6zTYVH6c\" title=\"File 000\" frameborder=\"0\" allow=\"accelerometer; autoplay; clipboard-write; encrypted-media; gyroscope; picture-in-picture; web-share\" allowfullscreen><\/iframe>\n\t\t\t\t<img loading=\"lazy\" decoding=\"async\" src=\"https:\/\/smilesbydrslepchik.com\/fr\/wp-content\/uploads\/sites\/2\/2023\/12\/D-56.jpg\" alt=\"D 56\" itemprop=\"image\" height=\"1800\" width=\"1286\" title=\"D 56\" onerror=\"this.style.display='none'\"  \/>\n<h2>\n\t\tCarmen\n\t<\/h2>\n<h3>\n\t\tAssistante dentaire\n\t<\/h3>\n\t<p>\u00ab En tant qu&#8217;assistante dentaire, mon travail est de m&#8217;assurer que tout ce qui est n\u00e9cessaire pour votre rendez-vous est pr\u00eat. En tant qu&#8217;assistante du Dr Slepchik, ma pr\u00e9occupation est toujours le confort de mes patients. Je consid\u00e8re chaque patient ou patiente dans le fauteuil comme un membre de la famille, que je traite avec soin, attention et respect. J&#8217;aime voir mes patients sourire \u00e0 la fin du rendez-vous. \u00bb<\/p>\n\t<iframe loading=\"lazy\" width=\"803\" height=\"490\" src=\"https:\/\/www.youtube.com\/embed\/KpH63vQjOEE\" title=\"Carmen assistante dentaire\" frameborder=\"0\" allow=\"accelerometer; autoplay; clipboard-write; encrypted-media; gyroscope; picture-in-picture; web-share\" allowfullscreen><\/iframe>\n\t<iframe loading=\"lazy\" width=\"804\" height=\"490\" src=\"https:\/\/www.youtube.com\/embed\/CGl_xwlXslY\" title=\"Les rendezvous d'urgence\" frameborder=\"0\" allow=\"accelerometer; autoplay; clipboard-write; encrypted-media; gyroscope; picture-in-picture; web-share\" allowfullscreen><\/iframe>\n\t\t\t\t<img loading=\"lazy\" decoding=\"async\" src=\"https:\/\/smilesbydrslepchik.com\/fr\/wp-content\/uploads\/sites\/2\/2024\/02\/CAROLINE-scaled-1-scaled.jpg\" alt=\"CAROLINE scaled 1\" itemprop=\"image\" height=\"2500\" width=\"2052\" title=\"CAROLINE scaled 1\" onerror=\"this.style.display='none'\"  \/>\n<h2>\n\t\tCaroline\n\t<\/h2>\n<h3>\n\t\tHygi\u00e9niste dentaire\n\t<\/h3>\n\t<p>\u00ab C&#8217;est avec un grand plaisir que je suis de retour en tant que hygi\u00e9niste dentaire avec l&#8217;\u00e9quipe de Dr. Slepchik. C&#8217;est tr\u00e8s excitant de pouvoir me rattraper avec les patients qui se souviennent de moi ou que je me souviens. J&#8217;ai h\u00e2te de rencontre tout le monde ainsi que des visages familiers. Ceci a rendu mon retour beaucoup plus agr\u00e9able. \u00bb<\/p>\n\t\t\t\t<img loading=\"lazy\" decoding=\"async\" src=\"https:\/\/smilesbydrslepchik.com\/fr\/wp-content\/uploads\/sites\/2\/2024\/05\/Arlene-New-Image.jpg\" alt=\"Arlene New Image\" itemprop=\"image\" height=\"374\" width=\"313\" title=\"Arlene New Image\" onerror=\"this.style.display='none'\"  \/>\n<h2>\n\t\tArlene\n\t<\/h2>\n\t<p>\u00ab La joie de travailler dans cette clinique d\u00e9coule de la fiert\u00e9 que nous \u00e9prouvons \u00e0 d\u00e9velopper sans cesse nos comp\u00e9tences. Nos patients s&#8217;attendent \u00e0 ce que s&#8217;il existe quelque chose qui leur permette d&#8217;am\u00e9liorer leur sant\u00e9 buccale ou de faciliter leur rendez-vous, nous soyons au courant. La technologie dentaire est vraiment sensationnelle. \u00bb<\/p>\n\t<iframe loading=\"lazy\" width=\"804\" height=\"490\" src=\"https:\/\/www.youtube.com\/embed\/G5VHoHSZG44\" title=\"Arlene\" frameborder=\"0\" allow=\"accelerometer; autoplay; clipboard-write; encrypted-media; gyroscope; picture-in-picture; web-share\" allowfullscreen><\/iframe>\n\t\t\t\t<img loading=\"lazy\" decoding=\"async\" src=\"https:\/\/smilesbydrslepchik.com\/fr\/wp-content\/uploads\/sites\/2\/2023\/12\/lovely.jpg\" alt=\"lovely\" itemprop=\"image\" height=\"320\" width=\"240\" title=\"lovely\" onerror=\"this.style.display='none'\"  \/>\n<h2>\n\t\tLovely\n\t<\/h2>\n<h3>\n\t\tAssistante dentaire\n\t<\/h3>\n\t<p>Lovely est notre assistante dentaire geniale et chaleureuse. Elle apprend des nouveaut\u00e9s tr\u00e8s vite et s&#8217;adapte bien \u00e0 notre fa\u00e7on de travailler. Nos patients sont tr\u00e8s \u00e0 l&#8217;aise avec elle. Nous sommes tous tr\u00e8s contents qu&#8217;elle est venue ici.<\/p>\n\n","protected":false},"excerpt":{"rendered":"<p>Le Dr Slepchik est fier de vous pr\u00e9senter son \u00e9quipe passionn\u00e9e. Qu&#8217;est-ce qui nous distingue ? Tout le monde aime apprendre plus sur les avanc\u00e9es en dentisterie et repr\u00e9sentent fi\u00e8rement le Dr Slepchik \u00e0 de nombreuses conf\u00e9rences. Les d\u00eeners-causeries du vendredi, au cours desquels nous rencontrons des sp\u00e9cialistes du domaine et leur posons nos questions, [&hellip;]<\/p>\n","protected":false},"author":47,"featured_media":0,"parent":123,"menu_order":0,"comment_status":"closed","ping_status":"closed","template":"","meta":{"site-sidebar-layout":"default","site-content-layout":null,"ast-site-content-layout":"","site-content-style":"default","site-sidebar-style":"default","ast-global-header-display":"","ast-banner-title-visibility":"","ast-main-header-display":"","ast-hfb-above-header-display":"","ast-hfb-below-header-display":null,"ast-hfb-mobile-header-display":"","site-post-title":"enabled","ast-breadcrumbs-content":null,"ast-featured-img":"","footer-sml-layout":"","theme-transparent-header-meta":"","adv-header-id-meta":"","stick-header-meta":null,"header-above-stick-meta":null,"header-main-stick-meta":null,"header-below-stick-meta":null,"astra-migrate-meta-layouts":"default","ast-page-background-enabled":"default","ast-page-background-meta":{"desktop":{"background-color":"var(--ast-global-color-4)","background-image":"","background-repeat":"repeat","background-position":"center center","background-size":"auto","background-attachment":"scroll","background-type":"","background-media":"","overlay-type":"","overlay-color":"","overlay-opacity":"","overlay-gradient":""},"tablet":{"background-color":"","background-image":"","background-repeat":"repeat","background-position":"center center","background-size":"auto","background-attachment":"scroll","background-type":"","background-media":"","overlay-type":"","overlay-color":"","overlay-opacity":"","overlay-gradient":""},"mobile":{"background-color":"","background-image":"","background-repeat":"repeat","background-position":"center center","background-size":"auto","background-attachment":"scroll","background-type":"","background-media":"","overlay-type":"","overlay-color":"","overlay-opacity":"","overlay-gradient":""}},"ast-content-background-meta":{"desktop":{"background-color":"var(--ast-global-color-5)","background-image":"","background-repeat":"repeat","background-position":"center center","background-size":"auto","background-attachment":"scroll","background-type":"","background-media":"","overlay-type":"","overlay-color":"","overlay-opacity":"","overlay-gradient":""},"tablet":{"background-color":"var(--ast-global-color-5)","background-image":"","background-repeat":"repeat","background-position":"center center","background-size":"auto","background-attachment":"scroll","background-type":"","background-media":"","overlay-type":"","overlay-color":"","overlay-opacity":"","overlay-gradient":""},"mobile":{"background-color":"var(--ast-global-color-5)","background-image":"","background-repeat":"repeat","background-position":"center center","background-size":"auto","background-attachment":"scroll","background-type":"","background-media":"","overlay-type":"","overlay-color":"","overlay-opacity":"","overlay-gradient":""}},"footnotes":""},"class_list":["post-183","page","type-page","status-publish","hentry"],"yoast_head":"<!-- This site is optimized with the Yoast SEO plugin v23.7 - https:\/\/yoast.com\/wordpress\/plugins\/seo\/ -->\n<title>Notre \u00e9quipe dynamique qui seconde le Dr Slepchik - French - Dr. Lenny Slepchik, D.D.S.<\/title>\n<meta name=\"robots\" content=\"index, follow, max-snippet:-1, max-image-preview:large, max-video-preview:-1\" \/>\n<link rel=\"canonical\" href=\"https:\/\/smilesbydrslepchik.com\/fr\/notre-clinique\/faites-connaisance-avec-lequipe-dynamique-qui-seconde-le-dr-slepchik\/\" \/>\n<meta property=\"og:locale\" content=\"en_US\" \/>\n<meta property=\"og:type\" content=\"article\" \/>\n<meta property=\"og:title\" content=\"Notre \u00e9quipe dynamique qui seconde le Dr Slepchik - French - Dr. Lenny Slepchik, D.D.S.\" \/>\n<meta property=\"og:description\" content=\"Le Dr Slepchik est fier de vous pr\u00e9senter son \u00e9quipe passionn\u00e9e. Qu&#8217;est-ce qui nous distingue ? Tout le monde aime apprendre plus sur les avanc\u00e9es en dentisterie et repr\u00e9sentent fi\u00e8rement le Dr Slepchik \u00e0 de nombreuses conf\u00e9rences. Les d\u00eeners-causeries du vendredi, au cours desquels nous rencontrons des sp\u00e9cialistes du domaine et leur posons nos questions, [&hellip;]\" \/>\n<meta property=\"og:url\" content=\"https:\/\/smilesbydrslepchik.com\/fr\/notre-clinique\/faites-connaisance-avec-lequipe-dynamique-qui-seconde-le-dr-slepchik\/\" \/>\n<meta property=\"og:site_name\" content=\"Lenny Slepchik DDS\" \/>\n<meta property=\"article:modified_time\" content=\"2024-06-07T06:53:51+00:00\" \/>\n<meta property=\"og:image\" content=\"https:\/\/smilesbydrslepchik.com\/fr\/wp-content\/uploads\/sites\/2\/2024\/02\/IMG-8077-1.jpg\" \/>\n<meta name=\"twitter:card\" content=\"summary_large_image\" \/>\n<meta name=\"twitter:label1\" content=\"Est. reading time\" \/>\n\t<meta name=\"twitter:data1\" content=\"4 minutes\" \/>\n<script type=\"application\/ld+json\" class=\"yoast-schema-graph\">{\"@context\":\"https:\/\/schema.org\",\"@graph\":[{\"@type\":\"WebPage\",\"@id\":\"https:\/\/smilesbydrslepchik.com\/fr\/notre-clinique\/faites-connaisance-avec-lequipe-dynamique-qui-seconde-le-dr-slepchik\/\",\"url\":\"https:\/\/smilesbydrslepchik.com\/fr\/notre-clinique\/faites-connaisance-avec-lequipe-dynamique-qui-seconde-le-dr-slepchik\/\",\"name\":\"Notre \u00e9quipe dynamique qui seconde le Dr Slepchik - French - Dr. Lenny Slepchik, D.D.S.\",\"isPartOf\":{\"@id\":\"https:\/\/smilesbydrslepchik.com\/fr\/#website\"},\"primaryImageOfPage\":{\"@id\":\"https:\/\/smilesbydrslepchik.com\/fr\/notre-clinique\/faites-connaisance-avec-lequipe-dynamique-qui-seconde-le-dr-slepchik\/#primaryimage\"},\"image\":{\"@id\":\"https:\/\/smilesbydrslepchik.com\/fr\/notre-clinique\/faites-connaisance-avec-lequipe-dynamique-qui-seconde-le-dr-slepchik\/#primaryimage\"},\"thumbnailUrl\":\"https:\/\/smilesbydrslepchik.com\/fr\/wp-content\/uploads\/sites\/2\/2024\/02\/IMG-8077-1.jpg\",\"datePublished\":\"2018-01-23T21:08:59+00:00\",\"dateModified\":\"2024-06-07T06:53:51+00:00\",\"breadcrumb\":{\"@id\":\"https:\/\/smilesbydrslepchik.com\/fr\/notre-clinique\/faites-connaisance-avec-lequipe-dynamique-qui-seconde-le-dr-slepchik\/#breadcrumb\"},\"inLanguage\":\"en-US\",\"potentialAction\":[{\"@type\":\"ReadAction\",\"target\":[\"https:\/\/smilesbydrslepchik.com\/fr\/notre-clinique\/faites-connaisance-avec-lequipe-dynamique-qui-seconde-le-dr-slepchik\/\"]}]},{\"@type\":\"ImageObject\",\"inLanguage\":\"en-US\",\"@id\":\"https:\/\/smilesbydrslepchik.com\/fr\/notre-clinique\/faites-connaisance-avec-lequipe-dynamique-qui-seconde-le-dr-slepchik\/#primaryimage\",\"url\":\"https:\/\/smilesbydrslepchik.com\/fr\/wp-content\/uploads\/sites\/2\/2024\/02\/IMG-8077-1.jpg\",\"contentUrl\":\"https:\/\/smilesbydrslepchik.com\/fr\/wp-content\/uploads\/sites\/2\/2024\/02\/IMG-8077-1.jpg\",\"width\":2000,\"height\":935,\"caption\":\"IMG 8077 1\"},{\"@type\":\"BreadcrumbList\",\"@id\":\"https:\/\/smilesbydrslepchik.com\/fr\/notre-clinique\/faites-connaisance-avec-lequipe-dynamique-qui-seconde-le-dr-slepchik\/#breadcrumb\",\"itemListElement\":[{\"@type\":\"ListItem\",\"position\":1,\"name\":\"Home\",\"item\":\"https:\/\/smilesbydrslepchik.com\/fr\/\"},{\"@type\":\"ListItem\",\"position\":2,\"name\":\"Notre cabinet dentaire\",\"item\":\"https:\/\/smilesbydrslepchik.com\/fr\/notre-clinique\/\"},{\"@type\":\"ListItem\",\"position\":3,\"name\":\"Notre \u00e9quipe dynamique qui seconde le Dr\u00a0Slepchik\"}]},{\"@type\":\"WebSite\",\"@id\":\"https:\/\/smilesbydrslepchik.com\/fr\/#website\",\"url\":\"https:\/\/smilesbydrslepchik.com\/fr\/\",\"name\":\"Lenny Slepchik DDS\",\"description\":\"\",\"publisher\":{\"@id\":\"https:\/\/smilesbydrslepchik.com\/fr\/#organization\"},\"potentialAction\":[{\"@type\":\"SearchAction\",\"target\":{\"@type\":\"EntryPoint\",\"urlTemplate\":\"https:\/\/smilesbydrslepchik.com\/fr\/?s={search_term_string}\"},\"query-input\":{\"@type\":\"PropertyValueSpecification\",\"valueRequired\":true,\"valueName\":\"search_term_string\"}}],\"inLanguage\":\"en-US\"},{\"@type\":\"Organization\",\"@id\":\"https:\/\/smilesbydrslepchik.com\/fr\/#organization\",\"name\":\"Lenny Slepchik DDS\",\"url\":\"https:\/\/smilesbydrslepchik.com\/fr\/\",\"logo\":{\"@type\":\"ImageObject\",\"inLanguage\":\"en-US\",\"@id\":\"https:\/\/smilesbydrslepchik.com\/fr\/#\/schema\/logo\/image\/\",\"url\":\"https:\/\/smilesbydrslepchik.com\/fr\/wp-content\/uploads\/sites\/2\/2024\/07\/logo-french@1x.png\",\"contentUrl\":\"https:\/\/smilesbydrslepchik.com\/fr\/wp-content\/uploads\/sites\/2\/2024\/07\/logo-french@1x.png\",\"width\":371,\"height\":67,\"caption\":\"Lenny Slepchik DDS\"},\"image\":{\"@id\":\"https:\/\/smilesbydrslepchik.com\/fr\/#\/schema\/logo\/image\/\"}}]}<\/script>\n<!-- \/ Yoast SEO plugin. -->","yoast_head_json":{"title":"Notre \u00e9quipe dynamique qui seconde le Dr Slepchik - French - Dr. Lenny Slepchik, D.D.S.","robots":{"index":"index","follow":"follow","max-snippet":"max-snippet:-1","max-image-preview":"max-image-preview:large","max-video-preview":"max-video-preview:-1"},"canonical":"https:\/\/smilesbydrslepchik.com\/fr\/notre-clinique\/faites-connaisance-avec-lequipe-dynamique-qui-seconde-le-dr-slepchik\/","og_locale":"en_US","og_type":"article","og_title":"Notre \u00e9quipe dynamique qui seconde le Dr Slepchik - French - Dr. Lenny Slepchik, D.D.S.","og_description":"Le Dr Slepchik est fier de vous pr\u00e9senter son \u00e9quipe passionn\u00e9e. Qu&#8217;est-ce qui nous distingue ? Tout le monde aime apprendre plus sur les avanc\u00e9es en dentisterie et repr\u00e9sentent fi\u00e8rement le Dr Slepchik \u00e0 de nombreuses conf\u00e9rences. Les d\u00eeners-causeries du vendredi, au cours desquels nous rencontrons des sp\u00e9cialistes du domaine et leur posons nos questions, [&hellip;]","og_url":"https:\/\/smilesbydrslepchik.com\/fr\/notre-clinique\/faites-connaisance-avec-lequipe-dynamique-qui-seconde-le-dr-slepchik\/","og_site_name":"Lenny Slepchik DDS","article_modified_time":"2024-06-07T06:53:51+00:00","og_image":[{"url":"https:\/\/smilesbydrslepchik.com\/fr\/wp-content\/uploads\/sites\/2\/2024\/02\/IMG-8077-1.jpg"}],"twitter_card":"summary_large_image","twitter_misc":{"Est. reading time":"4 minutes"},"schema":{"@context":"https:\/\/schema.org","@graph":[{"@type":"WebPage","@id":"https:\/\/smilesbydrslepchik.com\/fr\/notre-clinique\/faites-connaisance-avec-lequipe-dynamique-qui-seconde-le-dr-slepchik\/","url":"https:\/\/smilesbydrslepchik.com\/fr\/notre-clinique\/faites-connaisance-avec-lequipe-dynamique-qui-seconde-le-dr-slepchik\/","name":"Notre \u00e9quipe dynamique qui seconde le Dr Slepchik - French - Dr. Lenny Slepchik, D.D.S.","isPartOf":{"@id":"https:\/\/smilesbydrslepchik.com\/fr\/#website"},"primaryImageOfPage":{"@id":"https:\/\/smilesbydrslepchik.com\/fr\/notre-clinique\/faites-connaisance-avec-lequipe-dynamique-qui-seconde-le-dr-slepchik\/#primaryimage"},"image":{"@id":"https:\/\/smilesbydrslepchik.com\/fr\/notre-clinique\/faites-connaisance-avec-lequipe-dynamique-qui-seconde-le-dr-slepchik\/#primaryimage"},"thumbnailUrl":"https:\/\/smilesbydrslepchik.com\/fr\/wp-content\/uploads\/sites\/2\/2024\/02\/IMG-8077-1.jpg","datePublished":"2018-01-23T21:08:59+00:00","dateModified":"2024-06-07T06:53:51+00:00","breadcrumb":{"@id":"https:\/\/smilesbydrslepchik.com\/fr\/notre-clinique\/faites-connaisance-avec-lequipe-dynamique-qui-seconde-le-dr-slepchik\/#breadcrumb"},"inLanguage":"en-US","potentialAction":[{"@type":"ReadAction","target":["https:\/\/smilesbydrslepchik.com\/fr\/notre-clinique\/faites-connaisance-avec-lequipe-dynamique-qui-seconde-le-dr-slepchik\/"]}]},{"@type":"ImageObject","inLanguage":"en-US","@id":"https:\/\/smilesbydrslepchik.com\/fr\/notre-clinique\/faites-connaisance-avec-lequipe-dynamique-qui-seconde-le-dr-slepchik\/#primaryimage","url":"https:\/\/smilesbydrslepchik.com\/fr\/wp-content\/uploads\/sites\/2\/2024\/02\/IMG-8077-1.jpg","contentUrl":"https:\/\/smilesbydrslepchik.com\/fr\/wp-content\/uploads\/sites\/2\/2024\/02\/IMG-8077-1.jpg","width":2000,"height":935,"caption":"IMG 8077 1"},{"@type":"BreadcrumbList","@id":"https:\/\/smilesbydrslepchik.com\/fr\/notre-clinique\/faites-connaisance-avec-lequipe-dynamique-qui-seconde-le-dr-slepchik\/#breadcrumb","itemListElement":[{"@type":"ListItem","position":1,"name":"Home","item":"https:\/\/smilesbydrslepchik.com\/fr\/"},{"@type":"ListItem","position":2,"name":"Notre cabinet dentaire","item":"https:\/\/smilesbydrslepchik.com\/fr\/notre-clinique\/"},{"@type":"ListItem","position":3,"name":"Notre \u00e9quipe dynamique qui seconde le Dr\u00a0Slepchik"}]},{"@type":"WebSite","@id":"https:\/\/smilesbydrslepchik.com\/fr\/#website","url":"https:\/\/smilesbydrslepchik.com\/fr\/","name":"Lenny Slepchik DDS","description":"","publisher":{"@id":"https:\/\/smilesbydrslepchik.com\/fr\/#organization"},"potentialAction":[{"@type":"SearchAction","target":{"@type":"EntryPoint","urlTemplate":"https:\/\/smilesbydrslepchik.com\/fr\/?s={search_term_string}"},"query-input":{"@type":"PropertyValueSpecification","valueRequired":true,"valueName":"search_term_string"}}],"inLanguage":"en-US"},{"@type":"Organization","@id":"https:\/\/smilesbydrslepchik.com\/fr\/#organization","name":"Lenny Slepchik DDS","url":"https:\/\/smilesbydrslepchik.com\/fr\/","logo":{"@type":"ImageObject","inLanguage":"en-US","@id":"https:\/\/smilesbydrslepchik.com\/fr\/#\/schema\/logo\/image\/","url":"https:\/\/smilesbydrslepchik.com\/fr\/wp-content\/uploads\/sites\/2\/2024\/07\/logo-french@1x.png","contentUrl":"https:\/\/smilesbydrslepchik.com\/fr\/wp-content\/uploads\/sites\/2\/2024\/07\/logo-french@1x.png","width":371,"height":67,"caption":"Lenny Slepchik DDS"},"image":{"@id":"https:\/\/smilesbydrslepchik.com\/fr\/#\/schema\/logo\/image\/"}}]}},"featured_image_src":null,"featured_image_src_square":null,"_links":{"self":[{"href":"https:\/\/smilesbydrslepchik.com\/fr\/wp-json\/wp\/v2\/pages\/183","targetHints":{"allow":["GET"]}}],"collection":[{"href":"https:\/\/smilesbydrslepchik.com\/fr\/wp-json\/wp\/v2\/pages"}],"about":[{"href":"https:\/\/smilesbydrslepchik.com\/fr\/wp-json\/wp\/v2\/types\/page"}],"author":[{"embeddable":true,"href":"https:\/\/smilesbydrslepchik.com\/fr\/wp-json\/wp\/v2\/users\/47"}],"replies":[{"embeddable":true,"href":"https:\/\/smilesbydrslepchik.com\/fr\/wp-json\/wp\/v2\/comments?post=183"}],"version-history":[{"count":0,"href":"https:\/\/smilesbydrslepchik.com\/fr\/wp-json\/wp\/v2\/pages\/183\/revisions"}],"up":[{"embeddable":true,"href":"https:\/\/smilesbydrslepchik.com\/fr\/wp-json\/wp\/v2\/pages\/123"}],"wp:attachment":[{"href":"https:\/\/smilesbydrslepchik.com\/fr\/wp-json\/wp\/v2\/media?parent=183"}],"curies":[{"name":"wp","href":"https:\/\/api.w.org\/{rel}","templated":true}]}}