
{"id":1390,"date":"2023-12-05T09:51:26","date_gmt":"2023-12-05T09:51:26","guid":{"rendered":"https:\/\/www.smilesbydrslepchik.com\/fr\/?page_id=1390"},"modified":"2024-06-28T20:26:56","modified_gmt":"2024-06-28T20:26:56","slug":"dentisterie-numerique","status":"publish","type":"page","link":"https:\/\/smilesbydrslepchik.com\/fr\/notre-clinique\/la-technologie-dentaire\/dentisterie-numerique\/","title":{"rendered":"Dentisterie num\u00e9rique au cabinet du Dr Slepchik"},"content":{"rendered":"\n\n\t<p>En tant que cabinet d\u00e9cid\u00e9 \u00e0 fournir des soins dentaires de pointe a nos patients, nous avons consid\u00e9rablement accru notre engagement envers la dentisterie num\u00e9rique.<\/p>\n\t<iframe loading=\"lazy\" width=\"100%\" height=\"500px\" src=\"https:\/\/www.youtube.com\/embed\/X1CZ-OuDMhQ?si=-1ZbNBW8R1boaen5\" title=\"YouTube video player\" frameborder=\"0\" allow=\"accelerometer; autoplay; clipboard-write; encrypted-media; gyroscope; picture-in-picture; web-share\" referrerpolicy=\"strict-origin-when-cross-origin\" allowfullscreen><\/iframe>\n<h2>\n\t\tQu&#8217;est-ce que cela signifie pour nos patients?\n\t<\/h2>\n\t<p>Nous scannons tous les patients lors de leur premier rendez-vous. Ce scan de votre bouche est sur \u00e9cran juste en face de vous. Ensemble, nous examinerons votre bouche dent par dent et vous expliquerons ce qui doit \u00eatre fait, pourquoi et vos options.<\/p>\n<p>Notre examen radiographique est num\u00e9rique depuis de nombreuses ann\u00e9es. Un gros avantage pour vous est que nous utilisons moins de rayonnement.<\/p>\n<p>Nous pouvons &#8216;analyser la fa\u00e7on dont vos dents se rencontrent (les forces de fermetures) gr\u00e2ce \u00e0 notre scan num\u00e9rique. L&#8217;alignement des dents est un \u00e9l\u00e9ment essentiel . Cela a un impact sur l&#8217;usure de vos dents. (Vous risquez de grincer), votre \u00e9locution, votre sourire, etc.<\/p>\n<p>Nous pouvons analyser les probl\u00e8mes orthodontiques pour vous montrer une simulation.<\/p>\n<h3>\n\t\tLe dernier ajout a notre cabinet r\u00e9cent\u00a0: Guided Biofilm Therapy (GBT)\n\t<\/h3>\n\t<p>notre nouvelle rendez-vous d&#8217;hygi\u00e8ne. Le biofilm c&#8217;est bact\u00e9rie. Le biofilm provoque des caries dentaires et des maladies des gencives. Ce nouveau syst\u00e8me \u00e9limine l&#8217;inconfort. Gr\u00e2ce \u00e0 l&#8217;Airflow Max, nous pouvons \u00e9liminer totalement le Biofilm. Vous adorerez le changement. Ce rendez-vous est plus facile et efficace pour vous.<\/p>\n<h3>\n\t\tPour la prise d&#8217;empreinte\n\t<\/h3>\n\t<p>on ne place plus de goutti\u00e8re dans la bouche. Avec notre scanner num\u00e9rique It\u00e9\u00e9ro, nous pouvons enregistrer tous renseignements n\u00e9cessaires a la fabrication de restaurations en porcelaine, comme des couronnes, ponts sur implant, proth\u00e8ses partielles et compl\u00e8tes sur implants. Ces informations sont envoy\u00e9es directement au laboratoire . Cela signifie beaucoup moins d&#8217;inconfort pour vous.<\/p>\n<p>En congelant avec notre anesth\u00e9sie par ordinateur, nous pouvons congeler les dents inf\u00e9rieures individuellement. Cela signifie que vous quittez le bureau sans avoir la sensation d&#8217;\u00eatre gel\u00e9. Votre langue et votre visage ne sont pas gel\u00e9s non plus.<\/p>\n<p>La dentisterie num\u00e9rique continuera \u00e0 rendre la dentisterie plus efficace, pr\u00e9cise et confortable pour vous. Nous continuerons \u00e0 investir dans votre confort pour cr\u00e9er une meilleure exp\u00e9rience.<\/p>\n\n","protected":false},"excerpt":{"rendered":"<p>En tant que cabinet d\u00e9cid\u00e9 \u00e0 fournir des soins dentaires de pointe a nos patients, nous avons consid\u00e9rablement accru notre engagement envers la dentisterie num\u00e9rique. Qu&#8217;est-ce que cela signifie pour nos patients? Nous scannons tous les patients lors de leur premier rendez-vous. Ce scan de votre bouche est sur \u00e9cran juste en face de vous. [&hellip;]<\/p>\n","protected":false},"author":55,"featured_media":3678,"parent":194,"menu_order":0,"comment_status":"closed","ping_status":"closed","template":"","meta":{"site-sidebar-layout":"default","site-content-layout":"","ast-site-content-layout":"default","site-content-style":"default","site-sidebar-style":"default","ast-global-header-display":"","ast-banner-title-visibility":"","ast-main-header-display":"","ast-hfb-above-header-display":"","ast-hfb-below-header-display":"","ast-hfb-mobile-header-display":"","site-post-title":"","ast-breadcrumbs-content":"","ast-featured-img":"","footer-sml-layout":"","theme-transparent-header-meta":"default","adv-header-id-meta":"","stick-header-meta":"default","header-above-stick-meta":"","header-main-stick-meta":"","header-below-stick-meta":"","astra-migrate-meta-layouts":"set","ast-page-background-enabled":"default","ast-page-background-meta":{"desktop":{"background-color":"var(--ast-global-color-4)","background-image":"","background-repeat":"repeat","background-position":"center center","background-size":"auto","background-attachment":"scroll","background-type":"","background-media":"","overlay-type":"","overlay-color":"","overlay-opacity":"","overlay-gradient":""},"tablet":{"background-color":"","background-image":"","background-repeat":"repeat","background-position":"center center","background-size":"auto","background-attachment":"scroll","background-type":"","background-media":"","overlay-type":"","overlay-color":"","overlay-opacity":"","overlay-gradient":""},"mobile":{"background-color":"","background-image":"","background-repeat":"repeat","background-position":"center center","background-size":"auto","background-attachment":"scroll","background-type":"","background-media":"","overlay-type":"","overlay-color":"","overlay-opacity":"","overlay-gradient":""}},"ast-content-background-meta":{"desktop":{"background-color":"var(--ast-global-color-5)","background-image":"","background-repeat":"repeat","background-position":"center center","background-size":"auto","background-attachment":"scroll","background-type":"","background-media":"","overlay-type":"","overlay-color":"","overlay-opacity":"","overlay-gradient":""},"tablet":{"background-color":"var(--ast-global-color-5)","background-image":"","background-repeat":"repeat","background-position":"center center","background-size":"auto","background-attachment":"scroll","background-type":"","background-media":"","overlay-type":"","overlay-color":"","overlay-opacity":"","overlay-gradient":""},"mobile":{"background-color":"var(--ast-global-color-5)","background-image":"","background-repeat":"repeat","background-position":"center center","background-size":"auto","background-attachment":"scroll","background-type":"","background-media":"","overlay-type":"","overlay-color":"","overlay-opacity":"","overlay-gradient":""}},"footnotes":""},"class_list":["post-1390","page","type-page","status-publish","has-post-thumbnail","hentry"],"yoast_head":"<!-- This site is optimized with the Yoast SEO plugin v23.7 - https:\/\/yoast.com\/wordpress\/plugins\/seo\/ -->\n<title>Dentisterie num\u00e9rique au cabinet du Dr. Slepchik - French - Dr. Lenny Slepchik, D.D.S.<\/title>\n<meta name=\"robots\" content=\"index, follow, max-snippet:-1, max-image-preview:large, max-video-preview:-1\" \/>\n<link rel=\"canonical\" href=\"https:\/\/smilesbydrslepchik.com\/fr\/notre-clinique\/la-technologie-dentaire\/dentisterie-numerique\/\" \/>\n<meta property=\"og:locale\" content=\"en_US\" \/>\n<meta property=\"og:type\" content=\"article\" \/>\n<meta property=\"og:title\" content=\"Dentisterie num\u00e9rique au cabinet du Dr. Slepchik - French - Dr. Lenny Slepchik, D.D.S.\" \/>\n<meta property=\"og:description\" content=\"En tant que cabinet d\u00e9cid\u00e9 \u00e0 fournir des soins dentaires de pointe a nos patients, nous avons consid\u00e9rablement accru notre engagement envers la dentisterie num\u00e9rique. Qu&#8217;est-ce que cela signifie pour nos patients? Nous scannons tous les patients lors de leur premier rendez-vous. Ce scan de votre bouche est sur \u00e9cran juste en face de vous. [&hellip;]\" \/>\n<meta property=\"og:url\" content=\"https:\/\/smilesbydrslepchik.com\/fr\/notre-clinique\/la-technologie-dentaire\/dentisterie-numerique\/\" \/>\n<meta property=\"og:site_name\" content=\"Lenny Slepchik DDS\" \/>\n<meta property=\"article:modified_time\" content=\"2024-06-28T20:26:56+00:00\" \/>\n<meta property=\"og:image\" content=\"https:\/\/smilesbydrslepchik.com\/fr\/wp-content\/uploads\/sites\/2\/2024\/01\/a6dc068202cb6c9003de84fc3c341f02-1.2x.jpg\" \/>\n\t<meta property=\"og:image:width\" content=\"2304\" \/>\n\t<meta property=\"og:image:height\" content=\"540\" \/>\n\t<meta property=\"og:image:type\" content=\"image\/jpeg\" \/>\n<meta name=\"twitter:card\" content=\"summary_large_image\" \/>\n<meta name=\"twitter:label1\" content=\"Est. reading time\" \/>\n\t<meta name=\"twitter:data1\" content=\"2 minutes\" \/>\n<script type=\"application\/ld+json\" class=\"yoast-schema-graph\">{\"@context\":\"https:\/\/schema.org\",\"@graph\":[{\"@type\":\"WebPage\",\"@id\":\"https:\/\/smilesbydrslepchik.com\/fr\/notre-clinique\/la-technologie-dentaire\/dentisterie-numerique\/\",\"url\":\"https:\/\/smilesbydrslepchik.com\/fr\/notre-clinique\/la-technologie-dentaire\/dentisterie-numerique\/\",\"name\":\"Dentisterie num\u00e9rique au cabinet du Dr. Slepchik - French - Dr. Lenny Slepchik, D.D.S.\",\"isPartOf\":{\"@id\":\"https:\/\/smilesbydrslepchik.com\/fr\/#website\"},\"primaryImageOfPage\":{\"@id\":\"https:\/\/smilesbydrslepchik.com\/fr\/notre-clinique\/la-technologie-dentaire\/dentisterie-numerique\/#primaryimage\"},\"image\":{\"@id\":\"https:\/\/smilesbydrslepchik.com\/fr\/notre-clinique\/la-technologie-dentaire\/dentisterie-numerique\/#primaryimage\"},\"thumbnailUrl\":\"https:\/\/smilesbydrslepchik.com\/fr\/wp-content\/uploads\/sites\/2\/2024\/01\/a6dc068202cb6c9003de84fc3c341f02-1.2x.jpg\",\"datePublished\":\"2023-12-05T09:51:26+00:00\",\"dateModified\":\"2024-06-28T20:26:56+00:00\",\"breadcrumb\":{\"@id\":\"https:\/\/smilesbydrslepchik.com\/fr\/notre-clinique\/la-technologie-dentaire\/dentisterie-numerique\/#breadcrumb\"},\"inLanguage\":\"en-US\",\"potentialAction\":[{\"@type\":\"ReadAction\",\"target\":[\"https:\/\/smilesbydrslepchik.com\/fr\/notre-clinique\/la-technologie-dentaire\/dentisterie-numerique\/\"]}]},{\"@type\":\"ImageObject\",\"inLanguage\":\"en-US\",\"@id\":\"https:\/\/smilesbydrslepchik.com\/fr\/notre-clinique\/la-technologie-dentaire\/dentisterie-numerique\/#primaryimage\",\"url\":\"https:\/\/smilesbydrslepchik.com\/fr\/wp-content\/uploads\/sites\/2\/2024\/01\/a6dc068202cb6c9003de84fc3c341f02-1.2x.jpg\",\"contentUrl\":\"https:\/\/smilesbydrslepchik.com\/fr\/wp-content\/uploads\/sites\/2\/2024\/01\/a6dc068202cb6c9003de84fc3c341f02-1.2x.jpg\",\"width\":2304,\"height\":540,\"caption\":\"a6dc068202cb6c9003de84fc3c341f02 1.2x\"},{\"@type\":\"BreadcrumbList\",\"@id\":\"https:\/\/smilesbydrslepchik.com\/fr\/notre-clinique\/la-technologie-dentaire\/dentisterie-numerique\/#breadcrumb\",\"itemListElement\":[{\"@type\":\"ListItem\",\"position\":1,\"name\":\"Home\",\"item\":\"https:\/\/smilesbydrslepchik.com\/fr\/\"},{\"@type\":\"ListItem\",\"position\":2,\"name\":\"Notre cabinet dentaire\",\"item\":\"https:\/\/smilesbydrslepchik.com\/fr\/notre-clinique\/\"},{\"@type\":\"ListItem\",\"position\":3,\"name\":\"La technologie dentaire\",\"item\":\"https:\/\/smilesbydrslepchik.com\/fr\/notre-clinique\/la-technologie-dentaire\/\"},{\"@type\":\"ListItem\",\"position\":4,\"name\":\"Dentisterie num\u00e9rique au cabinet du Dr Slepchik\"}]},{\"@type\":\"WebSite\",\"@id\":\"https:\/\/smilesbydrslepchik.com\/fr\/#website\",\"url\":\"https:\/\/smilesbydrslepchik.com\/fr\/\",\"name\":\"Lenny Slepchik DDS\",\"description\":\"\",\"publisher\":{\"@id\":\"https:\/\/smilesbydrslepchik.com\/fr\/#organization\"},\"potentialAction\":[{\"@type\":\"SearchAction\",\"target\":{\"@type\":\"EntryPoint\",\"urlTemplate\":\"https:\/\/smilesbydrslepchik.com\/fr\/?s={search_term_string}\"},\"query-input\":{\"@type\":\"PropertyValueSpecification\",\"valueRequired\":true,\"valueName\":\"search_term_string\"}}],\"inLanguage\":\"en-US\"},{\"@type\":\"Organization\",\"@id\":\"https:\/\/smilesbydrslepchik.com\/fr\/#organization\",\"name\":\"Lenny Slepchik DDS\",\"url\":\"https:\/\/smilesbydrslepchik.com\/fr\/\",\"logo\":{\"@type\":\"ImageObject\",\"inLanguage\":\"en-US\",\"@id\":\"https:\/\/smilesbydrslepchik.com\/fr\/#\/schema\/logo\/image\/\",\"url\":\"https:\/\/smilesbydrslepchik.com\/fr\/wp-content\/uploads\/sites\/2\/2024\/07\/logo-french@1x.png\",\"contentUrl\":\"https:\/\/smilesbydrslepchik.com\/fr\/wp-content\/uploads\/sites\/2\/2024\/07\/logo-french@1x.png\",\"width\":371,\"height\":67,\"caption\":\"Lenny Slepchik DDS\"},\"image\":{\"@id\":\"https:\/\/smilesbydrslepchik.com\/fr\/#\/schema\/logo\/image\/\"}}]}<\/script>\n<!-- \/ Yoast SEO plugin. -->","yoast_head_json":{"title":"Dentisterie num\u00e9rique au cabinet du Dr. Slepchik - French - Dr. Lenny Slepchik, D.D.S.","robots":{"index":"index","follow":"follow","max-snippet":"max-snippet:-1","max-image-preview":"max-image-preview:large","max-video-preview":"max-video-preview:-1"},"canonical":"https:\/\/smilesbydrslepchik.com\/fr\/notre-clinique\/la-technologie-dentaire\/dentisterie-numerique\/","og_locale":"en_US","og_type":"article","og_title":"Dentisterie num\u00e9rique au cabinet du Dr. Slepchik - French - Dr. Lenny Slepchik, D.D.S.","og_description":"En tant que cabinet d\u00e9cid\u00e9 \u00e0 fournir des soins dentaires de pointe a nos patients, nous avons consid\u00e9rablement accru notre engagement envers la dentisterie num\u00e9rique. Qu&#8217;est-ce que cela signifie pour nos patients? Nous scannons tous les patients lors de leur premier rendez-vous. Ce scan de votre bouche est sur \u00e9cran juste en face de vous. [&hellip;]","og_url":"https:\/\/smilesbydrslepchik.com\/fr\/notre-clinique\/la-technologie-dentaire\/dentisterie-numerique\/","og_site_name":"Lenny Slepchik DDS","article_modified_time":"2024-06-28T20:26:56+00:00","og_image":[{"width":2304,"height":540,"url":"https:\/\/smilesbydrslepchik.com\/fr\/wp-content\/uploads\/sites\/2\/2024\/01\/a6dc068202cb6c9003de84fc3c341f02-1.2x.jpg","type":"image\/jpeg"}],"twitter_card":"summary_large_image","twitter_misc":{"Est. reading time":"2 minutes"},"schema":{"@context":"https:\/\/schema.org","@graph":[{"@type":"WebPage","@id":"https:\/\/smilesbydrslepchik.com\/fr\/notre-clinique\/la-technologie-dentaire\/dentisterie-numerique\/","url":"https:\/\/smilesbydrslepchik.com\/fr\/notre-clinique\/la-technologie-dentaire\/dentisterie-numerique\/","name":"Dentisterie num\u00e9rique au cabinet du Dr. Slepchik - French - Dr. Lenny Slepchik, D.D.S.","isPartOf":{"@id":"https:\/\/smilesbydrslepchik.com\/fr\/#website"},"primaryImageOfPage":{"@id":"https:\/\/smilesbydrslepchik.com\/fr\/notre-clinique\/la-technologie-dentaire\/dentisterie-numerique\/#primaryimage"},"image":{"@id":"https:\/\/smilesbydrslepchik.com\/fr\/notre-clinique\/la-technologie-dentaire\/dentisterie-numerique\/#primaryimage"},"thumbnailUrl":"https:\/\/smilesbydrslepchik.com\/fr\/wp-content\/uploads\/sites\/2\/2024\/01\/a6dc068202cb6c9003de84fc3c341f02-1.2x.jpg","datePublished":"2023-12-05T09:51:26+00:00","dateModified":"2024-06-28T20:26:56+00:00","breadcrumb":{"@id":"https:\/\/smilesbydrslepchik.com\/fr\/notre-clinique\/la-technologie-dentaire\/dentisterie-numerique\/#breadcrumb"},"inLanguage":"en-US","potentialAction":[{"@type":"ReadAction","target":["https:\/\/smilesbydrslepchik.com\/fr\/notre-clinique\/la-technologie-dentaire\/dentisterie-numerique\/"]}]},{"@type":"ImageObject","inLanguage":"en-US","@id":"https:\/\/smilesbydrslepchik.com\/fr\/notre-clinique\/la-technologie-dentaire\/dentisterie-numerique\/#primaryimage","url":"https:\/\/smilesbydrslepchik.com\/fr\/wp-content\/uploads\/sites\/2\/2024\/01\/a6dc068202cb6c9003de84fc3c341f02-1.2x.jpg","contentUrl":"https:\/\/smilesbydrslepchik.com\/fr\/wp-content\/uploads\/sites\/2\/2024\/01\/a6dc068202cb6c9003de84fc3c341f02-1.2x.jpg","width":2304,"height":540,"caption":"a6dc068202cb6c9003de84fc3c341f02 1.2x"},{"@type":"BreadcrumbList","@id":"https:\/\/smilesbydrslepchik.com\/fr\/notre-clinique\/la-technologie-dentaire\/dentisterie-numerique\/#breadcrumb","itemListElement":[{"@type":"ListItem","position":1,"name":"Home","item":"https:\/\/smilesbydrslepchik.com\/fr\/"},{"@type":"ListItem","position":2,"name":"Notre cabinet dentaire","item":"https:\/\/smilesbydrslepchik.com\/fr\/notre-clinique\/"},{"@type":"ListItem","position":3,"name":"La technologie dentaire","item":"https:\/\/smilesbydrslepchik.com\/fr\/notre-clinique\/la-technologie-dentaire\/"},{"@type":"ListItem","position":4,"name":"Dentisterie num\u00e9rique au cabinet du Dr Slepchik"}]},{"@type":"WebSite","@id":"https:\/\/smilesbydrslepchik.com\/fr\/#website","url":"https:\/\/smilesbydrslepchik.com\/fr\/","name":"Lenny Slepchik DDS","description":"","publisher":{"@id":"https:\/\/smilesbydrslepchik.com\/fr\/#organization"},"potentialAction":[{"@type":"SearchAction","target":{"@type":"EntryPoint","urlTemplate":"https:\/\/smilesbydrslepchik.com\/fr\/?s={search_term_string}"},"query-input":{"@type":"PropertyValueSpecification","valueRequired":true,"valueName":"search_term_string"}}],"inLanguage":"en-US"},{"@type":"Organization","@id":"https:\/\/smilesbydrslepchik.com\/fr\/#organization","name":"Lenny Slepchik DDS","url":"https:\/\/smilesbydrslepchik.com\/fr\/","logo":{"@type":"ImageObject","inLanguage":"en-US","@id":"https:\/\/smilesbydrslepchik.com\/fr\/#\/schema\/logo\/image\/","url":"https:\/\/smilesbydrslepchik.com\/fr\/wp-content\/uploads\/sites\/2\/2024\/07\/logo-french@1x.png","contentUrl":"https:\/\/smilesbydrslepchik.com\/fr\/wp-content\/uploads\/sites\/2\/2024\/07\/logo-french@1x.png","width":371,"height":67,"caption":"Lenny Slepchik DDS"},"image":{"@id":"https:\/\/smilesbydrslepchik.com\/fr\/#\/schema\/logo\/image\/"}}]}},"featured_image_src":"https:\/\/smilesbydrslepchik.com\/fr\/wp-content\/uploads\/sites\/2\/2024\/01\/a6dc068202cb6c9003de84fc3c341f02-1.2x-600x400.jpg","featured_image_src_square":"https:\/\/smilesbydrslepchik.com\/fr\/wp-content\/uploads\/sites\/2\/2024\/01\/a6dc068202cb6c9003de84fc3c341f02-1.2x-600x540.jpg","_links":{"self":[{"href":"https:\/\/smilesbydrslepchik.com\/fr\/wp-json\/wp\/v2\/pages\/1390","targetHints":{"allow":["GET"]}}],"collection":[{"href":"https:\/\/smilesbydrslepchik.com\/fr\/wp-json\/wp\/v2\/pages"}],"about":[{"href":"https:\/\/smilesbydrslepchik.com\/fr\/wp-json\/wp\/v2\/types\/page"}],"author":[{"embeddable":true,"href":"https:\/\/smilesbydrslepchik.com\/fr\/wp-json\/wp\/v2\/users\/55"}],"replies":[{"embeddable":true,"href":"https:\/\/smilesbydrslepchik.com\/fr\/wp-json\/wp\/v2\/comments?post=1390"}],"version-history":[{"count":0,"href":"https:\/\/smilesbydrslepchik.com\/fr\/wp-json\/wp\/v2\/pages\/1390\/revisions"}],"up":[{"embeddable":true,"href":"https:\/\/smilesbydrslepchik.com\/fr\/wp-json\/wp\/v2\/pages\/194"}],"wp:featuredmedia":[{"embeddable":true,"href":"https:\/\/smilesbydrslepchik.com\/fr\/wp-json\/wp\/v2\/media\/3678"}],"wp:attachment":[{"href":"https:\/\/smilesbydrslepchik.com\/fr\/wp-json\/wp\/v2\/media?parent=1390"}],"curies":[{"name":"wp","href":"https:\/\/api.w.org\/{rel}","templated":true}]}}