
{"id":13,"date":"2016-01-04T13:57:31","date_gmt":"2016-01-04T13:57:31","guid":{"rendered":"https:\/\/smilesbydr2017.wpengine.com\/fr\/?page_id=6"},"modified":"2024-05-08T05:38:54","modified_gmt":"2024-05-08T05:38:54","slug":"conditions-dutilisation","status":"publish","type":"page","link":"https:\/\/smilesbydrslepchik.com\/fr\/conditions-dutilisation\/","title":{"rendered":"Conditions d&#8217;utilisation"},"content":{"rendered":"\n\n\t<p>1. Ce site Web mondial, avec sa page d&#8217;accueil sur le domaine &#8216;<a href=\"https:\/\/smilesbydrslepchik.com\">https:\/\/smilesbydrslepchik.com<\/a>&#8216;, ci-apr\u00e8s d\u00e9nomm\u00e9 le Site Web, est un service d&#8217;information fourni par Lenny Slepchik DDS gratuitement aux utilisateurs du World Wide Web, \u00e0 la condition expresse que ces utilisateurs acceptent d&#8217;\u00eatre li\u00e9s par les termes et conditions \u00e9nonc\u00e9s dans le pr\u00e9sent Contrat d&#8217;utilisation. Lenny Slepchik DDS se r\u00e9serve le droit de modifier ces termes et conditions \u00e0 tout moment, et vous acceptez de vous conformer \u00e0 la version la plus r\u00e9cente de ce Contrat d&#8217;utilisation chaque fois que vous consultez et utilisez le Site Web. Il est donc conseill\u00e9 de consulter le Contrat d&#8217;utilisation chaque fois que vous consultez et utilisez le Site Web. N&#8217;utilisez pas le Site Web si vous n&#8217;acceptez pas tous les termes et conditions suivants.<\/p>\n<p>2. Vous reconnaissez que les informations sur le Site Web sont fournies &#8220;telles quelles&#8221; \u00e0 titre d&#8217;information g\u00e9n\u00e9rale uniquement. Elles ne sont pas destin\u00e9es \u00e0 fournir des conseils m\u00e9dicaux et ne doivent pas \u00eatre utilis\u00e9es comme substitut \u00e0 des consultations avec des professionnels de la sant\u00e9 qualifi\u00e9s qui connaissent vos besoins m\u00e9dicaux individuels. Lenny Slepchik DDS ne donne aucune garantie d&#8217;aucune sorte concernant ce Site Web, y compris, mais sans s&#8217;y limiter, toute garantie d&#8217;exactitude, d&#8217;exhaustivit\u00e9, de devise, de fiabilit\u00e9, de qualit\u00e9 marchande ou d&#8217;ad\u00e9quation \u00e0 un usage particulier, ou toute garantie que ces pages, ou le serveur informatique qui les rend disponibles, sont exempts de virus ou d&#8217;autres \u00e9l\u00e9ments nuisibles, et de telles garanties sont express\u00e9ment d\u00e9ni\u00e9es.<\/p>\n<p>3. Vous acceptez de tenir Lenny Slepchik DDS et ses actionnaires, dirigeants, administrateurs et employ\u00e9s indemnes de toute r\u00e9clamation d\u00e9coulant de ou li\u00e9e \u00e0 votre acc\u00e8s ou utilisation, ou votre incapacit\u00e9 \u00e0 acc\u00e9der ou utiliser, ce Site Web ou les informations contenues dans ce Site Web ou d&#8217;autres sites Web auxquels il est li\u00e9, y compris, mais sans s&#8217;y limiter, les r\u00e9clamations selon lesquelles vous avez trouv\u00e9 quelque chose que vous avez entendu, vu ou t\u00e9l\u00e9charg\u00e9 \u00e0 partir de ce Site Web ou de tout autre site Web auquel il est li\u00e9 comme obsc\u00e8ne, offensant, diffamatoire ou portant atteinte \u00e0 vos droits de propri\u00e9t\u00e9 intellectuelle. En aucun cas, Lenny Slepchik DDS ou l&#8217;un des contributeurs d&#8217;informations au Site Web ne seront responsables envers vous ou toute autre personne de toute d\u00e9cision prise ou action entreprise par vous en vous fiant \u00e0 de telles informations ou de tout dommage cons\u00e9cutif, sp\u00e9cial ou similaire, m\u00eame si Lenny Slepchik DDS a \u00e9t\u00e9 inform\u00e9 de la possibilit\u00e9 de tels dommages.<\/p>\n<p>4. Vous reconnaissez que les opinions et recommandations contenues dans ce Site Web ne sont pas n\u00e9cessairement celles de Lenny Slepchik DDS ni ne sont approuv\u00e9es par Advice Media.<\/p>\n<p>5. Lenny Slepchik DDS peut fournir des liens sur le Site Web vers d&#8217;autres sites Web qui ne sont pas sous le contr\u00f4le de Lenny Slepchik DDS. En g\u00e9n\u00e9ral, tout site Web qui a une adresse (ou URL) ne contenant pas &#8216;https:\/\/smilesbydrslepchik.com&#8217; est un tel site Web. Ces liens sont fournis pour des raisons de commodit\u00e9 ou de r\u00e9f\u00e9rence uniquement et ne sont pas destin\u00e9s \u00e0 constituer une approbation par Lenny Slepchik DDS de l&#8217;organisation ou de l&#8217;individu exploitant le site Web ou une garantie de quelque nature que ce soit concernant le site Web ou les informations sur le site Web.<\/p>\n<p>6. Vous pouvez fournir des liens hypertextes vers ce Site Web sur un autre site Web, \u00e0 condition que : (a) le lien soit un lien texte clairement marqu\u00e9 &#8216;Site Advice Media&#8217;, (b) le lien doit &#8216;pointer&#8217; vers l&#8217;URL &#8216;<a href=\"https:\/\/smilesbydrslepchik.com\">https:\/\/smilesbydrslepchik.com<\/a>&#8216; et non vers d&#8217;autres pages \u00e0 l&#8217;int\u00e9rieur du Site Web, (c) l&#8217;apparence, la position et les autres aspects du lien ne peuvent pas \u00eatre tels qu&#8217;ils endommagent ou diluent la r\u00e9putation associ\u00e9e au nom et aux marques de commerce de Lenny Slepchik DDS, (d) l&#8217;apparence, la position et les autres aspects du lien ne peuvent pas cr\u00e9er l&#8217;apparence fausse qu&#8217;une entit\u00e9 autre que Lenny Slepchik DDS est associ\u00e9e ou parrain\u00e9e par Lenny Slepchik DDS, (e) le lien, lorsqu&#8217;il est activ\u00e9 par un utilisateur, doit afficher ce Site Web en plein \u00e9cran et non dans un &#8216;cadre&#8217; sur le site Web li\u00e9, et (f) Lenny Slepchik DDS se r\u00e9serve le droit de r\u00e9voquer son consentement \u00e0 tout lien \u00e0 tout moment \u00e0 sa seule discr\u00e9tion en modifiant le pr\u00e9sent Contrat d&#8217;utilisation. Vous acceptez que tout autre lien hypertexte vers ce Site Web doit \u00eatre approuv\u00e9 par \u00e9crit par Lenny Slepchik DDS.<\/p>\n<p>7. Les \u0153uvres d&#8217;auteur contenues dans ce Site Web, y compris, mais sans s&#8217;y limiter, tout design, texte et images, sont d\u00e9tenues ou sous licence par Lenny Slepchik DDS et Advice Media, ci-apr\u00e8s d\u00e9nomm\u00e9 Advice Media, ou ses fournisseurs et contributeurs, et ne peuvent \u00eatre copi\u00e9es, reproduites, transmises, affich\u00e9es, ex\u00e9cut\u00e9es, distribu\u00e9es, lou\u00e9es, conc\u00e9d\u00e9es sous licence, modifi\u00e9es, stock\u00e9es par utilisation ult\u00e9rieure ou utilis\u00e9es en tout ou en partie de quelque mani\u00e8re que ce soit sans le consentement \u00e9crit pr\u00e9alable de Lenny Slepchik DDS, sauf que l&#8217;utilisateur peut faire de telles copies temporaires dans la RAM et le disque dur d&#8217;un seul ordinateur qu&#8217;il est n\u00e9cessaire de naviguer sur le Site Web, et que l&#8217;utilisateur peut produire une impression permanente de chaque page du Site Web (non modifi\u00e9e dans sa forme, avec une copie de ce Contrat d&#8217;utilisation attach\u00e9e) \u00e0 utiliser par l&#8217;utilisateur \u00e0 des fins personnelles et non commerciales qui ne portent pas atteinte \u00e0 la r\u00e9putation de Lenny Slepchik DDS ou d&#8217;Advice Media.<\/p>\n<p>8. Ce site Web (\u00e0 l&#8217;exclusion des sites li\u00e9s) est contr\u00f4l\u00e9 par Advice Media dont le si\u00e8ge est dans l&#8217;\u00c9tat de New York, aux \u00c9tats-Unis d&#8217;Am\u00e9rique. Il est accessible depuis les 50 \u00c9tats, ainsi que depuis d&#8217;autres pays du monde. \u00c9tant donn\u00e9 que chacun de ces endroits a des lois qui peuvent diff\u00e9rer de celles de New York, en acc\u00e9dant \u00e0 ce site Web, vous acceptez que les statuts et les lois de l&#8217;\u00c9tat de New York, sans \u00e9gard aux conflits de principes de lois, s&#8217;appliqueront \u00e0 toutes les questions d\u00e9coulant de ou li\u00e9s \u00e0 l&#8217;utilisation de ce site Web. Vous acceptez \u00e9galement et vous soumettez par la pr\u00e9sente \u00e0 la juridiction et aux lieux juridiques exclusifs des tribunaux du comt\u00e9 de Nassau, \u00e0 New York, et du tribunal de district des \u00c9tats-Unis pour le district sud de New York en ce qui concerne ces questions. Lenny Slepchik DDS et Advice Media. ne faisons aucune d\u00e9claration selon laquelle les \u00e9l\u00e9ments du site Web sont appropri\u00e9s ou disponibles pour une utilisation dans d&#8217;autres endroits, et il est interdit d&#8217;y acc\u00e9der \u00e0 partir de territoires o\u00f9 leur contenu est ill\u00e9gal. Les individus ou organisations choisissant d&#8217;acc\u00e9der \u00e0 ce site Web \u00e0 partir d&#8217;autres emplacements le font de leur propre initiative et sont responsables du respect des lois locales.<\/p>\n<p>9. Ce Site Web (\u00e0 l&#8217;exclusion des sites li\u00e9s) est contr\u00f4l\u00e9 par Advice Media, dont le si\u00e8ge social est situ\u00e9 dans l&#8217;\u00c9tat de New York, aux \u00c9tats-Unis d&#8217;Am\u00e9rique. Il peut \u00eatre consult\u00e9 depuis les 50 \u00c9tats, ainsi que depuis d&#8217;autres pays du monde entier. Parce que chacun de ces end<\/p>\n\n","protected":false},"excerpt":{"rendered":"<p>1. Ce site Web mondial, avec sa page d&#8217;accueil sur le domaine &#8216;https:\/\/smilesbydrslepchik.com&#8216;, ci-apr\u00e8s d\u00e9nomm\u00e9 le Site Web, est un service d&#8217;information fourni par Lenny Slepchik DDS gratuitement aux utilisateurs du World Wide Web, \u00e0 la condition expresse que ces utilisateurs acceptent d&#8217;\u00eatre li\u00e9s par les termes et conditions \u00e9nonc\u00e9s dans le pr\u00e9sent Contrat d&#8217;utilisation. [&hellip;]<\/p>\n","protected":false},"author":47,"featured_media":0,"parent":0,"menu_order":0,"comment_status":"closed","ping_status":"closed","template":"","meta":{"site-sidebar-layout":"default","site-content-layout":null,"ast-site-content-layout":"","site-content-style":"default","site-sidebar-style":"default","ast-global-header-display":"","ast-banner-title-visibility":"","ast-main-header-display":"","ast-hfb-above-header-display":"","ast-hfb-below-header-display":null,"ast-hfb-mobile-header-display":"","site-post-title":"enabled","ast-breadcrumbs-content":null,"ast-featured-img":"","footer-sml-layout":"","theme-transparent-header-meta":"","adv-header-id-meta":"","stick-header-meta":null,"header-above-stick-meta":null,"header-main-stick-meta":null,"header-below-stick-meta":null,"astra-migrate-meta-layouts":"default","ast-page-background-enabled":"default","ast-page-background-meta":{"desktop":{"background-color":"var(--ast-global-color-4)","background-image":"","background-repeat":"repeat","background-position":"center center","background-size":"auto","background-attachment":"scroll","background-type":"","background-media":"","overlay-type":"","overlay-color":"","overlay-opacity":"","overlay-gradient":""},"tablet":{"background-color":"","background-image":"","background-repeat":"repeat","background-position":"center center","background-size":"auto","background-attachment":"scroll","background-type":"","background-media":"","overlay-type":"","overlay-color":"","overlay-opacity":"","overlay-gradient":""},"mobile":{"background-color":"","background-image":"","background-repeat":"repeat","background-position":"center center","background-size":"auto","background-attachment":"scroll","background-type":"","background-media":"","overlay-type":"","overlay-color":"","overlay-opacity":"","overlay-gradient":""}},"ast-content-background-meta":{"desktop":{"background-color":"var(--ast-global-color-5)","background-image":"","background-repeat":"repeat","background-position":"center center","background-size":"auto","background-attachment":"scroll","background-type":"","background-media":"","overlay-type":"","overlay-color":"","overlay-opacity":"","overlay-gradient":""},"tablet":{"background-color":"var(--ast-global-color-5)","background-image":"","background-repeat":"repeat","background-position":"center center","background-size":"auto","background-attachment":"scroll","background-type":"","background-media":"","overlay-type":"","overlay-color":"","overlay-opacity":"","overlay-gradient":""},"mobile":{"background-color":"var(--ast-global-color-5)","background-image":"","background-repeat":"repeat","background-position":"center center","background-size":"auto","background-attachment":"scroll","background-type":"","background-media":"","overlay-type":"","overlay-color":"","overlay-opacity":"","overlay-gradient":""}},"footnotes":""},"class_list":["post-13","page","type-page","status-publish","hentry"],"yoast_head":"<!-- This site is optimized with the Yoast SEO plugin v23.7 - https:\/\/yoast.com\/wordpress\/plugins\/seo\/ -->\n<title>Conditions d&#039;utilisation - French - Dr. Lenny Slepchik, D.D.S.<\/title>\n<meta name=\"robots\" content=\"index, follow, max-snippet:-1, max-image-preview:large, max-video-preview:-1\" \/>\n<link rel=\"canonical\" href=\"https:\/\/smilesbydrslepchik.com\/fr\/conditions-dutilisation\/\" \/>\n<meta property=\"og:locale\" content=\"en_US\" \/>\n<meta property=\"og:type\" content=\"article\" \/>\n<meta property=\"og:title\" content=\"Conditions d&#039;utilisation - French - Dr. Lenny Slepchik, D.D.S.\" \/>\n<meta property=\"og:description\" content=\"1. Ce site Web mondial, avec sa page d&#8217;accueil sur le domaine &#8216;https:\/\/smilesbydrslepchik.com&#8216;, ci-apr\u00e8s d\u00e9nomm\u00e9 le Site Web, est un service d&#8217;information fourni par Lenny Slepchik DDS gratuitement aux utilisateurs du World Wide Web, \u00e0 la condition expresse que ces utilisateurs acceptent d&#8217;\u00eatre li\u00e9s par les termes et conditions \u00e9nonc\u00e9s dans le pr\u00e9sent Contrat d&#8217;utilisation. [&hellip;]\" \/>\n<meta property=\"og:url\" content=\"https:\/\/smilesbydrslepchik.com\/fr\/conditions-dutilisation\/\" \/>\n<meta property=\"og:site_name\" content=\"Lenny Slepchik DDS\" \/>\n<meta property=\"article:modified_time\" content=\"2024-05-08T05:38:54+00:00\" \/>\n<meta name=\"twitter:card\" content=\"summary_large_image\" \/>\n<meta name=\"twitter:label1\" content=\"Est. reading time\" \/>\n\t<meta name=\"twitter:data1\" content=\"5 minutes\" \/>\n<script type=\"application\/ld+json\" class=\"yoast-schema-graph\">{\"@context\":\"https:\/\/schema.org\",\"@graph\":[{\"@type\":\"WebPage\",\"@id\":\"https:\/\/smilesbydrslepchik.com\/fr\/conditions-dutilisation\/\",\"url\":\"https:\/\/smilesbydrslepchik.com\/fr\/conditions-dutilisation\/\",\"name\":\"Conditions d'utilisation - French - Dr. Lenny Slepchik, D.D.S.\",\"isPartOf\":{\"@id\":\"https:\/\/smilesbydrslepchik.com\/fr\/#website\"},\"datePublished\":\"2016-01-04T13:57:31+00:00\",\"dateModified\":\"2024-05-08T05:38:54+00:00\",\"breadcrumb\":{\"@id\":\"https:\/\/smilesbydrslepchik.com\/fr\/conditions-dutilisation\/#breadcrumb\"},\"inLanguage\":\"en-US\",\"potentialAction\":[{\"@type\":\"ReadAction\",\"target\":[\"https:\/\/smilesbydrslepchik.com\/fr\/conditions-dutilisation\/\"]}]},{\"@type\":\"BreadcrumbList\",\"@id\":\"https:\/\/smilesbydrslepchik.com\/fr\/conditions-dutilisation\/#breadcrumb\",\"itemListElement\":[{\"@type\":\"ListItem\",\"position\":1,\"name\":\"Home\",\"item\":\"https:\/\/smilesbydrslepchik.com\/fr\/\"},{\"@type\":\"ListItem\",\"position\":2,\"name\":\"Conditions d&#8217;utilisation\"}]},{\"@type\":\"WebSite\",\"@id\":\"https:\/\/smilesbydrslepchik.com\/fr\/#website\",\"url\":\"https:\/\/smilesbydrslepchik.com\/fr\/\",\"name\":\"Lenny Slepchik DDS\",\"description\":\"\",\"publisher\":{\"@id\":\"https:\/\/smilesbydrslepchik.com\/fr\/#organization\"},\"potentialAction\":[{\"@type\":\"SearchAction\",\"target\":{\"@type\":\"EntryPoint\",\"urlTemplate\":\"https:\/\/smilesbydrslepchik.com\/fr\/?s={search_term_string}\"},\"query-input\":{\"@type\":\"PropertyValueSpecification\",\"valueRequired\":true,\"valueName\":\"search_term_string\"}}],\"inLanguage\":\"en-US\"},{\"@type\":\"Organization\",\"@id\":\"https:\/\/smilesbydrslepchik.com\/fr\/#organization\",\"name\":\"Lenny Slepchik DDS\",\"url\":\"https:\/\/smilesbydrslepchik.com\/fr\/\",\"logo\":{\"@type\":\"ImageObject\",\"inLanguage\":\"en-US\",\"@id\":\"https:\/\/smilesbydrslepchik.com\/fr\/#\/schema\/logo\/image\/\",\"url\":\"https:\/\/smilesbydrslepchik.com\/fr\/wp-content\/uploads\/sites\/2\/2024\/07\/logo-french@1x.png\",\"contentUrl\":\"https:\/\/smilesbydrslepchik.com\/fr\/wp-content\/uploads\/sites\/2\/2024\/07\/logo-french@1x.png\",\"width\":371,\"height\":67,\"caption\":\"Lenny Slepchik DDS\"},\"image\":{\"@id\":\"https:\/\/smilesbydrslepchik.com\/fr\/#\/schema\/logo\/image\/\"}}]}<\/script>\n<!-- \/ Yoast SEO plugin. -->","yoast_head_json":{"title":"Conditions d'utilisation - French - Dr. Lenny Slepchik, D.D.S.","robots":{"index":"index","follow":"follow","max-snippet":"max-snippet:-1","max-image-preview":"max-image-preview:large","max-video-preview":"max-video-preview:-1"},"canonical":"https:\/\/smilesbydrslepchik.com\/fr\/conditions-dutilisation\/","og_locale":"en_US","og_type":"article","og_title":"Conditions d'utilisation - French - Dr. Lenny Slepchik, D.D.S.","og_description":"1. Ce site Web mondial, avec sa page d&#8217;accueil sur le domaine &#8216;https:\/\/smilesbydrslepchik.com&#8216;, ci-apr\u00e8s d\u00e9nomm\u00e9 le Site Web, est un service d&#8217;information fourni par Lenny Slepchik DDS gratuitement aux utilisateurs du World Wide Web, \u00e0 la condition expresse que ces utilisateurs acceptent d&#8217;\u00eatre li\u00e9s par les termes et conditions \u00e9nonc\u00e9s dans le pr\u00e9sent Contrat d&#8217;utilisation. [&hellip;]","og_url":"https:\/\/smilesbydrslepchik.com\/fr\/conditions-dutilisation\/","og_site_name":"Lenny Slepchik DDS","article_modified_time":"2024-05-08T05:38:54+00:00","twitter_card":"summary_large_image","twitter_misc":{"Est. reading time":"5 minutes"},"schema":{"@context":"https:\/\/schema.org","@graph":[{"@type":"WebPage","@id":"https:\/\/smilesbydrslepchik.com\/fr\/conditions-dutilisation\/","url":"https:\/\/smilesbydrslepchik.com\/fr\/conditions-dutilisation\/","name":"Conditions d'utilisation - French - Dr. Lenny Slepchik, D.D.S.","isPartOf":{"@id":"https:\/\/smilesbydrslepchik.com\/fr\/#website"},"datePublished":"2016-01-04T13:57:31+00:00","dateModified":"2024-05-08T05:38:54+00:00","breadcrumb":{"@id":"https:\/\/smilesbydrslepchik.com\/fr\/conditions-dutilisation\/#breadcrumb"},"inLanguage":"en-US","potentialAction":[{"@type":"ReadAction","target":["https:\/\/smilesbydrslepchik.com\/fr\/conditions-dutilisation\/"]}]},{"@type":"BreadcrumbList","@id":"https:\/\/smilesbydrslepchik.com\/fr\/conditions-dutilisation\/#breadcrumb","itemListElement":[{"@type":"ListItem","position":1,"name":"Home","item":"https:\/\/smilesbydrslepchik.com\/fr\/"},{"@type":"ListItem","position":2,"name":"Conditions d&#8217;utilisation"}]},{"@type":"WebSite","@id":"https:\/\/smilesbydrslepchik.com\/fr\/#website","url":"https:\/\/smilesbydrslepchik.com\/fr\/","name":"Lenny Slepchik DDS","description":"","publisher":{"@id":"https:\/\/smilesbydrslepchik.com\/fr\/#organization"},"potentialAction":[{"@type":"SearchAction","target":{"@type":"EntryPoint","urlTemplate":"https:\/\/smilesbydrslepchik.com\/fr\/?s={search_term_string}"},"query-input":{"@type":"PropertyValueSpecification","valueRequired":true,"valueName":"search_term_string"}}],"inLanguage":"en-US"},{"@type":"Organization","@id":"https:\/\/smilesbydrslepchik.com\/fr\/#organization","name":"Lenny Slepchik DDS","url":"https:\/\/smilesbydrslepchik.com\/fr\/","logo":{"@type":"ImageObject","inLanguage":"en-US","@id":"https:\/\/smilesbydrslepchik.com\/fr\/#\/schema\/logo\/image\/","url":"https:\/\/smilesbydrslepchik.com\/fr\/wp-content\/uploads\/sites\/2\/2024\/07\/logo-french@1x.png","contentUrl":"https:\/\/smilesbydrslepchik.com\/fr\/wp-content\/uploads\/sites\/2\/2024\/07\/logo-french@1x.png","width":371,"height":67,"caption":"Lenny Slepchik DDS"},"image":{"@id":"https:\/\/smilesbydrslepchik.com\/fr\/#\/schema\/logo\/image\/"}}]}},"featured_image_src":null,"featured_image_src_square":null,"_links":{"self":[{"href":"https:\/\/smilesbydrslepchik.com\/fr\/wp-json\/wp\/v2\/pages\/13","targetHints":{"allow":["GET"]}}],"collection":[{"href":"https:\/\/smilesbydrslepchik.com\/fr\/wp-json\/wp\/v2\/pages"}],"about":[{"href":"https:\/\/smilesbydrslepchik.com\/fr\/wp-json\/wp\/v2\/types\/page"}],"author":[{"embeddable":true,"href":"https:\/\/smilesbydrslepchik.com\/fr\/wp-json\/wp\/v2\/users\/47"}],"replies":[{"embeddable":true,"href":"https:\/\/smilesbydrslepchik.com\/fr\/wp-json\/wp\/v2\/comments?post=13"}],"version-history":[{"count":0,"href":"https:\/\/smilesbydrslepchik.com\/fr\/wp-json\/wp\/v2\/pages\/13\/revisions"}],"wp:attachment":[{"href":"https:\/\/smilesbydrslepchik.com\/fr\/wp-json\/wp\/v2\/media?parent=13"}],"curies":[{"name":"wp","href":"https:\/\/api.w.org\/{rel}","templated":true}]}}