
{"id":124,"date":"2017-11-06T06:31:43","date_gmt":"2017-11-06T06:31:43","guid":{"rendered":"https:\/\/smilesbydr2017.wpengine.com\/fr\/cosmetic-services\/"},"modified":"2024-11-05T19:27:56","modified_gmt":"2024-11-05T19:27:56","slug":"nos-soins-dentaires","status":"publish","type":"page","link":"https:\/\/smilesbydrslepchik.com\/fr\/nos-soins-dentaires\/","title":{"rendered":"Soins Dentaires Montr\u00e9al"},"content":{"rendered":"\r\n<h1>Soins Dentaires \u00e0 Montr\u00e9al<\/h1>\r\n<p><img loading=\"lazy\" decoding=\"async\" title=\"iStock 000045040090 Medium cropped\" src=\"https:\/\/smilesbydrslepchik.com\/fr\/wp-content\/uploads\/sites\/2\/2023\/12\/iStock-000045040090-Medium-cropped.jpg\" alt=\"iStock 000045040090 Medium cropped\" width=\"1920\" height=\"584\" \/><\/p>\r\n<h2>Dentisterie esth\u00e9tique<\/h2>\r\n<p><a href=\"https:\/\/smilesbydrslepchik.com\/fr\/wp-content\/uploads\/sites\/2\/2023\/12\/2021-collage-for-website.jpg\" target=\"_self\" rel=\"noopener\"> <img loading=\"lazy\" decoding=\"async\" title=\"2021 collage for website\" src=\"https:\/\/smilesbydrslepchik.com\/fr\/wp-content\/uploads\/sites\/2\/2023\/12\/2021-collage-for-website.jpg\" alt=\"2021 collage for website\" width=\"1564\" height=\"1564\" \/> <\/a><\/p>\r\n<ul>\r\n<li><a href=\"\/fr\/nos-soins-dentaires\/invisalign\/\"><strong>Invisalign<\/strong><\/a><\/li>\r\n<li><a href=\"\/fr\/nos-soins-dentaires\/les-implants\/\"><strong>Des implants dentaires<\/strong><\/a><\/li>\r\n<li><a href=\"\/fr\/nos-soins-dentaires\/protheses-dentaires-appuyees-par-des-implants\/\">Proth\u00e8ses sur implants<\/a><\/li>\r\n<li><a href=\"\/fr\/nos-soins-dentaires\/les-facettes\/\">Les Facettes<\/a><\/li>\r\n<li><a href=\"\/fr\/nos-soins-dentaires\/les-couronnes\/\">Les Couronnes<\/a><\/li>\r\n<li><a href=\"\/fr\/nos-soins-dentaires\/le-blanchiment-des-dents\/\">Le blanchiment des dents<\/a><\/li>\r\n<li><strong>\u00c9longation de la Couronne<\/strong><\/li>\r\n<li><a href=\"\/fr\/nos-soins-dentaires\/esthetique-dentaire-montreal\/les-ponts\/\">Les ponts<\/a><\/li>\r\n<li><a href=\"\/fr\/nos-soins-dentaires\/\">Une m\u00e9tamorphose du sourire<\/a><\/li>\r\n<li><a href=\"\/fr\/nos-soins-dentaires\/les-incrustations\/\">Les Incrustations<\/a><\/li>\r\n<\/ul>\r\n<h2>Dentisterie g\u00e9n\u00e9rale<\/h2>\r\n<p><a href=\"https:\/\/smilesbydrslepchik.com\/fr\/wp-content\/uploads\/sites\/2\/2023\/12\/IMG-0587-775x1024-1.jpg\" target=\"_self\" rel=\"noopener\"> <img loading=\"lazy\" decoding=\"async\" title=\"IMG 0587 775x1024 1\" src=\"https:\/\/smilesbydrslepchik.com\/fr\/wp-content\/uploads\/sites\/2\/2023\/12\/IMG-0587-775x1024-1.jpg\" alt=\"IMG 0587 775x1024 1\" width=\"775\" height=\"1024\" \/> <\/a><\/p>\r\n<ul>\r\n<li><a href=\"\/fr\/nos-soins-dentaires\/dentisterie-generale\/lexamen-dentaire-complet\/\">L&#8217;examen dentaire complet<\/a><\/li>\r\n<li><a href=\"\/fr\/nos-soins-dentaires\/dentisterie-generale\/examens-durgence\/\">Les examens d&#8217;urgence<\/a><\/li>\r\n<li><a href=\"\/fr\/nos-soins-dentaires\/dentisterie-generale\/le-nettoyage-des-dents\/\">Le nettoyage des dents<\/a><\/li>\r\n<li><a href=\"\/fr\/nos-soins-dentaires\/dentisterie-generale\/les-radiographies-numeriques\/\">Les radiographies num\u00e9riques (rayons X)<\/a><\/li>\r\n<li><a href=\"\/fr\/nos-soins-dentaires\/dentisterie-generale\/le-traitement-des-gencive\/\">Le traitement des gencives<\/a><\/li>\r\n<li><a href=\"\/fr\/nos-soins-dentaires\/dentisterie-generale\/les-obturations-blanches\/\">Les obturations blanches<\/a><\/li>\r\n<li><a href=\"\/fr\/nos-soins-dentaires\/dentisterie-generale\/dentisterie-sedation\/\">La peur du dentiste et soins dentaires<\/a><\/li>\r\n<li><a href=\"\/fr\/nos-soins-dentaires\/le-traitement-de-lapnee\/\">L&#8221;apn\u00e9\u00e9 du sommeil<\/a><\/li>\r\n<li><strong>Les Greffes<\/strong><\/li>\r\n<li>Traitement de canal<\/li>\r\n<\/ul>\r\n<h2>Demande de Rendez-vous<\/h2>\r\n<h2>Contactez-nous<\/h2>\r\n","protected":false},"excerpt":{"rendered":"<p>Soins Dentaires \u00e0 Montr\u00e9al Dentisterie esth\u00e9tique Invisalign Des implants dentaires Proth\u00e8ses sur implants Les Facettes Les Couronnes Le blanchiment des dents \u00c9longation de la Couronne Les ponts Une m\u00e9tamorphose du sourire Les Incrustations Dentisterie g\u00e9n\u00e9rale L&#8217;examen dentaire complet Les examens d&#8217;urgence Le nettoyage des dents Les radiographies num\u00e9riques (rayons X) Le traitement des gencives Les [&hellip;]<\/p>\n","protected":false},"author":47,"featured_media":3681,"parent":0,"menu_order":0,"comment_status":"closed","ping_status":"closed","template":"","meta":{"site-sidebar-layout":"default","site-content-layout":"","ast-site-content-layout":"default","site-content-style":"default","site-sidebar-style":"default","ast-global-header-display":"","ast-banner-title-visibility":"","ast-main-header-display":"","ast-hfb-above-header-display":"","ast-hfb-below-header-display":"","ast-hfb-mobile-header-display":"","site-post-title":"disabled","ast-breadcrumbs-content":"","ast-featured-img":"disabled","footer-sml-layout":"","theme-transparent-header-meta":"default","adv-header-id-meta":"","stick-header-meta":"default","header-above-stick-meta":"","header-main-stick-meta":"","header-below-stick-meta":"","astra-migrate-meta-layouts":"set","ast-page-background-enabled":"default","ast-page-background-meta":{"desktop":{"background-color":"var(--ast-global-color-4)","background-image":"","background-repeat":"repeat","background-position":"center center","background-size":"auto","background-attachment":"scroll","background-type":"","background-media":"","overlay-type":"","overlay-color":"","overlay-opacity":"","overlay-gradient":""},"tablet":{"background-color":"","background-image":"","background-repeat":"repeat","background-position":"center center","background-size":"auto","background-attachment":"scroll","background-type":"","background-media":"","overlay-type":"","overlay-color":"","overlay-opacity":"","overlay-gradient":""},"mobile":{"background-color":"","background-image":"","background-repeat":"repeat","background-position":"center center","background-size":"auto","background-attachment":"scroll","background-type":"","background-media":"","overlay-type":"","overlay-color":"","overlay-opacity":"","overlay-gradient":""}},"ast-content-background-meta":{"desktop":{"background-color":"var(--ast-global-color-5)","background-image":"","background-repeat":"repeat","background-position":"center center","background-size":"auto","background-attachment":"scroll","background-type":"","background-media":"","overlay-type":"","overlay-color":"","overlay-opacity":"","overlay-gradient":""},"tablet":{"background-color":"var(--ast-global-color-5)","background-image":"","background-repeat":"repeat","background-position":"center center","background-size":"auto","background-attachment":"scroll","background-type":"","background-media":"","overlay-type":"","overlay-color":"","overlay-opacity":"","overlay-gradient":""},"mobile":{"background-color":"var(--ast-global-color-5)","background-image":"","background-repeat":"repeat","background-position":"center center","background-size":"auto","background-attachment":"scroll","background-type":"","background-media":"","overlay-type":"","overlay-color":"","overlay-opacity":"","overlay-gradient":""}},"footnotes":""},"class_list":["post-124","page","type-page","status-publish","has-post-thumbnail","hentry"],"yoast_head":"<!-- This site is optimized with the Yoast SEO plugin v23.7 - https:\/\/yoast.com\/wordpress\/plugins\/seo\/ -->\n<title>Soins dentaires Montr\u00e9al<\/title>\n<meta name=\"description\" content=\"Dentisterie g\u00e9n\u00e9rale et esth\u00e9tique \u00e0 Montr\u00e9al. Le Dr Slepchik vous propose une vari\u00e9t\u00e9 de soins dentaires g\u00e9n\u00e9rales et esth\u00e9tiques au centre-ville de Montr\u00e9al.\" \/>\n<meta name=\"robots\" content=\"index, follow, max-snippet:-1, max-image-preview:large, max-video-preview:-1\" \/>\n<link rel=\"canonical\" href=\"https:\/\/smilesbydrslepchik.com\/fr\/nos-soins-dentaires\/\" \/>\n<meta property=\"og:locale\" content=\"en_US\" \/>\n<meta property=\"og:type\" content=\"article\" \/>\n<meta property=\"og:title\" content=\"Soins dentaires Montr\u00e9al\" \/>\n<meta property=\"og:description\" content=\"Dentisterie g\u00e9n\u00e9rale et esth\u00e9tique \u00e0 Montr\u00e9al. Le Dr Slepchik vous propose une vari\u00e9t\u00e9 de soins dentaires g\u00e9n\u00e9rales et esth\u00e9tiques au centre-ville de Montr\u00e9al.\" \/>\n<meta property=\"og:url\" content=\"https:\/\/smilesbydrslepchik.com\/fr\/nos-soins-dentaires\/\" \/>\n<meta property=\"og:site_name\" content=\"Lenny Slepchik DDS\" \/>\n<meta property=\"article:modified_time\" content=\"2024-11-05T19:27:56+00:00\" \/>\n<meta property=\"og:image\" content=\"https:\/\/smilesbydrslepchik.com\/fr\/wp-content\/uploads\/sites\/2\/2024\/01\/Dr-Slepchik-working-upscaled-1.2x.jpg\" \/>\n\t<meta property=\"og:image:width\" content=\"2304\" \/>\n\t<meta property=\"og:image:height\" content=\"540\" \/>\n\t<meta property=\"og:image:type\" content=\"image\/jpeg\" \/>\n<meta name=\"twitter:card\" content=\"summary_large_image\" \/>\n<meta name=\"twitter:label1\" content=\"Est. reading time\" \/>\n\t<meta name=\"twitter:data1\" content=\"1 minute\" \/>\n<script type=\"application\/ld+json\" class=\"yoast-schema-graph\">{\"@context\":\"https:\/\/schema.org\",\"@graph\":[{\"@type\":\"WebPage\",\"@id\":\"https:\/\/smilesbydrslepchik.com\/fr\/nos-soins-dentaires\/\",\"url\":\"https:\/\/smilesbydrslepchik.com\/fr\/nos-soins-dentaires\/\",\"name\":\"Soins dentaires Montr\u00e9al\",\"isPartOf\":{\"@id\":\"https:\/\/smilesbydrslepchik.com\/fr\/#website\"},\"primaryImageOfPage\":{\"@id\":\"https:\/\/smilesbydrslepchik.com\/fr\/nos-soins-dentaires\/#primaryimage\"},\"image\":{\"@id\":\"https:\/\/smilesbydrslepchik.com\/fr\/nos-soins-dentaires\/#primaryimage\"},\"thumbnailUrl\":\"https:\/\/smilesbydrslepchik.com\/fr\/wp-content\/uploads\/sites\/2\/2024\/01\/Dr-Slepchik-working-upscaled-1.2x.jpg\",\"datePublished\":\"2017-11-06T06:31:43+00:00\",\"dateModified\":\"2024-11-05T19:27:56+00:00\",\"description\":\"Dentisterie g\u00e9n\u00e9rale et esth\u00e9tique \u00e0 Montr\u00e9al. Le Dr Slepchik vous propose une vari\u00e9t\u00e9 de soins dentaires g\u00e9n\u00e9rales et esth\u00e9tiques au centre-ville de Montr\u00e9al.\",\"breadcrumb\":{\"@id\":\"https:\/\/smilesbydrslepchik.com\/fr\/nos-soins-dentaires\/#breadcrumb\"},\"inLanguage\":\"en-US\",\"potentialAction\":[{\"@type\":\"ReadAction\",\"target\":[\"https:\/\/smilesbydrslepchik.com\/fr\/nos-soins-dentaires\/\"]}]},{\"@type\":\"ImageObject\",\"inLanguage\":\"en-US\",\"@id\":\"https:\/\/smilesbydrslepchik.com\/fr\/nos-soins-dentaires\/#primaryimage\",\"url\":\"https:\/\/smilesbydrslepchik.com\/fr\/wp-content\/uploads\/sites\/2\/2024\/01\/Dr-Slepchik-working-upscaled-1.2x.jpg\",\"contentUrl\":\"https:\/\/smilesbydrslepchik.com\/fr\/wp-content\/uploads\/sites\/2\/2024\/01\/Dr-Slepchik-working-upscaled-1.2x.jpg\",\"width\":2304,\"height\":540,\"caption\":\"Dr Slepchik working upscaled 1.2x\"},{\"@type\":\"BreadcrumbList\",\"@id\":\"https:\/\/smilesbydrslepchik.com\/fr\/nos-soins-dentaires\/#breadcrumb\",\"itemListElement\":[{\"@type\":\"ListItem\",\"position\":1,\"name\":\"Home\",\"item\":\"https:\/\/smilesbydrslepchik.com\/fr\/\"},{\"@type\":\"ListItem\",\"position\":2,\"name\":\"Soins Dentaires Montr\u00e9al\"}]},{\"@type\":\"WebSite\",\"@id\":\"https:\/\/smilesbydrslepchik.com\/fr\/#website\",\"url\":\"https:\/\/smilesbydrslepchik.com\/fr\/\",\"name\":\"Lenny Slepchik DDS\",\"description\":\"\",\"publisher\":{\"@id\":\"https:\/\/smilesbydrslepchik.com\/fr\/#organization\"},\"potentialAction\":[{\"@type\":\"SearchAction\",\"target\":{\"@type\":\"EntryPoint\",\"urlTemplate\":\"https:\/\/smilesbydrslepchik.com\/fr\/?s={search_term_string}\"},\"query-input\":{\"@type\":\"PropertyValueSpecification\",\"valueRequired\":true,\"valueName\":\"search_term_string\"}}],\"inLanguage\":\"en-US\"},{\"@type\":\"Organization\",\"@id\":\"https:\/\/smilesbydrslepchik.com\/fr\/#organization\",\"name\":\"Lenny Slepchik DDS\",\"url\":\"https:\/\/smilesbydrslepchik.com\/fr\/\",\"logo\":{\"@type\":\"ImageObject\",\"inLanguage\":\"en-US\",\"@id\":\"https:\/\/smilesbydrslepchik.com\/fr\/#\/schema\/logo\/image\/\",\"url\":\"https:\/\/smilesbydrslepchik.com\/fr\/wp-content\/uploads\/sites\/2\/2024\/07\/logo-french@1x.png\",\"contentUrl\":\"https:\/\/smilesbydrslepchik.com\/fr\/wp-content\/uploads\/sites\/2\/2024\/07\/logo-french@1x.png\",\"width\":371,\"height\":67,\"caption\":\"Lenny Slepchik DDS\"},\"image\":{\"@id\":\"https:\/\/smilesbydrslepchik.com\/fr\/#\/schema\/logo\/image\/\"}}]}<\/script>\n<!-- \/ Yoast SEO plugin. -->","yoast_head_json":{"title":"Soins dentaires Montr\u00e9al","description":"Dentisterie g\u00e9n\u00e9rale et esth\u00e9tique \u00e0 Montr\u00e9al. Le Dr Slepchik vous propose une vari\u00e9t\u00e9 de soins dentaires g\u00e9n\u00e9rales et esth\u00e9tiques au centre-ville de Montr\u00e9al.","robots":{"index":"index","follow":"follow","max-snippet":"max-snippet:-1","max-image-preview":"max-image-preview:large","max-video-preview":"max-video-preview:-1"},"canonical":"https:\/\/smilesbydrslepchik.com\/fr\/nos-soins-dentaires\/","og_locale":"en_US","og_type":"article","og_title":"Soins dentaires Montr\u00e9al","og_description":"Dentisterie g\u00e9n\u00e9rale et esth\u00e9tique \u00e0 Montr\u00e9al. Le Dr Slepchik vous propose une vari\u00e9t\u00e9 de soins dentaires g\u00e9n\u00e9rales et esth\u00e9tiques au centre-ville de Montr\u00e9al.","og_url":"https:\/\/smilesbydrslepchik.com\/fr\/nos-soins-dentaires\/","og_site_name":"Lenny Slepchik DDS","article_modified_time":"2024-11-05T19:27:56+00:00","og_image":[{"width":2304,"height":540,"url":"https:\/\/smilesbydrslepchik.com\/fr\/wp-content\/uploads\/sites\/2\/2024\/01\/Dr-Slepchik-working-upscaled-1.2x.jpg","type":"image\/jpeg"}],"twitter_card":"summary_large_image","twitter_misc":{"Est. reading time":"1 minute"},"schema":{"@context":"https:\/\/schema.org","@graph":[{"@type":"WebPage","@id":"https:\/\/smilesbydrslepchik.com\/fr\/nos-soins-dentaires\/","url":"https:\/\/smilesbydrslepchik.com\/fr\/nos-soins-dentaires\/","name":"Soins dentaires Montr\u00e9al","isPartOf":{"@id":"https:\/\/smilesbydrslepchik.com\/fr\/#website"},"primaryImageOfPage":{"@id":"https:\/\/smilesbydrslepchik.com\/fr\/nos-soins-dentaires\/#primaryimage"},"image":{"@id":"https:\/\/smilesbydrslepchik.com\/fr\/nos-soins-dentaires\/#primaryimage"},"thumbnailUrl":"https:\/\/smilesbydrslepchik.com\/fr\/wp-content\/uploads\/sites\/2\/2024\/01\/Dr-Slepchik-working-upscaled-1.2x.jpg","datePublished":"2017-11-06T06:31:43+00:00","dateModified":"2024-11-05T19:27:56+00:00","description":"Dentisterie g\u00e9n\u00e9rale et esth\u00e9tique \u00e0 Montr\u00e9al. Le Dr Slepchik vous propose une vari\u00e9t\u00e9 de soins dentaires g\u00e9n\u00e9rales et esth\u00e9tiques au centre-ville de Montr\u00e9al.","breadcrumb":{"@id":"https:\/\/smilesbydrslepchik.com\/fr\/nos-soins-dentaires\/#breadcrumb"},"inLanguage":"en-US","potentialAction":[{"@type":"ReadAction","target":["https:\/\/smilesbydrslepchik.com\/fr\/nos-soins-dentaires\/"]}]},{"@type":"ImageObject","inLanguage":"en-US","@id":"https:\/\/smilesbydrslepchik.com\/fr\/nos-soins-dentaires\/#primaryimage","url":"https:\/\/smilesbydrslepchik.com\/fr\/wp-content\/uploads\/sites\/2\/2024\/01\/Dr-Slepchik-working-upscaled-1.2x.jpg","contentUrl":"https:\/\/smilesbydrslepchik.com\/fr\/wp-content\/uploads\/sites\/2\/2024\/01\/Dr-Slepchik-working-upscaled-1.2x.jpg","width":2304,"height":540,"caption":"Dr Slepchik working upscaled 1.2x"},{"@type":"BreadcrumbList","@id":"https:\/\/smilesbydrslepchik.com\/fr\/nos-soins-dentaires\/#breadcrumb","itemListElement":[{"@type":"ListItem","position":1,"name":"Home","item":"https:\/\/smilesbydrslepchik.com\/fr\/"},{"@type":"ListItem","position":2,"name":"Soins Dentaires Montr\u00e9al"}]},{"@type":"WebSite","@id":"https:\/\/smilesbydrslepchik.com\/fr\/#website","url":"https:\/\/smilesbydrslepchik.com\/fr\/","name":"Lenny Slepchik DDS","description":"","publisher":{"@id":"https:\/\/smilesbydrslepchik.com\/fr\/#organization"},"potentialAction":[{"@type":"SearchAction","target":{"@type":"EntryPoint","urlTemplate":"https:\/\/smilesbydrslepchik.com\/fr\/?s={search_term_string}"},"query-input":{"@type":"PropertyValueSpecification","valueRequired":true,"valueName":"search_term_string"}}],"inLanguage":"en-US"},{"@type":"Organization","@id":"https:\/\/smilesbydrslepchik.com\/fr\/#organization","name":"Lenny Slepchik DDS","url":"https:\/\/smilesbydrslepchik.com\/fr\/","logo":{"@type":"ImageObject","inLanguage":"en-US","@id":"https:\/\/smilesbydrslepchik.com\/fr\/#\/schema\/logo\/image\/","url":"https:\/\/smilesbydrslepchik.com\/fr\/wp-content\/uploads\/sites\/2\/2024\/07\/logo-french@1x.png","contentUrl":"https:\/\/smilesbydrslepchik.com\/fr\/wp-content\/uploads\/sites\/2\/2024\/07\/logo-french@1x.png","width":371,"height":67,"caption":"Lenny Slepchik DDS"},"image":{"@id":"https:\/\/smilesbydrslepchik.com\/fr\/#\/schema\/logo\/image\/"}}]}},"featured_image_src":"https:\/\/smilesbydrslepchik.com\/fr\/wp-content\/uploads\/sites\/2\/2024\/01\/Dr-Slepchik-working-upscaled-1.2x-600x400.jpg","featured_image_src_square":"https:\/\/smilesbydrslepchik.com\/fr\/wp-content\/uploads\/sites\/2\/2024\/01\/Dr-Slepchik-working-upscaled-1.2x-600x540.jpg","_links":{"self":[{"href":"https:\/\/smilesbydrslepchik.com\/fr\/wp-json\/wp\/v2\/pages\/124","targetHints":{"allow":["GET"]}}],"collection":[{"href":"https:\/\/smilesbydrslepchik.com\/fr\/wp-json\/wp\/v2\/pages"}],"about":[{"href":"https:\/\/smilesbydrslepchik.com\/fr\/wp-json\/wp\/v2\/types\/page"}],"author":[{"embeddable":true,"href":"https:\/\/smilesbydrslepchik.com\/fr\/wp-json\/wp\/v2\/users\/47"}],"replies":[{"embeddable":true,"href":"https:\/\/smilesbydrslepchik.com\/fr\/wp-json\/wp\/v2\/comments?post=124"}],"version-history":[{"count":0,"href":"https:\/\/smilesbydrslepchik.com\/fr\/wp-json\/wp\/v2\/pages\/124\/revisions"}],"wp:featuredmedia":[{"embeddable":true,"href":"https:\/\/smilesbydrslepchik.com\/fr\/wp-json\/wp\/v2\/media\/3681"}],"wp:attachment":[{"href":"https:\/\/smilesbydrslepchik.com\/fr\/wp-json\/wp\/v2\/media?parent=124"}],"curies":[{"name":"wp","href":"https:\/\/api.w.org\/{rel}","templated":true}]}}