
{"id":12,"date":"2016-01-04T13:57:06","date_gmt":"2016-01-04T13:57:06","guid":{"rendered":"https:\/\/smilesbydr2017.wpengine.com\/fr\/?page_id=5"},"modified":"2024-02-07T19:55:37","modified_gmt":"2024-02-07T19:55:37","slug":"carte-du-site","status":"publish","type":"page","link":"https:\/\/smilesbydrslepchik.com\/fr\/carte-du-site\/","title":{"rendered":"Carte du site"},"content":{"rendered":"\n\n\t<ul><li><a href=\"https:\/\/smilesbydrslepchik.com\/fr\/beaux-sourires-crees-par-dr-slepchik-et-son-equipe\/\">Beaux sourires cr\u00e9\u00e9s par Dr Slepchik et son \u00e9quipe<\/a><\/li>\n<li><a href=\"https:\/\/smilesbydrslepchik.com\/fr\/blogues\/\">Blogues<\/a><\/li>\n<li><a href=\"https:\/\/smilesbydrslepchik.com\/fr\/carte-du-site\/\">Carte du site<\/a><\/li>\n<li><a href=\"https:\/\/smilesbydrslepchik.com\/fr\/conditions-dutilisation\/\">Conditions d&#8217;utilisation<\/a><\/li>\n<li><a href=\"https:\/\/smilesbydrslepchik.com\/fr\/contactez-nous\/\">Contactez-nous<\/a><\/li>\n<li><a href=\"https:\/\/smilesbydrslepchik.com\/fr\/declaration-daccessibilite\/\">D\u00e9claration d&#8217;accessibilit\u00e9<\/a><\/li>\n<li><a href=\"https:\/\/smilesbydrslepchik.com\/fr\/landing\/\">Landing<\/a><\/li>\n<li><a href=\"https:\/\/smilesbydrslepchik.com\/fr\/les-ponts\/\">Les ponts<\/a><\/li>\n<li><a href=\"https:\/\/smilesbydrslepchik.com\/fr\/lieu\/\">Lieu<\/a><\/li>\n<li><a href=\"https:\/\/smilesbydrslepchik.com\/fr\/notre-clinique\/\">Notre cabinet dentaire<\/a>\n<ul class='children'>\n\t<li><a href=\"https:\/\/smilesbydrslepchik.com\/fr\/notre-clinique\/la-technologie-dentaire\/\">La technologie dentaire<\/a>\n\t<ul class='children'>\n\t\t<li><a href=\"https:\/\/smilesbydrslepchik.com\/fr\/notre-clinique\/la-technologie-dentaire\/dentisterie-numerique\/\">Dentisterie num\u00e9rique au cabinet du Dr Slepchik<\/a><\/li>\n\t<\/ul>\n<\/li>\n\t<li><a href=\"https:\/\/smilesbydrslepchik.com\/fr\/notre-clinique\/faites-connaisance-avec-lequipe-dynamique-qui-seconde-le-dr-slepchik\/\">Notre \u00e9quipe dynamique qui seconde le Dr\u00a0Slepchik<\/a><\/li>\n\t<li><a href=\"https:\/\/smilesbydrslepchik.com\/fr\/notre-clinique\/profil-du-dr-slepchik-et-formation-permanente\/\">Profil du Dr\u00a0Slepchik<\/a><\/li>\n<\/ul>\n<\/li>\n<li><a href=\"https:\/\/smilesbydrslepchik.com\/fr\/\">O\u00f9 le soin dentaire est un art!<\/a><\/li>\n<li><a href=\"https:\/\/smilesbydrslepchik.com\/fr\/politique-de-confidentialite\/\">Politique de confidentialit\u00e9<\/a><\/li>\n<li><a href=\"https:\/\/smilesbydrslepchik.com\/fr\/politiques-et-protocoles-concernant-la-covid-19-a-la-clinique-du-dr-slepchik\/\">Politiques et protocoles concernant la Covid-19 \u00e0 la clinique du Dr\u00a0Slepchik<\/a><\/li>\n<li><a href=\"https:\/\/smilesbydrslepchik.com\/fr\/renseignements-pour-le-patient\/\">Renseignements pour le patient<\/a>\n<ul class='children'>\n\t<li><a href=\"https:\/\/smilesbydrslepchik.com\/fr\/renseignements-pour-le-patient\/evaluation-de-votre-sourire\/\">L&#8217;\u00e9valuation de votre sourire<\/a><\/li>\n\t<li><a href=\"https:\/\/smilesbydrslepchik.com\/fr\/renseignements-pour-le-patient\/les-arrangements-financiers-avec-le-dr-lenny-slepchik\/\">Les arrangements financiers<\/a><\/li>\n\t<li><a href=\"https:\/\/smilesbydrslepchik.com\/fr\/renseignements-pour-le-patient\/liens\/\">Liens<\/a><\/li>\n\t<li><a href=\"https:\/\/smilesbydrslepchik.com\/fr\/renseignements-pour-le-patient\/relaxation-menu\/\">Menu relaxation<\/a><\/li>\n\t<li><a href=\"https:\/\/smilesbydrslepchik.com\/fr\/renseignements-pour-le-patient\/videos-de-patientes\/\">Vid\u00e9os de patient(e)s<\/a><\/li>\n\t<li><a href=\"https:\/\/smilesbydrslepchik.com\/fr\/renseignements-pour-le-patient\/que-se-passe-t-il-lors-de-votre-premier-rendez-vous-a-la-clinique-du-dr-slepchik\/\">Votre premier rendez-vous<\/a><\/li>\n<\/ul>\n<\/li>\n<li><a href=\"https:\/\/smilesbydrslepchik.com\/fr\/nos-soins-dentaires\/\">Soins Dentaires Montr\u00e9al<\/a>\n<ul class='children'>\n\t<li><a href=\"https:\/\/smilesbydrslepchik.com\/fr\/nos-soins-dentaires\/le-blanchiment-des-dents-a-montreal\/\">Blanchiment des dents \u00e0 Montr\u00e9al<\/a><\/li>\n\t<li><a href=\"https:\/\/smilesbydrslepchik.com\/fr\/nos-soins-dentaires\/les-couronnes\/\">Couronnes dentaires Montr\u00e9al<\/a><\/li>\n\t<li><a href=\"https:\/\/smilesbydrslepchik.com\/fr\/nos-soins-dentaires\/esthetique-dentaire-montreal-dr-slepchik\/\">Dentisterie esth\u00e9tique \u00e0 Montr\u00e9al<\/a>\n\t<ul class='children'>\n\t\t<li><a href=\"https:\/\/smilesbydrslepchik.com\/fr\/nos-soins-dentaires\/esthetique-dentaire-montreal-dr-slepchik\/les-ponts-solution-pour-dents-manquantes\/\">Ponts dentaires \u00e0 Montr\u00e9al<\/a><\/li>\n\t<\/ul>\n<\/li>\n\t<li><a href=\"https:\/\/smilesbydrslepchik.com\/fr\/nos-soins-dentaires\/les-facettes\/\">Facettes dentaires \u00e0 Montr\u00e9al<\/a><\/li>\n\t<li><a href=\"https:\/\/smilesbydrslepchik.com\/fr\/nos-soins-dentaires\/les-implants\/\">Implants dentaires \u00e0 Montr\u00e9al<\/a><\/li>\n\t<li><a href=\"https:\/\/smilesbydrslepchik.com\/fr\/nos-soins-dentaires\/le-traitement-de-lapnee\/\">Implants dentaires \u00e0 Montr\u00e9al<\/a><\/li>\n\t<li><a href=\"https:\/\/smilesbydrslepchik.com\/fr\/nos-soins-dentaires\/invisalign\/\">Invisalign \u00e0 Montr\u00e9al<\/a><\/li>\n\t<li><a href=\"https:\/\/smilesbydrslepchik.com\/fr\/nos-soins-dentaires\/les-incrustations-en-porcelaine\/\">Les Incrustations<\/a><\/li>\n\t<li><a href=\"https:\/\/smilesbydrslepchik.com\/fr\/nos-soins-dentaires\/metamorphose-du-sourire\/\">M\u00e9tamorphose du Sourire<\/a><\/li>\n\t<li><a href=\"https:\/\/smilesbydrslepchik.com\/fr\/nos-soins-dentaires\/protheses-dentaires-sur-des-implants\/\">Proth\u00e8ses sur Implants Montr\u00e9al<\/a><\/li>\n\t<li><a href=\"https:\/\/smilesbydrslepchik.com\/fr\/nos-soins-dentaires\/dentisterie-generale\/\">Services de dentisterie g\u00e9n\u00e9rale \u00e0 Montr\u00e9al<\/a>\n\t<ul class='children'>\n\t\t<li><a href=\"https:\/\/smilesbydrslepchik.com\/fr\/nos-soins-dentaires\/dentisterie-generale\/dentisterie-sedation-dentaire-montreal-centre-ville\/\">Dentisterie par s\u00e9dation \u00e0 Montr\u00e9al<\/a><\/li>\n\t\t<li><a href=\"https:\/\/smilesbydrslepchik.com\/fr\/nos-soins-dentaires\/dentisterie-generale\/lexamen-dentaire-complet\/\">Examen dentaire complet Montr\u00e9al<\/a><\/li>\n\t\t<li><a href=\"https:\/\/smilesbydrslepchik.com\/fr\/nos-soins-dentaires\/dentisterie-generale\/programme-dhygiene-complet\/\">Hygi\u00e8ne Dentaire \u00c0 Montr\u00e9al<\/a><\/li>\n\t\t<li><a href=\"https:\/\/smilesbydrslepchik.com\/fr\/nos-soins-dentaires\/dentisterie-generale\/le-nettoyage-des-dents-gbt\/\">Nettoyage des dents avec GBT \u00e0 Montr\u00e9al<\/a><\/li>\n\t\t<li><a href=\"https:\/\/smilesbydrslepchik.com\/fr\/nos-soins-dentaires\/dentisterie-generale\/les-obturations-blanches\/\">Obturations dentaires blanches \u00e0 Montr\u00e9al<\/a><\/li>\n\t\t<li><a href=\"https:\/\/smilesbydrslepchik.com\/fr\/nos-soins-dentaires\/dentisterie-generale\/les-radiographies-numeriques\/\">Radiographie dentaire num\u00e9rique Montr\u00e9al<\/a><\/li>\n\t\t<li><a href=\"https:\/\/smilesbydrslepchik.com\/fr\/nos-soins-dentaires\/dentisterie-generale\/le-traitement-des-gencive\/\">Traitement des maladies des gencives \u00e0 Montr\u00e9al<\/a><\/li>\n\t\t<li><a href=\"https:\/\/smilesbydrslepchik.com\/fr\/nos-soins-dentaires\/dentisterie-generale\/examens-durgence\/\">Urgences dentaires \u00e0 Montr\u00e9al<\/a><\/li>\n\t<\/ul>\n<\/li>\n<\/ul>\n<\/li>\n<li><a href=\"https:\/\/smilesbydrslepchik.com\/fr\/succes-svec-invisalign\/\">Succ\u00e8s avec Invisalign<\/a><\/li>\n<li><a href=\"https:\/\/smilesbydrslepchik.com\/fr\/testimonials\/\">T\u00e9moinages<\/a><\/li>\n<li><a href=\"https:\/\/smilesbydrslepchik.com\/fr\/tourisme-dentaire\/\">Tourisme Dentaire \u00c0 Montr\u00e9al<\/a><\/li>\n<\/ul>\n\n","protected":false},"excerpt":{"rendered":"","protected":false},"author":47,"featured_media":0,"parent":0,"menu_order":0,"comment_status":"closed","ping_status":"closed","template":"","meta":{"site-sidebar-layout":"default","site-content-layout":null,"ast-site-content-layout":"","site-content-style":"default","site-sidebar-style":"default","ast-global-header-display":"","ast-banner-title-visibility":"","ast-main-header-display":"","ast-hfb-above-header-display":"","ast-hfb-below-header-display":null,"ast-hfb-mobile-header-display":"","site-post-title":"enabled","ast-breadcrumbs-content":null,"ast-featured-img":"","footer-sml-layout":"","theme-transparent-header-meta":"","adv-header-id-meta":"","stick-header-meta":null,"header-above-stick-meta":null,"header-main-stick-meta":null,"header-below-stick-meta":null,"astra-migrate-meta-layouts":"default","ast-page-background-enabled":"default","ast-page-background-meta":{"desktop":{"background-color":"var(--ast-global-color-4)","background-image":"","background-repeat":"repeat","background-position":"center center","background-size":"auto","background-attachment":"scroll","background-type":"","background-media":"","overlay-type":"","overlay-color":"","overlay-opacity":"","overlay-gradient":""},"tablet":{"background-color":"","background-image":"","background-repeat":"repeat","background-position":"center center","background-size":"auto","background-attachment":"scroll","background-type":"","background-media":"","overlay-type":"","overlay-color":"","overlay-opacity":"","overlay-gradient":""},"mobile":{"background-color":"","background-image":"","background-repeat":"repeat","background-position":"center center","background-size":"auto","background-attachment":"scroll","background-type":"","background-media":"","overlay-type":"","overlay-color":"","overlay-opacity":"","overlay-gradient":""}},"ast-content-background-meta":{"desktop":{"background-color":"var(--ast-global-color-5)","background-image":"","background-repeat":"repeat","background-position":"center center","background-size":"auto","background-attachment":"scroll","background-type":"","background-media":"","overlay-type":"","overlay-color":"","overlay-opacity":"","overlay-gradient":""},"tablet":{"background-color":"var(--ast-global-color-5)","background-image":"","background-repeat":"repeat","background-position":"center center","background-size":"auto","background-attachment":"scroll","background-type":"","background-media":"","overlay-type":"","overlay-color":"","overlay-opacity":"","overlay-gradient":""},"mobile":{"background-color":"var(--ast-global-color-5)","background-image":"","background-repeat":"repeat","background-position":"center center","background-size":"auto","background-attachment":"scroll","background-type":"","background-media":"","overlay-type":"","overlay-color":"","overlay-opacity":"","overlay-gradient":""}},"footnotes":""},"class_list":["post-12","page","type-page","status-publish","hentry"],"yoast_head":"<!-- This site is optimized with the Yoast SEO plugin v23.7 - https:\/\/yoast.com\/wordpress\/plugins\/seo\/ -->\n<title>Carte du site - French - Dr. Lenny Slepchik, D.D.S.<\/title>\n<meta name=\"robots\" content=\"index, follow, max-snippet:-1, max-image-preview:large, max-video-preview:-1\" \/>\n<link rel=\"canonical\" href=\"https:\/\/smilesbydrslepchik.com\/fr\/carte-du-site\/\" \/>\n<meta property=\"og:locale\" content=\"en_US\" \/>\n<meta property=\"og:type\" content=\"article\" \/>\n<meta property=\"og:title\" content=\"Carte du site - French - Dr. Lenny Slepchik, D.D.S.\" \/>\n<meta property=\"og:url\" content=\"https:\/\/smilesbydrslepchik.com\/fr\/carte-du-site\/\" \/>\n<meta property=\"og:site_name\" content=\"Lenny Slepchik DDS\" \/>\n<meta property=\"article:modified_time\" content=\"2024-02-07T19:55:37+00:00\" \/>\n<meta name=\"twitter:card\" content=\"summary_large_image\" \/>\n<meta name=\"twitter:label1\" content=\"Est. reading time\" \/>\n\t<meta name=\"twitter:data1\" content=\"1 minute\" \/>\n<script type=\"application\/ld+json\" class=\"yoast-schema-graph\">{\"@context\":\"https:\/\/schema.org\",\"@graph\":[{\"@type\":\"WebPage\",\"@id\":\"https:\/\/smilesbydrslepchik.com\/fr\/carte-du-site\/\",\"url\":\"https:\/\/smilesbydrslepchik.com\/fr\/carte-du-site\/\",\"name\":\"Carte du site - French - Dr. Lenny Slepchik, D.D.S.\",\"isPartOf\":{\"@id\":\"https:\/\/smilesbydrslepchik.com\/fr\/#website\"},\"datePublished\":\"2016-01-04T13:57:06+00:00\",\"dateModified\":\"2024-02-07T19:55:37+00:00\",\"breadcrumb\":{\"@id\":\"https:\/\/smilesbydrslepchik.com\/fr\/carte-du-site\/#breadcrumb\"},\"inLanguage\":\"en-US\",\"potentialAction\":[{\"@type\":\"ReadAction\",\"target\":[\"https:\/\/smilesbydrslepchik.com\/fr\/carte-du-site\/\"]}]},{\"@type\":\"BreadcrumbList\",\"@id\":\"https:\/\/smilesbydrslepchik.com\/fr\/carte-du-site\/#breadcrumb\",\"itemListElement\":[{\"@type\":\"ListItem\",\"position\":1,\"name\":\"Home\",\"item\":\"https:\/\/smilesbydrslepchik.com\/fr\/\"},{\"@type\":\"ListItem\",\"position\":2,\"name\":\"Carte du site\"}]},{\"@type\":\"WebSite\",\"@id\":\"https:\/\/smilesbydrslepchik.com\/fr\/#website\",\"url\":\"https:\/\/smilesbydrslepchik.com\/fr\/\",\"name\":\"Lenny Slepchik DDS\",\"description\":\"\",\"publisher\":{\"@id\":\"https:\/\/smilesbydrslepchik.com\/fr\/#organization\"},\"potentialAction\":[{\"@type\":\"SearchAction\",\"target\":{\"@type\":\"EntryPoint\",\"urlTemplate\":\"https:\/\/smilesbydrslepchik.com\/fr\/?s={search_term_string}\"},\"query-input\":{\"@type\":\"PropertyValueSpecification\",\"valueRequired\":true,\"valueName\":\"search_term_string\"}}],\"inLanguage\":\"en-US\"},{\"@type\":\"Organization\",\"@id\":\"https:\/\/smilesbydrslepchik.com\/fr\/#organization\",\"name\":\"Lenny Slepchik DDS\",\"url\":\"https:\/\/smilesbydrslepchik.com\/fr\/\",\"logo\":{\"@type\":\"ImageObject\",\"inLanguage\":\"en-US\",\"@id\":\"https:\/\/smilesbydrslepchik.com\/fr\/#\/schema\/logo\/image\/\",\"url\":\"https:\/\/smilesbydrslepchik.com\/fr\/wp-content\/uploads\/sites\/2\/2024\/07\/logo-french@1x.png\",\"contentUrl\":\"https:\/\/smilesbydrslepchik.com\/fr\/wp-content\/uploads\/sites\/2\/2024\/07\/logo-french@1x.png\",\"width\":371,\"height\":67,\"caption\":\"Lenny Slepchik DDS\"},\"image\":{\"@id\":\"https:\/\/smilesbydrslepchik.com\/fr\/#\/schema\/logo\/image\/\"}}]}<\/script>\n<!-- \/ Yoast SEO plugin. -->","yoast_head_json":{"title":"Carte du site - French - Dr. Lenny Slepchik, D.D.S.","robots":{"index":"index","follow":"follow","max-snippet":"max-snippet:-1","max-image-preview":"max-image-preview:large","max-video-preview":"max-video-preview:-1"},"canonical":"https:\/\/smilesbydrslepchik.com\/fr\/carte-du-site\/","og_locale":"en_US","og_type":"article","og_title":"Carte du site - French - Dr. Lenny Slepchik, D.D.S.","og_url":"https:\/\/smilesbydrslepchik.com\/fr\/carte-du-site\/","og_site_name":"Lenny Slepchik DDS","article_modified_time":"2024-02-07T19:55:37+00:00","twitter_card":"summary_large_image","twitter_misc":{"Est. reading time":"1 minute"},"schema":{"@context":"https:\/\/schema.org","@graph":[{"@type":"WebPage","@id":"https:\/\/smilesbydrslepchik.com\/fr\/carte-du-site\/","url":"https:\/\/smilesbydrslepchik.com\/fr\/carte-du-site\/","name":"Carte du site - French - Dr. Lenny Slepchik, D.D.S.","isPartOf":{"@id":"https:\/\/smilesbydrslepchik.com\/fr\/#website"},"datePublished":"2016-01-04T13:57:06+00:00","dateModified":"2024-02-07T19:55:37+00:00","breadcrumb":{"@id":"https:\/\/smilesbydrslepchik.com\/fr\/carte-du-site\/#breadcrumb"},"inLanguage":"en-US","potentialAction":[{"@type":"ReadAction","target":["https:\/\/smilesbydrslepchik.com\/fr\/carte-du-site\/"]}]},{"@type":"BreadcrumbList","@id":"https:\/\/smilesbydrslepchik.com\/fr\/carte-du-site\/#breadcrumb","itemListElement":[{"@type":"ListItem","position":1,"name":"Home","item":"https:\/\/smilesbydrslepchik.com\/fr\/"},{"@type":"ListItem","position":2,"name":"Carte du site"}]},{"@type":"WebSite","@id":"https:\/\/smilesbydrslepchik.com\/fr\/#website","url":"https:\/\/smilesbydrslepchik.com\/fr\/","name":"Lenny Slepchik DDS","description":"","publisher":{"@id":"https:\/\/smilesbydrslepchik.com\/fr\/#organization"},"potentialAction":[{"@type":"SearchAction","target":{"@type":"EntryPoint","urlTemplate":"https:\/\/smilesbydrslepchik.com\/fr\/?s={search_term_string}"},"query-input":{"@type":"PropertyValueSpecification","valueRequired":true,"valueName":"search_term_string"}}],"inLanguage":"en-US"},{"@type":"Organization","@id":"https:\/\/smilesbydrslepchik.com\/fr\/#organization","name":"Lenny Slepchik DDS","url":"https:\/\/smilesbydrslepchik.com\/fr\/","logo":{"@type":"ImageObject","inLanguage":"en-US","@id":"https:\/\/smilesbydrslepchik.com\/fr\/#\/schema\/logo\/image\/","url":"https:\/\/smilesbydrslepchik.com\/fr\/wp-content\/uploads\/sites\/2\/2024\/07\/logo-french@1x.png","contentUrl":"https:\/\/smilesbydrslepchik.com\/fr\/wp-content\/uploads\/sites\/2\/2024\/07\/logo-french@1x.png","width":371,"height":67,"caption":"Lenny Slepchik DDS"},"image":{"@id":"https:\/\/smilesbydrslepchik.com\/fr\/#\/schema\/logo\/image\/"}}]}},"featured_image_src":null,"featured_image_src_square":null,"_links":{"self":[{"href":"https:\/\/smilesbydrslepchik.com\/fr\/wp-json\/wp\/v2\/pages\/12","targetHints":{"allow":["GET"]}}],"collection":[{"href":"https:\/\/smilesbydrslepchik.com\/fr\/wp-json\/wp\/v2\/pages"}],"about":[{"href":"https:\/\/smilesbydrslepchik.com\/fr\/wp-json\/wp\/v2\/types\/page"}],"author":[{"embeddable":true,"href":"https:\/\/smilesbydrslepchik.com\/fr\/wp-json\/wp\/v2\/users\/47"}],"replies":[{"embeddable":true,"href":"https:\/\/smilesbydrslepchik.com\/fr\/wp-json\/wp\/v2\/comments?post=12"}],"version-history":[{"count":0,"href":"https:\/\/smilesbydrslepchik.com\/fr\/wp-json\/wp\/v2\/pages\/12\/revisions"}],"wp:attachment":[{"href":"https:\/\/smilesbydrslepchik.com\/fr\/wp-json\/wp\/v2\/media?parent=12"}],"curies":[{"name":"wp","href":"https:\/\/api.w.org\/{rel}","templated":true}]}}