
{"id":1154,"date":"2022-01-18T21:57:45","date_gmt":"2022-01-18T21:57:45","guid":{"rendered":"https:\/\/www.smilesbydrslepchik.com\/fr\/accessibility-statement\/"},"modified":"2024-02-07T19:55:39","modified_gmt":"2024-02-07T19:55:39","slug":"declaration-daccessibilite","status":"publish","type":"page","link":"https:\/\/smilesbydrslepchik.com\/fr\/declaration-daccessibilite\/","title":{"rendered":"D\u00e9claration d&#8217;accessibilit\u00e9"},"content":{"rendered":"\n\n\t<h2>G\u00e9n\u00e9ral<\/h2>\n<p>Lenny Slepchik DDS s&#8217;efforce de garantir que ses services soient accessibles aux personnes handicap\u00e9es. Lenny Slepchik DDS a investi des ressources importantes pour contribuer \u00e0 rendre son site Web plus facile \u00e0 utiliser et plus accessible aux personnes handicap\u00e9es, avec la ferme conviction que chaque personne a le droit de vivre dans la dignit\u00e9, l&#8217;\u00e9galit\u00e9, le confort et l&#8217;ind\u00e9pendance.<\/p>\n<h2>Accessibilit\u00e9 sur Lenny Slepchik DDS<\/h2>\n<p>Lenny Slepchik DDS met \u00e0 disposition une accessibilit\u00e9 le widget d&#8217;accessibilit\u00e9 Lenny Slepchik DDS qui est aliment\u00e9 par un serveur d&#8217;accessibilit\u00e9 d\u00e9di\u00e9. Le logiciel permet au site d&#8217;am\u00e9liorer sa conformit\u00e9 aux directives pour l&#8217;accessibilit\u00e9 du contenu Web (WCAG 2.0).<\/p>\n<h2>Activation du menu d&#8217;accessibilit\u00e9<\/h2>\n<p>Lenny Slepchik DDS poursuit ses efforts pour am\u00e9liorer constamment l&#8217;accessibilit\u00e9 de son site et de ses services, convaincu qu&#8217;il est de notre obligation morale collective de permettre une utilisation transparente, accessible et sans entrave, \u00e9galement pour ceux d&#8217;entre nous handicap\u00e9s.<\/p>\n<p>Malgr\u00e9 nos efforts pour rendre toutes les pages et tous les contenus de Lenny Slepchik DDS enti\u00e8rement accessibles, certains contenus n&#8217;ont peut-\u00eatre pas encore \u00e9t\u00e9 enti\u00e8rement adapt\u00e9s aux normes d&#8217;accessibilit\u00e9 les plus strictes. Cela peut \u00eatre d\u00fb au fait que l&#8217;on n&#8217;a pas trouv\u00e9 ou identifi\u00e9 la solution technologique la plus appropri\u00e9e.<\/p>\n<h2>Clause de non-responsabilit\u00e9<\/h2>\n<p>Si vous rencontrez des difficult\u00e9s avec le contenu du site Web, du widget ou de l&#8217;un de ses services de Lenny Slepchik DDS ou si vous avez besoin d&#8217;aide avec une partie de notre site ou de nos logiciels, veuillez nous contacter pendant les heures normales de bureau comme indiqu\u00e9 ci-dessous et nous serons heureux de vous aider.<\/p>\n<h2>Ici pour vous<\/h2>\n<p>Le menu d&#8217;accessibilit\u00e9 de Lenny Slepchik DDS peut \u00eatre activ\u00e9 en cliquant sur l&#8217;ic\u00f4ne du menu d&#8217;accessibilit\u00e9 qui appara\u00eet dans le coin de la page. Apr\u00e8s avoir d\u00e9clench\u00e9 le menu d&#8217;accessibilit\u00e9, veuillez attendre un moment que le menu d&#8217;accessibilit\u00e9 se charge dans son int\u00e9gralit\u00e9.<\/p>\n<h2>Nous contacter<\/h2>\n<p>Si vous souhaitez signaler un probl\u00e8me, avez des questions ou avez besoin d&#8217;aide, <a href=\"https:\/\/smilesbydrslepchik.com\/fr\/contactez-nous\/\">veuillez cliquer ici pour contacter le support client de Lenny Slepchik DDS.<\/a><\/p>\n\n","protected":false},"excerpt":{"rendered":"<p>G\u00e9n\u00e9ral Lenny Slepchik DDS s&#8217;efforce de garantir que ses services soient accessibles aux personnes handicap\u00e9es. Lenny Slepchik DDS a investi des ressources importantes pour contribuer \u00e0 rendre son site Web plus facile \u00e0 utiliser et plus accessible aux personnes handicap\u00e9es, avec la ferme conviction que chaque personne a le droit de vivre dans la dignit\u00e9, [&hellip;]<\/p>\n","protected":false},"author":47,"featured_media":0,"parent":0,"menu_order":0,"comment_status":"closed","ping_status":"closed","template":"","meta":{"site-sidebar-layout":"default","site-content-layout":null,"ast-site-content-layout":"default","site-content-style":"default","site-sidebar-style":"default","ast-global-header-display":"","ast-banner-title-visibility":"","ast-main-header-display":"","ast-hfb-above-header-display":"","ast-hfb-below-header-display":null,"ast-hfb-mobile-header-display":"","site-post-title":"","ast-breadcrumbs-content":null,"ast-featured-img":"","footer-sml-layout":"","theme-transparent-header-meta":"default","adv-header-id-meta":"","stick-header-meta":"default","header-above-stick-meta":"","header-main-stick-meta":"","header-below-stick-meta":null,"astra-migrate-meta-layouts":"set","ast-page-background-enabled":"default","ast-page-background-meta":{"desktop":{"background-color":"var(--ast-global-color-4)","background-image":"","background-repeat":"repeat","background-position":"center center","background-size":"auto","background-attachment":"scroll","background-type":"","background-media":"","overlay-type":"","overlay-color":"","overlay-opacity":"","overlay-gradient":""},"tablet":{"background-color":"","background-image":"","background-repeat":"repeat","background-position":"center center","background-size":"auto","background-attachment":"scroll","background-type":"","background-media":"","overlay-type":"","overlay-color":"","overlay-opacity":"","overlay-gradient":""},"mobile":{"background-color":"","background-image":"","background-repeat":"repeat","background-position":"center center","background-size":"auto","background-attachment":"scroll","background-type":"","background-media":"","overlay-type":"","overlay-color":"","overlay-opacity":"","overlay-gradient":""}},"ast-content-background-meta":{"desktop":{"background-color":"var(--ast-global-color-5)","background-image":"","background-repeat":"repeat","background-position":"center center","background-size":"auto","background-attachment":"scroll","background-type":"","background-media":"","overlay-type":"","overlay-color":"","overlay-opacity":"","overlay-gradient":""},"tablet":{"background-color":"var(--ast-global-color-5)","background-image":"","background-repeat":"repeat","background-position":"center center","background-size":"auto","background-attachment":"scroll","background-type":"","background-media":"","overlay-type":"","overlay-color":"","overlay-opacity":"","overlay-gradient":""},"mobile":{"background-color":"var(--ast-global-color-5)","background-image":"","background-repeat":"repeat","background-position":"center center","background-size":"auto","background-attachment":"scroll","background-type":"","background-media":"","overlay-type":"","overlay-color":"","overlay-opacity":"","overlay-gradient":""}},"footnotes":""},"class_list":["post-1154","page","type-page","status-publish","hentry"],"yoast_head":"<!-- This site is optimized with the Yoast SEO plugin v23.7 - https:\/\/yoast.com\/wordpress\/plugins\/seo\/ -->\n<title>D\u00e9claration d&#039;accessibilit\u00e9 - Lenny Slepchik DDS<\/title>\n<meta name=\"robots\" content=\"index, follow, max-snippet:-1, max-image-preview:large, max-video-preview:-1\" \/>\n<link rel=\"canonical\" href=\"https:\/\/smilesbydrslepchik.com\/fr\/declaration-daccessibilite\/\" \/>\n<meta property=\"og:locale\" content=\"en_US\" \/>\n<meta property=\"og:type\" content=\"article\" \/>\n<meta property=\"og:title\" content=\"D\u00e9claration d&#039;accessibilit\u00e9 - Lenny Slepchik DDS\" \/>\n<meta property=\"og:description\" content=\"G\u00e9n\u00e9ral Lenny Slepchik DDS s&#8217;efforce de garantir que ses services soient accessibles aux personnes handicap\u00e9es. Lenny Slepchik DDS a investi des ressources importantes pour contribuer \u00e0 rendre son site Web plus facile \u00e0 utiliser et plus accessible aux personnes handicap\u00e9es, avec la ferme conviction que chaque personne a le droit de vivre dans la dignit\u00e9, [&hellip;]\" \/>\n<meta property=\"og:url\" content=\"https:\/\/smilesbydrslepchik.com\/fr\/declaration-daccessibilite\/\" \/>\n<meta property=\"og:site_name\" content=\"Lenny Slepchik DDS\" \/>\n<meta property=\"article:modified_time\" content=\"2024-02-07T19:55:39+00:00\" \/>\n<meta name=\"twitter:card\" content=\"summary_large_image\" \/>\n<meta name=\"twitter:label1\" content=\"Est. reading time\" \/>\n\t<meta name=\"twitter:data1\" content=\"2 minutes\" \/>\n<script type=\"application\/ld+json\" class=\"yoast-schema-graph\">{\"@context\":\"https:\/\/schema.org\",\"@graph\":[{\"@type\":\"WebPage\",\"@id\":\"https:\/\/smilesbydrslepchik.com\/fr\/declaration-daccessibilite\/\",\"url\":\"https:\/\/smilesbydrslepchik.com\/fr\/declaration-daccessibilite\/\",\"name\":\"D\u00e9claration d'accessibilit\u00e9 - Lenny Slepchik DDS\",\"isPartOf\":{\"@id\":\"https:\/\/smilesbydrslepchik.com\/fr\/#website\"},\"datePublished\":\"2022-01-18T21:57:45+00:00\",\"dateModified\":\"2024-02-07T19:55:39+00:00\",\"breadcrumb\":{\"@id\":\"https:\/\/smilesbydrslepchik.com\/fr\/declaration-daccessibilite\/#breadcrumb\"},\"inLanguage\":\"en-US\",\"potentialAction\":[{\"@type\":\"ReadAction\",\"target\":[\"https:\/\/smilesbydrslepchik.com\/fr\/declaration-daccessibilite\/\"]}]},{\"@type\":\"BreadcrumbList\",\"@id\":\"https:\/\/smilesbydrslepchik.com\/fr\/declaration-daccessibilite\/#breadcrumb\",\"itemListElement\":[{\"@type\":\"ListItem\",\"position\":1,\"name\":\"Home\",\"item\":\"https:\/\/smilesbydrslepchik.com\/fr\/\"},{\"@type\":\"ListItem\",\"position\":2,\"name\":\"D\u00e9claration d&#8217;accessibilit\u00e9\"}]},{\"@type\":\"WebSite\",\"@id\":\"https:\/\/smilesbydrslepchik.com\/fr\/#website\",\"url\":\"https:\/\/smilesbydrslepchik.com\/fr\/\",\"name\":\"Lenny Slepchik DDS\",\"description\":\"\",\"publisher\":{\"@id\":\"https:\/\/smilesbydrslepchik.com\/fr\/#organization\"},\"potentialAction\":[{\"@type\":\"SearchAction\",\"target\":{\"@type\":\"EntryPoint\",\"urlTemplate\":\"https:\/\/smilesbydrslepchik.com\/fr\/?s={search_term_string}\"},\"query-input\":{\"@type\":\"PropertyValueSpecification\",\"valueRequired\":true,\"valueName\":\"search_term_string\"}}],\"inLanguage\":\"en-US\"},{\"@type\":\"Organization\",\"@id\":\"https:\/\/smilesbydrslepchik.com\/fr\/#organization\",\"name\":\"Lenny Slepchik DDS\",\"url\":\"https:\/\/smilesbydrslepchik.com\/fr\/\",\"logo\":{\"@type\":\"ImageObject\",\"inLanguage\":\"en-US\",\"@id\":\"https:\/\/smilesbydrslepchik.com\/fr\/#\/schema\/logo\/image\/\",\"url\":\"https:\/\/smilesbydrslepchik.com\/fr\/wp-content\/uploads\/sites\/2\/2024\/07\/logo-french@1x.png\",\"contentUrl\":\"https:\/\/smilesbydrslepchik.com\/fr\/wp-content\/uploads\/sites\/2\/2024\/07\/logo-french@1x.png\",\"width\":371,\"height\":67,\"caption\":\"Lenny Slepchik DDS\"},\"image\":{\"@id\":\"https:\/\/smilesbydrslepchik.com\/fr\/#\/schema\/logo\/image\/\"}}]}<\/script>\n<!-- \/ Yoast SEO plugin. -->","yoast_head_json":{"title":"D\u00e9claration d'accessibilit\u00e9 - Lenny Slepchik DDS","robots":{"index":"index","follow":"follow","max-snippet":"max-snippet:-1","max-image-preview":"max-image-preview:large","max-video-preview":"max-video-preview:-1"},"canonical":"https:\/\/smilesbydrslepchik.com\/fr\/declaration-daccessibilite\/","og_locale":"en_US","og_type":"article","og_title":"D\u00e9claration d'accessibilit\u00e9 - Lenny Slepchik DDS","og_description":"G\u00e9n\u00e9ral Lenny Slepchik DDS s&#8217;efforce de garantir que ses services soient accessibles aux personnes handicap\u00e9es. Lenny Slepchik DDS a investi des ressources importantes pour contribuer \u00e0 rendre son site Web plus facile \u00e0 utiliser et plus accessible aux personnes handicap\u00e9es, avec la ferme conviction que chaque personne a le droit de vivre dans la dignit\u00e9, [&hellip;]","og_url":"https:\/\/smilesbydrslepchik.com\/fr\/declaration-daccessibilite\/","og_site_name":"Lenny Slepchik DDS","article_modified_time":"2024-02-07T19:55:39+00:00","twitter_card":"summary_large_image","twitter_misc":{"Est. reading time":"2 minutes"},"schema":{"@context":"https:\/\/schema.org","@graph":[{"@type":"WebPage","@id":"https:\/\/smilesbydrslepchik.com\/fr\/declaration-daccessibilite\/","url":"https:\/\/smilesbydrslepchik.com\/fr\/declaration-daccessibilite\/","name":"D\u00e9claration d'accessibilit\u00e9 - Lenny Slepchik DDS","isPartOf":{"@id":"https:\/\/smilesbydrslepchik.com\/fr\/#website"},"datePublished":"2022-01-18T21:57:45+00:00","dateModified":"2024-02-07T19:55:39+00:00","breadcrumb":{"@id":"https:\/\/smilesbydrslepchik.com\/fr\/declaration-daccessibilite\/#breadcrumb"},"inLanguage":"en-US","potentialAction":[{"@type":"ReadAction","target":["https:\/\/smilesbydrslepchik.com\/fr\/declaration-daccessibilite\/"]}]},{"@type":"BreadcrumbList","@id":"https:\/\/smilesbydrslepchik.com\/fr\/declaration-daccessibilite\/#breadcrumb","itemListElement":[{"@type":"ListItem","position":1,"name":"Home","item":"https:\/\/smilesbydrslepchik.com\/fr\/"},{"@type":"ListItem","position":2,"name":"D\u00e9claration d&#8217;accessibilit\u00e9"}]},{"@type":"WebSite","@id":"https:\/\/smilesbydrslepchik.com\/fr\/#website","url":"https:\/\/smilesbydrslepchik.com\/fr\/","name":"Lenny Slepchik DDS","description":"","publisher":{"@id":"https:\/\/smilesbydrslepchik.com\/fr\/#organization"},"potentialAction":[{"@type":"SearchAction","target":{"@type":"EntryPoint","urlTemplate":"https:\/\/smilesbydrslepchik.com\/fr\/?s={search_term_string}"},"query-input":{"@type":"PropertyValueSpecification","valueRequired":true,"valueName":"search_term_string"}}],"inLanguage":"en-US"},{"@type":"Organization","@id":"https:\/\/smilesbydrslepchik.com\/fr\/#organization","name":"Lenny Slepchik DDS","url":"https:\/\/smilesbydrslepchik.com\/fr\/","logo":{"@type":"ImageObject","inLanguage":"en-US","@id":"https:\/\/smilesbydrslepchik.com\/fr\/#\/schema\/logo\/image\/","url":"https:\/\/smilesbydrslepchik.com\/fr\/wp-content\/uploads\/sites\/2\/2024\/07\/logo-french@1x.png","contentUrl":"https:\/\/smilesbydrslepchik.com\/fr\/wp-content\/uploads\/sites\/2\/2024\/07\/logo-french@1x.png","width":371,"height":67,"caption":"Lenny Slepchik DDS"},"image":{"@id":"https:\/\/smilesbydrslepchik.com\/fr\/#\/schema\/logo\/image\/"}}]}},"featured_image_src":null,"featured_image_src_square":null,"_links":{"self":[{"href":"https:\/\/smilesbydrslepchik.com\/fr\/wp-json\/wp\/v2\/pages\/1154","targetHints":{"allow":["GET"]}}],"collection":[{"href":"https:\/\/smilesbydrslepchik.com\/fr\/wp-json\/wp\/v2\/pages"}],"about":[{"href":"https:\/\/smilesbydrslepchik.com\/fr\/wp-json\/wp\/v2\/types\/page"}],"author":[{"embeddable":true,"href":"https:\/\/smilesbydrslepchik.com\/fr\/wp-json\/wp\/v2\/users\/47"}],"replies":[{"embeddable":true,"href":"https:\/\/smilesbydrslepchik.com\/fr\/wp-json\/wp\/v2\/comments?post=1154"}],"version-history":[{"count":0,"href":"https:\/\/smilesbydrslepchik.com\/fr\/wp-json\/wp\/v2\/pages\/1154\/revisions"}],"wp:attachment":[{"href":"https:\/\/smilesbydrslepchik.com\/fr\/wp-json\/wp\/v2\/media?parent=1154"}],"curies":[{"name":"wp","href":"https:\/\/api.w.org\/{rel}","templated":true}]}}