
{"id":1113,"date":"2021-10-30T07:22:34","date_gmt":"2021-10-30T07:22:34","guid":{"rendered":"https:\/\/www.smilesbydrslepchik.com\/fr\/?page_id=1113"},"modified":"2024-06-17T21:08:25","modified_gmt":"2024-06-17T21:08:25","slug":"tourisme-dentaire","status":"publish","type":"page","link":"https:\/\/smilesbydrslepchik.com\/fr\/tourisme-dentaire\/","title":{"rendered":"Tourisme Dentaire \u00c0 Montr\u00e9al"},"content":{"rendered":"\r\n<p>Notre cabinet dentaire, situ\u00e9 en plein c\u0153ur du centre-ville de Montr\u00e9al, adjacent \u00e0 l&#8217;h\u00f4tel Reine \u00c9lizabeth, se trouve \u00e9galement \u00e0 quelques pas de plusieurs h\u00f4tels, comme Le Ritz Carlton, Le Four Seasons, Le Wyndham Marriot et LeHoliday Inn et plus. Nous sommes aussi desservis par de nombreux circuits d&#8217;autobus.<\/p>\r\n<p>Des votre arriv\u00e9e, nos concierges dentaires r\u00e9pondront \u00e0 vos questions, s&#8217;occuperent des modalit\u00e9s avec votre compagnie d&#8217;assurance et dissiperent toute appr\u00e9hension. Un accompagnement professionnel et exceptionnel de tous les membres de notre \u00e9quipe se poursuivra pour tous vos traitements. Le Dr Slepchik a h\u00e2te de faire votre connaissance et de travailler avec vous pour vous redonner un sourire \u00e9clatant. Il r\u00e9pondra \u00e0 vos questions et pr\u00e9sentera les options qui s&#8217;offrent \u00e0 vous. Pour ce faire, il est important de verbaliser vos attentes, vos craintes, et d&#8217;\u00eatre tr\u00e8s ouvert avec le dentiste afin d&#8217;\u00e9tablir une excellente collaboration. Le plan de traitement ne sera pr\u00e9sent\u00e9 au patient qu&#8217;apr\u00e8s un nettoyage des dents ainsi qu&#8217;un examen approfondi de la condition dentaire, car tout traitement esth\u00e9tique doit s&#8217;effectuer sur des dents saines. Appelez-nous au <a href=\"tel:514-875-7971\">514-875-7971<\/a> ou faites parvenir un courriel \u00e0 l&#8217;adresse <a href=\"mailto:reception@smilesbydrslepchik.com\">reception@smilesbydrslepchik.com<\/a> \u00e0 votre gr\u00e9 pour obtenir un rendez-vous de consultation. Nous avons h\u00e2te de vous accueillir \u00e0 notre cabinet.<\/p>\r\n<h2>Belles Sourires cre\u00e9 par Dr Slepchik<\/h2>\r\n<p><img loading=\"lazy\" decoding=\"async\" title=\"Before Treatment\" src=\"https:\/\/smilesbydrslepchik.com\/fr\/wp-content\/uploads\/sites\/2\/2023\/12\/Before-Treatment.jpg\" alt=\"Before Treatment\" width=\"320\" height=\"169\" \/> <img loading=\"lazy\" decoding=\"async\" title=\"After Treatment\" src=\"https:\/\/smilesbydrslepchik.com\/fr\/wp-content\/uploads\/sites\/2\/2023\/12\/After-Treatment.jpeg\" alt=\"After Treatment\" width=\"1979\" height=\"1194\" \/> <img loading=\"lazy\" decoding=\"async\" title=\"Smile with Temporaries\" src=\"https:\/\/smilesbydrslepchik.com\/fr\/wp-content\/uploads\/sites\/2\/2023\/12\/Smile-with-Temporaries.jpg\" alt=\"Smile with Temporaries\" width=\"717\" height=\"349\" \/><\/p>\r\n<p>Pour plus de photos ou renseignements,\u00a0<a href=\"\/fr\/beaux-sourires-crees-par-dr-slepchik-et-son-equipe\/\">cliquez ici.<\/a><\/p>\r\n","protected":false},"excerpt":{"rendered":"","protected":false},"author":47,"featured_media":3677,"parent":0,"menu_order":0,"comment_status":"closed","ping_status":"closed","template":"","meta":{"site-sidebar-layout":"default","site-content-layout":"","ast-site-content-layout":"default","site-content-style":"default","site-sidebar-style":"default","ast-global-header-display":"","ast-banner-title-visibility":"","ast-main-header-display":"","ast-hfb-above-header-display":"","ast-hfb-below-header-display":"","ast-hfb-mobile-header-display":"","site-post-title":"","ast-breadcrumbs-content":"","ast-featured-img":"","footer-sml-layout":"","theme-transparent-header-meta":"default","adv-header-id-meta":"","stick-header-meta":"default","header-above-stick-meta":"","header-main-stick-meta":"","header-below-stick-meta":"","astra-migrate-meta-layouts":"set","ast-page-background-enabled":"default","ast-page-background-meta":{"desktop":{"background-color":"var(--ast-global-color-4)","background-image":"","background-repeat":"repeat","background-position":"center center","background-size":"auto","background-attachment":"scroll","background-type":"","background-media":"","overlay-type":"","overlay-color":"","overlay-opacity":"","overlay-gradient":""},"tablet":{"background-color":"","background-image":"","background-repeat":"repeat","background-position":"center center","background-size":"auto","background-attachment":"scroll","background-type":"","background-media":"","overlay-type":"","overlay-color":"","overlay-opacity":"","overlay-gradient":""},"mobile":{"background-color":"","background-image":"","background-repeat":"repeat","background-position":"center center","background-size":"auto","background-attachment":"scroll","background-type":"","background-media":"","overlay-type":"","overlay-color":"","overlay-opacity":"","overlay-gradient":""}},"ast-content-background-meta":{"desktop":{"background-color":"var(--ast-global-color-5)","background-image":"","background-repeat":"repeat","background-position":"center center","background-size":"auto","background-attachment":"scroll","background-type":"","background-media":"","overlay-type":"","overlay-color":"","overlay-opacity":"","overlay-gradient":""},"tablet":{"background-color":"var(--ast-global-color-5)","background-image":"","background-repeat":"repeat","background-position":"center center","background-size":"auto","background-attachment":"scroll","background-type":"","background-media":"","overlay-type":"","overlay-color":"","overlay-opacity":"","overlay-gradient":""},"mobile":{"background-color":"var(--ast-global-color-5)","background-image":"","background-repeat":"repeat","background-position":"center center","background-size":"auto","background-attachment":"scroll","background-type":"","background-media":"","overlay-type":"","overlay-color":"","overlay-opacity":"","overlay-gradient":""}},"footnotes":""},"class_list":["post-1113","page","type-page","status-publish","has-post-thumbnail","hentry"],"yoast_head":"<!-- This site is optimized with the Yoast SEO plugin v23.7 - https:\/\/yoast.com\/wordpress\/plugins\/seo\/ -->\n<title>Tourisme Dentaire Montr\u00e9al - Dr Lenny Slepchik D.D.S.<\/title>\n<meta name=\"description\" content=\"Visitez la belle Montr\u00e9al et trouvez un dentiste au centre-ville pour tous vos soins dentaires g\u00e9n\u00e9rales et esth\u00e9tiques.\" \/>\n<meta name=\"robots\" content=\"index, follow, max-snippet:-1, max-image-preview:large, max-video-preview:-1\" \/>\n<link rel=\"canonical\" href=\"https:\/\/smilesbydrslepchik.com\/fr\/tourisme-dentaire\/\" \/>\n<meta property=\"og:locale\" content=\"en_US\" \/>\n<meta property=\"og:type\" content=\"article\" \/>\n<meta property=\"og:title\" content=\"Tourisme Dentaire Montr\u00e9al - Dr Lenny Slepchik D.D.S.\" \/>\n<meta property=\"og:description\" content=\"Visitez la belle Montr\u00e9al et trouvez un dentiste au centre-ville pour tous vos soins dentaires g\u00e9n\u00e9rales et esth\u00e9tiques.\" \/>\n<meta property=\"og:url\" content=\"https:\/\/smilesbydrslepchik.com\/fr\/tourisme-dentaire\/\" \/>\n<meta property=\"og:site_name\" content=\"Lenny Slepchik DDS\" \/>\n<meta property=\"article:modified_time\" content=\"2024-06-17T21:08:25+00:00\" \/>\n<meta property=\"og:image\" content=\"https:\/\/smilesbydrslepchik.com\/fr\/wp-content\/uploads\/sites\/2\/2024\/01\/56679fddb7e0fc0db8484daf74f32cd0-1.2x.jpg\" \/>\n\t<meta property=\"og:image:width\" content=\"2304\" \/>\n\t<meta property=\"og:image:height\" content=\"540\" \/>\n\t<meta property=\"og:image:type\" content=\"image\/jpeg\" \/>\n<meta name=\"twitter:card\" content=\"summary_large_image\" \/>\n<meta name=\"twitter:label1\" content=\"Est. reading time\" \/>\n\t<meta name=\"twitter:data1\" content=\"2 minutes\" \/>\n<script type=\"application\/ld+json\" class=\"yoast-schema-graph\">{\"@context\":\"https:\/\/schema.org\",\"@graph\":[{\"@type\":\"WebPage\",\"@id\":\"https:\/\/smilesbydrslepchik.com\/fr\/tourisme-dentaire\/\",\"url\":\"https:\/\/smilesbydrslepchik.com\/fr\/tourisme-dentaire\/\",\"name\":\"Tourisme Dentaire Montr\u00e9al - Dr Lenny Slepchik D.D.S.\",\"isPartOf\":{\"@id\":\"https:\/\/smilesbydrslepchik.com\/fr\/#website\"},\"primaryImageOfPage\":{\"@id\":\"https:\/\/smilesbydrslepchik.com\/fr\/tourisme-dentaire\/#primaryimage\"},\"image\":{\"@id\":\"https:\/\/smilesbydrslepchik.com\/fr\/tourisme-dentaire\/#primaryimage\"},\"thumbnailUrl\":\"https:\/\/smilesbydrslepchik.com\/fr\/wp-content\/uploads\/sites\/2\/2024\/01\/56679fddb7e0fc0db8484daf74f32cd0-1.2x.jpg\",\"datePublished\":\"2021-10-30T07:22:34+00:00\",\"dateModified\":\"2024-06-17T21:08:25+00:00\",\"description\":\"Visitez la belle Montr\u00e9al et trouvez un dentiste au centre-ville pour tous vos soins dentaires g\u00e9n\u00e9rales et esth\u00e9tiques.\",\"breadcrumb\":{\"@id\":\"https:\/\/smilesbydrslepchik.com\/fr\/tourisme-dentaire\/#breadcrumb\"},\"inLanguage\":\"en-US\",\"potentialAction\":[{\"@type\":\"ReadAction\",\"target\":[\"https:\/\/smilesbydrslepchik.com\/fr\/tourisme-dentaire\/\"]}]},{\"@type\":\"ImageObject\",\"inLanguage\":\"en-US\",\"@id\":\"https:\/\/smilesbydrslepchik.com\/fr\/tourisme-dentaire\/#primaryimage\",\"url\":\"https:\/\/smilesbydrslepchik.com\/fr\/wp-content\/uploads\/sites\/2\/2024\/01\/56679fddb7e0fc0db8484daf74f32cd0-1.2x.jpg\",\"contentUrl\":\"https:\/\/smilesbydrslepchik.com\/fr\/wp-content\/uploads\/sites\/2\/2024\/01\/56679fddb7e0fc0db8484daf74f32cd0-1.2x.jpg\",\"width\":2304,\"height\":540,\"caption\":\"56679fddb7e0fc0db8484daf74f32cd0 1.2x\"},{\"@type\":\"BreadcrumbList\",\"@id\":\"https:\/\/smilesbydrslepchik.com\/fr\/tourisme-dentaire\/#breadcrumb\",\"itemListElement\":[{\"@type\":\"ListItem\",\"position\":1,\"name\":\"Home\",\"item\":\"https:\/\/smilesbydrslepchik.com\/fr\/\"},{\"@type\":\"ListItem\",\"position\":2,\"name\":\"Tourisme Dentaire \u00c0 Montr\u00e9al\"}]},{\"@type\":\"WebSite\",\"@id\":\"https:\/\/smilesbydrslepchik.com\/fr\/#website\",\"url\":\"https:\/\/smilesbydrslepchik.com\/fr\/\",\"name\":\"Lenny Slepchik DDS\",\"description\":\"\",\"publisher\":{\"@id\":\"https:\/\/smilesbydrslepchik.com\/fr\/#organization\"},\"potentialAction\":[{\"@type\":\"SearchAction\",\"target\":{\"@type\":\"EntryPoint\",\"urlTemplate\":\"https:\/\/smilesbydrslepchik.com\/fr\/?s={search_term_string}\"},\"query-input\":{\"@type\":\"PropertyValueSpecification\",\"valueRequired\":true,\"valueName\":\"search_term_string\"}}],\"inLanguage\":\"en-US\"},{\"@type\":\"Organization\",\"@id\":\"https:\/\/smilesbydrslepchik.com\/fr\/#organization\",\"name\":\"Lenny Slepchik DDS\",\"url\":\"https:\/\/smilesbydrslepchik.com\/fr\/\",\"logo\":{\"@type\":\"ImageObject\",\"inLanguage\":\"en-US\",\"@id\":\"https:\/\/smilesbydrslepchik.com\/fr\/#\/schema\/logo\/image\/\",\"url\":\"https:\/\/smilesbydrslepchik.com\/fr\/wp-content\/uploads\/sites\/2\/2024\/07\/logo-french@1x.png\",\"contentUrl\":\"https:\/\/smilesbydrslepchik.com\/fr\/wp-content\/uploads\/sites\/2\/2024\/07\/logo-french@1x.png\",\"width\":371,\"height\":67,\"caption\":\"Lenny Slepchik DDS\"},\"image\":{\"@id\":\"https:\/\/smilesbydrslepchik.com\/fr\/#\/schema\/logo\/image\/\"}}]}<\/script>\n<!-- \/ Yoast SEO plugin. -->","yoast_head_json":{"title":"Tourisme Dentaire Montr\u00e9al - Dr Lenny Slepchik D.D.S.","description":"Visitez la belle Montr\u00e9al et trouvez un dentiste au centre-ville pour tous vos soins dentaires g\u00e9n\u00e9rales et esth\u00e9tiques.","robots":{"index":"index","follow":"follow","max-snippet":"max-snippet:-1","max-image-preview":"max-image-preview:large","max-video-preview":"max-video-preview:-1"},"canonical":"https:\/\/smilesbydrslepchik.com\/fr\/tourisme-dentaire\/","og_locale":"en_US","og_type":"article","og_title":"Tourisme Dentaire Montr\u00e9al - Dr Lenny Slepchik D.D.S.","og_description":"Visitez la belle Montr\u00e9al et trouvez un dentiste au centre-ville pour tous vos soins dentaires g\u00e9n\u00e9rales et esth\u00e9tiques.","og_url":"https:\/\/smilesbydrslepchik.com\/fr\/tourisme-dentaire\/","og_site_name":"Lenny Slepchik DDS","article_modified_time":"2024-06-17T21:08:25+00:00","og_image":[{"width":2304,"height":540,"url":"https:\/\/smilesbydrslepchik.com\/fr\/wp-content\/uploads\/sites\/2\/2024\/01\/56679fddb7e0fc0db8484daf74f32cd0-1.2x.jpg","type":"image\/jpeg"}],"twitter_card":"summary_large_image","twitter_misc":{"Est. reading time":"2 minutes"},"schema":{"@context":"https:\/\/schema.org","@graph":[{"@type":"WebPage","@id":"https:\/\/smilesbydrslepchik.com\/fr\/tourisme-dentaire\/","url":"https:\/\/smilesbydrslepchik.com\/fr\/tourisme-dentaire\/","name":"Tourisme Dentaire Montr\u00e9al - Dr Lenny Slepchik D.D.S.","isPartOf":{"@id":"https:\/\/smilesbydrslepchik.com\/fr\/#website"},"primaryImageOfPage":{"@id":"https:\/\/smilesbydrslepchik.com\/fr\/tourisme-dentaire\/#primaryimage"},"image":{"@id":"https:\/\/smilesbydrslepchik.com\/fr\/tourisme-dentaire\/#primaryimage"},"thumbnailUrl":"https:\/\/smilesbydrslepchik.com\/fr\/wp-content\/uploads\/sites\/2\/2024\/01\/56679fddb7e0fc0db8484daf74f32cd0-1.2x.jpg","datePublished":"2021-10-30T07:22:34+00:00","dateModified":"2024-06-17T21:08:25+00:00","description":"Visitez la belle Montr\u00e9al et trouvez un dentiste au centre-ville pour tous vos soins dentaires g\u00e9n\u00e9rales et esth\u00e9tiques.","breadcrumb":{"@id":"https:\/\/smilesbydrslepchik.com\/fr\/tourisme-dentaire\/#breadcrumb"},"inLanguage":"en-US","potentialAction":[{"@type":"ReadAction","target":["https:\/\/smilesbydrslepchik.com\/fr\/tourisme-dentaire\/"]}]},{"@type":"ImageObject","inLanguage":"en-US","@id":"https:\/\/smilesbydrslepchik.com\/fr\/tourisme-dentaire\/#primaryimage","url":"https:\/\/smilesbydrslepchik.com\/fr\/wp-content\/uploads\/sites\/2\/2024\/01\/56679fddb7e0fc0db8484daf74f32cd0-1.2x.jpg","contentUrl":"https:\/\/smilesbydrslepchik.com\/fr\/wp-content\/uploads\/sites\/2\/2024\/01\/56679fddb7e0fc0db8484daf74f32cd0-1.2x.jpg","width":2304,"height":540,"caption":"56679fddb7e0fc0db8484daf74f32cd0 1.2x"},{"@type":"BreadcrumbList","@id":"https:\/\/smilesbydrslepchik.com\/fr\/tourisme-dentaire\/#breadcrumb","itemListElement":[{"@type":"ListItem","position":1,"name":"Home","item":"https:\/\/smilesbydrslepchik.com\/fr\/"},{"@type":"ListItem","position":2,"name":"Tourisme Dentaire \u00c0 Montr\u00e9al"}]},{"@type":"WebSite","@id":"https:\/\/smilesbydrslepchik.com\/fr\/#website","url":"https:\/\/smilesbydrslepchik.com\/fr\/","name":"Lenny Slepchik DDS","description":"","publisher":{"@id":"https:\/\/smilesbydrslepchik.com\/fr\/#organization"},"potentialAction":[{"@type":"SearchAction","target":{"@type":"EntryPoint","urlTemplate":"https:\/\/smilesbydrslepchik.com\/fr\/?s={search_term_string}"},"query-input":{"@type":"PropertyValueSpecification","valueRequired":true,"valueName":"search_term_string"}}],"inLanguage":"en-US"},{"@type":"Organization","@id":"https:\/\/smilesbydrslepchik.com\/fr\/#organization","name":"Lenny Slepchik DDS","url":"https:\/\/smilesbydrslepchik.com\/fr\/","logo":{"@type":"ImageObject","inLanguage":"en-US","@id":"https:\/\/smilesbydrslepchik.com\/fr\/#\/schema\/logo\/image\/","url":"https:\/\/smilesbydrslepchik.com\/fr\/wp-content\/uploads\/sites\/2\/2024\/07\/logo-french@1x.png","contentUrl":"https:\/\/smilesbydrslepchik.com\/fr\/wp-content\/uploads\/sites\/2\/2024\/07\/logo-french@1x.png","width":371,"height":67,"caption":"Lenny Slepchik DDS"},"image":{"@id":"https:\/\/smilesbydrslepchik.com\/fr\/#\/schema\/logo\/image\/"}}]}},"featured_image_src":"https:\/\/smilesbydrslepchik.com\/fr\/wp-content\/uploads\/sites\/2\/2024\/01\/56679fddb7e0fc0db8484daf74f32cd0-1.2x-600x400.jpg","featured_image_src_square":"https:\/\/smilesbydrslepchik.com\/fr\/wp-content\/uploads\/sites\/2\/2024\/01\/56679fddb7e0fc0db8484daf74f32cd0-1.2x-600x540.jpg","_links":{"self":[{"href":"https:\/\/smilesbydrslepchik.com\/fr\/wp-json\/wp\/v2\/pages\/1113","targetHints":{"allow":["GET"]}}],"collection":[{"href":"https:\/\/smilesbydrslepchik.com\/fr\/wp-json\/wp\/v2\/pages"}],"about":[{"href":"https:\/\/smilesbydrslepchik.com\/fr\/wp-json\/wp\/v2\/types\/page"}],"author":[{"embeddable":true,"href":"https:\/\/smilesbydrslepchik.com\/fr\/wp-json\/wp\/v2\/users\/47"}],"replies":[{"embeddable":true,"href":"https:\/\/smilesbydrslepchik.com\/fr\/wp-json\/wp\/v2\/comments?post=1113"}],"version-history":[{"count":0,"href":"https:\/\/smilesbydrslepchik.com\/fr\/wp-json\/wp\/v2\/pages\/1113\/revisions"}],"wp:featuredmedia":[{"embeddable":true,"href":"https:\/\/smilesbydrslepchik.com\/fr\/wp-json\/wp\/v2\/media\/3677"}],"wp:attachment":[{"href":"https:\/\/smilesbydrslepchik.com\/fr\/wp-json\/wp\/v2\/media?parent=1113"}],"curies":[{"name":"wp","href":"https:\/\/api.w.org\/{rel}","templated":true}]}}