
{"id":10,"date":"2015-08-18T20:22:26","date_gmt":"2015-08-18T20:22:26","guid":{"rendered":"https:\/\/smilesbydr2017.wpengine.com\/fr\/?page_id=2"},"modified":"2025-11-13T21:56:59","modified_gmt":"2025-11-13T21:56:59","slug":"profil-du-dr-slepchik-et-formation-permanente","status":"publish","type":"page","link":"https:\/\/smilesbydrslepchik.com\/fr\/notre-clinique\/profil-du-dr-slepchik-et-formation-permanente\/","title":{"rendered":"Profil du Dr\u00a0Slepchik"},"content":{"rendered":"\n\n\t\t\t\t<img loading=\"lazy\" decoding=\"async\" src=\"https:\/\/smilesbydrslepchik.com\/fr\/wp-content\/uploads\/sites\/2\/2023\/12\/IMG-4420-min-1-scaled-1-scaled-1.jpg\" alt=\"IMG 4420 min 1 scaled 1 scaled 1\" itemprop=\"image\" height=\"1115\" width=\"2560\" title=\"IMG 4420 min 1 scaled 1 scaled 1\" onerror=\"this.style.display='none'\"  \/>\n\t\t\t\t<img loading=\"lazy\" decoding=\"async\" src=\"https:\/\/smilesbydrslepchik.com\/fr\/wp-content\/uploads\/sites\/2\/2023\/12\/D-82.jpg\" alt=\"D 82\" itemprop=\"image\" height=\"1800\" width=\"1286\" title=\"D 82\" onerror=\"this.style.display='none'\"  \/>\n<h2>\n\t\tDentisterie g\u00e9n\u00e9rale passionn\u00e9 par l&#8217;esth\u00e9tique au centre-ville de Montr\u00e9al\n\t<\/h2>\n\t<p>Le Dr Slepchik est passionn\u00e9 par la dentisterie g\u00e9n\u00e9rale et esth\u00e9tique. Le Dr Lenny Slepchik est dipl\u00f4m\u00e9 de l&#8217;\u00c9cole dentaire de l&#8217;Universit\u00e9 Mc Gill et a imm\u00e9diatement entrepris sa formation permanente en choisissant de passer un an en r\u00e9sidence de pratique g\u00e9n\u00e9rale \u00e0 l&#8217;H\u00f4pital G\u00e9n\u00e9ral Juif. Ce programme se concentre sur la restauration cosm\u00e9tique des dents \u00e0 l&#8217;aide de\u00a0<a href=\"\/fr\/nos-soins-dentaires\/les-couronnes\/\">couronnes<\/a>\u00a0et de\u00a0<a href=\"\/fr\/nos-soins-dentaires\/esthetique-dentaire-montreal\/les-ponts\/\">ponts.<\/a><\/p>\n\t\t\t\t<img loading=\"lazy\" decoding=\"async\" src=\"https:\/\/smilesbydrslepchik.com\/fr\/wp-content\/uploads\/sites\/2\/2023\/12\/Slepchik-Award-2.jpg\" alt=\"Slepchik Award 2\" itemprop=\"image\" height=\"1024\" width=\"732\" title=\"Slepchik Award 2\" onerror=\"this.style.display='none'\"  \/>\n\t<p>Sur les conseils du directeur du programme, le Dr Slepchik a ensuite suivi un programme d&#8217;une semaine donn\u00e9 par le Dr Morton Amsterdam \u00e0 Philadelphie. Le Dr Amsterdam fut l&#8217;instigateur (le cr\u00e9ateur) d&#8217;un grand nombre de concepts de formation permanente qui sont encore d&#8217;actualit\u00e9. Ce fut un privil\u00e8ge de travailler sous sa supervision. Cette exp\u00e9rience a enseign\u00e9 au Dr Slepchik que la pratique de la dentisterie exige un approfondissement continu des connaissances et la poursuite de l&#8217;excellence par le biais de la formation permanente.<\/p>\n<h2>\n\t\tCOVID-19\n\t<\/h2>\n\t<p>Le COVID-19 et les variants ont chang\u00e9 tout le monde profond\u00e9ment. Dr Slepchik a d\u00e9cid\u00e9 d&#8217;augmenter ses connaissances avec les membres de notre \u00e9quipe. Nous regardons les webinars, les r\u00e9unions de contents de venir en \u00e9quipe \u00e0 AAID et Invisalign. Soyez \u00e0 l&#8217;aise de nous poser vos questions de notre formation continue. De plus, Le Dr Slepchik a d\u00e9cid\u00e9 de participer au club d&#8217;\u00e9tudes Invisalign pour discuter une fois par mois avec des sp\u00e9cialistes. Soyez confiant en sachant vous entres au cabinet dentaire ou vous aurez beaucoup d&#8217;options de soins dentaires pour am\u00e9liorer votre sant\u00e9!<\/p>\n<h2>\n\t\tUn engagement envers la formation permanente\n\t<\/h2>\n\t<p>Le Dr Slepchik est membre de l&#8217;American Academy of implant Dentistry. Il est membre actif et participe \u00e0 toutes les sessions scientifiques en plus de consulter la vaste panoplie de documents en ligne pour d\u00e9velopper ses connaissances. Le personnel de la clinique du Dr Slepchik l&#8217;accompagne aux sessions scientifiques. L&#8217;\u00e9tape majeure qui suivit fut l&#8217;inscription au cours de la Dawson Academy. Il s&#8217;agit de sessions de formation d&#8217;une semaine donn\u00e9es en Floride sur l&#8217;occlusion, qui est la base de la dentisterie. Il participe \u00e9galement aux sessions scientifiques annuelles avec son personnel. Une visite annuelle au Greater New York Dental Meeting est un autre exemple de l&#8217;engagement du Dr Slepchik envers la formation permanente.<\/p>\n<p>Toutes ces activit\u00e9s sont compl\u00e9t\u00e9es par l&#8217;invitation de pr\u00e9sentateurs \u00e0 la clinique pour le personnel. Comme\u00a0<a href=\"\/fr\/nos-soins-dentaires\/invisalign\/\">Invisalign<\/a>\u00a0(alignement des dents \u00e0 l&#8217;aide de goutti\u00e8res transparentes afin de promouvoir la sant\u00e9 parodontale) est une composante importante de notre engagement envers l&#8217;excellence, nous invitons des formateurs dans notre clinique tous les deux mois, en plus de suivre des cours en ligne et des cours sur place \u00e0 New York. Tous les deux ans, nous tenons une formation de rappel en RCR dans la clinique pour nous tenir au fait des derniers d\u00e9veloppements.<\/p>\n\t\t\t\t<img loading=\"lazy\" decoding=\"async\" src=\"https:\/\/smilesbydrslepchik.com\/fr\/wp-content\/uploads\/sites\/2\/2023\/12\/continuing-education-300x225-1.jpg\" alt=\"continuing education 300x225 1\" itemprop=\"image\" height=\"225\" width=\"300\" title=\"continuing education 300x225 1\" onerror=\"this.style.display='none'\"  \/>\n\t\tLa formation permanente est une priorit\u00e9 constante pour le Dr Slepchik. Le voici avec Carmen et mari qui participent \u00e0 un cours en ligne sur Invisalign. N&#8217;h\u00e9sitez pas \u00e0 communiquer avec nous pour convenir d&#8217;une consultation gratuite au sujet d&#8217;Invisalign.\n\t<p>Cette ann\u00e9e, nous avons ajout\u00e9 des cours sur l&#8217;apn\u00e9e du sommeil et le traitement au Botox des troubles musculaires et articulaires. Le cours sur le Botox \u00e9tait d&#8217;une dur\u00e9e de 16 heures, en ligne, et sera compl\u00e9t\u00e9 par une formation pratique. Le Dr Slepchik a une soif de savoir et s&#8217;est entour\u00e9 d&#8217;un personnel qui la partage. Il comprend que pour livrer des soins dentaires du 21e si\u00e8cle \u00e0 ses patients, la formation permanente n&#8217;est pas un choix, mais une obligation.<\/p>\n\t\t\t\t<img loading=\"lazy\" decoding=\"async\" src=\"https:\/\/smilesbydrslepchik.com\/fr\/wp-content\/uploads\/sites\/2\/2023\/12\/Continuing-Education.jpg\" alt=\"Continuing Education\" itemprop=\"image\" height=\"1564\" width=\"1564\" title=\"Continuing Education\" onerror=\"this.style.display='none'\"  \/>\n<h2>\n\t\tPrenez un rendez-vous\n\t<\/h2>\n\t<p><a href=\"\/fr\/contactez-nous\/\">Contactez<\/a>\u00a0notre clinique de Montr\u00e9al au\u00a0<a href=\"tel:514-875-7971\">514-875-7971<\/a> ou envoyez un courriel \u00e0 l&#8217;adresse\u00a0<a href=\"mailto:reception@smilesbydrslepchik.com\">reception@smilesbydrslepchik.com<\/a>\u00a0pour prendre un rendez-vous avec le Dr Slepchik. Nous sommes situ\u00e9s au centre-ville de Montr\u00e9al, \u00e0 c\u00f4t\u00e9 de l&#8217;h\u00f4tel Fairmont Le Reine Elisabeth, en face de la Place Ville Marie. M\u00e9tro McGill ou Bonaventure.<\/p>\n\n","protected":false},"excerpt":{"rendered":"","protected":false},"author":47,"featured_media":0,"parent":123,"menu_order":0,"comment_status":"closed","ping_status":"closed","template":"","meta":{"site-sidebar-layout":"default","site-content-layout":"","ast-site-content-layout":"default","site-content-style":"default","site-sidebar-style":"default","ast-global-header-display":"","ast-banner-title-visibility":"","ast-main-header-display":"","ast-hfb-above-header-display":"","ast-hfb-below-header-display":"","ast-hfb-mobile-header-display":"","site-post-title":"","ast-breadcrumbs-content":"","ast-featured-img":"","footer-sml-layout":"","theme-transparent-header-meta":"default","adv-header-id-meta":"","stick-header-meta":"default","header-above-stick-meta":"","header-main-stick-meta":"","header-below-stick-meta":"","astra-migrate-meta-layouts":"set","ast-page-background-enabled":"default","ast-page-background-meta":{"desktop":{"background-color":"var(--ast-global-color-4)","background-image":"","background-repeat":"repeat","background-position":"center center","background-size":"auto","background-attachment":"scroll","background-type":"","background-media":"","overlay-type":"","overlay-color":"","overlay-opacity":"","overlay-gradient":""},"tablet":{"background-color":"","background-image":"","background-repeat":"repeat","background-position":"center center","background-size":"auto","background-attachment":"scroll","background-type":"","background-media":"","overlay-type":"","overlay-color":"","overlay-opacity":"","overlay-gradient":""},"mobile":{"background-color":"","background-image":"","background-repeat":"repeat","background-position":"center center","background-size":"auto","background-attachment":"scroll","background-type":"","background-media":"","overlay-type":"","overlay-color":"","overlay-opacity":"","overlay-gradient":""}},"ast-content-background-meta":{"desktop":{"background-color":"var(--ast-global-color-5)","background-image":"","background-repeat":"repeat","background-position":"center center","background-size":"auto","background-attachment":"scroll","background-type":"","background-media":"","overlay-type":"","overlay-color":"","overlay-opacity":"","overlay-gradient":""},"tablet":{"background-color":"var(--ast-global-color-5)","background-image":"","background-repeat":"repeat","background-position":"center center","background-size":"auto","background-attachment":"scroll","background-type":"","background-media":"","overlay-type":"","overlay-color":"","overlay-opacity":"","overlay-gradient":""},"mobile":{"background-color":"var(--ast-global-color-5)","background-image":"","background-repeat":"repeat","background-position":"center center","background-size":"auto","background-attachment":"scroll","background-type":"","background-media":"","overlay-type":"","overlay-color":"","overlay-opacity":"","overlay-gradient":""}},"footnotes":""},"class_list":["post-10","page","type-page","status-publish","hentry"],"yoast_head":"<!-- This site is optimized with the Yoast SEO plugin v23.7 - https:\/\/yoast.com\/wordpress\/plugins\/seo\/ -->\n<title>Profil du Dr Slepchik - French - Dr. Lenny Slepchik, D.D.S.<\/title>\n<meta name=\"description\" content=\"Le Dr Slepchik est passionn\u00e9 par la dentisterie g\u00e9n\u00e9rale et cosm\u00e9tique. La dentisterie exige un approfondissement continu des connaissances et la poursuite de l&#039;excellence.\" \/>\n<meta name=\"robots\" content=\"index, follow, max-snippet:-1, max-image-preview:large, max-video-preview:-1\" \/>\n<link rel=\"canonical\" href=\"https:\/\/smilesbydrslepchik.com\/fr\/notre-clinique\/profil-du-dr-slepchik-et-formation-permanente\/\" \/>\n<meta property=\"og:locale\" content=\"en_US\" \/>\n<meta property=\"og:type\" content=\"article\" \/>\n<meta property=\"og:title\" content=\"Profil du Dr Slepchik - French - Dr. Lenny Slepchik, D.D.S.\" \/>\n<meta property=\"og:description\" content=\"Le Dr Slepchik est passionn\u00e9 par la dentisterie g\u00e9n\u00e9rale et cosm\u00e9tique. La dentisterie exige un approfondissement continu des connaissances et la poursuite de l&#039;excellence.\" \/>\n<meta property=\"og:url\" content=\"https:\/\/smilesbydrslepchik.com\/fr\/notre-clinique\/profil-du-dr-slepchik-et-formation-permanente\/\" \/>\n<meta property=\"og:site_name\" content=\"Lenny Slepchik DDS\" \/>\n<meta property=\"article:modified_time\" content=\"2025-11-13T21:56:59+00:00\" \/>\n<meta property=\"og:image\" content=\"https:\/\/smilesbydrslepchik.com\/fr\/wp-content\/uploads\/sites\/2\/2023\/12\/IMG-4420-min-1-scaled-1-scaled-1.jpg\" \/>\n<meta name=\"twitter:card\" content=\"summary_large_image\" \/>\n<meta name=\"twitter:label1\" content=\"Est. reading time\" \/>\n\t<meta name=\"twitter:data1\" content=\"4 minutes\" \/>\n<script type=\"application\/ld+json\" class=\"yoast-schema-graph\">{\"@context\":\"https:\/\/schema.org\",\"@graph\":[{\"@type\":\"WebPage\",\"@id\":\"https:\/\/smilesbydrslepchik.com\/fr\/notre-clinique\/profil-du-dr-slepchik-et-formation-permanente\/\",\"url\":\"https:\/\/smilesbydrslepchik.com\/fr\/notre-clinique\/profil-du-dr-slepchik-et-formation-permanente\/\",\"name\":\"Profil du Dr Slepchik - French - Dr. Lenny Slepchik, D.D.S.\",\"isPartOf\":{\"@id\":\"https:\/\/smilesbydrslepchik.com\/fr\/#website\"},\"primaryImageOfPage\":{\"@id\":\"https:\/\/smilesbydrslepchik.com\/fr\/notre-clinique\/profil-du-dr-slepchik-et-formation-permanente\/#primaryimage\"},\"image\":{\"@id\":\"https:\/\/smilesbydrslepchik.com\/fr\/notre-clinique\/profil-du-dr-slepchik-et-formation-permanente\/#primaryimage\"},\"thumbnailUrl\":\"https:\/\/smilesbydrslepchik.com\/fr\/wp-content\/uploads\/sites\/2\/2023\/12\/IMG-4420-min-1-scaled-1-scaled-1.jpg\",\"datePublished\":\"2015-08-18T20:22:26+00:00\",\"dateModified\":\"2025-11-13T21:56:59+00:00\",\"description\":\"Le Dr Slepchik est passionn\u00e9 par la dentisterie g\u00e9n\u00e9rale et cosm\u00e9tique. La dentisterie exige un approfondissement continu des connaissances et la poursuite de l'excellence.\",\"breadcrumb\":{\"@id\":\"https:\/\/smilesbydrslepchik.com\/fr\/notre-clinique\/profil-du-dr-slepchik-et-formation-permanente\/#breadcrumb\"},\"inLanguage\":\"en-US\",\"potentialAction\":[{\"@type\":\"ReadAction\",\"target\":[\"https:\/\/smilesbydrslepchik.com\/fr\/notre-clinique\/profil-du-dr-slepchik-et-formation-permanente\/\"]}]},{\"@type\":\"ImageObject\",\"inLanguage\":\"en-US\",\"@id\":\"https:\/\/smilesbydrslepchik.com\/fr\/notre-clinique\/profil-du-dr-slepchik-et-formation-permanente\/#primaryimage\",\"url\":\"https:\/\/smilesbydrslepchik.com\/fr\/wp-content\/uploads\/sites\/2\/2023\/12\/IMG-4420-min-1-scaled-1-scaled-1.jpg\",\"contentUrl\":\"https:\/\/smilesbydrslepchik.com\/fr\/wp-content\/uploads\/sites\/2\/2023\/12\/IMG-4420-min-1-scaled-1-scaled-1.jpg\",\"width\":2560,\"height\":1115,\"caption\":\"IMG 4420 min 1 scaled 1 scaled 1\"},{\"@type\":\"BreadcrumbList\",\"@id\":\"https:\/\/smilesbydrslepchik.com\/fr\/notre-clinique\/profil-du-dr-slepchik-et-formation-permanente\/#breadcrumb\",\"itemListElement\":[{\"@type\":\"ListItem\",\"position\":1,\"name\":\"Home\",\"item\":\"https:\/\/smilesbydrslepchik.com\/fr\/\"},{\"@type\":\"ListItem\",\"position\":2,\"name\":\"Notre cabinet dentaire\",\"item\":\"https:\/\/smilesbydrslepchik.com\/fr\/notre-clinique\/\"},{\"@type\":\"ListItem\",\"position\":3,\"name\":\"Maison\"}]},{\"@type\":\"WebSite\",\"@id\":\"https:\/\/smilesbydrslepchik.com\/fr\/#website\",\"url\":\"https:\/\/smilesbydrslepchik.com\/fr\/\",\"name\":\"Lenny Slepchik DDS\",\"description\":\"\",\"publisher\":{\"@id\":\"https:\/\/smilesbydrslepchik.com\/fr\/#organization\"},\"potentialAction\":[{\"@type\":\"SearchAction\",\"target\":{\"@type\":\"EntryPoint\",\"urlTemplate\":\"https:\/\/smilesbydrslepchik.com\/fr\/?s={search_term_string}\"},\"query-input\":{\"@type\":\"PropertyValueSpecification\",\"valueRequired\":true,\"valueName\":\"search_term_string\"}}],\"inLanguage\":\"en-US\"},{\"@type\":\"Organization\",\"@id\":\"https:\/\/smilesbydrslepchik.com\/fr\/#organization\",\"name\":\"Lenny Slepchik DDS\",\"url\":\"https:\/\/smilesbydrslepchik.com\/fr\/\",\"logo\":{\"@type\":\"ImageObject\",\"inLanguage\":\"en-US\",\"@id\":\"https:\/\/smilesbydrslepchik.com\/fr\/#\/schema\/logo\/image\/\",\"url\":\"https:\/\/smilesbydrslepchik.com\/fr\/wp-content\/uploads\/sites\/2\/2024\/07\/logo-french@1x.png\",\"contentUrl\":\"https:\/\/smilesbydrslepchik.com\/fr\/wp-content\/uploads\/sites\/2\/2024\/07\/logo-french@1x.png\",\"width\":371,\"height\":67,\"caption\":\"Lenny Slepchik DDS\"},\"image\":{\"@id\":\"https:\/\/smilesbydrslepchik.com\/fr\/#\/schema\/logo\/image\/\"}}]}<\/script>\n<!-- \/ Yoast SEO plugin. -->","yoast_head_json":{"title":"Profil du Dr Slepchik - French - Dr. Lenny Slepchik, D.D.S.","description":"Le Dr Slepchik est passionn\u00e9 par la dentisterie g\u00e9n\u00e9rale et cosm\u00e9tique. La dentisterie exige un approfondissement continu des connaissances et la poursuite de l'excellence.","robots":{"index":"index","follow":"follow","max-snippet":"max-snippet:-1","max-image-preview":"max-image-preview:large","max-video-preview":"max-video-preview:-1"},"canonical":"https:\/\/smilesbydrslepchik.com\/fr\/notre-clinique\/profil-du-dr-slepchik-et-formation-permanente\/","og_locale":"en_US","og_type":"article","og_title":"Profil du Dr Slepchik - French - Dr. Lenny Slepchik, D.D.S.","og_description":"Le Dr Slepchik est passionn\u00e9 par la dentisterie g\u00e9n\u00e9rale et cosm\u00e9tique. La dentisterie exige un approfondissement continu des connaissances et la poursuite de l'excellence.","og_url":"https:\/\/smilesbydrslepchik.com\/fr\/notre-clinique\/profil-du-dr-slepchik-et-formation-permanente\/","og_site_name":"Lenny Slepchik DDS","article_modified_time":"2025-11-13T21:56:59+00:00","og_image":[{"url":"https:\/\/smilesbydrslepchik.com\/fr\/wp-content\/uploads\/sites\/2\/2023\/12\/IMG-4420-min-1-scaled-1-scaled-1.jpg"}],"twitter_card":"summary_large_image","twitter_misc":{"Est. reading time":"4 minutes"},"schema":{"@context":"https:\/\/schema.org","@graph":[{"@type":"WebPage","@id":"https:\/\/smilesbydrslepchik.com\/fr\/notre-clinique\/profil-du-dr-slepchik-et-formation-permanente\/","url":"https:\/\/smilesbydrslepchik.com\/fr\/notre-clinique\/profil-du-dr-slepchik-et-formation-permanente\/","name":"Profil du Dr Slepchik - French - Dr. Lenny Slepchik, D.D.S.","isPartOf":{"@id":"https:\/\/smilesbydrslepchik.com\/fr\/#website"},"primaryImageOfPage":{"@id":"https:\/\/smilesbydrslepchik.com\/fr\/notre-clinique\/profil-du-dr-slepchik-et-formation-permanente\/#primaryimage"},"image":{"@id":"https:\/\/smilesbydrslepchik.com\/fr\/notre-clinique\/profil-du-dr-slepchik-et-formation-permanente\/#primaryimage"},"thumbnailUrl":"https:\/\/smilesbydrslepchik.com\/fr\/wp-content\/uploads\/sites\/2\/2023\/12\/IMG-4420-min-1-scaled-1-scaled-1.jpg","datePublished":"2015-08-18T20:22:26+00:00","dateModified":"2025-11-13T21:56:59+00:00","description":"Le Dr Slepchik est passionn\u00e9 par la dentisterie g\u00e9n\u00e9rale et cosm\u00e9tique. La dentisterie exige un approfondissement continu des connaissances et la poursuite de l'excellence.","breadcrumb":{"@id":"https:\/\/smilesbydrslepchik.com\/fr\/notre-clinique\/profil-du-dr-slepchik-et-formation-permanente\/#breadcrumb"},"inLanguage":"en-US","potentialAction":[{"@type":"ReadAction","target":["https:\/\/smilesbydrslepchik.com\/fr\/notre-clinique\/profil-du-dr-slepchik-et-formation-permanente\/"]}]},{"@type":"ImageObject","inLanguage":"en-US","@id":"https:\/\/smilesbydrslepchik.com\/fr\/notre-clinique\/profil-du-dr-slepchik-et-formation-permanente\/#primaryimage","url":"https:\/\/smilesbydrslepchik.com\/fr\/wp-content\/uploads\/sites\/2\/2023\/12\/IMG-4420-min-1-scaled-1-scaled-1.jpg","contentUrl":"https:\/\/smilesbydrslepchik.com\/fr\/wp-content\/uploads\/sites\/2\/2023\/12\/IMG-4420-min-1-scaled-1-scaled-1.jpg","width":2560,"height":1115,"caption":"IMG 4420 min 1 scaled 1 scaled 1"},{"@type":"BreadcrumbList","@id":"https:\/\/smilesbydrslepchik.com\/fr\/notre-clinique\/profil-du-dr-slepchik-et-formation-permanente\/#breadcrumb","itemListElement":[{"@type":"ListItem","position":1,"name":"Home","item":"https:\/\/smilesbydrslepchik.com\/fr\/"},{"@type":"ListItem","position":2,"name":"Notre cabinet dentaire","item":"https:\/\/smilesbydrslepchik.com\/fr\/notre-clinique\/"},{"@type":"ListItem","position":3,"name":"Maison"}]},{"@type":"WebSite","@id":"https:\/\/smilesbydrslepchik.com\/fr\/#website","url":"https:\/\/smilesbydrslepchik.com\/fr\/","name":"Lenny Slepchik DDS","description":"","publisher":{"@id":"https:\/\/smilesbydrslepchik.com\/fr\/#organization"},"potentialAction":[{"@type":"SearchAction","target":{"@type":"EntryPoint","urlTemplate":"https:\/\/smilesbydrslepchik.com\/fr\/?s={search_term_string}"},"query-input":{"@type":"PropertyValueSpecification","valueRequired":true,"valueName":"search_term_string"}}],"inLanguage":"en-US"},{"@type":"Organization","@id":"https:\/\/smilesbydrslepchik.com\/fr\/#organization","name":"Lenny Slepchik DDS","url":"https:\/\/smilesbydrslepchik.com\/fr\/","logo":{"@type":"ImageObject","inLanguage":"en-US","@id":"https:\/\/smilesbydrslepchik.com\/fr\/#\/schema\/logo\/image\/","url":"https:\/\/smilesbydrslepchik.com\/fr\/wp-content\/uploads\/sites\/2\/2024\/07\/logo-french@1x.png","contentUrl":"https:\/\/smilesbydrslepchik.com\/fr\/wp-content\/uploads\/sites\/2\/2024\/07\/logo-french@1x.png","width":371,"height":67,"caption":"Lenny Slepchik DDS"},"image":{"@id":"https:\/\/smilesbydrslepchik.com\/fr\/#\/schema\/logo\/image\/"}}]}},"featured_image_src":null,"featured_image_src_square":null,"_links":{"self":[{"href":"https:\/\/smilesbydrslepchik.com\/fr\/wp-json\/wp\/v2\/pages\/10","targetHints":{"allow":["GET"]}}],"collection":[{"href":"https:\/\/smilesbydrslepchik.com\/fr\/wp-json\/wp\/v2\/pages"}],"about":[{"href":"https:\/\/smilesbydrslepchik.com\/fr\/wp-json\/wp\/v2\/types\/page"}],"author":[{"embeddable":true,"href":"https:\/\/smilesbydrslepchik.com\/fr\/wp-json\/wp\/v2\/users\/47"}],"replies":[{"embeddable":true,"href":"https:\/\/smilesbydrslepchik.com\/fr\/wp-json\/wp\/v2\/comments?post=10"}],"version-history":[{"count":0,"href":"https:\/\/smilesbydrslepchik.com\/fr\/wp-json\/wp\/v2\/pages\/10\/revisions"}],"up":[{"embeddable":true,"href":"https:\/\/smilesbydrslepchik.com\/fr\/wp-json\/wp\/v2\/pages\/123"}],"wp:attachment":[{"href":"https:\/\/smilesbydrslepchik.com\/fr\/wp-json\/wp\/v2\/media?parent=10"}],"curies":[{"name":"wp","href":"https:\/\/api.w.org\/{rel}","templated":true}]}}